{"id":451,"date":"2016-02-17T11:41:47","date_gmt":"2016-02-17T10:41:47","guid":{"rendered":"http:\/\/agora.xtec.cat\/iesalella\/?page_id=451"},"modified":"2026-01-20T10:03:06","modified_gmt":"2026-01-20T09:03:06","slug":"eso","status":"publish","type":"page","link":"https:\/\/agora.xtec.cat\/iesalella\/eso\/","title":{"rendered":"ESO"},"content":{"rendered":"<p>El\u00a0<a title=\"Decret 175\/2022, de 27 de setembre, d'ordenaci\u00f3 dels ensenyaments de l'educaci\u00f3 b\u00e0sica\" href=\"https:\/\/dogc.gencat.cat\/ca\/document-del-dogc\/?documentId=938401\" target=\"_blank\" rel=\"noopener\">Decret 175\/2022, de 27 de setembre, d&#8217;ordenaci\u00f3 dels ensenyaments de l&#8217;educaci\u00f3 b\u00e0sica<\/a>\u00a0defineix l\u2019estructura d&#8217;un curr\u00edculum competencial que inclou, com a novetat, el perfil de sortida, les compet\u00e8ncies clau, els indicadors competencials al final de l\u2019etapa i els nous elements curriculars per al desplegament de les mat\u00e8ries: compet\u00e8ncies espec\u00edfiques, criteris d\u2019avaluaci\u00f3, sabers i situacions.<\/p>\n<p>Aquest es disposa com un instrument del model educatiu per aconseguir una\u00a0<strong>societat m\u00e9s justa i democr\u00e0tica, cohesionada, inclusiva<\/strong>\u00a0que contempli totes les persones i on sigui possible la\u00a0<strong>igualtat<\/strong>\u00a0<strong>d\u2019oportunitats<\/strong>\u00a0i la\u00a0<strong>igualtat real i efectiva<\/strong>. Una societat fonamentada en una ciutadania cr\u00edtica, activa i constructiva, que doni resposta a les aspiracions personals i col\u00b7lectives, sostenible, digitalitzada, m\u00e9s equitativa, m\u00e9s verda, m\u00e9s feminista, m\u00e9s cohesionada, sense desigualtats socioecon\u00f2miques i m\u00e9s democr\u00e0tica.<\/p>\n<p>L&#8217;INS Alella desplega aquest nou curr\u00edculum a partir d&#8217;aquests quatre grans apartats:<\/p>\n<ul>\n<li><a href=\"https:\/\/www.youtube.com\/watch?v=hXCGh4WrtIo\" target=\"_blank\" rel=\"noopener\">Els\u00a0vectors\u00a0del curr\u00edculum<\/a><\/li>\n<li><a href=\"https:\/\/repositori.educacio.gencat.cat\/bitstream\/handle\/20.500.12694\/3194\/guia_educacio_basica_presentacio_2022.pdf?sequence=1&amp;isAllowed=y\" target=\"_blank\" rel=\"noopener\">L\u2019organitzaci\u00f3 dels ensenyaments.<\/a><\/li>\n<li><a href=\"https:\/\/drive.google.com\/file\/d\/12U9iOHwO7ScDK_oqQFXVWKFVrRazInZu\/preview\" target=\"_blank\" rel=\"noopener\">La\u00a0programaci\u00f3 competencial<\/a><\/li>\n<li><a href=\"https:\/\/projectes.xtec.cat\/nou-curriculum\/wp-content\/uploads\/usu2072\/2022\/05\/basica-Aspectes-rellevants2.png\" target=\"_blank\" rel=\"noopener\">L\u2019avaluaci\u00f3<\/a><\/li>\n<\/ul>\n<p><a href=\"https:\/\/agora.xtec.cat\/iesalella\/wp-content\/uploads\/usu119\/2023\/02\/vectors-2-1-768x726-1.png\"><img loading=\"lazy\" decoding=\"async\" class=\"aligncenter wp-image-7627\" src=\"https:\/\/agora.xtec.cat\/iesalella\/wp-content\/uploads\/usu119\/2023\/02\/vectors-2-1-768x726-1.png\" alt=\"\" width=\"366\" height=\"346\" srcset=\"https:\/\/agora.xtec.cat\/iesalella\/wp-content\/uploads\/usu119\/2023\/02\/vectors-2-1-768x726-1.png 768w, https:\/\/agora.xtec.cat\/iesalella\/wp-content\/uploads\/usu119\/2023\/02\/vectors-2-1-768x726-1-300x284.png 300w\" sizes=\"auto, (max-width: 366px) 100vw, 366px\" \/><\/a><\/p>\n<p>&nbsp;<\/p>\n<p><img loading=\"lazy\" decoding=\"async\" class=\"wp-image-9283 aligncenter\" src=\"https:\/\/agora.xtec.cat\/iesalella\/wp-content\/uploads\/usu119\/2026\/01\/unnamed-300x194.png\" alt=\"\" width=\"481\" height=\"311\" srcset=\"https:\/\/agora.xtec.cat\/iesalella\/wp-content\/uploads\/usu119\/2026\/01\/unnamed-300x194.png 300w, https:\/\/agora.xtec.cat\/iesalella\/wp-content\/uploads\/usu119\/2026\/01\/unnamed-768x495.png 768w, https:\/\/agora.xtec.cat\/iesalella\/wp-content\/uploads\/usu119\/2026\/01\/unnamed.png 941w\" sizes=\"auto, (max-width: 481px) 100vw, 481px\" \/><\/p>\n","protected":false},"excerpt":{"rendered":"<p>El\u00a0<a title=\"Decret 175\/2022, de 27 de setembre, d'ordenaci\u00f3 dels ensenyaments de l'educaci\u00f3 b\u00e0sica\" href=\"https:\/\/dogc.gencat.cat\/ca\/document-del-dogc\/?documentId=938401\" target=\"_blank\" rel=\"noopener\">Decret 175\/2022, de 27 de setembre, d&#8217;ordenaci\u00f3 dels ensenyaments de l&#8217;educaci\u00f3 b\u00e0sica<\/a>\u00a0defineix l\u2019estructura d&#8217;un curr\u00edculum competencial que inclou, com a novetat, el perfil de sortida, les compet\u00e8ncies clau, els indicadors&hellip;  <a href=\"https:\/\/agora.xtec.cat\/iesalella\/eso\/\" title=\"Read ESO\">Llegeix m\u00e9s\u00bb<\/a><\/p>\n","protected":false},"author":1,"featured_media":0,"parent":0,"menu_order":1,"comment_status":"closed","ping_status":"closed","template":"page-templates\/side-menu.php","meta":{"_bbp_topic_count":0,"_bbp_reply_count":0,"_bbp_total_topic_count":0,"_bbp_total_reply_count":0,"_bbp_voice_count":0,"_bbp_anonymous_reply_count":0,"_bbp_topic_count_hidden":0,"_bbp_reply_count_hidden":0,"_bbp_forum_subforum_count":0,"footnotes":""},"class_list":["post-451","page","type-page","status-publish","hentry"],"post_mailing_queue_ids":[],"_links":{"self":[{"href":"https:\/\/agora.xtec.cat\/iesalella\/wp-json\/wp\/v2\/pages\/451","targetHints":{"allow":["GET"]}}],"collection":[{"href":"https:\/\/agora.xtec.cat\/iesalella\/wp-json\/wp\/v2\/pages"}],"about":[{"href":"https:\/\/agora.xtec.cat\/iesalella\/wp-json\/wp\/v2\/types\/page"}],"author":[{"embeddable":true,"href":"https:\/\/agora.xtec.cat\/iesalella\/wp-json\/wp\/v2\/users\/1"}],"replies":[{"embeddable":true,"href":"https:\/\/agora.xtec.cat\/iesalella\/wp-json\/wp\/v2\/comments?post=451"}],"version-history":[{"count":7,"href":"https:\/\/agora.xtec.cat\/iesalella\/wp-json\/wp\/v2\/pages\/451\/revisions"}],"predecessor-version":[{"id":9285,"href":"https:\/\/agora.xtec.cat\/iesalella\/wp-json\/wp\/v2\/pages\/451\/revisions\/9285"}],"wp:attachment":[{"href":"https:\/\/agora.xtec.cat\/iesalella\/wp-json\/wp\/v2\/media?parent=451"}],"curies":[{"name":"wp","href":"https:\/\/api.w.org\/{rel}","templated":true}]}}