{"id":39,"date":"2014-09-17T16:36:44","date_gmt":"2014-09-17T16:36:44","guid":{"rendered":"http:\/\/agora.xtec.cat\/iesalella\/?page_id=39"},"modified":"2026-01-19T17:47:47","modified_gmt":"2026-01-19T16:47:47","slug":"instal%c2%b7lacions","status":"publish","type":"page","link":"https:\/\/agora.xtec.cat\/iesalella\/institut\/instal%c2%b7lacions\/","title":{"rendered":"Instal\u00b7lacions i Equipaments"},"content":{"rendered":"<p>Totes les aules i espais espec\u00edfics del centre estan equipats amb pantalles interactives. El centre forma part de<a href=\"https:\/\/educacio.gencat.cat\/ca\/departament\/linies-estrategiques\/pla-educacio-digital\/\" target=\"_blank\" rel=\"noopener\"> Pla d&#8217;educaci\u00f3 digital de Catalunya (PEDC)<\/a><\/p>\n<p style=\"text-align: center;\">\r\n\t<div class=\"slideshow_container slideshow_container_style-light\" style=\"height: 400px; \" data-slideshow-id=\"31\" data-style-name=\"style-light\" data-style-version=\"2.3.1\" >\r\n\r\n\t\t\t\t\t<div class=\"slideshow_loading_icon\"><\/div>\r\n\t\t\r\n\t\t<div class=\"slideshow_content\" style=\"display: none;\">\r\n\r\n\t\t\t<div class=\"slideshow_view\">\r\n\t\t\t\t<div class=\"slideshow_slide slideshow_slide_image\">\r\n\t\t\t\t\t\t\t\t\t\t\t<img src=\"https:\/\/agora.xtec.cat\/iesalella\/wp-content\/uploads\/usu119\/2016\/05\/01-Aula-estudiants-ins-alella.jpg\" alt=\"01 Aula estudiants Ins Alella\" width=\"1280\" height=\"854\" \/>\r\n\t\t\t\t\t\t\t\t\t\t<div class=\"slideshow_description_box slideshow_transparent\">\r\n\t\t\t\t\t\t<div class=\"slideshow_title\">01 Aula estudiants Ins Alella<\/div>\t\t\t\t\t\t\t\t\t\t\t<\/div>\r\n\t\t\t\t<\/div>\r\n\r\n\t\t\t\t\t\t<div style=\"clear: both;\"><\/div><\/div><div class=\"slideshow_view\">\r\n\t\t\t\t<div class=\"slideshow_slide slideshow_slide_image\">\r\n\t\t\t\t\t\t\t\t\t\t\t<img src=\"https:\/\/agora.xtec.cat\/iesalella\/wp-content\/uploads\/usu119\/2016\/05\/02-Aula-estudiants-ins-alella.jpg\" alt=\"02 Aula estudiants Ins Alella\" width=\"1280\" height=\"839\" \/>\r\n\t\t\t\t\t\t\t\t\t\t<div class=\"slideshow_description_box slideshow_transparent\">\r\n\t\t\t\t\t\t<div class=\"slideshow_title\">02 Aula estudiants Ins Alella<\/div>\t\t\t\t\t\t\t\t\t\t\t<\/div>\r\n\t\t\t\t<\/div>\r\n\r\n\t\t\t\t\t\t<div style=\"clear: both;\"><\/div><\/div><div class=\"slideshow_view\">\r\n\t\t\t\t<div class=\"slideshow_slide slideshow_slide_image\">\r\n\t\t\t\t\t\t\t\t\t\t\t<img src=\"https:\/\/agora.xtec.cat\/iesalella\/wp-content\/uploads\/usu119\/2016\/05\/03-aula-dibuix-ins-alella.jpg\" alt=\"03 Aula dibuix Ins Alella\" width=\"1280\" height=\"848\" \/>\r\n\t\t\t\t\t\t\t\t\t\t<div class=\"slideshow_description_box slideshow_transparent\">\r\n\t\t\t\t\t\t<div class=\"slideshow_title\">03 Aula dibuix Ins Alella<\/div>\t\t\t\t\t\t\t\t\t\t\t<\/div>\r\n\t\t\t\t<\/div>\r\n\r\n\t\t\t\t\t\t<div style=\"clear: both;\"><\/div><\/div><div class=\"slideshow_view\">\r\n\t\t\t\t<div class=\"slideshow_slide slideshow_slide_image\">\r\n\t\t\t\t\t\t\t\t\t\t\t<img src=\"https:\/\/agora.xtec.cat\/iesalella\/wp-content\/uploads\/usu119\/2016\/05\/04-Aula-cicle-formatiu-ins-alella.jpg\" alt=\"04 Aula CFGS M\u00e0rqueting i publicitat en el sector vitivin\u00edcola  Ins Alella\" width=\"1280\" height=\"854\" \/>\r\n\t\t\t\t\t\t\t\t\t\t<div class=\"slideshow_description_box slideshow_transparent\">\r\n\t\t\t\t\t\t<div class=\"slideshow_title\">04 Aula CFGS M\u00e0rqueting i publicitat en el sector vitivin\u00edcola  Ins Alella<\/div>\t\t\t\t\t\t\t\t\t\t\t<\/div>\r\n\t\t\t\t<\/div>\r\n\r\n\t\t\t\t\t\t<div style=\"clear: both;\"><\/div><\/div><div class=\"slideshow_view\">\r\n\t\t\t\t<div class=\"slideshow_slide slideshow_slide_image\">\r\n\t\t\t\t\t\t\t\t\t\t\t<img src=\"https:\/\/agora.xtec.cat\/iesalella\/wp-content\/uploads\/usu119\/2016\/05\/05-Aula-inform\u00e0tica-cicle-formatiu-ins-alella.jpg\" alt=\"05 Aula inform\u00e0tica CFGS M\u00e0rqueting i publicitat en el sector vitivin\u00edcola  Ins Alella\" width=\"1280\" height=\"854\" \/>\r\n\t\t\t\t\t\t\t\t\t\t<div class=\"slideshow_description_box slideshow_transparent\">\r\n\t\t\t\t\t\t<div class=\"slideshow_title\">05 Aula inform\u00e0tica CFGS M\u00e0rqueting i publicitat en el sector vitivin\u00edcola  Ins Alella<\/div>\t\t\t\t\t\t\t\t\t\t\t<\/div>\r\n\t\t\t\t<\/div>\r\n\r\n\t\t\t\t\t\t<div style=\"clear: both;\"><\/div><\/div><div class=\"slideshow_view\">\r\n\t\t\t\t<div class=\"slideshow_slide slideshow_slide_image\">\r\n\t\t\t\t\t\t\t\t\t\t\t<img src=\"https:\/\/agora.xtec.cat\/iesalella\/wp-content\/uploads\/usu119\/2016\/05\/06-Laboratori-ins-alella.jpg\" alt=\"06 Laboratori Ins Alella\" width=\"1280\" height=\"854\" \/>\r\n\t\t\t\t\t\t\t\t\t\t<div class=\"slideshow_description_box slideshow_transparent\">\r\n\t\t\t\t\t\t<div class=\"slideshow_title\">06 Laboratori Ins Alella<\/div>\t\t\t\t\t\t\t\t\t\t\t<\/div>\r\n\t\t\t\t<\/div>\r\n\r\n\t\t\t\t\t\t<div style=\"clear: both;\"><\/div><\/div><div class=\"slideshow_view\">\r\n\t\t\t\t<div class=\"slideshow_slide slideshow_slide_image\">\r\n\t\t\t\t\t\t\t\t\t\t\t<img src=\"https:\/\/agora.xtec.cat\/iesalella\/wp-content\/uploads\/usu119\/2016\/05\/07-Gimnas-ins-alella.jpg\" alt=\"07 Gimn\u00e0s Ins Alella\" width=\"1280\" height=\"834\" \/>\r\n\t\t\t\t\t\t\t\t\t\t<div class=\"slideshow_description_box slideshow_transparent\">\r\n\t\t\t\t\t\t<div class=\"slideshow_title\">07 Gimn\u00e0s Ins Alella<\/div>\t\t\t\t\t\t\t\t\t\t\t<\/div>\r\n\t\t\t\t<\/div>\r\n\r\n\t\t\t\t\t\t<div style=\"clear: both;\"><\/div><\/div><div class=\"slideshow_view\">\r\n\t\t\t\t<div class=\"slideshow_slide slideshow_slide_image\">\r\n\t\t\t\t\t\t\t\t\t\t\t<img src=\"https:\/\/agora.xtec.cat\/iesalella\/wp-content\/uploads\/usu119\/2016\/05\/08-pistes-ins-alella.jpg\" alt=\"08 Pati Ins Alella\" width=\"1280\" height=\"854\" \/>\r\n\t\t\t\t\t\t\t\t\t\t<div class=\"slideshow_description_box slideshow_transparent\">\r\n\t\t\t\t\t\t<div class=\"slideshow_title\">08 Pati Ins Alella<\/div>\t\t\t\t\t\t\t\t\t\t\t<\/div>\r\n\t\t\t\t<\/div>\r\n\r\n\t\t\t\t\t\t<div style=\"clear: both;\"><\/div><\/div><div class=\"slideshow_view\">\r\n\t\t\t\t<div class=\"slideshow_slide slideshow_slide_image\">\r\n\t\t\t\t\t\t\t\t\t\t\t<img src=\"https:\/\/agora.xtec.cat\/iesalella\/wp-content\/uploads\/usu119\/2016\/05\/09-pistes-ins-alella.jpg\" alt=\"09 Pistes esportives Ins Alella\" width=\"1280\" height=\"854\" \/>\r\n\t\t\t\t\t\t\t\t\t\t<div class=\"slideshow_description_box slideshow_transparent\">\r\n\t\t\t\t\t\t<div class=\"slideshow_title\">09 Pistes esportives Ins Alella<\/div>\t\t\t\t\t\t\t\t\t\t\t<\/div>\r\n\t\t\t\t<\/div>\r\n\r\n\t\t\t\t\t\t<div style=\"clear: both;\"><\/div><\/div><div class=\"slideshow_view\">\r\n\t\t\t\t<div class=\"slideshow_slide slideshow_slide_image\">\r\n\t\t\t\t\t\t\t\t\t\t\t<img src=\"https:\/\/agora.xtec.cat\/iesalella\/wp-content\/uploads\/usu119\/2016\/05\/10-biblioteca-ins-alella.jpg\" alt=\"10 Biblioteca Ins Alella\" width=\"1280\" height=\"854\" \/>\r\n\t\t\t\t\t\t\t\t\t\t<div class=\"slideshow_description_box slideshow_transparent\">\r\n\t\t\t\t\t\t<div class=\"slideshow_title\">10 Biblioteca Ins Alella<\/div>\t\t\t\t\t\t\t\t\t\t\t<\/div>\r\n\t\t\t\t<\/div>\r\n\r\n\t\t\t\t\t\t<div style=\"clear: both;\"><\/div><\/div><div class=\"slideshow_view\">\r\n\t\t\t\t<div class=\"slideshow_slide slideshow_slide_image\">\r\n\t\t\t\t\t\t\t\t\t\t\t<img src=\"https:\/\/agora.xtec.cat\/iesalella\/wp-content\/uploads\/usu119\/2016\/05\/11-Sala-actes-ins-alella.jpg\" alt=\"11 Sala actes Ins Alella\" width=\"1280\" height=\"854\" \/>\r\n\t\t\t\t\t\t\t\t\t\t<div class=\"slideshow_description_box slideshow_transparent\">\r\n\t\t\t\t\t\t<div class=\"slideshow_title\">11 Sala actes Ins Alella<\/div>\t\t\t\t\t\t\t\t\t\t\t<\/div>\r\n\t\t\t\t<\/div>\r\n\r\n\t\t\t\t\t\t<div style=\"clear: both;\"><\/div><\/div><div class=\"slideshow_view\">\r\n\t\t\t\t<div class=\"slideshow_slide slideshow_slide_image\">\r\n\t\t\t\t\t\t\t\t\t\t\t<img src=\"https:\/\/agora.xtec.cat\/iesalella\/wp-content\/uploads\/usu119\/2016\/05\/12-Cantina-ins-alella.jpg\" alt=\"12 Cantina Ins Alella\" width=\"1280\" height=\"852\" \/>\r\n\t\t\t\t\t\t\t\t\t\t<div class=\"slideshow_description_box slideshow_transparent\">\r\n\t\t\t\t\t\t<div class=\"slideshow_title\">12 Cantina Ins Alella<\/div>\t\t\t\t\t\t\t\t\t\t\t<\/div>\r\n\t\t\t\t<\/div>\r\n\r\n\t\t\t\t\t\t<div style=\"clear: both;\"><\/div><\/div>\r\n\t\t<\/div>\r\n\r\n\t\t<div class=\"slideshow_controlPanel slideshow_transparent\" style=\"display: none;\"><ul><li class=\"slideshow_togglePlay\" data-play-text=\"Visualitza\" data-pause-text=\"Pausa\"><\/li><\/ul><\/div>\r\n\r\n\t\t<div class=\"slideshow_button slideshow_previous slideshow_transparent\" role=\"button\" data-previous-text=\"Anterior\" style=\"display: none;\"><\/div>\r\n\t\t<div class=\"slideshow_button slideshow_next slideshow_transparent\" role=\"button\" data-next-text=\"Seg\u00fcent\" style=\"display: none;\"><\/div>\r\n\r\n\t\t<div class=\"slideshow_pagination\" style=\"display: none;\" data-go-to-text=\"V\u00e9s a la diapositiva\"><div class=\"slideshow_pagination_center\"><\/div><\/div>\r\n\r\n\t\t<!-- WordPress Slideshow Version 2.3.1 -->\r\n\r\n\t\t\t<\/div>\r\n\r\n<\/p>\n<p>Disposem de:<\/p>\n<ul>\n<li>25 aules generals i de mat\u00e8ria (ESO i Batxillerat).<\/li>\n<li>Aules espec\u00edfiques per a Dibuix T\u00e8cnic, Pl\u00e0stica i M\u00fasica.<\/li>\n<li>Aules dels Cicles Formatius.<\/li>\n<li>1 taller de Tecnologia.<\/li>\n<li>3 laboratoris (Biologia i Geologia, F\u00edsica i Qu\u00edmica).<\/li>\n<li>Gimn\u00e0s i pistes esportives.<\/li>\n<li>Biblioteca.<\/li>\n<li>Armariets gratu\u00efts per a l&#8217;alumnat de 1r i 2n d&#8217;ESO.<\/li>\n<li>Armariets de lloguer.<\/li>\n<li>Estaci\u00f3 meteorol\u00f2gica.<\/li>\n<\/ul>\n<p>En la millora de l&#8217;equipament d&#8217;aquestes instal\u00b7lacions, hi col\u00b7laboren l&#8217;AMPA del centre i l&#8217;Ajuntament d&#8217;Alella.<\/p>\n<p style=\"text-align: center;\">\n","protected":false},"excerpt":{"rendered":"<p>Totes les aules i espais espec\u00edfics del centre estan equipats amb pantalles interactives. El centre forma part de<a href=\"https:\/\/educacio.gencat.cat\/ca\/departament\/linies-estrategiques\/pla-educacio-digital\/\" target=\"_blank\" rel=\"noopener\"> Pla d&#8217;educaci\u00f3 digital de Catalunya (PEDC)<\/a><\/p>\n<p>\t\t\t\t\t\t01 Aula estudiants Ins Alella\t\t\t\t\t\t\t\t\t\t\t<\/p>\n<p>\t\t\t\t\t\t02 Aula estudiants Ins Alella\t\t\t\t\t\t\t\t\t\t\t<\/p>\n<p>\t\t\t\t\t\t03 Aula dibuix Ins Alella\t\t\t\t\t\t\t\t\t\t\t<\/p>\n<p>\t\t\t\t\t\t04 Aula CFGS M\u00e0rqueting i publicitat en&hellip;  <a href=\"https:\/\/agora.xtec.cat\/iesalella\/institut\/instal%c2%b7lacions\/\" title=\"Read Instal\u00b7lacions i Equipaments\">Llegeix m\u00e9s\u00bb<\/a><\/p>\n","protected":false},"author":1,"featured_media":0,"parent":19,"menu_order":2,"comment_status":"closed","ping_status":"closed","template":"page-templates\/side-menu.php","meta":{"_bbp_topic_count":0,"_bbp_reply_count":0,"_bbp_total_topic_count":0,"_bbp_total_reply_count":0,"_bbp_voice_count":0,"_bbp_anonymous_reply_count":0,"_bbp_topic_count_hidden":0,"_bbp_reply_count_hidden":0,"_bbp_forum_subforum_count":0,"footnotes":""},"class_list":["post-39","page","type-page","status-publish","hentry"],"post_mailing_queue_ids":[],"_links":{"self":[{"href":"https:\/\/agora.xtec.cat\/iesalella\/wp-json\/wp\/v2\/pages\/39","targetHints":{"allow":["GET"]}}],"collection":[{"href":"https:\/\/agora.xtec.cat\/iesalella\/wp-json\/wp\/v2\/pages"}],"about":[{"href":"https:\/\/agora.xtec.cat\/iesalella\/wp-json\/wp\/v2\/types\/page"}],"author":[{"embeddable":true,"href":"https:\/\/agora.xtec.cat\/iesalella\/wp-json\/wp\/v2\/users\/1"}],"replies":[{"embeddable":true,"href":"https:\/\/agora.xtec.cat\/iesalella\/wp-json\/wp\/v2\/comments?post=39"}],"version-history":[{"count":7,"href":"https:\/\/agora.xtec.cat\/iesalella\/wp-json\/wp\/v2\/pages\/39\/revisions"}],"predecessor-version":[{"id":9278,"href":"https:\/\/agora.xtec.cat\/iesalella\/wp-json\/wp\/v2\/pages\/39\/revisions\/9278"}],"up":[{"embeddable":true,"href":"https:\/\/agora.xtec.cat\/iesalella\/wp-json\/wp\/v2\/pages\/19"}],"wp:attachment":[{"href":"https:\/\/agora.xtec.cat\/iesalella\/wp-json\/wp\/v2\/media?parent=39"}],"curies":[{"name":"wp","href":"https:\/\/api.w.org\/{rel}","templated":true}]}}