{"id":19,"date":"2014-09-17T14:56:56","date_gmt":"2014-09-17T14:56:56","guid":{"rendered":"http:\/\/agora.xtec.cat\/iesalella\/?page_id=19"},"modified":"2023-02-02T17:09:05","modified_gmt":"2023-02-02T16:09:05","slug":"institut","status":"publish","type":"page","link":"https:\/\/agora.xtec.cat\/iesalella\/institut\/","title":{"rendered":"L&#8217;institut"},"content":{"rendered":"<p>L\u2019institut d\u2019Alella \u00e9s un centre catal\u00e0, aconfessional, laic, no sexista, participatiu que fa seus els principis i els valors d\u2019integraci\u00f3, solidaritat i respecte a les persones i el medi ambient; obert a aquelles iniciatives l\u2019objectiu de les quals sigui la millora de l\u2019ensenyament i de les relacions humanes.<\/p>\n<p>La comunitat educativa de l\u2019INS Alella t\u00e9 com a finalitat aconseguir la millor qualitat possible en l&#8217;educaci\u00f3 dels nostres alumnes. Per aconseguir-ho pretenem realitzar una acci\u00f3 educativa adequada a les caracter\u00edstiques actuals i previsibles del nostre entorn.<\/p>\n<p>Podeu consultar el projecte educatiu del centre clicant <a href=\"https:\/\/drive.google.com\/file\/d\/0BwkC83lJAHGWbWE0ZGp2b2ZpN3pCb19NTHJUaF9FYjNqZHA4\/view?resourcekey=0--POcmJko_R_CJVBDlFRINQ\" target=\"_blank\" rel=\"noopener\">aqu\u00ed.<\/a><\/p>\n<p>&nbsp;<\/p>\n<p><strong>Aproximaci\u00f3 breu a la hist\u00f2ria del centre.<\/strong><\/p>\n<p><span style=\"font-weight: 400;\">L\u2019institut d\u2019Alella neix l\u2019any 1987 com a extensi\u00f3 de l\u2019Institut Mediterr\u00e0nia del Masnou per donar servei a les poblacions d\u2019Alella i Tei\u00e0. Inicialment el centre compta amb tres grups de 1r de BUP,\u00a0 117 alumnes, 7 professors i 1 conserge que s\u2019establiran en dos barracons prefabricats -les anomenades carinyosament <\/span><i><span style=\"font-weight: 400;\">Barraques<\/span><\/i><span style=\"font-weight: 400;\"> per la comunitat educativa del centre del moment &#8211; situats a la zona d\u2019actual poliesportiu municipal.\u00a0 Els quatre anys posteriors a la seva obertura, el centre nom\u00e9s ofereix estudis de primer i segon de BUP amb alumnes procedents de l\u2019Institut Mediterr\u00e0nia.<\/span><\/p>\n<p><span style=\"font-weight: 400;\">Durant el curs 1991-92 el centre es trasllada a l\u2019avinguda del Bosquet, al lloc on ara hi ha la llar d\u2019infants.\u00a0 Es passa de dos a quatre barracons i s\u2019augmenta l\u2019alumnat. \u00c9s aleshores, tamb\u00e9, quan l\u2019alumnat pot acabar els seus estudis a Alella sense haver-se de despla\u00e7ar al Masnou.<\/span><\/p>\n<p><span style=\"font-weight: 400;\">L\u2019any 1993 s\u2019inicien les obres de l\u2019actual edifici i el trasllat definitiu es fa el desembre de 1994. S\u2019inaugura oficialment l\u2019octubre de 1995.\u00a0 D\u2019aleshores en\u00e7\u00e0, i amb m\u00e9s de 30 anys de servei a la comunitat, el centre ha anat creixent. S\u2019hi pot cursar ESO, Batxillerat (modalitats cient\u00edfica, tecnol\u00f2gica, social i human\u00edstica), un Cicle Formatiu de Grau Mitj\u00e0 d&#8217;Activitats Comercials i el Cicle Superior de Publicitat i M\u00e0rqueting.<\/span><\/p>\n<p>D&#8217;uns cursos en\u00e7\u00e0 tamb\u00e9 oferim els\u00a0 programes de formaci\u00f3 i inserci\u00f3 (PFI),\u00a0 dirigits a joves d\u2019entre 16 i 21 anys que no han finalitzat l\u2019ESO.<\/p>\n<p>A l\u2019INS ALELLA oferim els PFI \u2013 PTT del Baix Maresme que s\u00f3n els seg\u00fcents:<\/p>\n<ul>\n<li>Auxiliar d\u2019hoteleria, cuina i serveis de restauraci\u00f3<\/li>\n<li>Auxiliar de vendes, oficina i atenci\u00f3 al p\u00fablic<\/li>\n<\/ul>\n<p>&nbsp;<\/p>\n<p><a href=\"https:\/\/agora.xtec.cat\/iesalella\/wp-content\/uploads\/usu119\/2016\/04\/Panoramica02.jpg\"><img loading=\"lazy\" decoding=\"async\" class=\"aligncenter size-full wp-image-600\" src=\"https:\/\/agora.xtec.cat\/iesalella\/wp-content\/uploads\/usu119\/2016\/04\/Panoramica02.jpg\" alt=\"\" width=\"1338\" height=\"351\" srcset=\"https:\/\/agora.xtec.cat\/iesalella\/wp-content\/uploads\/usu119\/2016\/04\/Panoramica02.jpg 1338w, https:\/\/agora.xtec.cat\/iesalella\/wp-content\/uploads\/usu119\/2016\/04\/Panoramica02-300x79.jpg 300w, https:\/\/agora.xtec.cat\/iesalella\/wp-content\/uploads\/usu119\/2016\/04\/Panoramica02-1024x269.jpg 1024w\" sizes=\"auto, (max-width: 1338px) 100vw, 1338px\" \/><\/a><\/p>\n","protected":false},"excerpt":{"rendered":"<p>L\u2019institut d\u2019Alella \u00e9s un centre catal\u00e0, aconfessional, laic, no sexista, participatiu que fa seus els principis i els valors d\u2019integraci\u00f3, solidaritat i respecte a les persones i el medi ambient; obert a aquelles iniciatives l\u2019objectiu de les quals sigui la millora de l\u2019ensenyament i de&hellip;  <a href=\"https:\/\/agora.xtec.cat\/iesalella\/institut\/\" title=\"Read L&#8217;institut\">Llegeix m\u00e9s\u00bb<\/a><\/p>\n","protected":false},"author":1,"featured_media":0,"parent":0,"menu_order":0,"comment_status":"closed","ping_status":"closed","template":"page-templates\/side-menu.php","meta":{"_bbp_topic_count":0,"_bbp_reply_count":0,"_bbp_total_topic_count":0,"_bbp_total_reply_count":0,"_bbp_voice_count":0,"_bbp_anonymous_reply_count":0,"_bbp_topic_count_hidden":0,"_bbp_reply_count_hidden":0,"_bbp_forum_subforum_count":0,"footnotes":""},"class_list":["post-19","page","type-page","status-publish","hentry"],"post_mailing_queue_ids":[],"_links":{"self":[{"href":"https:\/\/agora.xtec.cat\/iesalella\/wp-json\/wp\/v2\/pages\/19","targetHints":{"allow":["GET"]}}],"collection":[{"href":"https:\/\/agora.xtec.cat\/iesalella\/wp-json\/wp\/v2\/pages"}],"about":[{"href":"https:\/\/agora.xtec.cat\/iesalella\/wp-json\/wp\/v2\/types\/page"}],"author":[{"embeddable":true,"href":"https:\/\/agora.xtec.cat\/iesalella\/wp-json\/wp\/v2\/users\/1"}],"replies":[{"embeddable":true,"href":"https:\/\/agora.xtec.cat\/iesalella\/wp-json\/wp\/v2\/comments?post=19"}],"version-history":[{"count":3,"href":"https:\/\/agora.xtec.cat\/iesalella\/wp-json\/wp\/v2\/pages\/19\/revisions"}],"predecessor-version":[{"id":7626,"href":"https:\/\/agora.xtec.cat\/iesalella\/wp-json\/wp\/v2\/pages\/19\/revisions\/7626"}],"wp:attachment":[{"href":"https:\/\/agora.xtec.cat\/iesalella\/wp-json\/wp\/v2\/media?parent=19"}],"curies":[{"name":"wp","href":"https:\/\/api.w.org\/{rel}","templated":true}]}}