{"id":7977,"date":"2026-03-18T10:09:57","date_gmt":"2026-03-18T09:09:57","guid":{"rendered":"https:\/\/agora.xtec.cat\/iesalcarras\/?page_id=7977"},"modified":"2026-03-18T10:09:57","modified_gmt":"2026-03-18T09:09:57","slug":"model-educatiu","status":"publish","type":"page","link":"https:\/\/agora.xtec.cat\/iesalcarras\/model-educatiu\/","title":{"rendered":"Model educatiu"},"content":{"rendered":"<p data-start=\"92\" data-end=\"566\">A l\u2019INS Alcarr\u00e0s entenem l\u2019educaci\u00f3 com un proc\u00e9s que nom\u00e9s pot desenvolupar-se plenament en un marc de <strong data-start=\"196\" data-end=\"244\">conviv\u00e8ncia, respecte i bon clima relacional<\/strong> entre tots els membres de la comunitat educativa. Per aix\u00f2 donem una gran import\u00e0ncia al <strong data-start=\"334\" data-end=\"344\">di\u00e0leg<\/strong> entre professorat, alumnat i fam\u00edlies, i considerem la <strong data-start=\"400\" data-end=\"412\">mediaci\u00f3<\/strong> una eina fonamental per afavorir la comunicaci\u00f3, prevenir conflictes i resoldre\u2019ls abans d\u2019haver de rec\u00f3rrer a l\u2019aplicaci\u00f3 estricta del reglament intern.<\/p>\n<p data-start=\"568\" data-end=\"1205\">Al mateix temps, apostem per una <strong data-start=\"601\" data-end=\"636\">educaci\u00f3 atenta a la diversitat<\/strong>, amb un curr\u00edculum flexible que s\u2019adapti a les diferents aptituds, interessos, necessitats i ritmes de maduraci\u00f3 del nostre alumnat. Aquesta voluntat es concreta en mesures com <strong data-start=\"814\" data-end=\"887\">desdoblaments, grups flexibles, atencions individualitzades i tallers<\/strong>. Tamb\u00e9 ens definim com un centre <strong data-start=\"921\" data-end=\"951\">intercultural i integrador<\/strong>, capa\u00e7 de donar resposta a la realitat multicultural i a l\u2019arribada d\u2019alumnat nouvingut, afavorint-ne la integraci\u00f3 i fomentant el respecte a la llengua i la cultura catalanes, aix\u00ed com el rebuig de qualsevol actitud discriminat\u00f2ria, racista o xen\u00f2foba.<\/p>\n<p data-start=\"1207\" data-end=\"1913\">A m\u00e9s, considerem essencial la incorporaci\u00f3 de les <strong data-start=\"1258\" data-end=\"1279\">noves tecnologies<\/strong> en el proc\u00e9s d\u2019ensenyament-aprenentatge, tant com a contingut formatiu com a instrument de treball. La nostra l\u00ednia metodol\u00f2gica es basa en un ensenyament adaptatiu, actiu i cooperatiu, que potenci\u00ef la motivaci\u00f3, la creativitat, la investigaci\u00f3 i la valoraci\u00f3 de l\u2019esfor\u00e7 i de la responsabilitat personals. Finalment, defensem una educaci\u00f3 fonamentada en el <strong data-start=\"1638\" data-end=\"1677\">pluralisme i els valors democr\u00e0tics<\/strong>, com la llibertat, la igualtat, la solidaritat, la pau i els drets humans, i promovem un <strong data-start=\"1767\" data-end=\"1799\">model de gesti\u00f3 participatiu<\/strong>, en qu\u00e8 tots els sectors de la comunitat educativa puguin intervenir de manera responsable en la vida del centre.<\/p>\n","protected":false},"excerpt":{"rendered":"<p>A l\u2019INS Alcarr\u00e0s entenem l\u2019educaci\u00f3 com un proc\u00e9s que nom\u00e9s pot desenvolupar-se plenament en un marc de conviv\u00e8ncia, respecte i bon clima relacional entre tots els membres de la comunitat educativa. Per aix\u00f2 donem una gran import\u00e0ncia al di\u00e0leg entre professorat, alumnat i fam\u00edlies, i&hellip;  <a href=\"https:\/\/agora.xtec.cat\/iesalcarras\/model-educatiu\/\" title=\"Read Model educatiu\">Llegeix m\u00e9s\u00bb<\/a><\/p>\n","protected":false},"author":1,"featured_media":0,"parent":0,"menu_order":0,"comment_status":"closed","ping_status":"closed","template":"","meta":{"_bbp_topic_count":0,"_bbp_reply_count":0,"_bbp_total_topic_count":0,"_bbp_total_reply_count":0,"_bbp_voice_count":0,"_bbp_anonymous_reply_count":0,"_bbp_topic_count_hidden":0,"_bbp_reply_count_hidden":0,"_bbp_forum_subforum_count":0,"footnotes":""},"class_list":["post-7977","page","type-page","status-publish","hentry"],"post_mailing_queue_ids":[],"_links":{"self":[{"href":"https:\/\/agora.xtec.cat\/iesalcarras\/wp-json\/wp\/v2\/pages\/7977","targetHints":{"allow":["GET"]}}],"collection":[{"href":"https:\/\/agora.xtec.cat\/iesalcarras\/wp-json\/wp\/v2\/pages"}],"about":[{"href":"https:\/\/agora.xtec.cat\/iesalcarras\/wp-json\/wp\/v2\/types\/page"}],"author":[{"embeddable":true,"href":"https:\/\/agora.xtec.cat\/iesalcarras\/wp-json\/wp\/v2\/users\/1"}],"replies":[{"embeddable":true,"href":"https:\/\/agora.xtec.cat\/iesalcarras\/wp-json\/wp\/v2\/comments?post=7977"}],"version-history":[{"count":1,"href":"https:\/\/agora.xtec.cat\/iesalcarras\/wp-json\/wp\/v2\/pages\/7977\/revisions"}],"predecessor-version":[{"id":7978,"href":"https:\/\/agora.xtec.cat\/iesalcarras\/wp-json\/wp\/v2\/pages\/7977\/revisions\/7978"}],"wp:attachment":[{"href":"https:\/\/agora.xtec.cat\/iesalcarras\/wp-json\/wp\/v2\/media?parent=7977"}],"curies":[{"name":"wp","href":"https:\/\/api.w.org\/{rel}","templated":true}]}}