{"id":7945,"date":"2026-03-17T12:10:54","date_gmt":"2026-03-17T11:10:54","guid":{"rendered":"https:\/\/agora.xtec.cat\/iesalcarras\/?page_id=7945"},"modified":"2026-03-18T08:48:09","modified_gmt":"2026-03-18T07:48:09","slug":"organs-del-centre","status":"publish","type":"page","link":"https:\/\/agora.xtec.cat\/iesalcarras\/organs-del-centre\/","title":{"rendered":"\u00d2rgans del centre"},"content":{"rendered":"<h3>Equip directiu<\/h3>\n<div class=\"entry-content clear\">\n<ul>\n<li><strong>Direcci\u00f3<\/strong>: Jes\u00fas Campa<\/li>\n<li><strong>Cap d\u2019estudis<\/strong>: Enrique Infantes<\/li>\n<li><strong>Secretaria<\/strong>: Olalla Mart\u00ednez<\/li>\n<li><strong>Coordinaci\u00f3 pedag\u00f2gica<\/strong>: S\u00f3nia Sabat\u00e9 i Montse Cabr\u00e9<\/li>\n<\/ul>\n<h3>Equip docent<\/h3>\n<ul>\n<li><strong>Llengua Catalana i Literatura: <\/strong>Iolanda Mesalles, M. N\u00faria Mir\u00f3 <em data-start=\"254\" data-end=\"276\">(Cap de Departament)<\/em>, Marc Prats, Anna Rib\u00f3, Carme Fondevila, Isabel Teixidor, Modest Ullier<\/li>\n<li><strong>Llengua Castellana i Literatura<\/strong>: M. Salom\u00e9 L\u00f3pez, Olalla Mart\u00ednez, Lourdes Palacio <em data-start=\"467\" data-end=\"489\">(Cap de Departament)<\/em>, S\u00f2nia And\u00fajar, Judith Beltr\u00e1n, Ana Cristina Gea, Lluisa Fernanda Roc<\/li>\n<li><strong>Ci\u00e8ncies Naturals<\/strong>: Maria Balasch, Anna Faro, N\u00faria Farr\u00e9 Ren\u00e8, Jos\u00e9 Manuel P\u00e9rez, Baldiri Salvado, Laia Vi\u00f1als<\/li>\n<li><strong>F\u00edsica i Qu\u00edmica: <\/strong>Carmen Bielsa, Gemma Bosch <em data-start=\"726\" data-end=\"748\">(Cap de Departament)<\/em>, Maria Joseph, Laura Pou<\/li>\n<li><strong>Educaci\u00f3 F\u00edsica<\/strong>: Eduard Besora <em data-start=\"810\" data-end=\"832\">(Cap de Departament)<\/em>, Silvia Dalmau, Sonia Sabate <em data-start=\"862\" data-end=\"888\">(Coordinaci\u00f3 pedag\u00f2gica)<\/em>, Edgar Solsona<\/li>\n<li><strong>Expressi\u00f3 Visual i Pl\u00e0stica<\/strong>: M. Antonieta Gin\u00e9 <em data-start=\"956\" data-end=\"978\">(Cap de Departament)<\/em>, Alba Maria Rosanes<\/li>\n<li><strong>M\u00fasica<\/strong>: Joan Ramon Argany, Francesc Safont <em data-start=\"1075\" data-end=\"1097\">(Cap de Departament)<\/em><\/li>\n<li><b>Idiomes:<\/b> Montse Cabr\u00e9, N\u00faria Casals, Yolanda Dominguez <em data-start=\"1185\" data-end=\"1207\">(Cap de Departament)<\/em>, Esther Lozano, Raquel Morreres, Laila Serrano, \u00c0ngels Valle<\/li>\n<li><b>Cultura cl\u00e0ssica: <\/b>Ignacio Garrido<\/li>\n<li><strong>Matem\u00e0tiques<\/strong>: Laia Aloy, N\u00faria Bov\u00e9 <em data-start=\"1349\" data-end=\"1371\">(Cap de Departament)<\/em>, Iris Costa, Raquel G\u00f3mez, Enrique Infantes, Roger Mar\u00ed, Susana Lohan, Judith Pi\u00f1ol, Oscar Rodriguez<\/li>\n<li><strong>Ci\u00e8ncies Socials<\/strong>: Sandra Alb\u00e0, Montse Catal\u00e0, N\u00faria Farr\u00e9 Barril, Josep Labat, N\u00faria Mir, Maria Jos\u00e9 Moti\u00f1o, Albert Royo, Javier Rubio, Jordi Sanahuja <em data-start=\"1720\" data-end=\"1742\">(Cap de Departament)<\/em><\/li>\n<li><strong>Filosofia: <\/strong>Daniel Fern\u00e1ndez<\/li>\n<li><strong>Tecnologia<\/strong>: Jes\u00fas Campa, Ernest Daban, Marta Escola <em data-start=\"1813\" data-end=\"1835\">(Cap de Departament)<\/em>, Ana Bel\u00e9n P\u00e9rez, Griselda Subarroca, Albert Trevi\u00f1o<\/li>\n<li><strong>Psicopedagogia: <\/strong>Cristina Amill, Pau Bernat, Corina Bernaus, Janis Cuchi, Merc\u00e8 Jov\u00e9 <em data-start=\"1978\" data-end=\"2000\">(Cap de Departament)<\/em><\/li>\n<\/ul>\n<h3>Equip administratiu<\/h3>\n<p><strong>PAS<\/strong>: Anna Maria Castell\u00f3n, Alba Castelv\u00ed, Esther Charles, Marta Gonzalez, Ismael Talarn, Esperan\u00e7a Villimelis<\/p>\n<\/div>\n","protected":false},"excerpt":{"rendered":"<p>Equip directiu<\/p>\n<ul>\n<li>Direcci\u00f3: Jes\u00fas Campa<\/li>\n<li>Cap d\u2019estudis: Enrique Infantes<\/li>\n<li>Secretaria: Olalla Mart\u00ednez<\/li>\n<li>Coordinaci\u00f3 pedag\u00f2gica: S\u00f3nia Sabat\u00e9 i Montse Cabr\u00e9<\/li>\n<\/ul>\n<p>Equip docent<\/p>\n<ul>\n<li>Llengua Catalana i Literatura: Iolanda Mesalles, M. N\u00faria Mir\u00f3 (Cap de Departament), Marc Prats, Anna Rib\u00f3, Carme Fondevila, Isabel Teixidor, Modest Ullier<\/li>\n<li>Llengua Castellana i Literatura: M. Salom\u00e9 L\u00f3pez, Olalla Mart\u00ednez,&hellip;  <a href=\"https:\/\/agora.xtec.cat\/iesalcarras\/organs-del-centre\/\" title=\"Read \u00d2rgans del centre\">Llegeix m\u00e9s\u00bb<\/a><br \/>\n","protected":false},"author":1,"featured_media":0,"parent":0,"menu_order":0,"comment_status":"closed","ping_status":"closed","template":"","meta":{"_bbp_topic_count":0,"_bbp_reply_count":0,"_bbp_total_topic_count":0,"_bbp_total_reply_count":0,"_bbp_voice_count":0,"_bbp_anonymous_reply_count":0,"_bbp_topic_count_hidden":0,"_bbp_reply_count_hidden":0,"_bbp_forum_subforum_count":0,"footnotes":""},"class_list":["post-7945","page","type-page","status-publish","hentry"],"post_mailing_queue_ids":[],"_links":{"self":[{"href":"https:\/\/agora.xtec.cat\/iesalcarras\/wp-json\/wp\/v2\/pages\/7945","targetHints":{"allow":["GET"]}}],"collection":[{"href":"https:\/\/agora.xtec.cat\/iesalcarras\/wp-json\/wp\/v2\/pages"}],"about":[{"href":"https:\/\/agora.xtec.cat\/iesalcarras\/wp-json\/wp\/v2\/types\/page"}],"author":[{"embeddable":true,"href":"https:\/\/agora.xtec.cat\/iesalcarras\/wp-json\/wp\/v2\/users\/1"}],"replies":[{"embeddable":true,"href":"https:\/\/agora.xtec.cat\/iesalcarras\/wp-json\/wp\/v2\/comments?post=7945"}],"version-history":[{"count":5,"href":"https:\/\/agora.xtec.cat\/iesalcarras\/wp-json\/wp\/v2\/pages\/7945\/revisions"}],"predecessor-version":[{"id":7952,"href":"https:\/\/agora.xtec.cat\/iesalcarras\/wp-json\/wp\/v2\/pages\/7945\/revisions\/7952"}],"wp:attachment":[{"href":"https:\/\/agora.xtec.cat\/iesalcarras\/wp-json\/wp\/v2\/media?parent=7945"}],"curies":[{"name":"wp","href":"https:\/\/api.w.org\/{rel}","templated":true}]}}