{"id":7626,"date":"2025-09-23T12:19:29","date_gmt":"2025-09-23T10:19:29","guid":{"rendered":"https:\/\/agora.xtec.cat\/iesalcarras\/?page_id=7626"},"modified":"2025-09-23T12:19:29","modified_gmt":"2025-09-23T10:19:29","slug":"revista","status":"publish","type":"page","link":"https:\/\/agora.xtec.cat\/iesalcarras\/revista\/","title":{"rendered":"Revista"},"content":{"rendered":"<p>Hola! Est\u00e0s llegint la revista del nostre centre educatiu, un projecte impulsat per estudiants amb el suport de periodistes de Junior Report. Aqu\u00ed trobar\u00e0s continguts creats per la nostra redacci\u00f3 escolar. Descobreix-la!<\/p>\n<p><a href=\"https:\/\/insalcarras.junior-report.media\/\"><img loading=\"lazy\" decoding=\"async\" class=\"size-full wp-image-7627 aligncenter\" src=\"https:\/\/agora.xtec.cat\/iesalcarras\/wp-content\/uploads\/usu48\/2025\/09\/Captura-de-pantalla-2025-09-23-121832.png\" alt=\"\" width=\"1830\" height=\"358\" srcset=\"https:\/\/agora.xtec.cat\/iesalcarras\/wp-content\/uploads\/usu48\/2025\/09\/Captura-de-pantalla-2025-09-23-121832.png 1830w, https:\/\/agora.xtec.cat\/iesalcarras\/wp-content\/uploads\/usu48\/2025\/09\/Captura-de-pantalla-2025-09-23-121832-300x59.png 300w, https:\/\/agora.xtec.cat\/iesalcarras\/wp-content\/uploads\/usu48\/2025\/09\/Captura-de-pantalla-2025-09-23-121832-1024x200.png 1024w, https:\/\/agora.xtec.cat\/iesalcarras\/wp-content\/uploads\/usu48\/2025\/09\/Captura-de-pantalla-2025-09-23-121832-768x150.png 768w, https:\/\/agora.xtec.cat\/iesalcarras\/wp-content\/uploads\/usu48\/2025\/09\/Captura-de-pantalla-2025-09-23-121832-1536x300.png 1536w\" sizes=\"auto, (max-width: 1830px) 100vw, 1830px\" \/><\/a><\/p>\n","protected":false},"excerpt":{"rendered":"<p>Hola! Est\u00e0s llegint la revista del nostre centre educatiu, un projecte impulsat per estudiants amb el suport de periodistes de Junior Report. Aqu\u00ed trobar\u00e0s continguts creats per la nostra redacci\u00f3 escolar. Descobreix-la!<br \/>\n<a href=\"https:\/\/insalcarras.junior-report.media\/\"><\/a><\/p>\n","protected":false},"author":1,"featured_media":0,"parent":0,"menu_order":0,"comment_status":"closed","ping_status":"closed","template":"","meta":{"_bbp_topic_count":0,"_bbp_reply_count":0,"_bbp_total_topic_count":0,"_bbp_total_reply_count":0,"_bbp_voice_count":0,"_bbp_anonymous_reply_count":0,"_bbp_topic_count_hidden":0,"_bbp_reply_count_hidden":0,"_bbp_forum_subforum_count":0,"footnotes":""},"class_list":["post-7626","page","type-page","status-publish","hentry"],"post_mailing_queue_ids":[],"_links":{"self":[{"href":"https:\/\/agora.xtec.cat\/iesalcarras\/wp-json\/wp\/v2\/pages\/7626","targetHints":{"allow":["GET"]}}],"collection":[{"href":"https:\/\/agora.xtec.cat\/iesalcarras\/wp-json\/wp\/v2\/pages"}],"about":[{"href":"https:\/\/agora.xtec.cat\/iesalcarras\/wp-json\/wp\/v2\/types\/page"}],"author":[{"embeddable":true,"href":"https:\/\/agora.xtec.cat\/iesalcarras\/wp-json\/wp\/v2\/users\/1"}],"replies":[{"embeddable":true,"href":"https:\/\/agora.xtec.cat\/iesalcarras\/wp-json\/wp\/v2\/comments?post=7626"}],"version-history":[{"count":1,"href":"https:\/\/agora.xtec.cat\/iesalcarras\/wp-json\/wp\/v2\/pages\/7626\/revisions"}],"predecessor-version":[{"id":7628,"href":"https:\/\/agora.xtec.cat\/iesalcarras\/wp-json\/wp\/v2\/pages\/7626\/revisions\/7628"}],"wp:attachment":[{"href":"https:\/\/agora.xtec.cat\/iesalcarras\/wp-json\/wp\/v2\/media?parent=7626"}],"curies":[{"name":"wp","href":"https:\/\/api.w.org\/{rel}","templated":true}]}}