{"id":505,"date":"2016-08-27T16:44:55","date_gmt":"2016-08-27T15:44:55","guid":{"rendered":"http:\/\/agora.xtec.cat\/iesalcarras\/?page_id=505"},"modified":"2016-09-06T10:27:47","modified_gmt":"2016-09-06T09:27:47","slug":"estada-a-lempresa","status":"publish","type":"page","link":"https:\/\/agora.xtec.cat\/iesalcarras\/estudis\/estada-a-lempresa\/","title":{"rendered":"Estada a l&#8217;empresa"},"content":{"rendered":"<h3 style=\"text-align: justify;\">Qu\u00e8 \u00e9s l\u2019estada a l\u2019empresa?<\/h3>\n<p style=\"text-align: justify;\">L\u2019estada a l\u2019empresa \u00e9s una mat\u00e8ria optativa que t\u00e9 com a objectiu fer con\u00e8ixer a l\u2019alumnat la realitat del m\u00f3n laboral. Consisteix b\u00e0sicament en un per\u00edode de perman\u00e8ncia i activitat de l\u2019alumnat en una empresa, entesa com a unitat de producci\u00f3, distribuci\u00f3 o de serveis.<\/p>\n<p style=\"text-align: justify;\">La mat\u00e8ria ofereix a l\u2019alumnat la possibilitat de con\u00e8ixer l\u2019estructura organitzativa d\u2019una empresa i la gesti\u00f3 dels seus recursos humans, materials i energ\u00e8tics; les condicions legals que afecten les relacions laborals; i la identificaci\u00f3 de les capacitats pr\u00f2pies referides al m\u00f3n laboral per tal d\u2019establir el seu itinerari formatiu i professional d\u2019acord amb els seus interessos.<\/p>\n<p style=\"text-align: justify;\">Aix\u00ed mateix, l\u2019estada permet posar en pr\u00e0ctica un seguit de procediments, habilitats i actituds generals que s\u00f3n indispensables per a la bona adaptaci\u00f3 de l\u2019alumnat al m\u00f3n laboral futur (assist\u00e8ncia, puntualitat, curiositat, creativitat, afany de superaci\u00f3, capacitat de treball individual i en grup, etc.)..<\/p>\n<p style=\"text-align: justify;\">L\u2019estada a l\u2019empresa al nostre institut<\/p>\n<p style=\"text-align: justify;\">El cr\u00e8dit d\u2019estada a l\u2019empresa t\u00e9 dues parts ben diferenciades:<\/p>\n<p style=\"text-align: justify;\"><strong>Sessions te\u00f2riques<\/strong> ( 35 hores): es realitzen al centre educatiu.<\/p>\n<p style=\"text-align: justify;\"><strong>Estada a l\u2019empresa<\/strong> (105 hores): es realitzen al centre de treball.<\/p>\n","protected":false},"excerpt":{"rendered":"<p>Qu\u00e8 \u00e9s l\u2019estada a l\u2019empresa?<br \/>\nL\u2019estada a l\u2019empresa \u00e9s una mat\u00e8ria optativa que t\u00e9 com a objectiu fer con\u00e8ixer a l\u2019alumnat la realitat del m\u00f3n laboral. Consisteix b\u00e0sicament en un per\u00edode de perman\u00e8ncia i activitat de l\u2019alumnat en una empresa, entesa com a unitat de producci\u00f3,&hellip;  <a href=\"https:\/\/agora.xtec.cat\/iesalcarras\/estudis\/estada-a-lempresa\/\" title=\"Read Estada a l&#8217;empresa\">Llegeix m\u00e9s\u00bb<\/a><\/p>\n","protected":false},"author":1,"featured_media":0,"parent":195,"menu_order":0,"comment_status":"closed","ping_status":"closed","template":"page-templates\/side-menu.php","meta":{"_bbp_topic_count":0,"_bbp_reply_count":0,"_bbp_total_topic_count":0,"_bbp_total_reply_count":0,"_bbp_voice_count":0,"_bbp_anonymous_reply_count":0,"_bbp_topic_count_hidden":0,"_bbp_reply_count_hidden":0,"_bbp_forum_subforum_count":0,"footnotes":""},"class_list":["post-505","page","type-page","status-publish","hentry"],"post_mailing_queue_ids":[],"_links":{"self":[{"href":"https:\/\/agora.xtec.cat\/iesalcarras\/wp-json\/wp\/v2\/pages\/505","targetHints":{"allow":["GET"]}}],"collection":[{"href":"https:\/\/agora.xtec.cat\/iesalcarras\/wp-json\/wp\/v2\/pages"}],"about":[{"href":"https:\/\/agora.xtec.cat\/iesalcarras\/wp-json\/wp\/v2\/types\/page"}],"author":[{"embeddable":true,"href":"https:\/\/agora.xtec.cat\/iesalcarras\/wp-json\/wp\/v2\/users\/1"}],"replies":[{"embeddable":true,"href":"https:\/\/agora.xtec.cat\/iesalcarras\/wp-json\/wp\/v2\/comments?post=505"}],"version-history":[{"count":3,"href":"https:\/\/agora.xtec.cat\/iesalcarras\/wp-json\/wp\/v2\/pages\/505\/revisions"}],"predecessor-version":[{"id":610,"href":"https:\/\/agora.xtec.cat\/iesalcarras\/wp-json\/wp\/v2\/pages\/505\/revisions\/610"}],"up":[{"embeddable":true,"href":"https:\/\/agora.xtec.cat\/iesalcarras\/wp-json\/wp\/v2\/pages\/195"}],"wp:attachment":[{"href":"https:\/\/agora.xtec.cat\/iesalcarras\/wp-json\/wp\/v2\/media?parent=505"}],"curies":[{"name":"wp","href":"https:\/\/api.w.org\/{rel}","templated":true}]}}