{"id":487,"date":"2016-08-25T16:23:30","date_gmt":"2016-08-25T15:23:30","guid":{"rendered":"http:\/\/agora.xtec.cat\/iesalcarras\/?page_id=487"},"modified":"2026-03-18T10:13:40","modified_gmt":"2026-03-18T09:13:40","slug":"documents-de-centre","status":"publish","type":"page","link":"https:\/\/agora.xtec.cat\/iesalcarras\/linstitut\/documents-de-centre\/","title":{"rendered":"Documents de centre"},"content":{"rendered":"<h3 style=\"font-size: 20px;\"><a href=\"https:\/\/drive.google.com\/open?id=0B6QrG9NTZVXcQUd4V1A0MHVHSHc\"><br \/>\nNormes d&#8217;Organitzaci\u00f3 i Funcionament del Centre (NOFC)<br \/>\n<\/a><\/h3>\n<p style=\"text-align: justify;\">Les Normes d\u2019Organitzaci\u00f3 i Funcionament del Centre (NOFC) regulen l\u2019organitzaci\u00f3, el funcionament i la conviv\u00e8ncia de l\u2019Institut d\u2019Alcarr\u00e0s. Recullen la normativa externa i interna i concreten aspectes no regulats. S\u00f3n d\u2019obligat compliment per a l\u2019alumnat, les fam\u00edlies, el personal i les entitats col\u00b7laboradores. S\u2019apliquen als edificis i activitats del centre, dins i fora del pa\u00eds, incloent el respecte a les persones i als b\u00e9ns.<\/p>\n<h3 style=\"font-size: 20px;\"><a href=\"https:\/\/agora.xtec.cat\/iesalcarras\/wp-content\/uploads\/usu48\/2022\/02\/25007153_PEC.pdf\"><br \/>\nProjecte Educatiu de Centre (PEC)<br \/>\n<\/a><\/h3>\n<p style=\"text-align: justify;\">El PEC fixa la identitat del centre, els principis educatius i els objectius en pedagogia, acci\u00f3 tutorial, participaci\u00f3, activitats, materials i espais, i autonomia. Tamb\u00e9 detalla l\u2019estructura organitzativa, les connexions amb Prim\u00e0ria i els protocols de conviv\u00e8ncia, emerg\u00e8ncies i canvis d\u2019espais\/horaris.<\/p>\n<h3 style=\"font-size: 20px;\"><a href=\"https:\/\/agora.xtec.cat\/iesalcarras\/wp-content\/uploads\/usu48\/2022\/07\/PROJECTE-LINGUISTIC-DEL-CENTRE-PLC-VERSIO-16-05-2022.pdf\"><br \/>\nProjecte Ling\u00fc\u00edstic de Centre (PLC)<br \/>\n<\/a><\/h3>\n<p style=\"text-align: justify;\">El PLC fixa com s\u2019ensenyen i s\u2019empren les lleng\u00fces al centre \u2014catal\u00e0 com a vehicular, castell\u00e0 i lleng\u00fces estrangeres\u2014, amb acollida, atenci\u00f3 a la diversitat i avaluaci\u00f3 competencial. Defineix criteris d\u2019\u00fas i comunicaci\u00f3, i l\u2019organitzaci\u00f3 de projectes i recursos que impulsen el pluriling\u00fcisme i la compet\u00e8ncia comunicativa de l\u2019alumnat.<\/p>\n<h3 style=\"font-size: 20px;\"><a href=\"https:\/\/agora.xtec.cat\/iesalcarras\/wp-content\/uploads\/usu48\/2022\/03\/CARTA-COMPROMIS-EDUCATIU-INS-ALCARRAS-revisat-setembre-2018.pdf\"><br \/>\nCarta de Comprom\u00eds Educatiu<br \/>\n<\/a><\/h3>\n<p style=\"text-align: justify;\">Recull els deures i compromisos del centre, les fam\u00edlies i l\u2019alumnat per assegurar una educaci\u00f3 de qualitat i un bon clima de conviv\u00e8ncia. Estableix drets de l\u2019alumnat, criteris d\u2019avaluaci\u00f3 i assist\u00e8ncia, col\u00b7laboraci\u00f3 fam\u00edlia-centre i deures de l\u2019alumnat, amb signatura de totes les parts.<\/p>\n<h3 style=\"font-size: 20px;\"><a href=\"https:\/\/agora.xtec.cat\/iesalcarras\/wp-content\/uploads\/usu48\/2024\/10\/PLA-DEMERGENCIA-I.pdf\"><br \/>\nPla d&#8217;emerg\u00e8ncia<br \/>\n<\/a><\/h3>\n","protected":false},"excerpt":{"rendered":"<p><a href=\"https:\/\/drive.google.com\/open?id=0B6QrG9NTZVXcQUd4V1A0MHVHSHc\"><br \/>\nNormes d&#8217;Organitzaci\u00f3 i Funcionament del Centre (NOFC)<br \/>\n<\/a><br \/>\nLes Normes d\u2019Organitzaci\u00f3 i Funcionament del Centre (NOFC) regulen l\u2019organitzaci\u00f3, el funcionament i la conviv\u00e8ncia de l\u2019Institut d\u2019Alcarr\u00e0s. Recullen la normativa externa i interna i concreten aspectes no regulats. S\u00f3n d\u2019obligat compliment per a l\u2019alumnat, les fam\u00edlies, el&hellip;  <a href=\"https:\/\/agora.xtec.cat\/iesalcarras\/linstitut\/documents-de-centre\/\" title=\"Read Documents de centre\">Llegeix m\u00e9s\u00bb<\/a><\/p>\n","protected":false},"author":1,"featured_media":0,"parent":19,"menu_order":0,"comment_status":"closed","ping_status":"closed","template":"page-templates\/side-menu.php","meta":{"_bbp_topic_count":0,"_bbp_reply_count":0,"_bbp_total_topic_count":0,"_bbp_total_reply_count":0,"_bbp_voice_count":0,"_bbp_anonymous_reply_count":0,"_bbp_topic_count_hidden":0,"_bbp_reply_count_hidden":0,"_bbp_forum_subforum_count":0,"footnotes":""},"class_list":["post-487","page","type-page","status-publish","hentry"],"post_mailing_queue_ids":[],"_links":{"self":[{"href":"https:\/\/agora.xtec.cat\/iesalcarras\/wp-json\/wp\/v2\/pages\/487","targetHints":{"allow":["GET"]}}],"collection":[{"href":"https:\/\/agora.xtec.cat\/iesalcarras\/wp-json\/wp\/v2\/pages"}],"about":[{"href":"https:\/\/agora.xtec.cat\/iesalcarras\/wp-json\/wp\/v2\/types\/page"}],"author":[{"embeddable":true,"href":"https:\/\/agora.xtec.cat\/iesalcarras\/wp-json\/wp\/v2\/users\/1"}],"replies":[{"embeddable":true,"href":"https:\/\/agora.xtec.cat\/iesalcarras\/wp-json\/wp\/v2\/comments?post=487"}],"version-history":[{"count":7,"href":"https:\/\/agora.xtec.cat\/iesalcarras\/wp-json\/wp\/v2\/pages\/487\/revisions"}],"predecessor-version":[{"id":7980,"href":"https:\/\/agora.xtec.cat\/iesalcarras\/wp-json\/wp\/v2\/pages\/487\/revisions\/7980"}],"up":[{"embeddable":true,"href":"https:\/\/agora.xtec.cat\/iesalcarras\/wp-json\/wp\/v2\/pages\/19"}],"wp:attachment":[{"href":"https:\/\/agora.xtec.cat\/iesalcarras\/wp-json\/wp\/v2\/media?parent=487"}],"curies":[{"name":"wp","href":"https:\/\/api.w.org\/{rel}","templated":true}]}}