{"id":21,"date":"2014-09-17T16:14:14","date_gmt":"2014-09-17T16:14:14","guid":{"rendered":"http:\/\/agora.xtec.cat\/iesalcarras\/?page_id=21"},"modified":"2016-08-25T15:45:44","modified_gmt":"2016-08-25T14:45:44","slug":"on-som","status":"publish","type":"page","link":"https:\/\/agora.xtec.cat\/iesalcarras\/linstitut\/on-som\/","title":{"rendered":"On som"},"content":{"rendered":"<p><strong>Institut Alcarr\u00e0s<\/strong><br \/>\nPla\u00e7a Arquitecte Ignasi Miquel s\/n<br \/>\n25180 Alcarr\u00e0s<br \/>\nTel\u00e8fon: 973 79 14 56<br \/>\nFax: 973 79 15 36<\/p>\n<p><a href=\"mailto:c5007153@xtec.cat\">c5007153@xtec.cat<\/a><\/p>\n<p><iframe loading=\"lazy\" src=\"https:\/\/www.google.com\/maps\/d\/embed?mid=1PZBZpNiGxk5MPmdXE0gyHAi-PcQ&amp;hl=es\" width=\"640\" height=\"480\"><\/iframe><\/p>\n<p><strong>Marc horari<\/strong><\/p>\n<p>El marc horari dels alumnes \u00e9s de\u00a08:30 A 15:00, de dilluns a divendres.<\/p>\n<p>L&#8217;horari d&#8217;oficina d&#8217;atenci\u00f3 al p\u00fablic \u00e9s de 09:00 a 13:00 hores tots els matins de dilluns a divendres.<\/p>\n<p><strong>Escoles adscrites a l&#8217;institut:<br \/>\n<\/strong>Escola Comtes de Torregrossa (Alcarr\u00e0s), Escola Carrassumada (Torres de Segre), Escola Parc del Saladar (Alcarr\u00e0s)<\/p>\n<p><strong>Com arribar-hi<br \/>\n<\/strong><\/p>\n<ul>\n<li>ALSA autobusos (Alsina Graells) \u00a0&#8212;&#8212;&#8212; \u00a0Podeu consultar els horaris a la seva\u00a0<a href=\"http:\/\/www.alsa.es\/ca\/compra-i-horaris\/regionals\/catalunya\/?searchType=short&amp;zone=7\" target=\"_blank\">web<\/a>.<\/li>\n<li>GAMON autocars (ATM) \u00a0&#8212;&#8212;&#8212;&#8212;&#8212;&#8212;&#8211; \u00a0Podeu consultar els horaris a la seva\u00a0<a href=\"http:\/\/www.autocarsgamon.com\/horaris.htm\" target=\"_blank\">web<\/a><\/li>\n<\/ul>\n<p><strong>Enlla\u00e7os d&#8217;inter\u00e8s<\/strong><\/p>\n<ul>\n<li><a title=\"Web de l'Ajuntament d'Alcarr\u00e0s\" href=\"http:\/\/alcarras.ddl.net\/Portada\/Portada.asp\" target=\"_blank\">Ajuntament d&#8217;Alcarr\u00e0s<\/a><\/li>\n<li><a title=\"Web de l'Ajuntament de Soses\" href=\"http:\/\/soses.ddl.net\/index2.html\" target=\"_blank\">Ajuntament de Soses<\/a><\/li>\n<li><a title=\"Web de l'Ajuntament de Torres de Segre\" href=\"http:\/\/www.torresdesegre.net\/\" target=\"_blank\">Ajuntament de Torres de Segre<\/a><\/li>\n<\/ul>\n<p>&nbsp;<\/p>\n<p>&nbsp;<\/p>\n","protected":false},"excerpt":{"rendered":"<p>Institut Alcarr\u00e0s<br \/>\nPla\u00e7a Arquitecte Ignasi Miquel s\/n<br \/>\n25180 Alcarr\u00e0s<br \/>\nTel\u00e8fon: 973 79 14 56<br \/>\nFax: 973 79 15 36<br \/>\n<a href=\"mailto:c5007153@xtec.cat\">c5007153@xtec.cat<\/a><\/p>\n<p>Marc horari<br \/>\nEl marc horari dels alumnes \u00e9s de\u00a08:30 A 15:00, de dilluns a divendres.<br \/>\nL&#8217;horari d&#8217;oficina d&#8217;atenci\u00f3 al p\u00fablic \u00e9s de 09:00 a 13:00 hores tots els matins de dilluns a&hellip;  <a href=\"https:\/\/agora.xtec.cat\/iesalcarras\/linstitut\/on-som\/\" title=\"Read On som\">Llegeix m\u00e9s\u00bb<\/a><\/p>\n","protected":false},"author":1,"featured_media":0,"parent":19,"menu_order":10,"comment_status":"closed","ping_status":"closed","template":"page-templates\/side-menu.php","meta":{"_bbp_topic_count":0,"_bbp_reply_count":0,"_bbp_total_topic_count":0,"_bbp_total_reply_count":0,"_bbp_voice_count":0,"_bbp_anonymous_reply_count":0,"_bbp_topic_count_hidden":0,"_bbp_reply_count_hidden":0,"_bbp_forum_subforum_count":0,"footnotes":""},"class_list":["post-21","page","type-page","status-publish","hentry"],"post_mailing_queue_ids":[],"_links":{"self":[{"href":"https:\/\/agora.xtec.cat\/iesalcarras\/wp-json\/wp\/v2\/pages\/21","targetHints":{"allow":["GET"]}}],"collection":[{"href":"https:\/\/agora.xtec.cat\/iesalcarras\/wp-json\/wp\/v2\/pages"}],"about":[{"href":"https:\/\/agora.xtec.cat\/iesalcarras\/wp-json\/wp\/v2\/types\/page"}],"author":[{"embeddable":true,"href":"https:\/\/agora.xtec.cat\/iesalcarras\/wp-json\/wp\/v2\/users\/1"}],"replies":[{"embeddable":true,"href":"https:\/\/agora.xtec.cat\/iesalcarras\/wp-json\/wp\/v2\/comments?post=21"}],"version-history":[{"count":4,"href":"https:\/\/agora.xtec.cat\/iesalcarras\/wp-json\/wp\/v2\/pages\/21\/revisions"}],"predecessor-version":[{"id":470,"href":"https:\/\/agora.xtec.cat\/iesalcarras\/wp-json\/wp\/v2\/pages\/21\/revisions\/470"}],"up":[{"embeddable":true,"href":"https:\/\/agora.xtec.cat\/iesalcarras\/wp-json\/wp\/v2\/pages\/19"}],"wp:attachment":[{"href":"https:\/\/agora.xtec.cat\/iesalcarras\/wp-json\/wp\/v2\/media?parent=21"}],"curies":[{"name":"wp","href":"https:\/\/api.w.org\/{rel}","templated":true}]}}