{"id":905,"date":"2021-08-21T17:15:40","date_gmt":"2021-08-21T15:15:40","guid":{"rendered":"https:\/\/agora.xtec.cat\/iesalaibadrinas\/?page_id=905"},"modified":"2023-02-19T19:58:09","modified_gmt":"2023-02-19T18:58:09","slug":"consell-escolar","status":"publish","type":"page","link":"https:\/\/agora.xtec.cat\/iesalaibadrinas\/comunitat-educativa\/consell-escolar\/","title":{"rendered":"Consell Escolar"},"content":{"rendered":"<p style=\"text-align: justify;\">El Consell Escolar \u00e9s l&#8217;\u00f2rgan col\u00b7legiat de participaci\u00f3 de la Comunitat Escolar i de govern del centre. En el Consell Escolar hi ha representants de tots els col\u00b7lectius que intervenen en la comunitat educativa: Direcci\u00f3, mestres, fam\u00edlies, personal d&#8217;administraci\u00f3 i serveis, etc.<\/p>\n<p style=\"text-align: justify;\">En els centres p\u00fablics, la funci\u00f3 principal del consell escolar \u00e9s participar en la presa de decisions en relaci\u00f3 amb aquells temes importants per al funcionament i l&#8217;organitzaci\u00f3 del centre: el projecte educatiu, la programaci\u00f3 general, la gesti\u00f3 econ\u00f2mica, etc.<\/p>\n<p style=\"text-align: justify;\">Els membres del consell escolar s\u00f3n elegits per un per\u00edode de quatre anys i es renoven per meitats cada dos anys.<\/p>\n<p><a href=\"https:\/\/agora.xtec.cat\/iesalaibadrinas\/wp-content\/uploads\/usu2635\/2022\/02\/descarga-1.jpg\"><br \/>\n<img loading=\"lazy\" decoding=\"async\" class=\" wp-image-1508 aligncenter\" src=\"https:\/\/agora.xtec.cat\/iesalaibadrinas\/wp-content\/uploads\/usu2635\/2022\/02\/descarga-1.jpg\" alt=\"\" width=\"279\" height=\"259\" \/><\/a><\/p>\n<p style=\"text-align: justify;\">\n","protected":false},"excerpt":{"rendered":"<p>El Consell Escolar \u00e9s l&#8217;\u00f2rgan col\u00b7legiat de participaci\u00f3 de la Comunitat Escolar i de govern del centre. En el Consell Escolar hi ha representants de tots els col\u00b7lectius que intervenen en la comunitat educativa: Direcci\u00f3, mestres, fam\u00edlies, personal d&#8217;administraci\u00f3 i serveis, etc.<br \/>\nEn els centres p\u00fablics,&hellip;  <a href=\"https:\/\/agora.xtec.cat\/iesalaibadrinas\/comunitat-educativa\/consell-escolar\/\" title=\"Read Consell Escolar\">Llegeix m\u00e9s\u00bb<\/a><\/p>\n","protected":false},"author":1,"featured_media":0,"parent":800,"menu_order":1,"comment_status":"closed","ping_status":"closed","template":"page-templates\/side-menu.php","meta":{"_bbp_topic_count":0,"_bbp_reply_count":0,"_bbp_total_topic_count":0,"_bbp_total_reply_count":0,"_bbp_voice_count":0,"_bbp_anonymous_reply_count":0,"_bbp_topic_count_hidden":0,"_bbp_reply_count_hidden":0,"_bbp_forum_subforum_count":0,"footnotes":""},"class_list":["post-905","page","type-page","status-publish","hentry"],"post_mailing_queue_ids":[],"_links":{"self":[{"href":"https:\/\/agora.xtec.cat\/iesalaibadrinas\/wp-json\/wp\/v2\/pages\/905","targetHints":{"allow":["GET"]}}],"collection":[{"href":"https:\/\/agora.xtec.cat\/iesalaibadrinas\/wp-json\/wp\/v2\/pages"}],"about":[{"href":"https:\/\/agora.xtec.cat\/iesalaibadrinas\/wp-json\/wp\/v2\/types\/page"}],"author":[{"embeddable":true,"href":"https:\/\/agora.xtec.cat\/iesalaibadrinas\/wp-json\/wp\/v2\/users\/1"}],"replies":[{"embeddable":true,"href":"https:\/\/agora.xtec.cat\/iesalaibadrinas\/wp-json\/wp\/v2\/comments?post=905"}],"version-history":[{"count":4,"href":"https:\/\/agora.xtec.cat\/iesalaibadrinas\/wp-json\/wp\/v2\/pages\/905\/revisions"}],"predecessor-version":[{"id":18633,"href":"https:\/\/agora.xtec.cat\/iesalaibadrinas\/wp-json\/wp\/v2\/pages\/905\/revisions\/18633"}],"up":[{"embeddable":true,"href":"https:\/\/agora.xtec.cat\/iesalaibadrinas\/wp-json\/wp\/v2\/pages\/800"}],"wp:attachment":[{"href":"https:\/\/agora.xtec.cat\/iesalaibadrinas\/wp-json\/wp\/v2\/media?parent=905"}],"curies":[{"name":"wp","href":"https:\/\/api.w.org\/{rel}","templated":true}]}}