{"id":899,"date":"2021-08-21T17:12:11","date_gmt":"2021-08-21T15:12:11","guid":{"rendered":"https:\/\/agora.xtec.cat\/iesalaibadrinas\/?page_id=899"},"modified":"2025-10-29T09:50:29","modified_gmt":"2025-10-29T08:50:29","slug":"equip-docent","status":"publish","type":"page","link":"https:\/\/agora.xtec.cat\/iesalaibadrinas\/comunitat-educativa\/equip-docent\/","title":{"rendered":"Equip Docent"},"content":{"rendered":"<p>Aquest curs l&#8217;equip docent del centre ser\u00e0 el seg\u00fcent:<\/p>\n<table>\n<tbody>\n<tr>\n<td colspan=\"4\"><b>EQUIP DOCENT I SUPORT DE L\u2019INSTITUT ESCOLA SALA I BADRINAS<\/b><\/p>\n<p><b>CURS 2025\/26<\/b><\/td>\n<\/tr>\n<tr>\n<td rowspan=\"5\"><b>\u00a0Equip directiu<\/b><\/td>\n<td colspan=\"2\"><b>\u00a0 Direcci\u00f3<\/b><\/td>\n<td><b>\u00a0 Olga Mart\u00ed\u00a0<\/b><\/td>\n<\/tr>\n<tr>\n<td colspan=\"2\"><b>\u00a0 Cap d\u2019estudis prim\u00e0ria<\/b><\/td>\n<td><b> \u00a0 Ivet Garcia<\/b><\/td>\n<\/tr>\n<tr>\n<td colspan=\"2\"><b>\u00a0 Cap d\u2019estudis secund\u00e0ria<\/b><\/td>\n<td><b>\u00a0 Laura Vargas<\/b><\/td>\n<\/tr>\n<tr>\n<td colspan=\"2\"><b>\u00a0 Secretaria<\/b><\/td>\n<td><b>\u00a0 Emma Herrerias\u00a0<\/b><\/td>\n<\/tr>\n<tr>\n<td colspan=\"2\"><b>\u00a0 Coordinaci\u00f3 pedag\u00f2gica<\/b><\/td>\n<td><b> Pere Morat\u00f3 i M\u00f3nica Cuevas<\/b><\/td>\n<\/tr>\n<tr>\n<td rowspan=\"10\"><b>\u00a0Coordinaci\u00f3<\/b><\/td>\n<td colspan=\"2\"><b>\u00a0 Comunitat de Petits<\/b><\/td>\n<td><b> Anna Albalat<\/b><\/td>\n<\/tr>\n<tr>\n<td colspan=\"2\"><b>\u00a0 Comunitat de Mitjans<\/b><\/td>\n<td><b> Anna Corominas<\/b><\/td>\n<\/tr>\n<tr>\n<td colspan=\"2\"><b>\u00a0 Comunitat de Grans<\/b><\/td>\n<td><b> Cristina Abad<\/b><\/td>\n<\/tr>\n<tr>\n<td colspan=\"2\"><b>Comunitat de Joves<\/b><\/td>\n<td><b>Ra\u00fal Corrales (1r cicle)\u00a0<\/b><\/p>\n<p><b>Bernat Piz\u00e0 (2n cicle)<\/b><\/td>\n<\/tr>\n<tr>\n<td colspan=\"2\"><b>Coordinadora pedag\u00f2gica prim\u00e0ria<\/b><\/td>\n<td><b> Alba Colom<\/b><\/td>\n<\/tr>\n<tr>\n<td colspan=\"2\"><b>Aula SIEI<\/b><\/td>\n<td><b>S\u00f2nia Maqueda \/ Ester Mart\u00ednez<\/b><\/td>\n<\/tr>\n<tr>\n<td colspan=\"2\"><b>TIC<\/b><\/td>\n<td><b>Silvia Parrado i Jordi Garcia<\/b><\/td>\n<\/tr>\n<tr>\n<td colspan=\"2\"><b> Riscos laborals<\/b><\/td>\n<td><b>M\u00f2nica Casasampere<\/b><\/td>\n<\/tr>\n<tr>\n<td colspan=\"2\"><b>LIC<\/b><\/td>\n<td><b>Cristina Mim\u00f3<\/b><\/td>\n<\/tr>\n<tr>\n<td colspan=\"2\"><b>Biblioteca<\/b><\/td>\n<td><b>Marta Bou<\/b><\/td>\n<\/tr>\n<tr>\n<td colspan=\"4\"><b> \u00a0 \u00a0 \u00a0 \u00a0 \u00a0 \u00a0 \u00a0 \u00a0 \u00a0 \u00a0 \u00a0 \u00a0 \u00a0 \u00a0 \u00a0 \u00a0 \u00a0 \u00a0 \u00a0 \u00a0 \u00a0 \u00a0 \u00a0 \u00a0 \u00a0 \u00a0 \u00a0 \u00a0 \u00a0 \u00a0 \u00a0 \u00a0 \u00a0 \u00a0 \u00a0 \u00a0 \u00a0 \u00a0 \u00a0 \u00a0 \u00a0 \u00a0 \u00a0 \u00a0 \u00a0 \u00a0 \u00a0 \u00a0 \u00a0 \u00a0 \u00a0 \u00a0 \u00a0 \u00a0 \u00a0 \u00a0 \u00a0 \u00a0 \u00a0 \u00a0 \u00a0 \u00a0 \u00a0 \u00a0 \u00a0 \u00a0 \u00a0 \u00a0 \u00a0 \u00a0 \u00a0 \u00a0 COMUNITATS: TUTORIES I ESPECIALITATS<\/b><\/td>\n<\/tr>\n<tr>\n<td rowspan=\"12\"><b>Comunitat de Petits\u00a0<\/b><\/td>\n<td><b>NIVELL<\/b><\/td>\n<td><b>GRUP<\/b><\/td>\n<td><b>TUTOR \/ A<\/b><\/td>\n<\/tr>\n<tr>\n<td><b>I3<\/b><\/td>\n<td><b>A<\/b><\/td>\n<td><b>Alba Castilla<\/b><\/td>\n<\/tr>\n<tr>\n<td><b>I3<\/b><\/td>\n<td><b>B<\/b><\/td>\n<td><b>Anna Albalat<\/b><\/td>\n<\/tr>\n<tr>\n<td><b>I3<\/b><\/td>\n<td><b>TEEI<\/b><\/td>\n<td><b>Ana Calleja<\/b><\/td>\n<\/tr>\n<tr>\n<td><b>I4<\/b><\/td>\n<td><b>A<\/b><\/td>\n<td><b>\u00a0 \u00a0 \u00a0 \u00a0 \u00a0 \u00a0 \u00a0 \u00a0 Mariona Rod\u00f3<\/b><\/td>\n<\/tr>\n<tr>\n<td><b>I4<\/b><\/td>\n<td><b>B<\/b><\/td>\n<td><b>M Carmen Garrido<\/b><\/td>\n<\/tr>\n<tr>\n<td><b>I5<\/b><\/td>\n<td><b>A<\/b><\/td>\n<td><b>Anna Garrido<\/b><\/td>\n<\/tr>\n<tr>\n<td><b>I5<\/b><\/td>\n<td><b>B<\/b><\/td>\n<td><b>Pilar Cabrerizo<\/b><\/td>\n<\/tr>\n<tr>\n<td colspan=\"2\"><b>\u00a0 Educaci\u00f3 Especial \/ refor\u00e7\u00a0<\/b><\/td>\n<td><b>Javier Hig\u00f3n\/ Carla Pla<\/b><\/td>\n<\/tr>\n<tr>\n<td colspan=\"2\"><b>\u00a0 Angl\u00e8s<\/b><\/td>\n<td><b>Ivet Garcia\/ Mireia Vil\u00e0\/Judit Barbero<\/b><\/td>\n<\/tr>\n<tr>\n<td colspan=\"2\"><b>\u00a0 M\u00fasica<\/b><\/td>\n<td><b>Marina Haro<\/b><\/td>\n<\/tr>\n<tr>\n<td colspan=\"2\"><b>\u00a0 Psicomotricitat<\/b><\/td>\n<td><b>Emma Herrerias<\/b><\/td>\n<\/tr>\n<tr>\n<td rowspan=\"11\"><b>Comunitat de Mitjans<\/b><\/td>\n<td><b>1r<\/b><\/td>\n<td><b>A<\/b><\/td>\n<td><b>Pilar Gut\u00e9s<\/b><\/td>\n<\/tr>\n<tr>\n<td><b>1r<\/b><\/td>\n<td><b>B<\/b><\/td>\n<td><b>Anna Corominas<\/b><\/td>\n<\/tr>\n<tr>\n<td><b>2n<\/b><\/td>\n<td><b>A<\/b><\/td>\n<td><b>Judit Barbero<\/b><\/td>\n<\/tr>\n<tr>\n<td><b>2n<\/b><\/td>\n<td><b>B<\/b><\/td>\n<td><b>Jessica Masip<\/b><\/td>\n<\/tr>\n<tr>\n<td><b>3r<\/b><\/td>\n<td><b>A<\/b><\/td>\n<td><b>Javi Gonzalez<\/b><\/td>\n<\/tr>\n<tr>\n<td><b>3r<\/b><\/td>\n<td><b>B<\/b><\/td>\n<td><b>Gemma Barril<\/b><\/td>\n<\/tr>\n<tr>\n<td colspan=\"2\"><b>Angl\u00e8s<\/b><\/td>\n<td><b>Mireia Vil\u00e0<\/b><\/td>\n<\/tr>\n<tr>\n<td colspan=\"2\"><b>M\u00fasica<\/b><\/td>\n<td><b>Israel Garcia<\/b><\/td>\n<\/tr>\n<tr>\n<td colspan=\"2\"><b>Educaci\u00f3 F\u00edsica<\/b><\/td>\n<td><b>Francesc Trav\u00e9<\/b><\/td>\n<\/tr>\n<tr>\n<td colspan=\"2\"><b>Educaci\u00f3 especial\/ refor\u00e7<\/b><\/td>\n<td><b>Javier Hig\u00f3n\/Silvia Vall<\/b><\/td>\n<\/tr>\n<tr>\n<td colspan=\"2\"><b>Refor\u00e7<\/b><\/td>\n<td><b>Ivet Garcia<\/b><\/td>\n<\/tr>\n<tr>\n<td rowspan=\"14\"><b>Comunitat de Grans<\/b><\/td>\n<td><b>4t<\/b><\/td>\n<td><b>A<\/b><\/td>\n<td><b>M\u00edriam Guerra<\/b><\/td>\n<\/tr>\n<tr>\n<td><b>4t<\/b><\/td>\n<td><b>B<\/b><\/td>\n<td><b>S\u00edlvia Parrado<\/b><\/td>\n<\/tr>\n<tr>\n<td><b>5\u00e8<\/b><\/td>\n<td><b>A<\/b><\/td>\n<td><b>Alba Colom<\/b><\/td>\n<\/tr>\n<tr>\n<td><b>5\u00e8<\/b><\/td>\n<td><b>B<\/b><\/td>\n<td><b>Cris Abad<\/b><\/td>\n<\/tr>\n<tr>\n<td><b>6\u00e8<\/b><\/td>\n<td><b>A<\/b><\/td>\n<td><b>Sergi Arjona<\/b><\/td>\n<\/tr>\n<tr>\n<td><b>6\u00e8<\/b><\/td>\n<td><b>B<\/b><\/td>\n<td><b>Max Morat\u00f3<\/b><\/td>\n<\/tr>\n<tr>\n<td colspan=\"2\"><b>Educaci\u00f3 Especial<\/b><\/td>\n<td><b>S\u00edlvia Vall\/ M\u00f2nica Casasampere<\/b><\/td>\n<\/tr>\n<tr>\n<td colspan=\"2\"><b>Angl\u00e8s<\/b><\/td>\n<td><b>Marta Bou<\/b><\/td>\n<\/tr>\n<tr>\n<td colspan=\"2\"><b>M\u00fasica<\/b><\/td>\n<td><b>Israel Garcia<\/b><\/td>\n<\/tr>\n<tr>\n<td colspan=\"2\"><b>Educaci\u00f3 F\u00edsica<\/b><\/td>\n<td><b>Francesc Trav\u00e9<\/b><\/td>\n<\/tr>\n<tr>\n<td colspan=\"2\"><b>Franc\u00e8s<\/b><\/td>\n<td><b>Ester L\u00f3pez<\/b><\/td>\n<\/tr>\n<tr>\n<td colspan=\"2\"><b>Aula D\u2019acollida<\/b><\/td>\n<td><b>Cristina Mim\u00f3\u00a0<\/b><\/td>\n<\/tr>\n<tr>\n<td colspan=\"2\"><b>SIEI\u00a0<\/b><\/td>\n<td><b>S\u00f2nia Maqueda<\/b><\/td>\n<\/tr>\n<tr>\n<td colspan=\"2\"><b>Refor\u00e7<\/b><\/td>\n<td><b>Olga Mart\u00ed<\/b><\/td>\n<\/tr>\n<tr>\n<td rowspan=\"28\"><b>Comunitat de Joves<\/b><\/td>\n<td colspan=\"3\"><b>TUTORIES<\/b><\/td>\n<\/tr>\n<tr>\n<td><b>1r<\/b><\/td>\n<td><b>A<\/b><\/td>\n<td><b>Ra\u00fcl Corrales i \u00d2scar Otero<\/b><\/td>\n<\/tr>\n<tr>\n<td><b>1r\u00a0<\/b><\/td>\n<td><b>B<\/b><\/td>\n<td><b>Rat Morera i Gregori Berbegal<\/b><\/td>\n<\/tr>\n<tr>\n<td><b>2n<\/b><\/td>\n<td><b>A<\/b><\/td>\n<td><b>Marta Mart\u00ednez i Oleguer Cadevall<\/b><\/td>\n<\/tr>\n<tr>\n<td><b>2n<\/b><\/td>\n<td><b>B<\/b><\/td>\n<td><b>Carles Albert Ferrer i Carles L\u00f3pez<\/b><\/td>\n<\/tr>\n<tr>\n<td><b>3r<\/b><\/td>\n<td><b>A<\/b><\/td>\n<td><b>Cl\u00e0udia S\u00e1nchez<\/b><\/td>\n<\/tr>\n<tr>\n<td><b>3r<\/b><\/td>\n<td><b>B<\/b><\/td>\n<td><b>Laia Delgado (Isabel Quero)<\/b><\/td>\n<\/tr>\n<tr>\n<td><b>3r<\/b><\/td>\n<td><b>C<\/b><\/td>\n<td><b>Marta Argem\u00ed<\/b><\/td>\n<\/tr>\n<tr>\n<td><b>4t<\/b><\/td>\n<td><b>A<\/b><\/td>\n<td><b>Bernat Piz\u00e0<\/b><\/td>\n<\/tr>\n<tr>\n<td><b>4t<\/b><\/td>\n<td><b>B<\/b><\/td>\n<td><b>Adri\u00e0 Solano<\/b><\/td>\n<\/tr>\n<tr>\n<td><b>4t<\/b><\/td>\n<td><b>C<\/b><\/td>\n<td><b>Arnau Rovira<\/b><\/td>\n<\/tr>\n<tr>\n<td colspan=\"3\"><b>ESPECIALISTES<\/b><\/td>\n<\/tr>\n<tr>\n<td colspan=\"2\"><b>Catal\u00e0<\/b><\/td>\n<td><b> Laia Delgado (Isabel Quero), Marta Antich, Rat Morera i Bernat Piz\u00e0<\/b><\/td>\n<\/tr>\n<tr>\n<td colspan=\"2\"><b>Castell\u00e0<\/b><\/td>\n<td><b>Cl\u00e0udia S\u00e1nchez, Gregori Berbegal, Marta Mart\u00ednez i Salvador Ribes.<\/b><\/td>\n<\/tr>\n<tr>\n<td colspan=\"2\"><b>Angl\u00e8s<\/b><\/td>\n<td><b>M\u00f3nica Cuevas, Rat Morera, Marta Mart\u00ednez i M\u00edriam del Pozo (Aida Rodr\u00edguez)<\/b><\/td>\n<\/tr>\n<tr>\n<td colspan=\"2\"><b>Franc\u00e8s<\/b><\/td>\n<td><b>Rat Morera i M\u00f3nica Cuevas<\/b><\/td>\n<\/tr>\n<tr>\n<td colspan=\"2\"><b>Matem\u00e0tiques<\/b><\/td>\n<td><b>Carles L\u00f3pez, Adri\u00e0 Solano i Marina Pont<\/b><\/td>\n<\/tr>\n<tr>\n<td colspan=\"2\"><b>F\u00edsica i qu\u00edmica<\/b><\/td>\n<td><b>Pere Morat\u00f3 i Marina Pont<\/b><\/td>\n<\/tr>\n<tr>\n<td colspan=\"2\"><b>Biologia<\/b><\/td>\n<td><b>Ra\u00fcl Corrales<\/b><\/td>\n<\/tr>\n<tr>\n<td colspan=\"2\"><b>Tecnologia<\/b><\/td>\n<td><b>Jordi Garcia i Marta Argem\u00ed<\/b><\/td>\n<\/tr>\n<tr>\n<td colspan=\"2\"><b>Ci\u00e8ncies socials<\/b><\/td>\n<td><b>Bernat Piz\u00e0, Carles Ferrer i Gregori Berbegal.\u00a0<\/b><\/td>\n<\/tr>\n<tr>\n<td colspan=\"2\"><b>Llat\u00ed i cultura cl\u00e0ssica<\/b><\/td>\n<td><b>Lidia Serrano<\/b><\/td>\n<\/tr>\n<tr>\n<td colspan=\"2\"><b>M\u00fasica<\/b><\/td>\n<td><b>Oleguer Cadevall<\/b><\/td>\n<\/tr>\n<tr>\n<td colspan=\"2\"><b>Educaci\u00f3 f\u00edsica<\/b><\/td>\n<td><b>Arnau Rovira i Roger Ferrer<\/b><\/td>\n<\/tr>\n<tr>\n<td colspan=\"2\"><b>Visual i pl\u00e0stica<\/b><\/td>\n<td><b>\u00d2scar Otero<\/b><\/td>\n<\/tr>\n<tr>\n<td colspan=\"2\"><b>Orientaci\u00f3 educativa<\/b><\/td>\n<td><b>Laura Vargas i Nancy Fernanda (\u00c8rika Bravo)<\/b><\/td>\n<\/tr>\n<tr>\n<td colspan=\"2\"><b>Aula d\u2019acollida<\/b><\/td>\n<td><b>Cristina Mim\u00f3 i Marta Antich.<\/b><\/td>\n<\/tr>\n<tr>\n<td colspan=\"2\"><b>APS<\/b><\/td>\n<td><b>Marta Mart\u00ednez<\/b><\/td>\n<\/tr>\n<tr>\n<td colspan=\"4\"><b>ALTRES ESPECIALISTES<\/b><\/td>\n<\/tr>\n<tr>\n<td colspan=\"2\"><b>Vetlladores<\/b><\/td>\n<td colspan=\"2\"><b>N\u00faria L\u00f3pez, Mireia Llibre i Maria Bassas<\/b><\/td>\n<\/tr>\n<tr>\n<td colspan=\"2\"><b>Psicopedagoga de l\u2019EAP<\/b><\/td>\n<td colspan=\"2\"><b>\u00c0ngels Matar\u00edn<\/b><\/td>\n<\/tr>\n<tr>\n<td colspan=\"2\"><b>Logopeda (CREDAV)<\/b><\/td>\n<td colspan=\"2\"><\/td>\n<\/tr>\n<tr>\n<td colspan=\"2\"><b>Treballadora social<\/b><\/td>\n<td colspan=\"2\"><b>N\u00faria Vigat\u00e0<\/b><\/td>\n<\/tr>\n<tr>\n<td colspan=\"4\"><b>ADMINISTRACI\u00d3 I SERVEIS<\/b><\/td>\n<\/tr>\n<tr>\n<td colspan=\"2\"><b>Oficial de serveis<\/b><\/td>\n<td colspan=\"2\"><b>Xavi Marsal<\/b><\/td>\n<\/tr>\n<tr>\n<td colspan=\"2\"><b>Subaltern<\/b><\/td>\n<td colspan=\"2\"><b>Joan Abanses<\/b><\/td>\n<\/tr>\n<tr>\n<td colspan=\"2\"><b>Administrativa\u00a0<\/b><\/td>\n<td colspan=\"2\"><b>Paula Pic\u00f3n<\/b><\/td>\n<\/tr>\n<tr>\n<td colspan=\"2\"><b>Coordinadora Menjador<\/b><\/td>\n<td colspan=\"2\"><b>Elena Luque i Dolors Prados<\/b><\/td>\n<\/tr>\n<\/tbody>\n<\/table>\n<p>&nbsp;<\/p>\n","protected":false},"excerpt":{"rendered":"<p>Aquest curs l&#8217;equip docent del centre ser\u00e0 el seg\u00fcent:<\/p>\n<p>EQUIP DOCENT I SUPORT DE L\u2019INSTITUT ESCOLA SALA I BADRINAS<br \/>\nCURS 2025\/26<\/p>\n<p>\u00a0Equip directiu<br \/>\n\u00a0 Direcci\u00f3<br \/>\n\u00a0 Olga Mart\u00ed\u00a0<\/p>\n<p>\u00a0 Cap d\u2019estudis prim\u00e0ria<br \/>\n \u00a0 Ivet Garcia<\/p>\n<p>\u00a0 Cap d\u2019estudis secund\u00e0ria<br \/>\n\u00a0 Laura Vargas<\/p>\n<p>\u00a0 Secretaria<br \/>\n\u00a0 Emma Herrerias\u00a0<\/p>\n<p>\u00a0 Coordinaci\u00f3 pedag\u00f2gica<br \/>\n Pere Morat\u00f3 i M\u00f3nica Cuevas<\/p>\n<p>\u00a0Coordinaci\u00f3<br \/>\n\u00a0 Comunitat&hellip;  <a href=\"https:\/\/agora.xtec.cat\/iesalaibadrinas\/comunitat-educativa\/equip-docent\/\" title=\"Read Equip Docent\">Llegeix m\u00e9s\u00bb<\/a><\/p>\n","protected":false},"author":1,"featured_media":0,"parent":800,"menu_order":2,"comment_status":"closed","ping_status":"closed","template":"page-templates\/side-menu.php","meta":{"_bbp_topic_count":0,"_bbp_reply_count":0,"_bbp_total_topic_count":0,"_bbp_total_reply_count":0,"_bbp_voice_count":0,"_bbp_anonymous_reply_count":0,"_bbp_topic_count_hidden":0,"_bbp_reply_count_hidden":0,"_bbp_forum_subforum_count":0,"footnotes":""},"class_list":["post-899","page","type-page","status-publish","hentry"],"post_mailing_queue_ids":[],"_links":{"self":[{"href":"https:\/\/agora.xtec.cat\/iesalaibadrinas\/wp-json\/wp\/v2\/pages\/899","targetHints":{"allow":["GET"]}}],"collection":[{"href":"https:\/\/agora.xtec.cat\/iesalaibadrinas\/wp-json\/wp\/v2\/pages"}],"about":[{"href":"https:\/\/agora.xtec.cat\/iesalaibadrinas\/wp-json\/wp\/v2\/types\/page"}],"author":[{"embeddable":true,"href":"https:\/\/agora.xtec.cat\/iesalaibadrinas\/wp-json\/wp\/v2\/users\/1"}],"replies":[{"embeddable":true,"href":"https:\/\/agora.xtec.cat\/iesalaibadrinas\/wp-json\/wp\/v2\/comments?post=899"}],"version-history":[{"count":7,"href":"https:\/\/agora.xtec.cat\/iesalaibadrinas\/wp-json\/wp\/v2\/pages\/899\/revisions"}],"predecessor-version":[{"id":21687,"href":"https:\/\/agora.xtec.cat\/iesalaibadrinas\/wp-json\/wp\/v2\/pages\/899\/revisions\/21687"}],"up":[{"embeddable":true,"href":"https:\/\/agora.xtec.cat\/iesalaibadrinas\/wp-json\/wp\/v2\/pages\/800"}],"wp:attachment":[{"href":"https:\/\/agora.xtec.cat\/iesalaibadrinas\/wp-json\/wp\/v2\/media?parent=899"}],"curies":[{"name":"wp","href":"https:\/\/api.w.org\/{rel}","templated":true}]}}