{"id":87,"date":"2014-09-18T14:28:12","date_gmt":"2014-09-18T13:28:12","guid":{"rendered":"http:\/\/agora.xtec.cat\/iesalaibadrinas\/?page_id=87"},"modified":"2025-11-16T17:03:00","modified_gmt":"2025-11-16T16:03:00","slug":"nivells","status":"publish","type":"page","link":"https:\/\/agora.xtec.cat\/iesalaibadrinas\/nivells\/","title":{"rendered":"NIVELLS"},"content":{"rendered":"<p><span style=\"font-size: 18pt;\">Al nostre institut escola hi ha 2 grups per nivell: A i B a educaci\u00f3 infantil, prim\u00e0ria i primer cicle d&#8217;educaci\u00f3 secund\u00e0ria. Al segon cicle d&#8217;educaci\u00f3 secund\u00e0ria tenim 3 grups per nivell.<\/span><\/p>\n<p><span style=\"font-size: 18pt;\"><img loading=\"lazy\" decoding=\"async\" class=\"wp-image-1694 alignleft\" style=\"text-align: center;\" src=\"https:\/\/agora.xtec.cat\/iesalaibadrinas\/wp-content\/uploads\/usu2635\/2022\/02\/Word-Art-1.png\" alt=\"\" width=\"236\" height=\"289\" srcset=\"https:\/\/agora.xtec.cat\/iesalaibadrinas\/wp-content\/uploads\/usu2635\/2022\/02\/Word-Art-1.png 353w, https:\/\/agora.xtec.cat\/iesalaibadrinas\/wp-content\/uploads\/usu2635\/2022\/02\/Word-Art-1-245x300.png 245w\" sizes=\"auto, (max-width: 236px) 100vw, 236px\" \/><\/span><\/p>\n<p><span style=\"font-size: 18pt;\">Els cursos estan distribuits en comunitats:<\/span><\/p>\n<ul>\n<li style=\"list-style-type: none;\">\n<ul>\n<li><span style=\"font-size: 18pt;\">Comunitat de Petits (I3, I4 i I5)<\/span><\/li>\n<li><span style=\"font-size: 18pt;\">Comunitat de Mitjans (1r, 2n i 3r)<\/span><\/li>\n<li><span style=\"font-size: 18pt;\">Comunitat\u00a0de Grans (4t, 5\u00e8 i 6\u00e8)<\/span><\/li>\n<li><span style=\"font-size: 18pt;\">Comunitat de Joves (1r d&#8217;ESO, 2n d&#8217;ESO, 3r d&#8217;ESO i 4t d&#8217;ESO)<\/span><\/li>\n<\/ul>\n<\/li>\n<\/ul>\n<p>&nbsp;<\/p>\n","protected":false},"excerpt":{"rendered":"<p>Al nostre institut escola hi ha 2 grups per nivell: A i B a educaci\u00f3 infantil, prim\u00e0ria i primer cicle d&#8217;educaci\u00f3 secund\u00e0ria. Al segon cicle d&#8217;educaci\u00f3 secund\u00e0ria tenim 3 grups per nivell.<\/p>\n<p>Els cursos estan distribuits en comunitats:<\/p>\n<ul>\n<li style=\"list-style-type: none;\">\n<ul>\n<li>Comunitat de Petits (I3, I4 i I5)<\/li>\n<li>Comunitat&hellip;  <a href=\"https:\/\/agora.xtec.cat\/iesalaibadrinas\/nivells\/\" title=\"Read NIVELLS\">Llegeix m\u00e9s\u00bb<\/a><br \/>\n","protected":false},"author":1,"featured_media":0,"parent":0,"menu_order":0,"comment_status":"closed","ping_status":"closed","template":"","meta":{"_bbp_topic_count":0,"_bbp_reply_count":0,"_bbp_total_topic_count":0,"_bbp_total_reply_count":0,"_bbp_voice_count":0,"_bbp_anonymous_reply_count":0,"_bbp_topic_count_hidden":0,"_bbp_reply_count_hidden":0,"_bbp_forum_subforum_count":0,"footnotes":""},"class_list":["post-87","page","type-page","status-publish","hentry"],"post_mailing_queue_ids":[],"_links":{"self":[{"href":"https:\/\/agora.xtec.cat\/iesalaibadrinas\/wp-json\/wp\/v2\/pages\/87","targetHints":{"allow":["GET"]}}],"collection":[{"href":"https:\/\/agora.xtec.cat\/iesalaibadrinas\/wp-json\/wp\/v2\/pages"}],"about":[{"href":"https:\/\/agora.xtec.cat\/iesalaibadrinas\/wp-json\/wp\/v2\/types\/page"}],"author":[{"embeddable":true,"href":"https:\/\/agora.xtec.cat\/iesalaibadrinas\/wp-json\/wp\/v2\/users\/1"}],"replies":[{"embeddable":true,"href":"https:\/\/agora.xtec.cat\/iesalaibadrinas\/wp-json\/wp\/v2\/comments?post=87"}],"version-history":[{"count":4,"href":"https:\/\/agora.xtec.cat\/iesalaibadrinas\/wp-json\/wp\/v2\/pages\/87\/revisions"}],"predecessor-version":[{"id":21756,"href":"https:\/\/agora.xtec.cat\/iesalaibadrinas\/wp-json\/wp\/v2\/pages\/87\/revisions\/21756"}],"wp:attachment":[{"href":"https:\/\/agora.xtec.cat\/iesalaibadrinas\/wp-json\/wp\/v2\/media?parent=87"}],"curies":[{"name":"wp","href":"https:\/\/api.w.org\/{rel}","templated":true}]}}