{"id":574,"date":"2021-07-21T16:26:20","date_gmt":"2021-07-21T14:26:20","guid":{"rendered":"https:\/\/agora.xtec.cat\/iesalaibadrinas\/?page_id=574"},"modified":"2023-02-17T11:34:20","modified_gmt":"2023-02-17T10:34:20","slug":"projecte-edifici","status":"publish","type":"page","link":"https:\/\/agora.xtec.cat\/iesalaibadrinas\/projecte-educatiu\/projecte-edifici\/","title":{"rendered":"Projecte edifici"},"content":{"rendered":"<p><a href=\"https:\/\/salaibadrinasampa.wordpress.com\/category\/edifici\/\" target=\"_blank\" rel=\"noopener\"><img loading=\"lazy\" decoding=\"async\" class=\"size-full wp-image-575 aligncenter\" src=\"https:\/\/agora.xtec.cat\/iesalaibadrinas\/wp-content\/uploads\/usu2635\/2021\/07\/PROJECTE-EDIFICI.jpg\" alt=\"\" width=\"637\" height=\"218\" srcset=\"https:\/\/agora.xtec.cat\/iesalaibadrinas\/wp-content\/uploads\/usu2635\/2021\/07\/PROJECTE-EDIFICI.jpg 637w, https:\/\/agora.xtec.cat\/iesalaibadrinas\/wp-content\/uploads\/usu2635\/2021\/07\/PROJECTE-EDIFICI-300x103.jpg 300w\" sizes=\"auto, (max-width: 637px) 100vw, 637px\" \/><\/a><\/p>\n<div style=\"text-align: center;\">(Feu clic a la imatge per a m\u00e9s informaci\u00f3)<\/div>\n<div><\/div>\n<div><\/div>\n<div><\/div>\n<div>A continuaci\u00f3 trobareu diferents not\u00edcies sobre els canvis i aven\u00e7os que es van produint amb relaci\u00f3 al projecte del nou edifici. Feu clic als titulars per obrir-les.<\/div>\n<div><\/div>\n<div><\/div>\n<div><\/div>\n<div><\/div>\n<div>\n<table style=\"border-collapse: collapse; width: 100%; height: 362px;\">\n<tbody>\n<tr style=\"height: 32px;\">\n<td style=\"width: 33.3333%; text-align: center; height: 32px;\"><strong>DATA<\/strong><\/td>\n<td style=\"width: 33.3333%; text-align: center; height: 32px;\"><strong>MITJ\u00c0 DE COMUNICACI\u00d3<\/strong><\/td>\n<td style=\"width: 33.3333%; text-align: center; height: 32px;\"><strong>REFER\u00c8NCIA<\/strong><\/td>\n<\/tr>\n<tr style=\"height: 48px;\">\n<td style=\"width: 33.3333%; height: 48px;\">11\/01\/2023<\/td>\n<td style=\"width: 33.3333%; height: 48px;\">Diari de Terrassa<\/td>\n<td style=\"width: 33.3333%; height: 48px;\"><span style=\"font-size: 12pt;\"><a href=\"https:\/\/www.diarideterrassa.com\/fotografia\/2023\/01\/11\/obres-urbanitzacio-del-sector-sala-i-badrinas-terrassa\/\">Obres d\u2019urbanitzaci\u00f3 del sector Sala i Badrinas<\/a><\/span><\/td>\n<\/tr>\n<tr style=\"height: 48px;\">\n<td style=\"width: 33.3333%; height: 48px;\">11\/01\/2023<\/td>\n<td style=\"width: 33.3333%; height: 48px;\">Diari de Terrassa<\/td>\n<td style=\"width: 33.3333%; height: 48px;\"><span style=\"font-size: 12pt;\"><a href=\"https:\/\/www.diarideterrassa.com\/terrassa\/2023\/01\/11\/sala-i-badrinas-terrassa\/\">La urbanitzaci\u00f3 de Sala i Badrinas est\u00e0 enllestida<\/a><\/span><\/td>\n<\/tr>\n<tr style=\"height: 32px;\">\n<td style=\"width: 33.3333%; height: 32px;\">15\/10\/2021<\/td>\n<td style=\"width: 33.3333%; height: 32px;\">Diari de Terrassa<\/td>\n<td style=\"width: 33.3333%; height: 32px;\">\n<p class=\"post-title entry-title left\"><span style=\"font-size: 12pt;\"><a href=\"https:\/\/www.diarideterrassa.com\/terrassa\/2021\/10\/15\/institut-escola-sala-i-badrinas-naus-industrials\/?fbclid=IwAR2GQie8wsif8CvzjCCsrV1jiWgrPRA3eezgTiCmclBvOkqK0RqzvddHNKM\" target=\"_blank\" rel=\"noopener\">El nou institut-escola Sala i Badrinas anir\u00e0 a les naus conservades<\/a><\/span><\/p>\n<\/td>\n<\/tr>\n<tr style=\"height: 32px;\">\n<td style=\"width: 33.3333%; height: 32px;\">14\/10\/2021<\/td>\n<td style=\"width: 33.3333%; height: 32px;\">Diari de Terrassa<\/td>\n<td style=\"width: 33.3333%; height: 32px;\">\n<p class=\"post-title entry-title left\"><span style=\"font-size: 12pt;\"><a href=\"https:\/\/www.diarideterrassa.com\/terrassa\/2021\/10\/14\/sala-i-badrinas-enderroc-terrassa\/\" target=\"_blank\" rel=\"noopener\">Comencen els treballs d\u2019enderroc de la f\u00e0brica Sala i Badrinas<\/a><\/span><\/p>\n<\/td>\n<\/tr>\n<tr style=\"height: 85px;\">\n<td style=\"width: 33.3333%; height: 85px;\">14\/01\/2021<\/td>\n<td style=\"width: 33.3333%; height: 85px;\">M\u00f3n Terrassa<\/td>\n<td style=\"width: 33.3333%; height: 85px;\"><span style=\"font-size: 12pt;\"><a href=\"https:\/\/monterrassa.cat\/societat\/fotos-comenca-enderroc-pastilla-sala-i-badrinas-terrassa-ciutat-229979\/\" target=\"_blank\" rel=\"noopener\">Comen\u00e7a l\u2019enderroc de la gran pastilla de Sala i Badrinas<\/a><\/span><\/td>\n<\/tr>\n<tr style=\"height: 85px;\">\n<td style=\"width: 33.3333%; height: 85px;\">11\/10\/2021<\/td>\n<td style=\"width: 33.3333%; height: 85px;\">Terrassa Digital<\/td>\n<td style=\"width: 33.3333%; height: 85px;\"><span style=\"font-size: 12pt;\"><a href=\"https:\/\/terrassadigital.cat\/imminent-enderroc-de-la-historica-fabrica-sala-i-badrinas\/\" target=\"_blank\" rel=\"noopener\">Imminent enderroc de la hist\u00f2rica f\u00e0brica Sala i Badrinas<\/a><\/span><\/td>\n<\/tr>\n<\/tbody>\n<\/table>\n<\/div>\n<div><\/div>\n","protected":false},"excerpt":{"rendered":"<p><a href=\"https:\/\/salaibadrinasampa.wordpress.com\/category\/edifici\/\" target=\"_blank\" rel=\"noopener\"><\/a><br \/>\n(Feu clic a la imatge per a m\u00e9s informaci\u00f3)<\/p>\n<p>A continuaci\u00f3 trobareu diferents not\u00edcies sobre els canvis i aven\u00e7os que es van produint amb relaci\u00f3 al projecte del nou edifici. Feu clic als titulars per obrir-les.<\/p>\n<p>DATA<br \/>\nMITJ\u00c0 DE COMUNICACI\u00d3<br \/>\nREFER\u00c8NCIA<\/p>\n<p>11\/01\/2023<br \/>\nDiari de Terrassa<br \/>\n<a href=\"https:\/\/www.diarideterrassa.com\/fotografia\/2023\/01\/11\/obres-urbanitzacio-del-sector-sala-i-badrinas-terrassa\/\">Obres d\u2019urbanitzaci\u00f3 del&hellip;  <a href=\"https:\/\/agora.xtec.cat\/iesalaibadrinas\/projecte-educatiu\/projecte-edifici\/\" title=\"Read Projecte edifici\">Llegeix m\u00e9s\u00bb<\/a><\/p>\n","protected":false},"author":1,"featured_media":0,"parent":64,"menu_order":4,"comment_status":"closed","ping_status":"closed","template":"page-templates\/side-menu.php","meta":{"_bbp_topic_count":0,"_bbp_reply_count":0,"_bbp_total_topic_count":0,"_bbp_total_reply_count":0,"_bbp_voice_count":0,"_bbp_anonymous_reply_count":0,"_bbp_topic_count_hidden":0,"_bbp_reply_count_hidden":0,"_bbp_forum_subforum_count":0,"footnotes":""},"class_list":["post-574","page","type-page","status-publish","hentry"],"post_mailing_queue_ids":[],"_links":{"self":[{"href":"https:\/\/agora.xtec.cat\/iesalaibadrinas\/wp-json\/wp\/v2\/pages\/574","targetHints":{"allow":["GET"]}}],"collection":[{"href":"https:\/\/agora.xtec.cat\/iesalaibadrinas\/wp-json\/wp\/v2\/pages"}],"about":[{"href":"https:\/\/agora.xtec.cat\/iesalaibadrinas\/wp-json\/wp\/v2\/types\/page"}],"author":[{"embeddable":true,"href":"https:\/\/agora.xtec.cat\/iesalaibadrinas\/wp-json\/wp\/v2\/users\/1"}],"replies":[{"embeddable":true,"href":"https:\/\/agora.xtec.cat\/iesalaibadrinas\/wp-json\/wp\/v2\/comments?post=574"}],"version-history":[{"count":5,"href":"https:\/\/agora.xtec.cat\/iesalaibadrinas\/wp-json\/wp\/v2\/pages\/574\/revisions"}],"predecessor-version":[{"id":18472,"href":"https:\/\/agora.xtec.cat\/iesalaibadrinas\/wp-json\/wp\/v2\/pages\/574\/revisions\/18472"}],"up":[{"embeddable":true,"href":"https:\/\/agora.xtec.cat\/iesalaibadrinas\/wp-json\/wp\/v2\/pages\/64"}],"wp:attachment":[{"href":"https:\/\/agora.xtec.cat\/iesalaibadrinas\/wp-json\/wp\/v2\/media?parent=574"}],"curies":[{"name":"wp","href":"https:\/\/api.w.org\/{rel}","templated":true}]}}