{"id":519,"date":"2021-07-19T16:14:07","date_gmt":"2021-07-19T14:14:07","guid":{"rendered":"https:\/\/agora.xtec.cat\/iesalaibadrinas\/?page_id=519"},"modified":"2026-03-02T11:48:49","modified_gmt":"2026-03-02T10:48:49","slug":"nofc","status":"publish","type":"page","link":"https:\/\/agora.xtec.cat\/iesalaibadrinas\/projecte-educatiu\/nofc\/","title":{"rendered":"NOFC"},"content":{"rendered":"<p>Les Normes d&#8217;Organitzaci\u00f3 i Funcionament de Centre s\u00f3n un conjunt d&#8217;acords i decisions d&#8217;organitzaci\u00f3 i funcionament que s&#8217;hi adoptin per fer possible, en el dia a dia, el treball educatiu i de gesti\u00f3 que permeti assolir els objectius proposats en el PEC i en la Programaci\u00f3 General Anual (document que concreta, a partir del Projecte Educatiu de Centre, les actuacions concretes per a cada curs).<\/p>\n<p>Les\u00a0<a href=\"https:\/\/drive.google.com\/file\/d\/17JjVTfkK1ctO2Xxnvb9wFpZB7eTEWPJW\/view?usp=sharing\"><span class=\"hiddenSpellError\">NOFC<\/span><\/a>\u00a0regulen aspectes\u00a0<span class=\"hiddenGreenError\">en relaci\u00f3 a<\/span>:<\/p>\n<p>Els \u00f2rgans unipersonals i col\u00b7legiats<br \/>\nL&#8217;alumnat, el professorat, el PAS<br \/>\nL&#8217;organitzaci\u00f3 de les activitats del centre<br \/>\nEl recinte escolar<br \/>\nEl suport burocr\u00e0tic<br \/>\nLes\u00a0<span class=\"hiddenSpellError\" style=\"padding-bottom: 2px; background-image: url('..\/..\/..\/..\/..\/images\/squiggle_red.png'); background-repeat: repeat-x; background-position: left bottom; cursor: default; color: #000000; font-family: 'Open Sans', Helvetica, Arial, sans-serif; font-size: 16px; font-style: normal; font-variant-ligatures: normal; font-variant-caps: normal; font-weight: 300; letter-spacing: normal; orphans: 2; text-align: start; text-indent: 0px; text-transform: none; white-space: normal; widows: 2; word-spacing: 0px; -webkit-text-stroke-width: 0px; text-decoration-thickness: initial; text-decoration-style: initial; text-decoration-color: initial;\">NOFC<\/span>\u00a0\u00e9s un document viu. En aquest web s&#8217;hi publica l&#8217;\u00faltima versi\u00f3. Una vegada descarregada, el document pot quedar obsolet si s&#8217;hi produeixen actualitzacions.<\/p>\n","protected":false},"excerpt":{"rendered":"<p>Les Normes d&#8217;Organitzaci\u00f3 i Funcionament de Centre s\u00f3n un conjunt d&#8217;acords i decisions d&#8217;organitzaci\u00f3 i funcionament que s&#8217;hi adoptin per fer possible, en el dia a dia, el treball educatiu i de gesti\u00f3 que permeti assolir els objectius proposats en el PEC i en la&hellip;  <a href=\"https:\/\/agora.xtec.cat\/iesalaibadrinas\/projecte-educatiu\/nofc\/\" title=\"Read NOFC\">Llegeix m\u00e9s\u00bb<\/a><\/p>\n","protected":false},"author":1,"featured_media":0,"parent":64,"menu_order":3,"comment_status":"closed","ping_status":"closed","template":"page-templates\/side-menu.php","meta":{"_bbp_topic_count":0,"_bbp_reply_count":0,"_bbp_total_topic_count":0,"_bbp_total_reply_count":0,"_bbp_voice_count":0,"_bbp_anonymous_reply_count":0,"_bbp_topic_count_hidden":0,"_bbp_reply_count_hidden":0,"_bbp_forum_subforum_count":0,"footnotes":""},"class_list":["post-519","page","type-page","status-publish","hentry"],"post_mailing_queue_ids":[],"_links":{"self":[{"href":"https:\/\/agora.xtec.cat\/iesalaibadrinas\/wp-json\/wp\/v2\/pages\/519","targetHints":{"allow":["GET"]}}],"collection":[{"href":"https:\/\/agora.xtec.cat\/iesalaibadrinas\/wp-json\/wp\/v2\/pages"}],"about":[{"href":"https:\/\/agora.xtec.cat\/iesalaibadrinas\/wp-json\/wp\/v2\/types\/page"}],"author":[{"embeddable":true,"href":"https:\/\/agora.xtec.cat\/iesalaibadrinas\/wp-json\/wp\/v2\/users\/1"}],"replies":[{"embeddable":true,"href":"https:\/\/agora.xtec.cat\/iesalaibadrinas\/wp-json\/wp\/v2\/comments?post=519"}],"version-history":[{"count":4,"href":"https:\/\/agora.xtec.cat\/iesalaibadrinas\/wp-json\/wp\/v2\/pages\/519\/revisions"}],"predecessor-version":[{"id":21994,"href":"https:\/\/agora.xtec.cat\/iesalaibadrinas\/wp-json\/wp\/v2\/pages\/519\/revisions\/21994"}],"up":[{"embeddable":true,"href":"https:\/\/agora.xtec.cat\/iesalaibadrinas\/wp-json\/wp\/v2\/pages\/64"}],"wp:attachment":[{"href":"https:\/\/agora.xtec.cat\/iesalaibadrinas\/wp-json\/wp\/v2\/media?parent=519"}],"curies":[{"name":"wp","href":"https:\/\/api.w.org\/{rel}","templated":true}]}}