{"id":32,"date":"2014-09-18T12:31:33","date_gmt":"2014-09-18T11:31:33","guid":{"rendered":"http:\/\/agora.xtec.cat\/iesalaibadrinas\/?page_id=32"},"modified":"2023-12-30T21:19:11","modified_gmt":"2023-12-30T20:19:11","slug":"calendari-del-curs","status":"publish","type":"page","link":"https:\/\/agora.xtec.cat\/iesalaibadrinas\/lescola\/calendari-del-curs\/","title":{"rendered":"Calendari"},"content":{"rendered":"<h4><strong>Inici de curs:<\/strong><\/h4>\n<p>6 de setembre de 2023<\/p>\n<h4><strong>Vacances:<\/strong><\/h4>\n<p>Del 21 de desembre de 2023 al 7 de gener de 2024 (ambd\u00f3s inclosos)<\/p>\n<p>Del 23 de mar\u00e7 a\u20191 d\u2019abril de 2024 (ambd\u00f3s inclosos)<\/p>\n<p>L&#8217;\u00faltim dia lectiu ser\u00e0 el 21 de juny de 2024<\/p>\n<h4><strong>Dies festius: <\/strong><\/h4>\n<p>S\u00f3n considerats festius tots els que determina del Departament d\u2019Empresa i Ocupaci\u00f3 i els dos dies de festa local.<\/p>\n<ul>\n<li>12 d&#8217;octubre de 2023<\/li>\n<li>1 de novembre de 2023<\/li>\n<li>6 i 8 de desembre de 2023<\/li>\n<li>1 de maig de 2024<\/li>\n<\/ul>\n<p><!--more--><\/p>\n<h4><strong>Dies de lliure disposici\u00f3:<\/strong><\/h4>\n<p>\u25cf Divendres, 13 d\u2019octubre de 2023<br \/>\n\u25cf Dijous, 7 de desembre de 2023<br \/>\n\u25cf Dilluns,12 de febrer de 2024<\/p>\n<p>\u25cf Divendres, 1 de mar\u00e7 de 2024<\/p>\n<p>\u25cf Divendres, 26 d\u2019abril de 2024<br \/>\n\u25cf Dilluns, 20 de maig de 2024<\/p>\n<h4><strong>Jornada compactada:<\/strong><\/h4>\n<p>\u25cf Dimecres 20 de desembre de 2023 (de 9:00h a 13:00h)<br \/>\n\u25cf Del 5 al 21 de juny de 2024, ambd\u00f3s inclosos (de 09:00h a 13:00h)<\/p>\n<p>L\u2019<b>horari lectiu<\/b> del centre \u00e9s de 9 a 12,30h i de 15,00 a 16,30h per a tot l&#8217;alumnat del centre.<\/p>\n<p>Per l&#8217;alumnat que inicia l\u2019escolaritzaci\u00f3 a P3 s\u2019organitza un breu per\u00edode d\u2019adaptaci\u00f3 que suposa una certa modificaci\u00f3 dels horaris dels dos primers dies de classe, i que es fa saber a les fam\u00edlies en les reunions pr\u00e8vies corresponents.<\/p>\n","protected":false},"excerpt":{"rendered":"<p>Inici de curs:<br \/>\n6 de setembre de 2023<br \/>\nVacances:<br \/>\nDel 21 de desembre de 2023 al 7 de gener de 2024 (ambd\u00f3s inclosos)<br \/>\nDel 23 de mar\u00e7 a\u20191 d\u2019abril de 2024 (ambd\u00f3s inclosos)<br \/>\nL&#8217;\u00faltim dia lectiu ser\u00e0 el 21 de juny de 2024<br \/>\nDies festius:<br \/>\nS\u00f3n considerats festius tots els que&hellip;  <a href=\"https:\/\/agora.xtec.cat\/iesalaibadrinas\/lescola\/calendari-del-curs\/\" title=\"Read Calendari\">Llegeix m\u00e9s\u00bb<\/a><\/p>\n","protected":false},"author":1,"featured_media":0,"parent":22,"menu_order":50,"comment_status":"closed","ping_status":"closed","template":"page-templates\/side-menu.php","meta":{"_bbp_topic_count":0,"_bbp_reply_count":0,"_bbp_total_topic_count":0,"_bbp_total_reply_count":0,"_bbp_voice_count":0,"_bbp_anonymous_reply_count":0,"_bbp_topic_count_hidden":0,"_bbp_reply_count_hidden":0,"_bbp_forum_subforum_count":0,"footnotes":""},"class_list":["post-32","page","type-page","status-publish","hentry"],"post_mailing_queue_ids":[],"_links":{"self":[{"href":"https:\/\/agora.xtec.cat\/iesalaibadrinas\/wp-json\/wp\/v2\/pages\/32","targetHints":{"allow":["GET"]}}],"collection":[{"href":"https:\/\/agora.xtec.cat\/iesalaibadrinas\/wp-json\/wp\/v2\/pages"}],"about":[{"href":"https:\/\/agora.xtec.cat\/iesalaibadrinas\/wp-json\/wp\/v2\/types\/page"}],"author":[{"embeddable":true,"href":"https:\/\/agora.xtec.cat\/iesalaibadrinas\/wp-json\/wp\/v2\/users\/1"}],"replies":[{"embeddable":true,"href":"https:\/\/agora.xtec.cat\/iesalaibadrinas\/wp-json\/wp\/v2\/comments?post=32"}],"version-history":[{"count":5,"href":"https:\/\/agora.xtec.cat\/iesalaibadrinas\/wp-json\/wp\/v2\/pages\/32\/revisions"}],"predecessor-version":[{"id":19687,"href":"https:\/\/agora.xtec.cat\/iesalaibadrinas\/wp-json\/wp\/v2\/pages\/32\/revisions\/19687"}],"up":[{"embeddable":true,"href":"https:\/\/agora.xtec.cat\/iesalaibadrinas\/wp-json\/wp\/v2\/pages\/22"}],"wp:attachment":[{"href":"https:\/\/agora.xtec.cat\/iesalaibadrinas\/wp-json\/wp\/v2\/media?parent=32"}],"curies":[{"name":"wp","href":"https:\/\/api.w.org\/{rel}","templated":true}]}}