{"id":20369,"date":"2024-05-17T16:10:15","date_gmt":"2024-05-17T14:10:15","guid":{"rendered":"https:\/\/agora.xtec.cat\/iesalaibadrinas\/?page_id=20369"},"modified":"2025-07-02T10:20:52","modified_gmt":"2025-07-02T08:20:52","slug":"sb-media","status":"publish","type":"page","link":"https:\/\/agora.xtec.cat\/iesalaibadrinas\/sb-media\/","title":{"rendered":"S&#038;B MEDIA"},"content":{"rendered":"<div>\n<div style=\"text-align: justify;\">Us presentem\u00a0<strong><span class=\"hiddenSpellError\">Info<\/span>\u00a0Sala i\u00a0<span class=\"hiddenSpellError\">Badrinas<\/span>\u00a0<\/strong>la primera revista del Sala i\u00a0<span class=\"hiddenSpellError\">Badrinas<\/span>.<br \/>\nEst\u00e0 feta a foc lent, amb molta cura i amor.<br \/>\n\u00c9s el fruit d&#8217;un proc\u00e9s d&#8217;aprenentatge del primer equip de redacci\u00f3 d&#8217;aquesta revista, l&#8217;alumnat de 2n d&#8217;ESO del curs 2023-2024.<br \/>\nEsperem que la gaudiu amb la mateixa il\u00b7lusi\u00f3 en qu\u00e8 s&#8217;ha creat.<\/div>\n<div style=\"text-align: justify;\"><\/div>\n<div><\/div>\n<\/div>\n<div style=\"text-align: center;\"><a href=\"https:\/\/heyzine.com\/flip-book\/9847c027b2.html\">Accedir 1r n\u00famero 2023-2024<\/a><\/div>\n<div style=\"text-align: center;\"><a href=\"https:\/\/heyzine.com\/flip-book\/2ab15c910d.html\">Accedir 2n n\u00famero 2024-2025<\/a><\/div>\n<div><\/div>\n<div><\/div>\n","protected":false},"excerpt":{"rendered":"<p>Us presentem\u00a0Info\u00a0Sala i\u00a0Badrinas\u00a0la primera revista del Sala i\u00a0Badrinas.<br \/>\nEst\u00e0 feta a foc lent, amb molta cura i amor.<br \/>\n\u00c9s el fruit d&#8217;un proc\u00e9s d&#8217;aprenentatge del primer equip de redacci\u00f3 d&#8217;aquesta revista, l&#8217;alumnat de 2n d&#8217;ESO del curs 2023-2024.<br \/>\nEsperem que la gaudiu amb la mateixa il\u00b7lusi\u00f3 en qu\u00e8&hellip;  <a href=\"https:\/\/agora.xtec.cat\/iesalaibadrinas\/sb-media\/\" title=\"Read S&#038;B MEDIA\">Llegeix m\u00e9s\u00bb<\/a><\/p>\n","protected":false},"author":1,"featured_media":0,"parent":0,"menu_order":0,"comment_status":"closed","ping_status":"closed","template":"","meta":{"_bbp_topic_count":0,"_bbp_reply_count":0,"_bbp_total_topic_count":0,"_bbp_total_reply_count":0,"_bbp_voice_count":0,"_bbp_anonymous_reply_count":0,"_bbp_topic_count_hidden":0,"_bbp_reply_count_hidden":0,"_bbp_forum_subforum_count":0,"footnotes":""},"class_list":["post-20369","page","type-page","status-publish","hentry"],"post_mailing_queue_ids":[],"_links":{"self":[{"href":"https:\/\/agora.xtec.cat\/iesalaibadrinas\/wp-json\/wp\/v2\/pages\/20369","targetHints":{"allow":["GET"]}}],"collection":[{"href":"https:\/\/agora.xtec.cat\/iesalaibadrinas\/wp-json\/wp\/v2\/pages"}],"about":[{"href":"https:\/\/agora.xtec.cat\/iesalaibadrinas\/wp-json\/wp\/v2\/types\/page"}],"author":[{"embeddable":true,"href":"https:\/\/agora.xtec.cat\/iesalaibadrinas\/wp-json\/wp\/v2\/users\/1"}],"replies":[{"embeddable":true,"href":"https:\/\/agora.xtec.cat\/iesalaibadrinas\/wp-json\/wp\/v2\/comments?post=20369"}],"version-history":[{"count":6,"href":"https:\/\/agora.xtec.cat\/iesalaibadrinas\/wp-json\/wp\/v2\/pages\/20369\/revisions"}],"predecessor-version":[{"id":21522,"href":"https:\/\/agora.xtec.cat\/iesalaibadrinas\/wp-json\/wp\/v2\/pages\/20369\/revisions\/21522"}],"wp:attachment":[{"href":"https:\/\/agora.xtec.cat\/iesalaibadrinas\/wp-json\/wp\/v2\/media?parent=20369"}],"curies":[{"name":"wp","href":"https:\/\/api.w.org\/{rel}","templated":true}]}}