{"id":1841,"date":"2022-03-21T09:29:41","date_gmt":"2022-03-21T08:29:41","guid":{"rendered":"https:\/\/agora.xtec.cat\/iesalaibadrinas\/?page_id=1841"},"modified":"2024-03-07T19:42:48","modified_gmt":"2024-03-07T18:42:48","slug":"formacions","status":"publish","type":"page","link":"https:\/\/agora.xtec.cat\/iesalaibadrinas\/formacions\/","title":{"rendered":"FORMACIONS"},"content":{"rendered":"<p>En aquesta p\u00e0gina trobareu un recull de les formacions que hem anat realitzant l&#8217;equip docent.<\/p>\n<table style=\"width: 100%; border-collapse: collapse; border-style: solid; border-color: #000000;\">\n<tbody>\n<tr>\n<td style=\"width: 60.6426%;\">Formacions de centre<\/td>\n<td style=\"width: 39.3574%;\">Formacions conjuntes AFA i escola<\/td>\n<\/tr>\n<tr>\n<td style=\"width: 60.6426%;\">2023-2024<\/p>\n<ul>\n<li>Avaluaci\u00f3 competencial i nou curr\u00edculum. Andy Morodo, professor de la facultat de ci\u00e8ncies de l\u2019educaci\u00f3 de la UAB<\/li>\n<\/ul>\n<p>2022-2023<\/p>\n<ul>\n<li>Escolta&#8217;m (2)<\/li>\n<li>Estrat\u00e8gia Digital de Centre<\/li>\n<\/ul>\n<p>2021-2022<\/p>\n<ul>\n<li>Escolta\u2019m (1)<\/li>\n<li>Pr\u00e0ctiques Restauratives<\/li>\n<li>Espais d\u2019aprenentatge<\/li>\n<li><span class=\"ng-star-inserted\">Entendre per atendre l&#8217;alumnat amb TEA<\/span><\/li>\n<\/ul>\n<p>2020-2021<\/p>\n<ul>\n<li>Autoavaluaci\u00f3, autoregulaci\u00f3 i feedback<\/li>\n<\/ul>\n<p>2019-2020<\/p>\n<ul>\n<li>Intel\u00b7lig\u00e8ncies M\u00faltiples i Altes Capacitats<\/li>\n<\/ul>\n<p>2017-2018<\/p>\n<ul>\n<li>Matem\u00e0tiques al cicle mitj\u00e0 (per a equips de centre)<\/li>\n<\/ul>\n<p>2016-2017<\/p>\n<ul>\n<li>La resoluci\u00f3 de problemes<\/li>\n<\/ul>\n<p>2015-2016<\/p>\n<ul>\n<li>Aprenentatge cooperatiu<\/li>\n<li>Com ajudar a desenvolupar la compet\u00e8ncia matem\u00e0tica a l\u2019educaci\u00f3 infantil i prim\u00e0ria<\/li>\n<\/ul>\n<p>2014-2015<\/p>\n<ul>\n<li>La lectoescriptura de 3 a 12 anys (2)<\/li>\n<li>La lectoescriptura de 3 a12 anys (1)<\/li>\n<li>L\u2019atenci\u00f3 als alumnes amb TDAH en el centre<\/li>\n<\/ul>\n<p>2012-2013<\/p>\n<ul>\n<li>Escriure\u00a0a l&#8217;escola: Parlar per escriure<\/li>\n<\/ul>\n<\/td>\n<td style=\"width: 39.3574%;\"><\/td>\n<\/tr>\n<\/tbody>\n<\/table>\n<p>&nbsp;<\/p>\n","protected":false},"excerpt":{"rendered":"<p>En aquesta p\u00e0gina trobareu un recull de les formacions que hem anat realitzant l&#8217;equip docent.<\/p>\n<p>Formacions de centre<br \/>\nFormacions conjuntes AFA i escola<\/p>\n<p>2023-2024<\/p>\n<ul>\n<li>Avaluaci\u00f3 competencial i nou curr\u00edculum. Andy Morodo, professor de la facultat de ci\u00e8ncies de l\u2019educaci\u00f3 de la UAB<\/li>\n<\/ul>\n<p>2022-2023<\/p>\n<ul>\n<li>Escolta&#8217;m (2)<\/li>\n<li>Estrat\u00e8gia Digital de Centre<\/li>\n<\/ul>\n<p>2021-2022<\/p>\n<ul>\n<li>Escolta\u2019m (1)<\/li>\n<li>Pr\u00e0ctiques Restauratives<\/li>\n<li>Espais d\u2019aprenentatge<\/li>\n<li>Entendre&hellip;  <a href=\"https:\/\/agora.xtec.cat\/iesalaibadrinas\/formacions\/\" title=\"Read FORMACIONS\">Llegeix m\u00e9s\u00bb<\/a><br \/>\n","protected":false},"author":3,"featured_media":0,"parent":0,"menu_order":0,"comment_status":"closed","ping_status":"closed","template":"page-templates\/side-menu.php","meta":{"_bbp_topic_count":0,"_bbp_reply_count":0,"_bbp_total_topic_count":0,"_bbp_total_reply_count":0,"_bbp_voice_count":0,"_bbp_anonymous_reply_count":0,"_bbp_topic_count_hidden":0,"_bbp_reply_count_hidden":0,"_bbp_forum_subforum_count":0,"footnotes":""},"class_list":["post-1841","page","type-page","status-publish","hentry"],"post_mailing_queue_ids":[],"_links":{"self":[{"href":"https:\/\/agora.xtec.cat\/iesalaibadrinas\/wp-json\/wp\/v2\/pages\/1841","targetHints":{"allow":["GET"]}}],"collection":[{"href":"https:\/\/agora.xtec.cat\/iesalaibadrinas\/wp-json\/wp\/v2\/pages"}],"about":[{"href":"https:\/\/agora.xtec.cat\/iesalaibadrinas\/wp-json\/wp\/v2\/types\/page"}],"author":[{"embeddable":true,"href":"https:\/\/agora.xtec.cat\/iesalaibadrinas\/wp-json\/wp\/v2\/users\/3"}],"replies":[{"embeddable":true,"href":"https:\/\/agora.xtec.cat\/iesalaibadrinas\/wp-json\/wp\/v2\/comments?post=1841"}],"version-history":[{"count":5,"href":"https:\/\/agora.xtec.cat\/iesalaibadrinas\/wp-json\/wp\/v2\/pages\/1841\/revisions"}],"predecessor-version":[{"id":19952,"href":"https:\/\/agora.xtec.cat\/iesalaibadrinas\/wp-json\/wp\/v2\/pages\/1841\/revisions\/19952"}],"wp:attachment":[{"href":"https:\/\/agora.xtec.cat\/iesalaibadrinas\/wp-json\/wp\/v2\/media?parent=1841"}],"curies":[{"name":"wp","href":"https:\/\/api.w.org\/{rel}","templated":true}]}}