{"id":18130,"date":"2022-12-28T18:58:30","date_gmt":"2022-12-28T17:58:30","guid":{"rendered":"https:\/\/agora.xtec.cat\/iesalaibadrinas\/?page_id=18130"},"modified":"2026-03-24T15:00:53","modified_gmt":"2026-03-24T14:00:53","slug":"concerts-de-nadal","status":"publish","type":"page","link":"https:\/\/agora.xtec.cat\/iesalaibadrinas\/concerts-de-nadal\/","title":{"rendered":"CONCERTS DE NADAL"},"content":{"rendered":"<p><strong><span style=\"text-decoration: underline; color: #008000;\"><span style=\"font-size: 18pt; font-family: 'trebuchet ms', geneva, sans-serif;\">Curs 2025-26<\/span><\/span><\/strong><\/p>\n<p><strong>Educaci\u00f3 Infantil i Prim\u00e0ria.\u00a0<\/strong>Un Nadal m\u00e0gic<\/p>\n<p><iframe loading=\"lazy\" title=\"Concert Nadal S&amp;B &#039;25\" width=\"500\" height=\"281\" src=\"https:\/\/www.youtube.com\/embed\/qBV4Hjs6loE?feature=oembed\" frameborder=\"0\" allow=\"accelerometer; autoplay; clipboard-write; encrypted-media; gyroscope; picture-in-picture; web-share\" referrerpolicy=\"strict-origin-when-cross-origin\" allowfullscreen><\/iframe><\/p>\n<p><iframe loading=\"lazy\" title=\"Fotos concert Nadal S&amp;B &#039;25\" width=\"500\" height=\"281\" src=\"https:\/\/www.youtube.com\/embed\/GeJPpRW4XAQ?feature=oembed\" frameborder=\"0\" allow=\"accelerometer; autoplay; clipboard-write; encrypted-media; gyroscope; picture-in-picture; web-share\" referrerpolicy=\"strict-origin-when-cross-origin\" allowfullscreen><\/iframe><\/p>\n<p><strong>Educaci\u00f3 secund\u00e0ria.<\/strong><\/p>\n<p><iframe loading=\"lazy\" title=\"Concert Nadal Secund\u00e0ria 2025\" width=\"500\" height=\"281\" src=\"https:\/\/www.youtube.com\/embed\/arlJysPxp5Y?feature=oembed\" frameborder=\"0\" allow=\"accelerometer; autoplay; clipboard-write; encrypted-media; gyroscope; picture-in-picture; web-share\" referrerpolicy=\"strict-origin-when-cross-origin\" allowfullscreen><\/iframe><\/p>\n<p><strong><span style=\"text-decoration: underline; color: #008000;\"><span style=\"font-size: 18pt; font-family: 'trebuchet ms', geneva, sans-serif;\">Curs 2024-25<\/span><\/span><\/strong><\/p>\n<p><strong>Educaci\u00f3 Infantil i Prim\u00e0ria. <\/strong>Xavi i la f\u00e0brica de torrons<\/p>\n<p><iframe loading=\"lazy\" title=\"Concert Nadal S&amp;B &#039;24\" width=\"500\" height=\"281\" src=\"https:\/\/www.youtube.com\/embed\/U6FcFcX_NZw?feature=oembed\" frameborder=\"0\" allow=\"accelerometer; autoplay; clipboard-write; encrypted-media; gyroscope; picture-in-picture; web-share\" referrerpolicy=\"strict-origin-when-cross-origin\" allowfullscreen><\/iframe><\/p>\n<p><iframe loading=\"lazy\" title=\"Fotos concert Nadal S&amp;B &#039;24\" width=\"500\" height=\"281\" src=\"https:\/\/www.youtube.com\/embed\/LEcrHJQxIRc?feature=oembed\" frameborder=\"0\" allow=\"accelerometer; autoplay; clipboard-write; encrypted-media; gyroscope; picture-in-picture; web-share\" referrerpolicy=\"strict-origin-when-cross-origin\" allowfullscreen><\/iframe><\/p>\n<p><strong>Educaci\u00f3 secund\u00e0ria.<\/strong><\/p>\n<p><iframe loading=\"lazy\" title=\"Concert Nadal Secund\u00e0ria 2024\" width=\"500\" height=\"281\" src=\"https:\/\/www.youtube.com\/embed\/3B8_iEN5v5w?feature=oembed\" frameborder=\"0\" allow=\"accelerometer; autoplay; clipboard-write; encrypted-media; gyroscope; picture-in-picture; web-share\" referrerpolicy=\"strict-origin-when-cross-origin\" allowfullscreen><\/iframe><\/p>\n<p><strong><span style=\"text-decoration: underline; color: #008000;\"><span style=\"font-size: 18pt; font-family: 'trebuchet ms', geneva, sans-serif;\">Curs 2023-24<\/span><\/span><\/strong><\/p>\n<p><strong>Educaci\u00f3 Infantil i Prim\u00e0ria. <\/strong>Salapreguntes<\/p>\n<p><iframe loading=\"lazy\" title=\"Concert Nadal S&amp;B &#039;23\" width=\"500\" height=\"281\" src=\"https:\/\/www.youtube.com\/embed\/wnfKmzL8IdY?feature=oembed\" frameborder=\"0\" allow=\"accelerometer; autoplay; clipboard-write; encrypted-media; gyroscope; picture-in-picture; web-share\" referrerpolicy=\"strict-origin-when-cross-origin\" allowfullscreen><\/iframe><\/p>\n<p><iframe loading=\"lazy\" title=\"Fotos concert Nadal S&amp;B &#039;23\" width=\"500\" height=\"375\" src=\"https:\/\/www.youtube.com\/embed\/aC3GGaU79r8?feature=oembed\" frameborder=\"0\" allow=\"accelerometer; autoplay; clipboard-write; encrypted-media; gyroscope; picture-in-picture; web-share\" referrerpolicy=\"strict-origin-when-cross-origin\" allowfullscreen><\/iframe><\/p>\n<p><strong>Educaci\u00f3 secund\u00e0ria.<\/strong><\/p>\n<p><iframe loading=\"lazy\" title=\"Concert de Nadal (ESO)\" width=\"500\" height=\"281\" src=\"https:\/\/www.youtube.com\/embed\/chp2RDjUBFs?feature=oembed\" frameborder=\"0\" allow=\"accelerometer; autoplay; clipboard-write; encrypted-media; gyroscope; picture-in-picture; web-share\" referrerpolicy=\"strict-origin-when-cross-origin\" allowfullscreen><\/iframe><\/p>\n<p><strong><span style=\"text-decoration: underline; color: #008000;\"><span style=\"font-size: 18pt; font-family: 'trebuchet ms', geneva, sans-serif;\"><br \/>\nCurs 2022-23<\/span><\/span><\/strong><\/p>\n<p><strong>Educaci\u00f3 Infantil i Prim\u00e0ria. <\/strong>R\u00e0dio Badrinas FM<\/p>\n<p><iframe loading=\"lazy\" title=\"ConcertNadalEIEP2022\" width=\"500\" height=\"281\" src=\"https:\/\/www.youtube.com\/embed\/eGatMrKpxfg?feature=oembed\" frameborder=\"0\" allow=\"accelerometer; autoplay; clipboard-write; encrypted-media; gyroscope; picture-in-picture; web-share\" referrerpolicy=\"strict-origin-when-cross-origin\" allowfullscreen><\/iframe><\/p>\n<p>Concert en fotos<\/p>\n<p><iframe loading=\"lazy\" title=\"Concert Nadal 2022 en fotos\" width=\"500\" height=\"281\" src=\"https:\/\/www.youtube.com\/embed\/SVCZASGAo6o?feature=oembed\" frameborder=\"0\" allow=\"accelerometer; autoplay; clipboard-write; encrypted-media; gyroscope; picture-in-picture; web-share\" referrerpolicy=\"strict-origin-when-cross-origin\" allowfullscreen><\/iframe><\/p>\n<p><strong>Educaci\u00f3 Secund\u00e0ria<\/strong><\/p>\n<p><iframe loading=\"lazy\" title=\"Concert Nadal secund\u00e0ria 22-23\" width=\"500\" height=\"281\" src=\"https:\/\/www.youtube.com\/embed\/5V4mIJxQCVY?feature=oembed\" frameborder=\"0\" allow=\"accelerometer; autoplay; clipboard-write; encrypted-media; gyroscope; picture-in-picture; web-share\" referrerpolicy=\"strict-origin-when-cross-origin\" allowfullscreen><\/iframe><\/p>\n<p><strong><span style=\"text-decoration: underline; font-family: 'trebuchet ms', geneva, sans-serif; font-size: 18pt; color: #008000;\">Curs 2021-22. NADAL DE COLORS<\/span><\/strong><\/p>\n<p><span style=\"font-family: arial, helvetica, sans-serif;\">Concert intern degut a la COVID-19.<\/span><\/p>\n<p><a href=\"https:\/\/blogger.googleusercontent.com\/img\/a\/AVvXsEjP-yyVoudc0zRWM_XEVUYPU6bnrEhzc8GOeV3qM7HjayYU-Vpje84UG34_s57fDX8OlpLcXAeNSe-Vi8K0sZB6dQXsbrPmMPT-Wacn16yMDGJ80538gwqHBDfXX5ecokcHO409TWq0OQMLTRtMlZd89p2LKTdApqA_XPCg3Egw9R5q1mKNe1XOvupStA=s1528\"><img loading=\"lazy\" decoding=\"async\" class=\"alignnone \" src=\"https:\/\/blogger.googleusercontent.com\/img\/a\/AVvXsEjP-yyVoudc0zRWM_XEVUYPU6bnrEhzc8GOeV3qM7HjayYU-Vpje84UG34_s57fDX8OlpLcXAeNSe-Vi8K0sZB6dQXsbrPmMPT-Wacn16yMDGJ80538gwqHBDfXX5ecokcHO409TWq0OQMLTRtMlZd89p2LKTdApqA_XPCg3Egw9R5q1mKNe1XOvupStA=s1528\" width=\"475\" height=\"475\" \/><\/a><a href=\"https:\/\/blogger.googleusercontent.com\/img\/a\/AVvXsEiKZ4eU89sMSosaJUCkJU6YHwoGmqcswilCOlS4h8ezaO0GUyvUm3-8SY9fyAJTUziOTjFbvIeYeS7n4GXeFXh_GaMgKiakBUhTsh9mYWBzYAZcpXPnD86FZI3Em6N1qgOjHjjIGt2U1VVa3nA7v6STwqbbU3b1pGzhST9PRBqXOpwUJYV7IS6mXkb5dA=s1528\"><img loading=\"lazy\" decoding=\"async\" class=\"alignnone \" src=\"https:\/\/blogger.googleusercontent.com\/img\/a\/AVvXsEiKZ4eU89sMSosaJUCkJU6YHwoGmqcswilCOlS4h8ezaO0GUyvUm3-8SY9fyAJTUziOTjFbvIeYeS7n4GXeFXh_GaMgKiakBUhTsh9mYWBzYAZcpXPnD86FZI3Em6N1qgOjHjjIGt2U1VVa3nA7v6STwqbbU3b1pGzhST9PRBqXOpwUJYV7IS6mXkb5dA=s1528\" width=\"472\" height=\"472\" \/><\/a><\/p>\n<p><iframe loading=\"lazy\" title=\"IKO IKO Nadal 2021\" width=\"500\" height=\"281\" src=\"https:\/\/www.youtube.com\/embed\/gRrCQCBdZLo?feature=oembed\" frameborder=\"0\" allow=\"accelerometer; autoplay; clipboard-write; encrypted-media; gyroscope; picture-in-picture; web-share\" referrerpolicy=\"strict-origin-when-cross-origin\" allowfullscreen><\/iframe><\/p>\n<p><span style=\"color: #008000;\"><strong><span style=\"text-decoration: underline;\"><span style=\"font-size: 18pt;\">Curs 2020-21. NADAL 2020 S&amp;B<\/span><\/span><\/strong><\/span><\/p>\n<p><span style=\"font-family: arial, helvetica, sans-serif;\">Concert virtual degut a la COVID-19.<\/span><\/p>\n<p><iframe loading=\"lazy\" title=\"NADAL 2020 S&amp;B\" width=\"500\" height=\"281\" src=\"https:\/\/www.youtube.com\/embed\/DrZV_Ve-7QY?feature=oembed\" frameborder=\"0\" allow=\"accelerometer; autoplay; clipboard-write; encrypted-media; gyroscope; picture-in-picture; web-share\" referrerpolicy=\"strict-origin-when-cross-origin\" allowfullscreen><\/iframe><\/p>\n<p><strong><span style=\"text-decoration: underline; color: #008000; font-family: 'trebuchet ms', geneva, sans-serif;\"><span style=\"font-size: 18pt;\">Curs 2019-20<\/span><\/span><\/strong><\/p>\n<p><strong>Educaci\u00f3 Infantil.<\/strong> La Tina i el Nadal<\/p>\n<p><iframe loading=\"lazy\" title=\"Concert Nadal 2019 Infantil\" width=\"500\" height=\"281\" src=\"https:\/\/www.youtube.com\/embed\/BJwfNk6nW7k?feature=oembed\" frameborder=\"0\" allow=\"accelerometer; autoplay; clipboard-write; encrypted-media; gyroscope; picture-in-picture; web-share\" referrerpolicy=\"strict-origin-when-cross-origin\" allowfullscreen><\/iframe><\/p>\n<p><strong>Educaci\u00f3 Prim\u00e0ria<\/strong>. Thank you for the music!<\/p>\n<p><iframe loading=\"lazy\" title=\"Concert Nadal 2019 prim\u00e0ria\" width=\"500\" height=\"281\" src=\"https:\/\/www.youtube.com\/embed\/KQErW8L5QPM?feature=oembed\" frameborder=\"0\" allow=\"accelerometer; autoplay; clipboard-write; encrypted-media; gyroscope; picture-in-picture; web-share\" referrerpolicy=\"strict-origin-when-cross-origin\" allowfullscreen><\/iframe><\/p>\n<p><strong><span style=\"text-decoration: underline;\"><span style=\"font-size: 18pt; font-family: 'trebuchet ms', geneva, sans-serif; color: #008000; text-decoration: underline;\">Curs 2018-19<\/span><\/span><\/strong><\/p>\n<p>Educaci\u00f3 Infantil. El Trencanous<\/p>\n<p>Educaci\u00f3 Prim\u00e0ria. La can\u00e7\u00f3 m\u00e9s bonica del m\u00f3n<\/p>\n<p><span style=\"text-decoration: underline; font-family: 'trebuchet ms', geneva, sans-serif;\"><strong><span style=\"color: #008000; font-size: 18pt; text-decoration: underline;\">Curs 2017-18. NADAL &#8220;ESPACIAL&#8221;<\/span><\/strong><\/span><\/p>\n<p><strong>Grups A<\/strong><\/p>\n<p><iframe loading=\"lazy\" title=\"Concert_Nadal_2017_A\" width=\"500\" height=\"281\" src=\"https:\/\/www.youtube.com\/embed\/DxdxctwdvSA?feature=oembed\" frameborder=\"0\" allow=\"accelerometer; autoplay; clipboard-write; encrypted-media; gyroscope; picture-in-picture; web-share\" referrerpolicy=\"strict-origin-when-cross-origin\" allowfullscreen><\/iframe><\/p>\n<p><strong>Grups B<\/strong><\/p>\n<p><iframe loading=\"lazy\" title=\"Concert_Nadal_2017_B\" width=\"500\" height=\"281\" src=\"https:\/\/www.youtube.com\/embed\/i2s-9o-HRS4?feature=oembed\" frameborder=\"0\" allow=\"accelerometer; autoplay; clipboard-write; encrypted-media; gyroscope; picture-in-picture; web-share\" referrerpolicy=\"strict-origin-when-cross-origin\" allowfullscreen><\/iframe><\/p>\n<p>&nbsp;<\/p>\n","protected":false},"excerpt":{"rendered":"<p>Curs 2025-26<br \/>\nEducaci\u00f3 Infantil i Prim\u00e0ria.\u00a0Un Nadal m\u00e0gic<\/p>\n<p>Educaci\u00f3 secund\u00e0ria.<\/p>\n<p>Curs 2024-25<br \/>\nEducaci\u00f3 Infantil i Prim\u00e0ria. Xavi i la f\u00e0brica de torrons<\/p>\n<p>Educaci\u00f3 secund\u00e0ria.<\/p>\n<p>Curs 2023-24<br \/>\nEducaci\u00f3 Infantil i Prim\u00e0ria. Salapreguntes<\/p>\n<p>Educaci\u00f3 secund\u00e0ria.<\/p>\n<p>Curs 2022-23<br \/>\nEducaci\u00f3 Infantil i Prim\u00e0ria. R\u00e0dio Badrinas FM<\/p>\n<p>Concert en fotos<\/p>\n<p>Educaci\u00f3 Secund\u00e0ria<\/p>\n<p>Curs 2021-22. NADAL DE COLORS<br \/>\nConcert intern degut a la COVID-19.<br \/>\n<a href=\"https:\/\/blogger.googleusercontent.com\/img\/a\/AVvXsEjP-yyVoudc0zRWM_XEVUYPU6bnrEhzc8GOeV3qM7HjayYU-Vpje84UG34_s57fDX8OlpLcXAeNSe-Vi8K0sZB6dQXsbrPmMPT-Wacn16yMDGJ80538gwqHBDfXX5ecokcHO409TWq0OQMLTRtMlZd89p2LKTdApqA_XPCg3Egw9R5q1mKNe1XOvupStA=s1528\"><\/a><a&hellip;  <a href=\"https:\/\/agora.xtec.cat\/iesalaibadrinas\/concerts-de-nadal\/\" title=\"Read CONCERTS DE NADAL\">Llegeix m\u00e9s\u00bb<\/a><\/p>\n","protected":false},"author":1,"featured_media":0,"parent":0,"menu_order":0,"comment_status":"closed","ping_status":"closed","template":"","meta":{"_bbp_topic_count":0,"_bbp_reply_count":0,"_bbp_total_topic_count":0,"_bbp_total_reply_count":0,"_bbp_voice_count":0,"_bbp_anonymous_reply_count":0,"_bbp_topic_count_hidden":0,"_bbp_reply_count_hidden":0,"_bbp_forum_subforum_count":0,"footnotes":""},"class_list":["post-18130","page","type-page","status-publish","hentry"],"post_mailing_queue_ids":[],"_links":{"self":[{"href":"https:\/\/agora.xtec.cat\/iesalaibadrinas\/wp-json\/wp\/v2\/pages\/18130","targetHints":{"allow":["GET"]}}],"collection":[{"href":"https:\/\/agora.xtec.cat\/iesalaibadrinas\/wp-json\/wp\/v2\/pages"}],"about":[{"href":"https:\/\/agora.xtec.cat\/iesalaibadrinas\/wp-json\/wp\/v2\/types\/page"}],"author":[{"embeddable":true,"href":"https:\/\/agora.xtec.cat\/iesalaibadrinas\/wp-json\/wp\/v2\/users\/1"}],"replies":[{"embeddable":true,"href":"https:\/\/agora.xtec.cat\/iesalaibadrinas\/wp-json\/wp\/v2\/comments?post=18130"}],"version-history":[{"count":8,"href":"https:\/\/agora.xtec.cat\/iesalaibadrinas\/wp-json\/wp\/v2\/pages\/18130\/revisions"}],"predecessor-version":[{"id":22041,"href":"https:\/\/agora.xtec.cat\/iesalaibadrinas\/wp-json\/wp\/v2\/pages\/18130\/revisions\/22041"}],"wp:attachment":[{"href":"https:\/\/agora.xtec.cat\/iesalaibadrinas\/wp-json\/wp\/v2\/media?parent=18130"}],"curies":[{"name":"wp","href":"https:\/\/api.w.org\/{rel}","templated":true}]}}