{"id":17713,"date":"2022-07-18T09:54:28","date_gmt":"2022-07-18T07:54:28","guid":{"rendered":"https:\/\/agora.xtec.cat\/iesalaibadrinas\/?page_id=17713"},"modified":"2025-02-03T09:29:51","modified_gmt":"2025-02-03T08:29:51","slug":"fundacio-cram","status":"publish","type":"page","link":"https:\/\/agora.xtec.cat\/iesalaibadrinas\/fundacio-cram\/","title":{"rendered":"SOM SOLIDARIS"},"content":{"rendered":"<p><span style=\"text-decoration: underline;\"><strong>XAPA SOLID\u00c0RIA AFECTATS PER LA DANA<\/strong><\/span><\/p>\n<p><a href=\"https:\/\/agora.xtec.cat\/iesalaibadrinas\/wp-content\/uploads\/usu2635\/2025\/02\/xapa-solidaria.png\"><img loading=\"lazy\" decoding=\"async\" class=\"aligncenter size-full wp-image-21100\" src=\"https:\/\/agora.xtec.cat\/iesalaibadrinas\/wp-content\/uploads\/usu2635\/2025\/02\/xapa-solidaria.png\" alt=\"\" width=\"608\" height=\"838\" srcset=\"https:\/\/agora.xtec.cat\/iesalaibadrinas\/wp-content\/uploads\/usu2635\/2025\/02\/xapa-solidaria.png 608w, https:\/\/agora.xtec.cat\/iesalaibadrinas\/wp-content\/uploads\/usu2635\/2025\/02\/xapa-solidaria-218x300.png 218w\" sizes=\"auto, (max-width: 608px) 100vw, 608px\" \/><\/a><\/p>\n<p><span style=\"text-decoration: underline;\"><strong>ROBA PER TOTS<\/strong><\/span><\/p>\n<p>Participem en una campanya de recollida de roba per a infants entre 0 i 16 anys de fam\u00edlies vulnerables de la nostra ciutat.<\/p>\n<p><a href=\"https:\/\/agora.xtec.cat\/iesalaibadrinas\/wp-content\/uploads\/usu2635\/2024\/03\/8DF386F3-57F8-4B69-A64B-9BF08CBDC2FA.jpeg\"><img loading=\"lazy\" decoding=\"async\" class=\"aligncenter size-full wp-image-19957\" src=\"https:\/\/agora.xtec.cat\/iesalaibadrinas\/wp-content\/uploads\/usu2635\/2024\/03\/8DF386F3-57F8-4B69-A64B-9BF08CBDC2FA.jpeg\" alt=\"\" width=\"584\" height=\"828\" srcset=\"https:\/\/agora.xtec.cat\/iesalaibadrinas\/wp-content\/uploads\/usu2635\/2024\/03\/8DF386F3-57F8-4B69-A64B-9BF08CBDC2FA.jpeg 584w, https:\/\/agora.xtec.cat\/iesalaibadrinas\/wp-content\/uploads\/usu2635\/2024\/03\/8DF386F3-57F8-4B69-A64B-9BF08CBDC2FA-212x300.jpeg 212w\" sizes=\"auto, (max-width: 584px) 100vw, 584px\" \/><\/a><\/p>\n<p><span style=\"text-decoration: underline;\"><strong>CORS SOLIDARIS DE SANT JORDI<\/strong><\/span><\/p>\n<p data-pm-slice=\"1 1 []\">Els\/les alumnes de 5\u00e8, han participat aquest any 2023 en un projecte d&#8217;Aprenentatge i Servei anomenat <strong>&#8220;El Cor de Sant Jordi&#8221;,<\/strong> amb el lema <strong>&#8220;Tu tens el coratge del cor de Sant Jordi&#8221;.<\/strong><br \/>\nCom a producte final, es va realitzar un <strong>cor de roba texana reciclada<\/strong>, amb l&#8217;ajuda de molts familiars voluntaris. El cor portava un detall que feia refer\u00e8ncia a Sant Jordi, acompanyat d&#8217;una targeta amb una paraula o frase encoratjadora per aquells infants i\/o joves que es troben ingressades a la Unitat d&#8217;hospitalitzaci\u00f3 del <strong>Trastorn de l&#8217;Espectre Autista<\/strong> i a l&#8217;Hospital de dia de <strong>Salut Mental<\/strong> per adolescents de la M\u00fatua de Terrassa.<\/p>\n<p data-pm-slice=\"1 1 []\">Amb aquest projecte es treballaen valors com l&#8217;empatia, la sensibilitat moral, la col\u00b7laboraci\u00f3, la confian\u00e7a, el valor i la for\u00e7a.<\/p>\n<p data-pm-slice=\"1 1 []\"><a href=\"https:\/\/agora.xtec.cat\/iesalaibadrinas\/wp-content\/uploads\/usu2635\/2024\/03\/IMG_9591.jpg\"><img loading=\"lazy\" decoding=\"async\" class=\"aligncenter size-full wp-image-19971\" src=\"https:\/\/agora.xtec.cat\/iesalaibadrinas\/wp-content\/uploads\/usu2635\/2024\/03\/IMG_9591.jpg\" alt=\"\" width=\"800\" height=\"600\" srcset=\"https:\/\/agora.xtec.cat\/iesalaibadrinas\/wp-content\/uploads\/usu2635\/2024\/03\/IMG_9591.jpg 800w, https:\/\/agora.xtec.cat\/iesalaibadrinas\/wp-content\/uploads\/usu2635\/2024\/03\/IMG_9591-300x225.jpg 300w, https:\/\/agora.xtec.cat\/iesalaibadrinas\/wp-content\/uploads\/usu2635\/2024\/03\/IMG_9591-768x576.jpg 768w, https:\/\/agora.xtec.cat\/iesalaibadrinas\/wp-content\/uploads\/usu2635\/2024\/03\/IMG_9591-200x150.jpg 200w\" sizes=\"auto, (max-width: 800px) 100vw, 800px\" \/><\/a><\/p>\n<p><span style=\"text-decoration: underline;\"><span style=\"font-size: 14pt;\"><strong>FUNDACI\u00d3 CRAM<\/strong><\/span><\/span><\/p>\n<p><span style=\"font-size: 10pt;\">30\/06\/2022<\/span><\/p>\n<p>Els\/les alumnes de 6\u00e8 van fer una donaci\u00f3 a la fundaci\u00f3 CRAM amb el que havien recaptat de la seva cooperativa. Avui hem rebut aquest missatge d&#8217;aquesta fundaci\u00f3, estem molt contents per poder ajudar a la conservaci\u00f3 de la vida marina! :<\/p>\n<p>&#8220;Bon dia a l&#8217;Institut Escola Sala i Badrinas de Terrassa,<\/p>\n<p>Des de la Fundaci\u00f3 CRAM us volem donar les gr\u00e0cies per qu\u00e8 hem rebut la vostra donaci\u00f3. Aquesta aportaci\u00f3 que segur que ha sigut resultat del vostre esfor\u00e7, ens ajuda molt a continuar la nostra feina i el nostre comprom\u00eds per a la conservaci\u00f3 de la vida marina, ja sigui comprant menjar per a les tortugues que entren al centre, o per fer anal\u00edtiques per saber qu\u00e8 els hi passa, o b\u00e9 un munt de coses m\u00e9s.<\/p>\n<p>Amb aquest missatge us agra\u00efm la vostra donaci\u00f3 i us animem a continuar el vostre comprom\u00eds per a la conservaci\u00f3 del mar i del planeta.<\/p>\n<p>Molt bon estiu!&#8221;<\/p>\n","protected":false},"excerpt":{"rendered":"<p>XAPA SOLID\u00c0RIA AFECTATS PER LA DANA<br \/>\n<a href=\"https:\/\/agora.xtec.cat\/iesalaibadrinas\/wp-content\/uploads\/usu2635\/2025\/02\/xapa-solidaria.png\"><\/a><br \/>\nROBA PER TOTS<br \/>\nParticipem en una campanya de recollida de roba per a infants entre 0 i 16 anys de fam\u00edlies vulnerables de la nostra ciutat.<br \/>\n<a href=\"https:\/\/agora.xtec.cat\/iesalaibadrinas\/wp-content\/uploads\/usu2635\/2024\/03\/8DF386F3-57F8-4B69-A64B-9BF08CBDC2FA.jpeg\"><\/a><br \/>\nCORS SOLIDARIS DE SANT JORDI<br \/>\nEls\/les alumnes de 5\u00e8, han participat aquest any 2023 en&hellip;  <a href=\"https:\/\/agora.xtec.cat\/iesalaibadrinas\/fundacio-cram\/\" title=\"Read SOM SOLIDARIS\">Llegeix m\u00e9s\u00bb<\/a><\/p>\n","protected":false},"author":1,"featured_media":0,"parent":0,"menu_order":0,"comment_status":"closed","ping_status":"closed","template":"","meta":{"_bbp_topic_count":0,"_bbp_reply_count":0,"_bbp_total_topic_count":0,"_bbp_total_reply_count":0,"_bbp_voice_count":0,"_bbp_anonymous_reply_count":0,"_bbp_topic_count_hidden":0,"_bbp_reply_count_hidden":0,"_bbp_forum_subforum_count":0,"footnotes":""},"class_list":["post-17713","page","type-page","status-publish","hentry"],"post_mailing_queue_ids":[],"_links":{"self":[{"href":"https:\/\/agora.xtec.cat\/iesalaibadrinas\/wp-json\/wp\/v2\/pages\/17713","targetHints":{"allow":["GET"]}}],"collection":[{"href":"https:\/\/agora.xtec.cat\/iesalaibadrinas\/wp-json\/wp\/v2\/pages"}],"about":[{"href":"https:\/\/agora.xtec.cat\/iesalaibadrinas\/wp-json\/wp\/v2\/types\/page"}],"author":[{"embeddable":true,"href":"https:\/\/agora.xtec.cat\/iesalaibadrinas\/wp-json\/wp\/v2\/users\/1"}],"replies":[{"embeddable":true,"href":"https:\/\/agora.xtec.cat\/iesalaibadrinas\/wp-json\/wp\/v2\/comments?post=17713"}],"version-history":[{"count":6,"href":"https:\/\/agora.xtec.cat\/iesalaibadrinas\/wp-json\/wp\/v2\/pages\/17713\/revisions"}],"predecessor-version":[{"id":21101,"href":"https:\/\/agora.xtec.cat\/iesalaibadrinas\/wp-json\/wp\/v2\/pages\/17713\/revisions\/21101"}],"wp:attachment":[{"href":"https:\/\/agora.xtec.cat\/iesalaibadrinas\/wp-json\/wp\/v2\/media?parent=17713"}],"curies":[{"name":"wp","href":"https:\/\/api.w.org\/{rel}","templated":true}]}}