{"id":17621,"date":"2022-06-09T16:18:06","date_gmt":"2022-06-09T14:18:06","guid":{"rendered":"https:\/\/agora.xtec.cat\/iesalaibadrinas\/?page_id=17621"},"modified":"2022-06-09T16:18:06","modified_gmt":"2022-06-09T14:18:06","slug":"laboratori-de-transformacio","status":"publish","type":"page","link":"https:\/\/agora.xtec.cat\/iesalaibadrinas\/laboratori-de-transformacio\/","title":{"rendered":"LABORATORI DE TRANSFORMACI\u00d3"},"content":{"rendered":"<p>Des del grup impulsor del programa de Laboratori de Transformaci\u00f3 en el que participem com a escola, volem fer p\u00fabliques les \u00faltimes reflexions i acords que hem fet com a escola.<br \/>\nA partir d&#8217;un treball pedag\u00f2gic de tot el claustre, amb din\u00e0miques de reflexi\u00f3, debat i posant la mirada en el nostre centre, vam arribar a definir quin \u00e9s el concepte d&#8217;infant que tenim com a docents. Aix\u00f2 ens ha de servir per tenir clares les l\u00ednies que marquen la nostra tasca, i no perdre mai de vista a on volem arribar.<a href=\"https:\/\/agora.xtec.cat\/iesalaibadrinas\/wp-content\/uploads\/usu2635\/2022\/06\/e9b36d69-062e-4eb2-8349-22b05c105427.png\"><img loading=\"lazy\" decoding=\"async\" class=\"aligncenter size-large wp-image-17622\" src=\"https:\/\/agora.xtec.cat\/iesalaibadrinas\/wp-content\/uploads\/usu2635\/2022\/06\/e9b36d69-062e-4eb2-8349-22b05c105427-724x1024.png\" alt=\"\" width=\"724\" height=\"1024\" srcset=\"https:\/\/agora.xtec.cat\/iesalaibadrinas\/wp-content\/uploads\/usu2635\/2022\/06\/e9b36d69-062e-4eb2-8349-22b05c105427-724x1024.png 724w, https:\/\/agora.xtec.cat\/iesalaibadrinas\/wp-content\/uploads\/usu2635\/2022\/06\/e9b36d69-062e-4eb2-8349-22b05c105427-212x300.png 212w, https:\/\/agora.xtec.cat\/iesalaibadrinas\/wp-content\/uploads\/usu2635\/2022\/06\/e9b36d69-062e-4eb2-8349-22b05c105427-768x1086.png 768w, https:\/\/agora.xtec.cat\/iesalaibadrinas\/wp-content\/uploads\/usu2635\/2022\/06\/e9b36d69-062e-4eb2-8349-22b05c105427-1086x1536.png 1086w, https:\/\/agora.xtec.cat\/iesalaibadrinas\/wp-content\/uploads\/usu2635\/2022\/06\/e9b36d69-062e-4eb2-8349-22b05c105427-1448x2048.png 1448w, https:\/\/agora.xtec.cat\/iesalaibadrinas\/wp-content\/uploads\/usu2635\/2022\/06\/e9b36d69-062e-4eb2-8349-22b05c105427.png 1587w\" sizes=\"auto, (max-width: 724px) 100vw, 724px\" \/><\/a><\/p>\n","protected":false},"excerpt":{"rendered":"<p>Des del grup impulsor del programa de Laboratori de Transformaci\u00f3 en el que participem com a escola, volem fer p\u00fabliques les \u00faltimes reflexions i acords que hem fet com a escola.<br \/>\nA partir d&#8217;un treball pedag\u00f2gic de tot el claustre, amb din\u00e0miques de reflexi\u00f3, debat i&hellip;  <a href=\"https:\/\/agora.xtec.cat\/iesalaibadrinas\/laboratori-de-transformacio\/\" title=\"Read LABORATORI DE TRANSFORMACI\u00d3\">Llegeix m\u00e9s\u00bb<\/a><\/p>\n","protected":false},"author":1,"featured_media":0,"parent":0,"menu_order":0,"comment_status":"closed","ping_status":"closed","template":"","meta":{"_bbp_topic_count":0,"_bbp_reply_count":0,"_bbp_total_topic_count":0,"_bbp_total_reply_count":0,"_bbp_voice_count":0,"_bbp_anonymous_reply_count":0,"_bbp_topic_count_hidden":0,"_bbp_reply_count_hidden":0,"_bbp_forum_subforum_count":0,"footnotes":""},"class_list":["post-17621","page","type-page","status-publish","hentry"],"post_mailing_queue_ids":[],"_links":{"self":[{"href":"https:\/\/agora.xtec.cat\/iesalaibadrinas\/wp-json\/wp\/v2\/pages\/17621","targetHints":{"allow":["GET"]}}],"collection":[{"href":"https:\/\/agora.xtec.cat\/iesalaibadrinas\/wp-json\/wp\/v2\/pages"}],"about":[{"href":"https:\/\/agora.xtec.cat\/iesalaibadrinas\/wp-json\/wp\/v2\/types\/page"}],"author":[{"embeddable":true,"href":"https:\/\/agora.xtec.cat\/iesalaibadrinas\/wp-json\/wp\/v2\/users\/1"}],"replies":[{"embeddable":true,"href":"https:\/\/agora.xtec.cat\/iesalaibadrinas\/wp-json\/wp\/v2\/comments?post=17621"}],"version-history":[{"count":1,"href":"https:\/\/agora.xtec.cat\/iesalaibadrinas\/wp-json\/wp\/v2\/pages\/17621\/revisions"}],"predecessor-version":[{"id":17623,"href":"https:\/\/agora.xtec.cat\/iesalaibadrinas\/wp-json\/wp\/v2\/pages\/17621\/revisions\/17623"}],"wp:attachment":[{"href":"https:\/\/agora.xtec.cat\/iesalaibadrinas\/wp-json\/wp\/v2\/media?parent=17621"}],"curies":[{"name":"wp","href":"https:\/\/api.w.org\/{rel}","templated":true}]}}