{"id":9750,"date":"2021-04-14T12:15:03","date_gmt":"2021-04-14T10:15:03","guid":{"rendered":"https:\/\/agora.xtec.cat\/iesagustiserra\/?page_id=9750"},"modified":"2025-09-23T15:32:01","modified_gmt":"2025-09-23T13:32:01","slug":"cfgs-guia-en-el-medi-natural-i-de-temps-de-lleure","status":"publish","type":"page","link":"https:\/\/agora.xtec.cat\/iesagustiserra\/estudis\/cicles-formatius\/activitats-fisiques-i-esportives\/cfgs-guia-en-el-medi-natural-i-de-temps-de-lleure\/","title":{"rendered":"CFGM Guia en el medi natural i de temps de lleure"},"content":{"rendered":"\n<hr class=\"wp-block-separator has-text-color has-cyan-bluish-gray-color has-alpha-channel-opacity has-cyan-bluish-gray-background-color has-background\"\/>\n\n\n<div style=\"text-align: center;\">\n<h4 style=\"text-align: left;\"><a href=\"http:\/\/queestudiar.gencat.cat\/ca\/estudis\/fp\/cicles-families\/act-fisiques-esportives\/?p_id=46&amp;estudi\" target=\"_blank\" rel=\"noopener noreferrer\"><strong>\u2714 <\/strong><\/a>L&#8217;Institut ofereix el cicle formatiu de grau mitj\u00e0 de Guia en el medi natural i de temps de lleure<\/h4>\n<h4 style=\"text-align: left;\">\u2714 <span style=\"color: #418000;\">V\u00eddeo<\/span><\/h4>\n<p><iframe loading=\"lazy\" title=\"YouTube video player\" src=\"https:\/\/www.youtube.com\/embed\/ujtAAzvolmw\" width=\"560\" height=\"315\" frameborder=\"0\" allowfullscreen=\"allowfullscreen\"><\/iframe><\/p>\n<div style=\"text-align: left;\">\u00a0<\/div>\n<h4 style=\"text-align: left;\"><a href=\"http:\/\/queestudiar.gencat.cat\/ca\/estudis\/fp\/cicles-families\/act-fisiques-esportives\/?p_id=46&amp;estudi\" target=\"_blank\" rel=\"noopener noreferrer\"><strong>\u2714<\/strong><\/a> Presentaci\u00f3<\/h4>\n<div style=\"text-align: center;\">\n<p><iframe loading=\"lazy\" src=\"https:\/\/docs.google.com\/presentation\/d\/e\/2PACX-1vS-atS6e4GKw9xUvdfzrP-3RhxaBg8t-jqPZCjnEzO042m1VfK4Is1Hq4a52Tpffg\/embed?start=false&amp;loop=false&amp;delayms=3000\" width=\"640\" height=\"400\" frameborder=\"0\" allowfullscreen=\"allowfullscreen\"><\/iframe><\/p>\n<\/div>\n<hr \/>\n<div style=\"text-align: center;\">\n<h6 style=\"text-align: left;\"><span style=\"color: #ff0000;\"><a class=\"button normal\" style=\"padding: 0.5em; margin: 0.1em; background-color: #767676; color: #ff0000;\" href=\"#\" target=\"_blank\" rel=\"noopener noreferrer\">Important<\/a><\/span><\/h6>\n<p style=\"text-align: left;\">L&#8217;alumnat que obtingui pla\u00e7a i es matriculi per cursar aquest cicle, haur\u00e0 de presentar dos certificats. S&#8217;hauran de lliurar\u00a0 a la persona tutora a l&#8217;inici del curs:<\/p>\n<ul>\n<li style=\"text-align: left;\">Certificat m\u00e8dic oficial (ha d&#8217;indicar que l&#8217;alumne\/a \u00e9s apte\/a per a fer activitat f\u00edsica)<\/li>\n<li style=\"text-align: left;\"><a href=\"https:\/\/web.gencat.cat\/ca\/situacions-de-vida\/justicia-seguretat\/certificat-delictes-naturalesa-sexual\/index.html\" target=\"_blank\" rel=\"noopener\">Certificat de delictes de naturalesa sexual<\/a> (acredita la manca de delictes d&#8217;aquest tipus)<\/li>\n<\/ul>\n<hr \/>\n<div style=\"text-align: center;\">\n<h6 style=\"text-align: left;\"><a class=\"button normal\" style=\"padding: 0.5em; margin: 0.1em; color: white !important; background-color: #767676;\" href=\"https:\/\/agora.xtec.cat\/iesagustiserra\/wp-content\/uploads\/usu1681\/2025\/09\/LLISTAT-MATERIAL-MODULS-PROFESSIONALS-1.pdf\" target=\"_blank\" rel=\"noopener noreferrer\">Material necessari<\/a><\/h6>\n<hr \/><\/div>\n<h6 style=\"text-align: left;\"><a class=\"button normal\" style=\"padding: 0.5em; margin: 0.1em; color: white !important; background-color: #767676;\" href=\"https:\/\/agora.xtec.cat\/iesagustiserra\/wp-content\/uploads\/usu1681\/2025\/03\/1.1.Medi-natural-i-temps-lliure-GM-2025b.pdf\" target=\"_blank\" rel=\"noopener noreferrer\">Descarregar tr\u00edptic<\/a><\/h6>\n<div id='gallery-1' class='gallery galleryid-9750 gallery-columns-1 gallery-size-full'><figure class='gallery-item'>\n\t\t\t<div class='gallery-icon landscape'>\n\t\t\t\t<a href='https:\/\/agora.xtec.cat\/iesagustiserra\/1-1-medi-natural-i-temps-lliure-gm-2025b_2\/'><img loading=\"lazy\" decoding=\"async\" width=\"1169\" height=\"826\" src=\"https:\/\/agora.xtec.cat\/iesagustiserra\/wp-content\/uploads\/usu1681\/2025\/03\/1.1.Medi-natural-i-temps-lliure-GM-2025b_2.jpg\" class=\"attachment-full size-full\" alt=\"\" srcset=\"https:\/\/agora.xtec.cat\/iesagustiserra\/wp-content\/uploads\/usu1681\/2025\/03\/1.1.Medi-natural-i-temps-lliure-GM-2025b_2.jpg 1169w, https:\/\/agora.xtec.cat\/iesagustiserra\/wp-content\/uploads\/usu1681\/2025\/03\/1.1.Medi-natural-i-temps-lliure-GM-2025b_2-600x424.jpg 600w, https:\/\/agora.xtec.cat\/iesagustiserra\/wp-content\/uploads\/usu1681\/2025\/03\/1.1.Medi-natural-i-temps-lliure-GM-2025b_2-1024x724.jpg 1024w, https:\/\/agora.xtec.cat\/iesagustiserra\/wp-content\/uploads\/usu1681\/2025\/03\/1.1.Medi-natural-i-temps-lliure-GM-2025b_2-768x543.jpg 768w\" sizes=\"auto, (max-width: 1169px) 100vw, 1169px\" \/><\/a>\n\t\t\t<\/div><\/figure><figure class='gallery-item'>\n\t\t\t<div class='gallery-icon landscape'>\n\t\t\t\t<a href='https:\/\/agora.xtec.cat\/iesagustiserra\/1-1-medi-natural-i-temps-lliure-gm-2025b_1\/'><img loading=\"lazy\" decoding=\"async\" width=\"1169\" height=\"826\" src=\"https:\/\/agora.xtec.cat\/iesagustiserra\/wp-content\/uploads\/usu1681\/2025\/03\/1.1.Medi-natural-i-temps-lliure-GM-2025b_1.jpg\" class=\"attachment-full size-full\" alt=\"\" srcset=\"https:\/\/agora.xtec.cat\/iesagustiserra\/wp-content\/uploads\/usu1681\/2025\/03\/1.1.Medi-natural-i-temps-lliure-GM-2025b_1.jpg 1169w, https:\/\/agora.xtec.cat\/iesagustiserra\/wp-content\/uploads\/usu1681\/2025\/03\/1.1.Medi-natural-i-temps-lliure-GM-2025b_1-600x424.jpg 600w, https:\/\/agora.xtec.cat\/iesagustiserra\/wp-content\/uploads\/usu1681\/2025\/03\/1.1.Medi-natural-i-temps-lliure-GM-2025b_1-1024x724.jpg 1024w, https:\/\/agora.xtec.cat\/iesagustiserra\/wp-content\/uploads\/usu1681\/2025\/03\/1.1.Medi-natural-i-temps-lliure-GM-2025b_1-768x543.jpg 768w\" sizes=\"auto, (max-width: 1169px) 100vw, 1169px\" \/><\/a>\n\t\t\t<\/div><\/figure>\n\t\t<\/div>\n\n<div style=\"text-align: center;\"><hr \/>\n<h4 style=\"text-align: left;\"><strong>\u2714 Llibres de text curs 2025-2026<\/strong><\/h4>\n<div style=\"text-align: center;\">\n<table class=\" alignleft\" style=\"height: 35px;\" align=\"center\" bgcolor=\"#00FF00\">\n<tbody>\n<tr style=\"height: 25px;\">\n<td style=\"height: 25px; width: 836px;\">\n<h6><span style=\"color: #000000;\"><strong>Llibres de text <\/strong><\/span><span style=\"color: #ffffff;\"><strong><a style=\"color: #ffffff;\" href=\"https:\/\/agora.xtec.cat\/iesagustiserra\/wp-content\/uploads\/usu1681\/2025\/07\/LLIBRES-TEXT-CFGM-GUIA-EN-EL-MEDI-NATURAL-I-DE-TEMPS-DE-LLEURE.pdf\" target=\"_blank\" rel=\"noopener noreferrer\">CFGM Guia en el medi natural i de temps de lleure<\/a><\/strong><\/span><\/h6>\n<\/td>\n<\/tr>\n<\/tbody>\n<\/table>\n<hr \/>\n<h4 style=\"text-align: left;\"><strong><a href=\"http:\/\/queestudiar.gencat.cat\/ca\/estudis\/fp\/cicles-families\/act-fisiques-esportives\/?p_id=46&amp;estudi\" target=\"_blank\" rel=\"noopener noreferrer\">\u2714 <\/a>Desenvolupant curricular<\/strong><\/h4>\n<h4 style=\"text-align: left;\">2.000 hores<\/h4>\n<p style=\"text-align: left;\">La durada \u00e9s de 2.000 hores distribu\u00efdes en dos cursos acad\u00e8mics (1.485 en un centre educatiu i 515 (hores d&#8217;estada a l&#8217;empresa) en un centre de treball).<\/p>\n<table style=\"height: 287px; width: 99.8333%;\" border=\"0\" width=\"1296\" cellspacing=\"5\">\n<tbody>\n<tr>\n<td style=\"width: 1284px;\">\n<h2 class=\"titol_taula01\" style=\"text-align: left;\">Compet\u00e8ncia general<\/h2>\n<p class=\"gris\" style=\"text-align: justify;\"><span style=\"font-size: revert; font-family: inherit; font-weight: inherit; color: initial;\">Aquests estudis postobligatoris capaciten per organitzar itineraris i guiar grups per entorns naturals de muntanya baixa i mitjana, terreny nevat de tipus n\u00f2rdic, cavitats de dificultat baixa, barrancs de risc baix, medi aqu\u00e0tic i instal\u00b7lacions d&#8217;oci i aventura (progressant a peu, amb cordes, en bicicleta, en embarcacions i a cavall), aix\u00ed com dinamitzar activitats de temps de lleure, adaptant les activitats a la tipologia dels participants, i respectant el medi ambient i garantint-ne la qualitat i la seguretat.<\/span><\/p>\n<\/td>\n<\/tr>\n<\/tbody>\n<\/table>\n<\/div>\n<\/div>\n<\/div>\n<\/div>\n\n\n<figure class=\"wp-block-table aligncenter is-style-regular\" style=\"font-size:17px\"><table><thead><tr><th class=\"has-text-align-left\" data-align=\"left\">M\u00f2duls Professionals<\/th><th class=\"has-text-align-right\" data-align=\"right\">Hores totals<\/th><\/tr><\/thead><tbody><tr><td class=\"has-text-align-left\" data-align=\"left\">1325. T\u00e8cniques d\u2019equitaci\u00f3.<\/td><td class=\"has-text-align-right\" data-align=\"right\">198<\/td><\/tr><tr><td class=\"has-text-align-left\" data-align=\"left\">1327. Guia eq\u00fcestre.<\/td><td class=\"has-text-align-right\" data-align=\"right\">132<\/td><\/tr><tr><td class=\"has-text-align-left\" data-align=\"left\">1328. Atenci\u00f3 a grups.<\/td><td class=\"has-text-align-right\" data-align=\"right\">99<\/td><\/tr><tr><td class=\"has-text-align-left\" data-align=\"left\">1329. Organitzaci\u00f3 d\u2019itineraris.<\/td><td class=\"has-text-align-right\" data-align=\"right\">99<\/td><\/tr><tr><td class=\"has-text-align-left\" data-align=\"left\">1333. Guia de muntanya baixa i mitjana.<\/td><td class=\"has-text-align-right\" data-align=\"right\">231<\/td><\/tr><tr><td class=\"has-text-align-left\" data-align=\"left\">1334. Guia en bicicleta.<\/td><td class=\"has-text-align-right\" data-align=\"right\">132<\/td><\/tr><tr><td class=\"has-text-align-left\" data-align=\"left\">1335. T\u00e8cniques de temps de lleure.<\/td><td class=\"has-text-align-right\" data-align=\"right\">132<\/td><\/tr><tr><td class=\"has-text-align-left\" data-align=\"left\">1336. T\u00e8cniques de nataci\u00f3.<\/td><td class=\"has-text-align-right\" data-align=\"right\">66<\/td><\/tr><tr><td class=\"has-text-align-left\" data-align=\"left\">1337. Socorrisme en el medi natural.<\/td><td class=\"has-text-align-right\" data-align=\"right\">152<\/td><\/tr><tr><td class=\"has-text-align-left\" data-align=\"left\">1338. Guia en el medi natural aqu\u00e0tic.<\/td><td class=\"has-text-align-right\" data-align=\"right\">66<\/td><\/tr><tr><td class=\"has-text-align-left\" data-align=\"left\">1339. Maniobres amb cordes.<\/td><td class=\"has-text-align-right\" data-align=\"right\">99<\/td><\/tr><tr><td class=\"has-text-align-left\" data-align=\"left\">0156. Angl\u00e8s professional.<\/td><td class=\"has-text-align-right\" data-align=\"right\">66<\/td><\/tr><tr><td class=\"has-text-align-left\" data-align=\"left\">1664. Digitalitzaci\u00f3 aplicada als sectors productius.<\/td><td class=\"has-text-align-right\" data-align=\"right\">33<\/td><\/tr><tr><td class=\"has-text-align-left\" data-align=\"left\">1708. Sostenibilitat aplicada al sistema productiu.<\/td><td class=\"has-text-align-right\" data-align=\"right\">33<\/td><\/tr><tr><td class=\"has-text-align-left\" data-align=\"left\">1709. Itinerari personal per a l&#8217;ocupabilitat I.<\/td><td class=\"has-text-align-right\" data-align=\"right\">99<\/td><\/tr><tr><td class=\"has-text-align-left\" data-align=\"left\">1710. Itinerari personal per a l&#8217;ocupabilitat II.<\/td><td class=\"has-text-align-right\" data-align=\"right\">66<\/td><\/tr><tr><td class=\"has-text-align-left\" data-align=\"left\">1713. Projecte intermodular.<\/td><td class=\"has-text-align-right\" data-align=\"right\">198<\/td><\/tr><tr><td class=\"has-text-align-left\" data-align=\"left\">M\u00f2dul professional optatiu.<\/td><td class=\"has-text-align-right\" data-align=\"right\">99<\/td><\/tr><\/tbody><tfoot><tr><td class=\"has-text-align-left\" data-align=\"left\">HORES TOTALS CICLE FORMATIU<\/td><td class=\"has-text-align-right\" data-align=\"right\">2.000<\/td><\/tr><\/tfoot><\/table><\/figure>\n\n\n<div style=\"text-align: center;\"><hr \/>\n<p style=\"text-align: left;\"><a href=\"https:\/\/triaeducativa.gencat.cat\/ca\/estudis\/?guia-medi-natural-temps-lleure&amp;p_id=4870\" target=\"_blank\" rel=\"noopener noreferrer\"><strong>\u2714 Informaci\u00f3 Dept. d&#8217;Educaci\u00f3<\/strong><\/a><\/p>\n<div>\u00a0<\/div>\n<hr \/><\/div>","protected":false},"excerpt":{"rendered":"<p>\u2714 L&#8217;Institut ofereix el cicle formatiu de grau mitj\u00e0 de Guia en el medi natural i de temps de lleure [&hellip;]<\/p>\n","protected":false},"author":1,"featured_media":0,"parent":2129,"menu_order":5,"comment_status":"closed","ping_status":"closed","template":"","meta":{"site-sidebar-layout":"default","site-content-layout":"","ast-site-content-layout":"default","site-content-style":"default","site-sidebar-style":"default","ast-global-header-display":"","ast-banner-title-visibility":"","ast-main-header-display":"","ast-hfb-above-header-display":"","ast-hfb-below-header-display":"","ast-hfb-mobile-header-display":"","site-post-title":"","ast-breadcrumbs-content":"","ast-featured-img":"","footer-sml-layout":"","theme-transparent-header-meta":"","adv-header-id-meta":"","stick-header-meta":"","header-above-stick-meta":"","header-main-stick-meta":"","header-below-stick-meta":"","astra-migrate-meta-layouts":"set","ast-page-background-enabled":"default","ast-page-background-meta":{"desktop":{"background-color":"var(--ast-global-color-4)","background-image":"","background-repeat":"repeat","background-position":"center center","background-size":"auto","background-attachment":"scroll","background-type":"","background-media":"","overlay-type":"","overlay-color":"","overlay-opacity":"","overlay-gradient":""},"tablet":{"background-color":"","background-image":"","background-repeat":"repeat","background-position":"center center","background-size":"auto","background-attachment":"scroll","background-type":"","background-media":"","overlay-type":"","overlay-color":"","overlay-opacity":"","overlay-gradient":""},"mobile":{"background-color":"","background-image":"","background-repeat":"repeat","background-position":"center center","background-size":"auto","background-attachment":"scroll","background-type":"","background-media":"","overlay-type":"","overlay-color":"","overlay-opacity":"","overlay-gradient":""}},"ast-content-background-meta":{"desktop":{"background-color":"var(--ast-global-color-5)","background-image":"","background-repeat":"repeat","background-position":"center center","background-size":"auto","background-attachment":"scroll","background-type":"","background-media":"","overlay-type":"","overlay-color":"","overlay-opacity":"","overlay-gradient":""},"tablet":{"background-color":"var(--ast-global-color-5)","background-image":"","background-repeat":"repeat","background-position":"center center","background-size":"auto","background-attachment":"scroll","background-type":"","background-media":"","overlay-type":"","overlay-color":"","overlay-opacity":"","overlay-gradient":""},"mobile":{"background-color":"var(--ast-global-color-5)","background-image":"","background-repeat":"repeat","background-position":"center center","background-size":"auto","background-attachment":"scroll","background-type":"","background-media":"","overlay-type":"","overlay-color":"","overlay-opacity":"","overlay-gradient":""}},"footnotes":""},"class_list":["post-9750","page","type-page","status-publish","hentry"],"post_mailing_queue_ids":[],"_links":{"self":[{"href":"https:\/\/agora.xtec.cat\/iesagustiserra\/wp-json\/wp\/v2\/pages\/9750","targetHints":{"allow":["GET"]}}],"collection":[{"href":"https:\/\/agora.xtec.cat\/iesagustiserra\/wp-json\/wp\/v2\/pages"}],"about":[{"href":"https:\/\/agora.xtec.cat\/iesagustiserra\/wp-json\/wp\/v2\/types\/page"}],"author":[{"embeddable":true,"href":"https:\/\/agora.xtec.cat\/iesagustiserra\/wp-json\/wp\/v2\/users\/1"}],"replies":[{"embeddable":true,"href":"https:\/\/agora.xtec.cat\/iesagustiserra\/wp-json\/wp\/v2\/comments?post=9750"}],"version-history":[{"count":6,"href":"https:\/\/agora.xtec.cat\/iesagustiserra\/wp-json\/wp\/v2\/pages\/9750\/revisions"}],"predecessor-version":[{"id":36006,"href":"https:\/\/agora.xtec.cat\/iesagustiserra\/wp-json\/wp\/v2\/pages\/9750\/revisions\/36006"}],"up":[{"embeddable":true,"href":"https:\/\/agora.xtec.cat\/iesagustiserra\/wp-json\/wp\/v2\/pages\/2129"}],"wp:attachment":[{"href":"https:\/\/agora.xtec.cat\/iesagustiserra\/wp-json\/wp\/v2\/media?parent=9750"}],"curies":[{"name":"wp","href":"https:\/\/api.w.org\/{rel}","templated":true}]}}