{"id":9156,"date":"2021-03-03T17:03:12","date_gmt":"2021-03-03T16:03:12","guid":{"rendered":"https:\/\/agora.xtec.cat\/iesagustiserra\/?page_id=9156"},"modified":"2025-09-01T09:06:38","modified_gmt":"2025-09-01T07:06:38","slug":"cfgs-condicionament-fisic","status":"publish","type":"page","link":"https:\/\/agora.xtec.cat\/iesagustiserra\/estudis\/cicles-formatius\/activitats-fisiques-i-esportives\/cfgs-condicionament-fisic\/","title":{"rendered":"CFGS Condicionament f\u00edsic"},"content":{"rendered":"\n<hr class=\"wp-block-separator has-text-color has-cyan-bluish-gray-color has-alpha-channel-opacity has-cyan-bluish-gray-background-color has-background\"\/>\n\n\n<div style=\"text-align: center;\">\n<h4 style=\"text-align: left;\"><a href=\"http:\/\/queestudiar.gencat.cat\/ca\/estudis\/fp\/cicles-families\/act-fisiques-esportives\/?p_id=46&amp;estudi\" target=\"_blank\" rel=\"noopener noreferrer\"><strong>\u2714 <\/strong><\/a>L&#8217;institut ofereix el cicle formatiu de grau superior de Condicionament f\u00edsic.<\/h4>\n<div style=\"text-align: center;\">\n<h6 style=\"text-align: left;\"><span style=\"color: #ff0000;\"><a class=\"button normal\" style=\"padding: 0.5em; margin: 0.1em; background-color: #767676; color: #ff0000;\" href=\"#\" target=\"_blank\" rel=\"noopener noreferrer\">Important<\/a><\/span><\/h6>\n<p style=\"text-align: left;\">L&#8217;alumnat que obtingui pla\u00e7a i es matriculi per cursar aquest cicle, haur\u00e0 de presentar, a m\u00e9s de la documentaci\u00f3 requerida a la <a href=\"https:\/\/agora.xtec.cat\/iesagustiserra\/matricula-curs-2024-2025-alumnat-nou\/\" target=\"_blank\" rel=\"noopener\">matr\u00edcula<\/a>, els seg\u00fcents certificats:<\/p>\n<ul>\n<li style=\"text-align: left;\">Certificat m\u00e8dic oficial (ha d&#8217;indicar que l&#8217;alumne\/a \u00e9s apte\/a per a fer activitat f\u00edsica)<\/li>\n<li style=\"text-align: left;\"><a href=\"https:\/\/web.gencat.cat\/ca\/situacions-de-vida\/justicia-seguretat\/certificat-delictes-naturalesa-sexual\/index.html\" target=\"_blank\" rel=\"noopener\">Certificat de delictes de naturalesa sexual<\/a> (acredita la manca de delictes d&#8217;aquest tipus)<\/li>\n<\/ul>\n<hr \/>\n<div style=\"text-align: center;\">\n<h6 style=\"text-align: left;\">\u00a0<\/h6>\n<\/div>\n<h6 style=\"text-align: left;\"><a class=\"button normal\" style=\"padding: 0.5em; margin: 0.1em; color: white !important; background-color: #767676;\" href=\"https:\/\/agora.xtec.cat\/iesagustiserra\/wp-content\/uploads\/usu1681\/2025\/03\/1.3.Condicionament-fisic-GS-2025b.pdf\" target=\"_blank\" rel=\"noopener noreferrer\">Descarregar tr\u00edptic<\/a><\/h6>\n<div id='gallery-1' class='gallery galleryid-9156 gallery-columns-1 gallery-size-full'><figure class='gallery-item'>\n\t\t\t<div class='gallery-icon landscape'>\n\t\t\t\t<a href='https:\/\/agora.xtec.cat\/iesagustiserra\/1-3-condicionament-fisic-gs-2025b_page-0001\/'><img loading=\"lazy\" decoding=\"async\" width=\"1754\" height=\"1241\" src=\"https:\/\/agora.xtec.cat\/iesagustiserra\/wp-content\/uploads\/usu1681\/2025\/03\/1.3.Condicionament-fisic-GS-2025b_page-0001.jpg\" class=\"attachment-full size-full\" alt=\"\" srcset=\"https:\/\/agora.xtec.cat\/iesagustiserra\/wp-content\/uploads\/usu1681\/2025\/03\/1.3.Condicionament-fisic-GS-2025b_page-0001.jpg 1754w, https:\/\/agora.xtec.cat\/iesagustiserra\/wp-content\/uploads\/usu1681\/2025\/03\/1.3.Condicionament-fisic-GS-2025b_page-0001-600x425.jpg 600w, https:\/\/agora.xtec.cat\/iesagustiserra\/wp-content\/uploads\/usu1681\/2025\/03\/1.3.Condicionament-fisic-GS-2025b_page-0001-1024x725.jpg 1024w, https:\/\/agora.xtec.cat\/iesagustiserra\/wp-content\/uploads\/usu1681\/2025\/03\/1.3.Condicionament-fisic-GS-2025b_page-0001-768x543.jpg 768w, https:\/\/agora.xtec.cat\/iesagustiserra\/wp-content\/uploads\/usu1681\/2025\/03\/1.3.Condicionament-fisic-GS-2025b_page-0001-1536x1087.jpg 1536w\" sizes=\"auto, (max-width: 1754px) 100vw, 1754px\" \/><\/a>\n\t\t\t<\/div><\/figure><figure class='gallery-item'>\n\t\t\t<div class='gallery-icon landscape'>\n\t\t\t\t<a href='https:\/\/agora.xtec.cat\/iesagustiserra\/1-2-ensenyament-i-animacio-socioesportiva-gs-2025b_page-0002-2\/'><img loading=\"lazy\" decoding=\"async\" width=\"1754\" height=\"1241\" src=\"https:\/\/agora.xtec.cat\/iesagustiserra\/wp-content\/uploads\/usu1681\/2025\/03\/1.2.Ensenyament-i-animacio-socioesportiva-GS-2025b_page-0002-1.jpg\" class=\"attachment-full size-full\" alt=\"\" srcset=\"https:\/\/agora.xtec.cat\/iesagustiserra\/wp-content\/uploads\/usu1681\/2025\/03\/1.2.Ensenyament-i-animacio-socioesportiva-GS-2025b_page-0002-1.jpg 1754w, https:\/\/agora.xtec.cat\/iesagustiserra\/wp-content\/uploads\/usu1681\/2025\/03\/1.2.Ensenyament-i-animacio-socioesportiva-GS-2025b_page-0002-1-600x425.jpg 600w, https:\/\/agora.xtec.cat\/iesagustiserra\/wp-content\/uploads\/usu1681\/2025\/03\/1.2.Ensenyament-i-animacio-socioesportiva-GS-2025b_page-0002-1-1024x725.jpg 1024w, https:\/\/agora.xtec.cat\/iesagustiserra\/wp-content\/uploads\/usu1681\/2025\/03\/1.2.Ensenyament-i-animacio-socioesportiva-GS-2025b_page-0002-1-768x543.jpg 768w, https:\/\/agora.xtec.cat\/iesagustiserra\/wp-content\/uploads\/usu1681\/2025\/03\/1.2.Ensenyament-i-animacio-socioesportiva-GS-2025b_page-0002-1-1536x1087.jpg 1536w\" sizes=\"auto, (max-width: 1754px) 100vw, 1754px\" \/><\/a>\n\t\t\t<\/div><\/figure>\n\t\t<\/div>\n\n<hr \/>\n<h4 style=\"text-align: left;\"><strong>\u2714 Llibres de text curs 2025-2026<\/strong><\/h4>\n<div style=\"text-align: center;\">\n<table class=\" alignleft\" style=\"height: 35px;\" align=\"center\" bgcolor=\"#00FF00\">\n<tbody>\n<tr style=\"height: 25px;\">\n<td style=\"height: 25px; width: 836px;\">\n<h6><span style=\"color: #000000;\"><strong>Llibres de text CFGM <a href=\"https:\/\/agora.xtec.cat\/iesagustiserra\/wp-content\/uploads\/usu1681\/2025\/07\/LLIBRES-TEXT-CFGS-CONDICIONAMENT-FISIC.pdf\" target=\"_blank\" rel=\"noopener noreferrer\">Condicionament f\u00edsic<\/a><\/strong><\/span><\/h6>\n<\/td>\n<\/tr>\n<\/tbody>\n<\/table>\n<hr \/>\n<h3 style=\"text-align: left;\"><strong><a href=\"http:\/\/queestudiar.gencat.cat\/ca\/estudis\/fp\/cicles-families\/act-fisiques-esportives\/?p_id=46&amp;estudi\" target=\"_blank\" rel=\"noopener noreferrer\">\u2714<\/a>Desenvolupant curricular<\/strong><\/h3>\n<h3 style=\"text-align: left;\">2.000 hores<\/h3>\n<p style=\"text-align: left;\">La durada \u00e9s de 2.000 hores distribu\u00efdes en dos cursos acad\u00e8mics (1.485 en un centre educatiu i 515 (hores d&#8217;estada a l&#8217;empresa) en un centre de treball).<\/p>\n<table style=\"width: 90%;\" border=\"0\" width=\"1296\" cellspacing=\"5\">\n<tbody>\n<tr>\n<td style=\"width: 1284px;\">\n<h2 class=\"titol_taula01\" style=\"text-align: left;\">Compet\u00e8ncia general<\/h2>\n<p class=\"gris\" style=\"text-align: justify;\">Aquests estudis capaciten per elaborar, coordinar, desenvolupar i avaluar programes de condicionament f\u00edsic per a tota classe d\u2019usuaris i en diferents espais de pr\u00e0ctica, dinamitzant les activitats i orientant-les cap a la millora de la qualitat de vida i la salut, garantint-ne la seguretat i aplicant criteris de qualitat, tant en el proc\u00e9s com en els resultats del servei.<\/p>\n<\/td>\n<\/tr>\n<\/tbody>\n<\/table>\n<\/div>\n<\/div>\n<\/div>\n\n\n<figure class=\"wp-block-table aligncenter is-style-regular\" style=\"font-size:17px\"><table><thead><tr><th class=\"has-text-align-left\" data-align=\"left\">M\u00f2duls Professionals<\/th><th class=\"has-text-align-right\" data-align=\"right\">Hores totals<\/th><\/tr><\/thead><tbody><tr><td class=\"has-text-align-left\" data-align=\"left\">0017. Habilitats socials.<\/td><td class=\"has-text-align-right\" data-align=\"right\">132<\/td><\/tr><tr><td class=\"has-text-align-left\" data-align=\"left\">1136. Valoraci\u00f3 de la condici\u00f3 f\u00edsica i intervenci\u00f3 en accidents.<\/td><td class=\"has-text-align-right\" data-align=\"right\">198<\/td><\/tr><tr><td class=\"has-text-align-left\" data-align=\"left\">1148. Fitness en sala d\u2019entrenament polivalent.<\/td><td class=\"has-text-align-right\" data-align=\"right\">218<\/td><\/tr><tr><td class=\"has-text-align-left\" data-align=\"left\">1149. Activitats b\u00e0siques de condicionament f\u00edsic amb suport musical.<\/td><td class=\"has-text-align-right\" data-align=\"right\">264<\/td><\/tr><tr><td class=\"has-text-align-left\" data-align=\"left\">1150. Activitats especialitzades de condicionament f\u00edsic amb suport musical.<\/td><td class=\"has-text-align-right\" data-align=\"right\">132<\/td><\/tr><tr><td class=\"has-text-align-left\" data-align=\"left\">1151. Condicionament f\u00edsic en l\u2019aigua.<\/td><td class=\"has-text-align-right\" data-align=\"right\">198<\/td><\/tr><tr><td class=\"has-text-align-left\" data-align=\"left\">1152. T\u00e8cniques d\u2019hidrocin\u00e8sia.<\/td><td class=\"has-text-align-right\" data-align=\"right\">132<\/td><\/tr><tr><td class=\"has-text-align-left\" data-align=\"left\">1153. Control postural, benestar i manteniment funcional.<\/td><td class=\"has-text-align-right\" data-align=\"right\">132<\/td><\/tr><tr><td class=\"has-text-align-left\" data-align=\"left\">0179. Angl\u00e8s professional.<\/td><td class=\"has-text-align-right\" data-align=\"right\">66<\/td><\/tr><tr><td class=\"has-text-align-left\" data-align=\"left\">1665. Digitalitzaci\u00f3 aplicada als sectors productius.<\/td><td class=\"has-text-align-right\" data-align=\"right\">33<\/td><\/tr><tr><td class=\"has-text-align-left\" data-align=\"left\">1708. Sostenibilitat aplicada al sistema productiu.<\/td><td class=\"has-text-align-right\" data-align=\"right\">33<\/td><\/tr><tr><td class=\"has-text-align-left\" data-align=\"left\">1709. Itinerari personal per a l&#8217;ocupabilitat I.<\/td><td class=\"has-text-align-right\" data-align=\"right\">99<\/td><\/tr><tr><td class=\"has-text-align-left\" data-align=\"left\">1710. Itinerari personal per a l&#8217;ocupabilitat II.<\/td><td class=\"has-text-align-right\" data-align=\"right\">66<\/td><\/tr><tr><td class=\"has-text-align-left\" data-align=\"left\">1154. Projecte intermodular.<\/td><td class=\"has-text-align-right\" data-align=\"right\">198<\/td><\/tr><tr><td class=\"has-text-align-left\" data-align=\"left\">M\u00f2dul professional optatiu.<\/td><td class=\"has-text-align-right\" data-align=\"right\">99<\/td><\/tr><\/tbody><tfoot><tr><td class=\"has-text-align-left\" data-align=\"left\">HORES TOTALS CICLE FORMATIU<\/td><td class=\"has-text-align-right\" data-align=\"right\">2.000<\/td><\/tr><\/tfoot><\/table><\/figure>\n\n\n<div style=\"text-align: center;\"><hr \/>\n<p style=\"text-align: left;\"><a href=\"https:\/\/triaeducativa.gencat.cat\/ca\/estudis\/?condicionament-fisic&amp;p_id=4192\" target=\"_blank\" rel=\"noopener noreferrer\"><strong>\u2714 Informaci\u00f3 CF Dept. d&#8217;Educaci\u00f3<\/strong><\/a><\/p>\n<div>\u00a0<\/div>\n<hr \/><\/div>","protected":false},"excerpt":{"rendered":"<p>\u2714 L&#8217;institut ofereix el cicle formatiu de grau superior de Condicionament f\u00edsic. Important L&#8217;alumnat que obtingui pla\u00e7a i es matriculi [&hellip;]<\/p>\n","protected":false},"author":1,"featured_media":0,"parent":2129,"menu_order":40,"comment_status":"closed","ping_status":"closed","template":"","meta":{"site-sidebar-layout":"default","site-content-layout":"","ast-site-content-layout":"default","site-content-style":"default","site-sidebar-style":"default","ast-global-header-display":"","ast-banner-title-visibility":"","ast-main-header-display":"","ast-hfb-above-header-display":"","ast-hfb-below-header-display":"","ast-hfb-mobile-header-display":"","site-post-title":"","ast-breadcrumbs-content":"","ast-featured-img":"","footer-sml-layout":"","theme-transparent-header-meta":"","adv-header-id-meta":"","stick-header-meta":"","header-above-stick-meta":"","header-main-stick-meta":"","header-below-stick-meta":"","astra-migrate-meta-layouts":"set","ast-page-background-enabled":"default","ast-page-background-meta":{"desktop":{"background-color":"var(--ast-global-color-4)","background-image":"","background-repeat":"repeat","background-position":"center center","background-size":"auto","background-attachment":"scroll","background-type":"","background-media":"","overlay-type":"","overlay-color":"","overlay-opacity":"","overlay-gradient":""},"tablet":{"background-color":"","background-image":"","background-repeat":"repeat","background-position":"center center","background-size":"auto","background-attachment":"scroll","background-type":"","background-media":"","overlay-type":"","overlay-color":"","overlay-opacity":"","overlay-gradient":""},"mobile":{"background-color":"","background-image":"","background-repeat":"repeat","background-position":"center center","background-size":"auto","background-attachment":"scroll","background-type":"","background-media":"","overlay-type":"","overlay-color":"","overlay-opacity":"","overlay-gradient":""}},"ast-content-background-meta":{"desktop":{"background-color":"var(--ast-global-color-5)","background-image":"","background-repeat":"repeat","background-position":"center center","background-size":"auto","background-attachment":"scroll","background-type":"","background-media":"","overlay-type":"","overlay-color":"","overlay-opacity":"","overlay-gradient":""},"tablet":{"background-color":"var(--ast-global-color-5)","background-image":"","background-repeat":"repeat","background-position":"center center","background-size":"auto","background-attachment":"scroll","background-type":"","background-media":"","overlay-type":"","overlay-color":"","overlay-opacity":"","overlay-gradient":""},"mobile":{"background-color":"var(--ast-global-color-5)","background-image":"","background-repeat":"repeat","background-position":"center center","background-size":"auto","background-attachment":"scroll","background-type":"","background-media":"","overlay-type":"","overlay-color":"","overlay-opacity":"","overlay-gradient":""}},"footnotes":""},"class_list":["post-9156","page","type-page","status-publish","hentry"],"post_mailing_queue_ids":[],"_links":{"self":[{"href":"https:\/\/agora.xtec.cat\/iesagustiserra\/wp-json\/wp\/v2\/pages\/9156","targetHints":{"allow":["GET"]}}],"collection":[{"href":"https:\/\/agora.xtec.cat\/iesagustiserra\/wp-json\/wp\/v2\/pages"}],"about":[{"href":"https:\/\/agora.xtec.cat\/iesagustiserra\/wp-json\/wp\/v2\/types\/page"}],"author":[{"embeddable":true,"href":"https:\/\/agora.xtec.cat\/iesagustiserra\/wp-json\/wp\/v2\/users\/1"}],"replies":[{"embeddable":true,"href":"https:\/\/agora.xtec.cat\/iesagustiserra\/wp-json\/wp\/v2\/comments?post=9156"}],"version-history":[{"count":6,"href":"https:\/\/agora.xtec.cat\/iesagustiserra\/wp-json\/wp\/v2\/pages\/9156\/revisions"}],"predecessor-version":[{"id":35601,"href":"https:\/\/agora.xtec.cat\/iesagustiserra\/wp-json\/wp\/v2\/pages\/9156\/revisions\/35601"}],"up":[{"embeddable":true,"href":"https:\/\/agora.xtec.cat\/iesagustiserra\/wp-json\/wp\/v2\/pages\/2129"}],"wp:attachment":[{"href":"https:\/\/agora.xtec.cat\/iesagustiserra\/wp-json\/wp\/v2\/media?parent=9156"}],"curies":[{"name":"wp","href":"https:\/\/api.w.org\/{rel}","templated":true}]}}