{"id":9086,"date":"2021-03-01T13:17:45","date_gmt":"2021-03-01T12:17:45","guid":{"rendered":"https:\/\/agora.xtec.cat\/iesagustiserra\/?page_id=9086"},"modified":"2021-03-01T13:30:12","modified_gmt":"2021-03-01T12:30:12","slug":"coneix-linstitut","status":"publish","type":"page","link":"https:\/\/agora.xtec.cat\/iesagustiserra\/coneix-linstitut\/","title":{"rendered":"Coneix l&#8217;ESO"},"content":{"rendered":"\t\t\t\t\t\t\t<h3 style=\"margin-bottom:20px ;display:block;width:100%;margin-top:10px\">Coneix l&#8217;Institut <\/h3>\r\n\t\t\t\t\t\t\t\t<style>\r\n\t\t\t\t\r\n\t\t\t\t\t#tab_container_9003 {\r\n\toverflow:hidden;\r\n\tdisplay:block;\r\n\twidth:100%;\r\n\tborder:0px solid #ddd;\r\n\tmargin-bottom:30px;\r\n\t}\r\n\r\n#tab_container_9003 .tab-content{\r\n\tpadding:20px;\r\n\tborder: 1px solid #e6e6e6 !important;\r\n\tmargin-top: 0px;\r\n\tbackground-color:#ffffff !important;\r\n\tcolor: #000000 !important;\r\n\tfont-size:20px !important;\r\n\tfont-family: Helvetica !important;\r\n\t\r\n\t\tborder: 1px solid #e6e6e6 !important;\r\n\t}\r\n#tab_container_9003 .wpsm_nav-tabs {\r\n    border-bottom: 0px solid #ddd;\r\n}\r\n#tab_container_9003 .wpsm_nav-tabs > li.active > a, #tab_container_9003 .wpsm_nav-tabs > li.active > a:hover, #tab_container_9003 .wpsm_nav-tabs > li.active > a:focus {\r\n\tcolor: #ffffff !important;\r\n\tcursor: default;\r\n\tbackground-color: #418000 !important;\r\n\tborder: 1px solid #286700 !important;\r\n}\r\n\r\n#tab_container_9003 .wpsm_nav-tabs > li > a {\r\n    margin-right: 0px !important; \r\n    line-height: 1.42857143 !important;\r\n    border: 1px solid 000000 !important;\r\n    border-radius: 0px 0px 0 0 !important; \r\n\tbackground-color: #418000BF !important;\r\n\tcolor: #ffffff !important;\r\n\tpadding: 15px 18px 15px 18px !important;\r\n\ttext-decoration: none !important;\r\n\tfont-size: 20px !important;\r\n\ttext-align:center !important;\r\n\tfont-family: Helvetica !important;\r\n}\r\n#tab_container_9003 .wpsm_nav-tabs > li > a:focus {\r\noutline: 0px !important;\r\n}\r\n\r\n#tab_container_9003 .wpsm_nav-tabs > li > a:before {\r\n\tdisplay:none !important;\r\n}\r\n#tab_container_9003 .wpsm_nav-tabs > li > a:after {\r\n\tdisplay:none !important ;\r\n}\r\n#tab_container_9003 .wpsm_nav-tabs > li{\r\npadding:0px !important ;\r\nmargin:0px;\r\n}\r\n\r\n#tab_container_9003 .wpsm_nav-tabs > li > a:hover , #tab_container_9003 .wpsm_nav-tabs > li > a:focus {\r\n    color: #ffffff !important;\r\n    background-color: #418000BF !important;\r\n\tborder: 1px solid 000000 !important;\r\n\t\r\n}\r\n#tab_container_9003 .wpsm_nav-tabs > li > a .fa{\r\n\r\nmargin-right:5px !important;\r\n\r\nmargin-left:5px !important;\r\n\r\n\r\n}\r\n\r\n\t\t#tab_container_9003 .wpsm_nav-tabs a{\r\n\t\t\tbackground-image: none;\r\n\t\t\tbackground-position: 0 0;\r\n\t\t\tbackground-repeat: repeat-x;\r\n\t\t}\r\n\t\t\t\r\n\r\n\r\n#tab_container_9003 .wpsm_nav-tabs > li {\r\n    float: left;\r\n    margin-bottom: -1px !important;\r\n\tmargin-right:0px !important; \r\n}\r\n\r\n\r\n#tab_container_9003 .tab-content{\r\noverflow:hidden !important;\r\n}\r\n\r\n\r\n@media (min-width: 769px) {\r\n\r\n\t#tab_container_9003 .wpsm_nav-tabs > li{\r\n\t\tfloat:left !important ;\r\n\t\t\t\tmargin-right:-1px !important;\r\n\t\t\t\t\t}\r\n\t#tab_container_9003 .wpsm_nav-tabs{\r\n\t\tfloat:none !important;\r\n\t\tmargin:0px !important;\r\n\t}\r\n\r\n\t#tab_container_9003 .wpsm_nav-tabs > li {\r\n\t\t\t\t\t\t\t\t\tmargin-right: 8px !important;\r\n\t\t\t\t\r\n\t\t\t\t\r\n\t\t\t\t\r\n\t}\r\n\t#tab_container_9003 .wpsm_nav{\r\n\t\t\t}\r\n\r\n}\r\n\r\n\r\n\r\n@media (max-width: 768px) {\r\n\t#tab_container_9003 .wpsm_nav-tabs > li {\r\n\t\t\t\tmargin-bottom: 8px !important;\r\n\t\tmargin-right:0px !important;\r\n\t\tmargin-left:0px !important;\r\n\t\t\t\t\r\n\t}\r\n\t#tab_container_9003 .wpsm_nav{\r\n\t\t\t}\r\n}\r\n\r\n\r\n\t.wpsm_nav-tabs li:before{\r\n\t\tdisplay:none !important;\r\n\t}\r\n\r\n\t@media (max-width: 768px) {\r\n\t\t\t\t\r\n\t\t\t\t\t\r\n\t\t\t#tab_container_9003 .wpsm_nav-tabs  li  a  i{\r\n\t\t\t\tdisplay: none !important;\r\n\t\t\t}\r\n\t\t\t\r\n\t\t\t\t.wpsm_nav-tabs{\r\n\t\t\tmargin-left:0px !important;\r\n\t\t\tmargin-right:0px !important; \r\n\t\t\t\r\n\t\t}\r\n\t\t\t\t#tab_container_9003 .wpsm_nav-tabs > li{\r\n\t\t\tfloat:none !important;\r\n\t\t}\r\n\t\t\t\r\n\t}\t\t\t\t<\/style>\r\n\t\t\t\t<div id=\"tab_container_9003\" >\r\n\t \r\n\t\t\t\t\t<ul class=\"wpsm_nav wpsm_nav-tabs\" role=\"tablist\" id=\"myTab_9003\">\r\n\t\t\t\t\t\t\t\r\n\t\t\t\t\t\t\t<li role=\"presentation\"  class=\"active\"  onclick=\"do_resize()\">\r\n\r\n\t\t\t\t\t\t\t\t<!-- XTEC ************ MODIFICAT - Disable scrolling on tab change. Fixes error in option \"Tabs Description Animation\" -->\r\n\t\t\t\t\t\t\t\t<!-- 2021.12.01 @aginard -->\r\n\t\t\t\t\t\t\t\t<a href=\"javascript:void(0);\" aria-controls=\"tabs_desc_9003_1\" role=\"tab\" data-toggle=\"tab\" data-target=\"#tabs_desc_9003_1\">\r\n\t\t\t\t\t\t\t\t<!-- ORIGINAL\r\n\t\t\t\t\t\t\t\t<a href=\"#tabs_desc_9003_1\" aria-controls=\"tabs_desc_9003_1\" role=\"tab\" data-toggle=\"tab\">\r\n\t\t\t\t\t\t\t\t-->\r\n\t\t\t\t\t\t\t\t<!-- ************ FI -->\r\n\t\t\t\t\t\t\t\t\t\r\n\t\t\t\t\t\t\t\t\t\t\t\t\t\t\t\t\t\t\t\t\t\t\t\t\t\t\t\t\r\n\t\t\t\t\t\t\t\t\t\t\t\t\t\t\t\t\t\t\r\n\t\t\t\t\t\t\t\t\t<span>Projectes<\/span>\r\n\t\t\t\t\t\t\t\t\t\r\n\t\t\t\t\t\t\t\t\t\t\t\t\t\t\t\t\t\t\r\n\t\t\t\t\t\t\t\t\t\t\t\t\t\t\t\t\t\t\t\t\r\n\t\t\t\t\t\t\t\t\t\r\n\t\t\t\t\t\t\t\t<\/a>\r\n\t\t\t\t\t\t\t<\/li>\r\n\t\t\t\t\t\t\t\r\n\t\t\t\t\t\t\t<li role=\"presentation\"  onclick=\"do_resize()\">\r\n\r\n\t\t\t\t\t\t\t\t<!-- XTEC ************ MODIFICAT - Disable scrolling on tab change. Fixes error in option \"Tabs Description Animation\" -->\r\n\t\t\t\t\t\t\t\t<!-- 2021.12.01 @aginard -->\r\n\t\t\t\t\t\t\t\t<a href=\"javascript:void(0);\" aria-controls=\"tabs_desc_9003_2\" role=\"tab\" data-toggle=\"tab\" data-target=\"#tabs_desc_9003_2\">\r\n\t\t\t\t\t\t\t\t<!-- ORIGINAL\r\n\t\t\t\t\t\t\t\t<a href=\"#tabs_desc_9003_2\" aria-controls=\"tabs_desc_9003_2\" role=\"tab\" data-toggle=\"tab\">\r\n\t\t\t\t\t\t\t\t-->\r\n\t\t\t\t\t\t\t\t<!-- ************ FI -->\r\n\t\t\t\t\t\t\t\t\t\r\n\t\t\t\t\t\t\t\t\t\t\t\t\t\t\t\t\t\t\t\t\t\t\t\t\t\t\t\t\r\n\t\t\t\t\t\t\t\t\t\t\t\t\t\t\t\t\t\t\r\n\t\t\t\t\t\t\t\t\t<span>Presentaci\u00f3<\/span>\r\n\t\t\t\t\t\t\t\t\t\r\n\t\t\t\t\t\t\t\t\t\t\t\t\t\t\t\t\t\t\r\n\t\t\t\t\t\t\t\t\t\t\t\t\t\t\t\t\t\t\t\t\r\n\t\t\t\t\t\t\t\t\t\r\n\t\t\t\t\t\t\t\t<\/a>\r\n\t\t\t\t\t\t\t<\/li>\r\n\t\t\t\t\t\t\t\r\n\t\t\t\t\t\t\t<li role=\"presentation\"  onclick=\"do_resize()\">\r\n\r\n\t\t\t\t\t\t\t\t<!-- XTEC ************ MODIFICAT - Disable scrolling on tab change. Fixes error in option \"Tabs Description Animation\" -->\r\n\t\t\t\t\t\t\t\t<!-- 2021.12.01 @aginard -->\r\n\t\t\t\t\t\t\t\t<a href=\"javascript:void(0);\" aria-controls=\"tabs_desc_9003_3\" role=\"tab\" data-toggle=\"tab\" data-target=\"#tabs_desc_9003_3\">\r\n\t\t\t\t\t\t\t\t<!-- ORIGINAL\r\n\t\t\t\t\t\t\t\t<a href=\"#tabs_desc_9003_3\" aria-controls=\"tabs_desc_9003_3\" role=\"tab\" data-toggle=\"tab\">\r\n\t\t\t\t\t\t\t\t-->\r\n\t\t\t\t\t\t\t\t<!-- ************ FI -->\r\n\t\t\t\t\t\t\t\t\t\r\n\t\t\t\t\t\t\t\t\t\t\t\t\t\t\t\t\t\t\t\t\t\t\t\t\t\t\t\t\r\n\t\t\t\t\t\t\t\t\t\t\t\t\t\t\t\t\t\t\r\n\t\t\t\t\t\t\t\t\t<span>V\u00eddeo<\/span>\r\n\t\t\t\t\t\t\t\t\t\r\n\t\t\t\t\t\t\t\t\t\t\t\t\t\t\t\t\t\t\r\n\t\t\t\t\t\t\t\t\t\t\t\t\t\t\t\t\t\t\t\t\r\n\t\t\t\t\t\t\t\t\t\r\n\t\t\t\t\t\t\t\t<\/a>\r\n\t\t\t\t\t\t\t<\/li>\r\n\t\t\t\t\t\t\t\t\t\t\t <\/ul>\r\n\r\n\t\t\t\t\t  <!-- Tab panes -->\r\n\t\t\t\t\t  <div class=\"tab-content\" id=\"tab-content_9003\">\r\n\t\t\t\t\t\t\t\t\t\t\t\t <div role=\"tabpanel\" class=\"tab-pane  in active \" id=\"tabs_desc_9003_1\">\r\n\t\t\t\t\t\t\t\t<h3 style=\"text-align: left;\">PROJECTE INICIAL<\/h3>\n<table>\n<tbody>\n<tr>\n<td style=\"width: 437.273px;\">\n<h6><a href=\"https:\/\/agora.xtec.cat\/iesagustiserra\/eso\/el-projecte-comencem\/\" target=\"_blank\" rel=\"noopener noreferrer\">Comencem a cooperar!<\/a><\/h6>\n<h6><a href=\"https:\/\/agora.xtec.cat\/iesagustiserra\/eso\/el-projecte-comencem\/\" target=\"_blank\" rel=\"noopener noreferrer\"><img loading=\"lazy\" decoding=\"async\" class=\"alignnone size-large wp-image-9028\" src=\"https:\/\/agora.xtec.cat\/iesagustiserra\/wp-content\/uploads\/usu1681\/2021\/02\/Comencem-2-1024x566.jpg\" alt=\"Institut Agust\u00ed Serra\" width=\"1024\" height=\"566\" srcset=\"https:\/\/agora.xtec.cat\/iesagustiserra\/wp-content\/uploads\/usu1681\/2021\/02\/Comencem-2-1024x566.jpg 1024w, https:\/\/agora.xtec.cat\/iesagustiserra\/wp-content\/uploads\/usu1681\/2021\/02\/Comencem-2-300x166.jpg 300w, https:\/\/agora.xtec.cat\/iesagustiserra\/wp-content\/uploads\/usu1681\/2021\/02\/Comencem-2-768x425.jpg 768w, https:\/\/agora.xtec.cat\/iesagustiserra\/wp-content\/uploads\/usu1681\/2021\/02\/Comencem-2.jpg 1284w\" sizes=\"auto, (max-width: 1024px) 100vw, 1024px\" \/><\/a><\/h6>\n<\/td>\n<td style=\"width: 412.727px; text-align: justify;\">Projecte que es duu a terme durant la primera setmana del curs, amb la finalitat d'establir vincles entre el nou alumnat i donar a con\u00e8ixer les metodologies i els rols del treball cooperatiu. Els i les alumnes aprenen i comprenen el significat del terme <em>cooperar<\/em> mitjan\u00e7ant activitats din\u00e0miques que posen de manifest que treballar de manera cooperativa \u00e9s prendre part amb altres persones en la tasca d'assolir un b\u00e9 com\u00fa.<\/td>\n<\/tr>\n<\/tbody>\n<\/table>\n<h3 style=\"text-align: left;\">PROJECTES TRIMESTRALS<\/h3>\n<table>\n<tbody>\n<tr>\n<td style=\"width: 437.273px;\">\n<h6><a href=\"https:\/\/agora.xtec.cat\/iesagustiserra\/categoria\/projectes\/projectes-1-eso\/marxem-de-colonies\/\" target=\"_blank\" rel=\"noopener noreferrer\"><strong>Marxem de col\u00f2nies!<\/strong><\/a><\/h6>\n<p><a href=\"https:\/\/agora.xtec.cat\/iesagustiserra\/categoria\/projectes\/projectes-1-eso\/marxem-de-colonies\/\" target=\"_blank\" rel=\"noopener noreferrer\"><img loading=\"lazy\" decoding=\"async\" class=\"alignnone size-large wp-image-8898\" src=\"https:\/\/agora.xtec.cat\/iesagustiserra\/wp-content\/uploads\/usu1681\/2021\/02\/marxem-1024x490.png\" alt=\"Institut Agust\u00ed Serra\" width=\"1024\" height=\"490\" srcset=\"https:\/\/agora.xtec.cat\/iesagustiserra\/wp-content\/uploads\/usu1681\/2021\/02\/marxem-1024x490.png 1024w, https:\/\/agora.xtec.cat\/iesagustiserra\/wp-content\/uploads\/usu1681\/2021\/02\/marxem-300x144.png 300w, https:\/\/agora.xtec.cat\/iesagustiserra\/wp-content\/uploads\/usu1681\/2021\/02\/marxem-768x367.png 768w, https:\/\/agora.xtec.cat\/iesagustiserra\/wp-content\/uploads\/usu1681\/2021\/02\/marxem.png 1758w\" sizes=\"auto, (max-width: 1024px) 100vw, 1024px\" \/><\/a><\/td>\n<td style=\"width: 412.727px; text-align: justify;\">Aquest trimestre els nostres alumnes de 1r d\u2019ESO (A\/C o 1rD\/E) han treballat en el projecte interdisciplinari \u201cMarxem de col\u00f2nies\u201d. L\u2019objectiu: preparar ells mateixos unes col\u00f2nies d\u2019una durada de tres dies i dues nits totes plenes d\u2019activitats culturals i l\u00fadiques. I sabeu qu\u00e8? Ens ho hem passat d\u2019all\u00f2 m\u00e9s b\u00e9 compartint aprenentatges i experi\u00e8ncies juntament amb la il.lusi\u00f3 d\u2019embarcar-nos tots junts en aquest viatge. T\u2019hi apuntes? Es un projecte trimestral i multidisciplinar, en qu\u00e8 hi participaran els \u00e0mbits cient\u00edfico-tecnol\u00f2gic, social, matem\u00e0tic i ling\u00fc\u00edstic.<\/td>\n<\/tr>\n<tr>\n<td style=\"width: 437.273px; text-align: left;\">\n<h6><a href=\"https:\/\/agora.xtec.cat\/iesagustiserra\/categoria\/projectes\/projectes-1-eso\/es-pot-aprendre-amb-un-videojoc\/\" target=\"_blank\" rel=\"noopener noreferrer\"><b>Es pot aprendre amb un videojoc?<\/b><\/a><\/h6>\n<p><a href=\"https:\/\/agora.xtec.cat\/iesagustiserra\/categoria\/projectes\/projectes-1-eso\/es-pot-aprendre-amb-un-videojoc\/\" target=\"_blank\" rel=\"noopener noreferrer\"><img loading=\"lazy\" decoding=\"async\" class=\"alignnone size-large wp-image-8891\" src=\"https:\/\/agora.xtec.cat\/iesagustiserra\/wp-content\/uploads\/usu1681\/2021\/02\/Scratch-1024x461.jpg\" alt=\"Institut Agust\u00ed Serra\" width=\"1024\" height=\"461\" srcset=\"https:\/\/agora.xtec.cat\/iesagustiserra\/wp-content\/uploads\/usu1681\/2021\/02\/Scratch-1024x461.jpg 1024w, https:\/\/agora.xtec.cat\/iesagustiserra\/wp-content\/uploads\/usu1681\/2021\/02\/Scratch-300x135.jpg 300w, https:\/\/agora.xtec.cat\/iesagustiserra\/wp-content\/uploads\/usu1681\/2021\/02\/Scratch-768x346.jpg 768w, https:\/\/agora.xtec.cat\/iesagustiserra\/wp-content\/uploads\/usu1681\/2021\/02\/Scratch.jpg 1799w\" sizes=\"auto, (max-width: 1024px) 100vw, 1024px\" \/><\/a><\/td>\n<td style=\"width: 412.727px; text-align: justify;\">En aquest projecte es treballa amb el llenguatge de programaci\u00f3 visual scratch per crear i dissenyar un videojoc contextualitzat en la Prehist\u00f2ria que servir\u00e0 per aprendre aspectes relacionats amb aquesta etapa de la hist\u00f2ria. Es un projecte trimestral i multidisciplinar, en qu\u00e8 hi participen els \u00e0mbits cient\u00edfico-tecnol\u00f2gic, social, matem\u00e0tic i ling\u00fc\u00edstic.<\/td>\n<\/tr>\n<tr>\n<td style=\"width: 437.273px;\">\n<h6><a href=\"https:\/\/agora.xtec.cat\/iesagustiserra\/categoria\/projectes\/projectes-1-eso\/que-fem-quan-no-fem-res-actuem\/\" target=\"_blank\" rel=\"noopener noreferrer\"><b>Qu\u00e8 fem quan no fem res? Actuem!<\/b><\/a><\/h6>\n<p><a href=\"https:\/\/agora.xtec.cat\/iesagustiserra\/categoria\/projectes\/projectes-1-eso\/que-fem-quan-no-fem-res-actuem\/\" target=\"_blank\" rel=\"noopener noreferrer\"><img loading=\"lazy\" decoding=\"async\" class=\"alignnone size-full wp-image-8919\" src=\"https:\/\/agora.xtec.cat\/iesagustiserra\/wp-content\/uploads\/usu1681\/2021\/02\/Curtmetratge.png\" alt=\"Institut Agust\u00ed Serra\" width=\"471\" height=\"220\" srcset=\"https:\/\/agora.xtec.cat\/iesagustiserra\/wp-content\/uploads\/usu1681\/2021\/02\/Curtmetratge.png 471w, https:\/\/agora.xtec.cat\/iesagustiserra\/wp-content\/uploads\/usu1681\/2021\/02\/Curtmetratge-300x140.png 300w\" sizes=\"auto, (max-width: 471px) 100vw, 471px\" \/><\/a><\/td>\n<td style=\"width: 412.727px; text-align: justify;\">Despr\u00e9s de parlar de les emocions, les microexpressions, els or\u00edgens del cinema i de crear el primer curt inspirat en el cinema mut, aquest projecte t\u00e9 com a finalitat elaborar un curtmetratge per prevenir i fomentar la reflexi\u00f3 sobre l\u2019assetjament escolar. A m\u00e9s, el mateix curtmetratge servir\u00e0 com a recurs did\u00e0ctic per presentar el programa TEI (Tutoria entre iguals) a la comunitat educativa de l\u2019Institut Agust\u00ed Serra.Es tracta d\u2019un projecte interdisciplinari dels \u00e0mbits ling\u00fc\u00edstic, tecnol\u00f2gic, digital i art\u00edstic.<\/td>\n<\/tr>\n<\/tbody>\n<\/table>\n<h3><\/h3>\n<h3 style=\"text-align: left;\">PROJECTES TRANSVERSALS<\/h3>\n<table>\n<tbody>\n<tr>\n<td style=\"width: 437.273px;\">\n<h6><a href=\"https:\/\/agora.xtec.cat\/iesagustiserra\/categoria\/projectes\/radio-as\/\" target=\"_blank\" rel=\"noopener noreferrer\"><b>R\u00e0dio AS<\/b><\/a><\/h6>\n<p><a href=\"https:\/\/agora.xtec.cat\/iesagustiserra\/categoria\/projectes\/radio-as\/\" target=\"_blank\" rel=\"noopener noreferrer\"><img loading=\"lazy\" decoding=\"async\" class=\"alignnone size-large wp-image-8894\" src=\"https:\/\/agora.xtec.cat\/iesagustiserra\/wp-content\/uploads\/usu1681\/2021\/02\/R\u00e0dio-AS-1-1024x443.jpg\" alt=\"Institut Agust\u00ed Serra\" width=\"1024\" height=\"443\" srcset=\"https:\/\/agora.xtec.cat\/iesagustiserra\/wp-content\/uploads\/usu1681\/2021\/02\/R\u00e0dio-AS-1-1024x443.jpg 1024w, https:\/\/agora.xtec.cat\/iesagustiserra\/wp-content\/uploads\/usu1681\/2021\/02\/R\u00e0dio-AS-1-300x130.jpg 300w, https:\/\/agora.xtec.cat\/iesagustiserra\/wp-content\/uploads\/usu1681\/2021\/02\/R\u00e0dio-AS-1-768x333.jpg 768w, https:\/\/agora.xtec.cat\/iesagustiserra\/wp-content\/uploads\/usu1681\/2021\/02\/R\u00e0dio-AS-1.jpg 2016w\" sizes=\"auto, (max-width: 1024px) 100vw, 1024px\" \/><\/a><\/td>\n<td style=\"width: 412.727px; text-align: justify;\">Amb la intenci\u00f3 de millorar l\u2019expressi\u00f3 oral i escrita a 1r i 2n, la interacci\u00f3 entre alumnes que cursen estudis i\/o cursos diferents i difondre entre la comunitat educativa not\u00edcies d\u2019actualitat, es fan unes sessions a R\u00e0dio Agust\u00ed Serra, on els alumnes treballen, redacten i transmeten mitjan\u00e7ant una gravaci\u00f3 o en directe, aquestes not\u00edcies que es publiquen al web del nostre centre. En aquesttaller participen grups de 3 persones aprox. de diferents nivells de secund\u00e0riaobligat\u00f2ria i postobligat\u00f2ria.<\/td>\n<\/tr>\n<tr>\n<td style=\"width: 437.273px;\">\n<h6><a href=\"https:\/\/agora.xtec.cat\/iesagustiserra\/categoria\/projectes\/stolpersteine\/\" target=\"_blank\" rel=\"noopener noreferrer\"><b>Stolpersteine<\/b><\/a><\/h6>\n<p><a href=\"https:\/\/agora.xtec.cat\/iesagustiserra\/categoria\/projectes\/stolpersteine\/\" target=\"_blank\" rel=\"noopener noreferrer\"><img loading=\"lazy\" decoding=\"async\" class=\"alignnone size-large wp-image-8892\" src=\"https:\/\/agora.xtec.cat\/iesagustiserra\/wp-content\/uploads\/usu1681\/2021\/02\/Stolpersteine-1024x540.jpg\" alt=\"Institut Agust\u00ed Serra\" width=\"1024\" height=\"540\" srcset=\"https:\/\/agora.xtec.cat\/iesagustiserra\/wp-content\/uploads\/usu1681\/2021\/02\/Stolpersteine-1024x540.jpg 1024w, https:\/\/agora.xtec.cat\/iesagustiserra\/wp-content\/uploads\/usu1681\/2021\/02\/Stolpersteine-300x158.jpg 300w, https:\/\/agora.xtec.cat\/iesagustiserra\/wp-content\/uploads\/usu1681\/2021\/02\/Stolpersteine-768x405.jpg 768w, https:\/\/agora.xtec.cat\/iesagustiserra\/wp-content\/uploads\/usu1681\/2021\/02\/Stolpersteine.jpg 1522w\" sizes=\"auto, (max-width: 1024px) 100vw, 1024px\" \/><\/a><\/td>\n<td style=\"width: 412.727px; text-align: justify;\">El nostre projecte es basa en les llambordes \u2013 stolpersteine que l\u2019Ajuntament de Sabadell juntament amb les entitats com el Memorial Democr\u00e0tic i l\u2019Amical de Mauthausen, varen col\u00b7locar el 27 de gener del 2018 a la nostra ciutat com a acte d\u2019homenatge i reconeixement als sabadellencs que, en el marc de la Guerra Civil Espanyola i la Segona Guerra Mundial (1936-1945), varen ser deportats als camps de concentraci\u00f3 nazi, varen viure l\u2019horror i varen ser assassinats. No oblidem el nostre passat i intentem construir un pa\u00eds millor.<\/td>\n<\/tr>\n<\/tbody>\n<\/table>\n\t\t\t\t\t\t <\/div>\r\n\t\t\t\t\t\t\t\t\t\t\t\t <div role=\"tabpanel\" class=\"tab-pane \" id=\"tabs_desc_9003_2\">\r\n\t\t\t\t\t\t\t\t<div style=\"text-align: center;\">\n<p><iframe loading=\"lazy\" src=\"https:\/\/docs.google.com\/presentation\/d\/e\/2PACX-1vSn9b0zvfPsKhoXDlLwbwdpwRwd-naJTr-FCz8Vr4_dvFxfU0kFJXnPvcMsP-3YjCzWCzkfqB81wedR\/embed?start=false&loop=false&delayms=3000\" width=\"960\" height=\"749\" frameborder=\"0\"><\/iframe><\/p>\n<hr \/>\n<\/div>\n\t\t\t\t\t\t <\/div>\r\n\t\t\t\t\t\t\t\t\t\t\t\t <div role=\"tabpanel\" class=\"tab-pane \" id=\"tabs_desc_9003_3\">\r\n\t\t\t\t\t\t\t\t<p><iframe loading=\"lazy\" src=\"https:\/\/www.youtube.com\/embed\/iDnmlUdTp3U\" width=\"560\" height=\"315\" frameborder=\"0\"><\/iframe><\/p>\n\t\t\t\t\t\t <\/div>\r\n\t\t\t\t\t\t\t\r\n\t\t\t\t\t <\/div>\r\n\t\t\t\t\t \r\n\t\t\t\t <\/div>\r\n <script>\r\n\t\tjQuery(function () {\r\n\t\t\tjQuery('#myTab_9003 a:first').tab('show')\r\n\t\t});\r\n\t\t\r\n\t\t\r\n\r\n\t\tfunction do_resize(){\r\n\r\n\t\t\tvar width=jQuery( '.tab-content .tab-pane iframe' ).width();\r\n\t\t\tvar height=jQuery( '.tab-content .tab-pane iframe' ).height();\r\n\r\n\t\t\tvar toggleSize = true;\r\n\t\t\tjQuery('iframe').animate({\r\n\t\t\t    width: toggleSize ? width : 640,\r\n\t\t\t    height: toggleSize ? height : 360\r\n\t\t\t  }, 250);\r\n\r\n\t\t\t  toggleSize = !toggleSize;\r\n\t\t}\r\n\r\n\r\n\t<\/script>\r\n\t\t\t\t\r\n\t\t\t\n","protected":false},"excerpt":{"rendered":"","protected":false},"author":1,"featured_media":0,"parent":0,"menu_order":0,"comment_status":"closed","ping_status":"closed","template":"","meta":{"site-sidebar-layout":"default","site-content-layout":"","ast-site-content-layout":"","site-content-style":"default","site-sidebar-style":"default","ast-global-header-display":"","ast-banner-title-visibility":"","ast-main-header-display":"","ast-hfb-above-header-display":"","ast-hfb-below-header-display":"","ast-hfb-mobile-header-display":"","site-post-title":"","ast-breadcrumbs-content":"","ast-featured-img":"","footer-sml-layout":"","theme-transparent-header-meta":"","adv-header-id-meta":"","stick-header-meta":"","header-above-stick-meta":"","header-main-stick-meta":"","header-below-stick-meta":"","astra-migrate-meta-layouts":"default","ast-page-background-enabled":"default","ast-page-background-meta":{"desktop":{"background-color":"var(--ast-global-color-4)","background-image":"","background-repeat":"repeat","background-position":"center center","background-size":"auto","background-attachment":"scroll","background-type":"","background-media":"","overlay-type":"","overlay-color":"","overlay-opacity":"","overlay-gradient":""},"tablet":{"background-color":"","background-image":"","background-repeat":"repeat","background-position":"center center","background-size":"auto","background-attachment":"scroll","background-type":"","background-media":"","overlay-type":"","overlay-color":"","overlay-opacity":"","overlay-gradient":""},"mobile":{"background-color":"","background-image":"","background-repeat":"repeat","background-position":"center center","background-size":"auto","background-attachment":"scroll","background-type":"","background-media":"","overlay-type":"","overlay-color":"","overlay-opacity":"","overlay-gradient":""}},"ast-content-background-meta":{"desktop":{"background-color":"var(--ast-global-color-5)","background-image":"","background-repeat":"repeat","background-position":"center center","background-size":"auto","background-attachment":"scroll","background-type":"","background-media":"","overlay-type":"","overlay-color":"","overlay-opacity":"","overlay-gradient":""},"tablet":{"background-color":"var(--ast-global-color-5)","background-image":"","background-repeat":"repeat","background-position":"center center","background-size":"auto","background-attachment":"scroll","background-type":"","background-media":"","overlay-type":"","overlay-color":"","overlay-opacity":"","overlay-gradient":""},"mobile":{"background-color":"var(--ast-global-color-5)","background-image":"","background-repeat":"repeat","background-position":"center center","background-size":"auto","background-attachment":"scroll","background-type":"","background-media":"","overlay-type":"","overlay-color":"","overlay-opacity":"","overlay-gradient":""}},"footnotes":""},"class_list":["post-9086","page","type-page","status-publish","hentry"],"post_mailing_queue_ids":[],"_links":{"self":[{"href":"https:\/\/agora.xtec.cat\/iesagustiserra\/wp-json\/wp\/v2\/pages\/9086","targetHints":{"allow":["GET"]}}],"collection":[{"href":"https:\/\/agora.xtec.cat\/iesagustiserra\/wp-json\/wp\/v2\/pages"}],"about":[{"href":"https:\/\/agora.xtec.cat\/iesagustiserra\/wp-json\/wp\/v2\/types\/page"}],"author":[{"embeddable":true,"href":"https:\/\/agora.xtec.cat\/iesagustiserra\/wp-json\/wp\/v2\/users\/1"}],"replies":[{"embeddable":true,"href":"https:\/\/agora.xtec.cat\/iesagustiserra\/wp-json\/wp\/v2\/comments?post=9086"}],"version-history":[{"count":2,"href":"https:\/\/agora.xtec.cat\/iesagustiserra\/wp-json\/wp\/v2\/pages\/9086\/revisions"}],"predecessor-version":[{"id":9090,"href":"https:\/\/agora.xtec.cat\/iesagustiserra\/wp-json\/wp\/v2\/pages\/9086\/revisions\/9090"}],"wp:attachment":[{"href":"https:\/\/agora.xtec.cat\/iesagustiserra\/wp-json\/wp\/v2\/media?parent=9086"}],"curies":[{"name":"wp","href":"https:\/\/api.w.org\/{rel}","templated":true}]}}