{"id":8680,"date":"2021-02-13T17:45:45","date_gmt":"2021-02-13T16:45:45","guid":{"rendered":"http:\/\/agora.xtec.cat\/iesagustiserra\/?page_id=8680"},"modified":"2024-10-17T13:17:14","modified_gmt":"2024-10-17T11:17:14","slug":"arts-grafiques","status":"publish","type":"page","link":"https:\/\/agora.xtec.cat\/iesagustiserra\/portal-empreses\/novetats-estades-empreses\/fp-dual-intensiva\/arts-grafiques\/","title":{"rendered":"Arts gr\u00e0fiques"},"content":{"rendered":"<p><a href=\"https:\/\/agora.xtec.cat\/iesagustiserra\/wp-content\/uploads\/usu1681\/2021\/02\/Arts-Grafiques-INS-Agusti-Serra-Fontanet-FP-Dual-Sabadell.jpg\"><img loading=\"lazy\" decoding=\"async\" class=\"size-full wp-image-8704 aligncenter\" src=\"https:\/\/agora.xtec.cat\/iesagustiserra\/wp-content\/uploads\/usu1681\/2021\/02\/Arts-Grafiques-INS-Agusti-Serra-Fontanet-FP-Dual-Sabadell.jpg\" alt=\"\" width=\"983\" height=\"413\" srcset=\"https:\/\/agora.xtec.cat\/iesagustiserra\/wp-content\/uploads\/usu1681\/2021\/02\/Arts-Grafiques-INS-Agusti-Serra-Fontanet-FP-Dual-Sabadell.jpg 983w, https:\/\/agora.xtec.cat\/iesagustiserra\/wp-content\/uploads\/usu1681\/2021\/02\/Arts-Grafiques-INS-Agusti-Serra-Fontanet-FP-Dual-Sabadell-300x126.jpg 300w, https:\/\/agora.xtec.cat\/iesagustiserra\/wp-content\/uploads\/usu1681\/2021\/02\/Arts-Grafiques-INS-Agusti-Serra-Fontanet-FP-Dual-Sabadell-768x323.jpg 768w\" sizes=\"auto, (max-width: 983px) 100vw, 983px\" \/><\/a><\/p>\n<table style=\"width: 100%;\" border=\"1\">\n<tbody>\n<tr>\n<td style=\"vertical-align: top;\">\n<h4><span style=\"color: #55cd00;\"><strong>CFGM Preimpressi\u00f3 digital<\/strong><\/span><\/h4>\n<ul>\n<li>Realitzar les operacions d\u2019assemblatge en publicacions electr\u00f2niques.<\/li>\n<li>Tractament i compaginaci\u00f3 de textos i imatges.<\/li>\n<li>Imposici\u00f3 de p\u00e0gines.<\/li>\n<li>Obtenci\u00f3 digital de les formes impressores.<\/li>\n<li>Impressi\u00f3 amb procediments digitals, sota criteris de qualitat i compliment de la normativa de seguretat i protecci\u00f3 ambiental.<\/li>\n<\/ul>\n<p><strong>Sectors empresarials:<\/strong><\/p>\n<ul>\n<li>Impressores.<\/li>\n<li>Maquetadores.<\/li>\n<\/ul>\n<\/td>\n<td style=\"vertical-align: top;\">\n<h4><strong><span style=\"color: #55cd00;\">CFGS Disseny i edici\u00f3 de publicacions impreses i multim\u00e8dia<\/span> <\/strong><\/h4>\n<ul>\n<li>Fer les operacions d&#8217;acoblament per a publicacions electr\u00f2niques.<\/li>\n<li>Tractament i compaginaci\u00f3 de textos i imatges.<\/li>\n<li>Imposici\u00f3 de p\u00e0gines.<\/li>\n<li>Obtenci\u00f3 digital de les formes impressores i la impressi\u00f3 amb procediments digitals, garantint la qualitat i complint la normativa de seguretat i protecci\u00f3 ambiental.<\/li>\n<\/ul>\n<p><strong>Sectors empresarials: <\/strong><\/p>\n<ul>\n<li>Empreses de disseny de productes gr\u00e0fics, envasos i embalatges.<\/li>\n<li>Edici\u00f3 de publicacions impreses i electr\u00f2niques.<\/li>\n<li>Gesti\u00f3 i control de la producci\u00f3 editorial realitzant la publicaci\u00f3 i el servei d\u2019atenci\u00f3 al client.<\/li>\n<\/ul>\n<\/td>\n<\/tr>\n<\/tbody>\n<\/table>\n","protected":false},"excerpt":{"rendered":"<p>CFGM Preimpressi\u00f3 digital Realitzar les operacions d\u2019assemblatge en publicacions electr\u00f2niques. Tractament i compaginaci\u00f3 de textos i imatges. Imposici\u00f3 de p\u00e0gines. [&hellip;]<\/p>\n","protected":false},"author":1,"featured_media":0,"parent":2526,"menu_order":10,"comment_status":"closed","ping_status":"closed","template":"page-templates\/side-menu.php","meta":{"site-sidebar-layout":"default","site-content-layout":"","ast-site-content-layout":"","site-content-style":"default","site-sidebar-style":"default","ast-global-header-display":"","ast-banner-title-visibility":"","ast-main-header-display":"","ast-hfb-above-header-display":"","ast-hfb-below-header-display":"","ast-hfb-mobile-header-display":"","site-post-title":"","ast-breadcrumbs-content":"","ast-featured-img":"","footer-sml-layout":"","theme-transparent-header-meta":"","adv-header-id-meta":"","stick-header-meta":"","header-above-stick-meta":"","header-main-stick-meta":"","header-below-stick-meta":"","astra-migrate-meta-layouts":"default","ast-page-background-enabled":"default","ast-page-background-meta":{"desktop":{"background-color":"var(--ast-global-color-4)","background-image":"","background-repeat":"repeat","background-position":"center center","background-size":"auto","background-attachment":"scroll","background-type":"","background-media":"","overlay-type":"","overlay-color":"","overlay-opacity":"","overlay-gradient":""},"tablet":{"background-color":"","background-image":"","background-repeat":"repeat","background-position":"center center","background-size":"auto","background-attachment":"scroll","background-type":"","background-media":"","overlay-type":"","overlay-color":"","overlay-opacity":"","overlay-gradient":""},"mobile":{"background-color":"","background-image":"","background-repeat":"repeat","background-position":"center center","background-size":"auto","background-attachment":"scroll","background-type":"","background-media":"","overlay-type":"","overlay-color":"","overlay-opacity":"","overlay-gradient":""}},"ast-content-background-meta":{"desktop":{"background-color":"var(--ast-global-color-5)","background-image":"","background-repeat":"repeat","background-position":"center center","background-size":"auto","background-attachment":"scroll","background-type":"","background-media":"","overlay-type":"","overlay-color":"","overlay-opacity":"","overlay-gradient":""},"tablet":{"background-color":"var(--ast-global-color-5)","background-image":"","background-repeat":"repeat","background-position":"center center","background-size":"auto","background-attachment":"scroll","background-type":"","background-media":"","overlay-type":"","overlay-color":"","overlay-opacity":"","overlay-gradient":""},"mobile":{"background-color":"var(--ast-global-color-5)","background-image":"","background-repeat":"repeat","background-position":"center center","background-size":"auto","background-attachment":"scroll","background-type":"","background-media":"","overlay-type":"","overlay-color":"","overlay-opacity":"","overlay-gradient":""}},"footnotes":""},"class_list":["post-8680","page","type-page","status-publish","hentry"],"post_mailing_queue_ids":[],"_links":{"self":[{"href":"https:\/\/agora.xtec.cat\/iesagustiserra\/wp-json\/wp\/v2\/pages\/8680","targetHints":{"allow":["GET"]}}],"collection":[{"href":"https:\/\/agora.xtec.cat\/iesagustiserra\/wp-json\/wp\/v2\/pages"}],"about":[{"href":"https:\/\/agora.xtec.cat\/iesagustiserra\/wp-json\/wp\/v2\/types\/page"}],"author":[{"embeddable":true,"href":"https:\/\/agora.xtec.cat\/iesagustiserra\/wp-json\/wp\/v2\/users\/1"}],"replies":[{"embeddable":true,"href":"https:\/\/agora.xtec.cat\/iesagustiserra\/wp-json\/wp\/v2\/comments?post=8680"}],"version-history":[{"count":3,"href":"https:\/\/agora.xtec.cat\/iesagustiserra\/wp-json\/wp\/v2\/pages\/8680\/revisions"}],"predecessor-version":[{"id":8901,"href":"https:\/\/agora.xtec.cat\/iesagustiserra\/wp-json\/wp\/v2\/pages\/8680\/revisions\/8901"}],"up":[{"embeddable":true,"href":"https:\/\/agora.xtec.cat\/iesagustiserra\/wp-json\/wp\/v2\/pages\/2526"}],"wp:attachment":[{"href":"https:\/\/agora.xtec.cat\/iesagustiserra\/wp-json\/wp\/v2\/media?parent=8680"}],"curies":[{"name":"wp","href":"https:\/\/api.w.org\/{rel}","templated":true}]}}