{"id":8088,"date":"2021-01-11T13:22:27","date_gmt":"2021-01-11T12:22:27","guid":{"rendered":"http:\/\/agora.xtec.cat\/iesagustiserra\/?page_id=8088"},"modified":"2026-02-27T12:00:42","modified_gmt":"2026-02-27T11:00:42","slug":"empreses-collaboradores","status":"publish","type":"page","link":"https:\/\/agora.xtec.cat\/iesagustiserra\/portal-empreses\/empreses-collaboradores\/","title":{"rendered":"Entitats col\u00b7laboradores"},"content":{"rendered":"\n<div class=\"wp-block-getwid-table-of-contents is-style-default\"><ul class=\"wp-block-getwid-table-of-contents__list\"><li><a href=\"#gc3b8980eabce\">Ventall de les empreses col\u00b7laboradores per cicles<\/a><\/li><li><a href=\"#gde191d12f372\">Contacte<\/a><\/li><\/ul><\/div>\n\n\n\n<h5 class=\"wp-block-heading\" id=\"gc3b8980eabce\">Ventall de les empreses col\u00b7laboradores per cicles<\/h5>\n\n\n\n<div class=\"wp-block-columns is-layout-flex wp-container-core-columns-is-layout-1 wp-block-columns-is-layout-flex\">\n<div class=\"wp-block-column is-layout-flow wp-block-column-is-layout-flow\">\n<div class=\"wp-block-buttons has-electric-grass-gradient-background has-background is-content-justification-center is-layout-flex wp-container-core-buttons-is-layout-1 wp-block-buttons-is-layout-flex\">\n<div class=\"wp-block-button has-custom-width wp-block-button__width-100\" style=\"text-transform:capitalize\"><a class=\"wp-block-button__link has-background wp-element-button\" href=\"https:\/\/agora.xtec.cat\/iesagustiserra\/empreses-collaboradores-familia-activitats-fisiques-i-esportives\/\" style=\"border-style:none;border-width:0px;border-radius:0px;background:linear-gradient(135deg,rgb(202,248,128) 100%,rgb(113,206,126) 100%);padding-top:var(--wp--preset--spacing--60);padding-bottom:var(--wp--preset--spacing--60)\" target=\"_blank\" rel=\"noreferrer noopener\"><strong><mark style=\"background-color:rgba(0, 0, 0, 0);color:#000000\" class=\"has-inline-color\">Activitats f\u00edsiques i esportives<\/mark><\/strong><\/a><\/div>\n<\/div>\n<\/div>\n\n\n\n<div class=\"wp-block-column has-vivid-cyan-blue-to-vivid-purple-gradient-background has-background is-layout-flow wp-block-column-is-layout-flow\">\n<div class=\"wp-block-buttons has-vivid-cyan-blue-to-vivid-purple-gradient-background has-background is-content-justification-center is-layout-flex wp-container-core-buttons-is-layout-2 wp-block-buttons-is-layout-flex\">\n<div class=\"wp-block-button has-custom-width wp-block-button__width-100\" style=\"text-transform:capitalize\"><a class=\"wp-block-button__link has-background wp-element-button\" href=\"https:\/\/agora.xtec.cat\/iesagustiserra\/empreses-collaboradores-familia-dadministracio-i-gestio\/\" style=\"border-style:none;border-width:0px;border-radius:0px;background-color:#e0d3fa;padding-top:var(--wp--preset--spacing--60);padding-right:0;padding-bottom:var(--wp--preset--spacing--60);padding-left:0\" target=\"_blank\" rel=\"noreferrer noopener\"><strong><mark style=\"background-color:rgba(0, 0, 0, 0);color:#000000\" class=\"has-inline-color\">Administraci\u00f3 i gesti\u00f3<\/mark><\/strong><\/a><\/div>\n<\/div>\n<\/div>\n\n\n\n<div class=\"wp-block-column is-layout-flow wp-block-column-is-layout-flow\">\n<div class=\"wp-block-buttons is-content-justification-center is-layout-flex wp-container-core-buttons-is-layout-3 wp-block-buttons-is-layout-flex\">\n<div class=\"wp-block-button has-custom-width wp-block-button__width-100\" style=\"text-transform:capitalize\"><a class=\"wp-block-button__link has-background wp-element-button\" href=\"https:\/\/agora.xtec.cat\/iesagustiserra\/empreses-collaboradores-familia-darts-grafiques\/\" style=\"border-style:none;border-width:0px;border-radius:0px;background:linear-gradient(135deg,rgb(238,238,238) 100%,rgb(169,184,195) 100%);padding-top:var(--wp--preset--spacing--60);padding-bottom:var(--wp--preset--spacing--60)\" target=\"_blank\" rel=\"noreferrer noopener\"><strong><mark style=\"background-color:rgba(0, 0, 0, 0);color:#000000\" class=\"has-inline-color\">Arts gr\u00e0fiques<\/mark><\/strong><\/a><\/div>\n<\/div>\n<\/div>\n<\/div>\n\n\n\n<div class=\"wp-block-columns is-layout-flex wp-container-core-columns-is-layout-2 wp-block-columns-is-layout-flex\" style=\"padding-top:0;padding-bottom:0\">\n<div class=\"wp-block-column is-layout-flow wp-block-column-is-layout-flow\">\n<div class=\"wp-block-buttons is-layout-flex wp-block-buttons-is-layout-flex\">\n<div class=\"wp-block-button has-custom-width wp-block-button__width-100\" style=\"text-transform:capitalize\"><a class=\"wp-block-button__link has-background wp-element-button\" href=\"https:\/\/agora.xtec.cat\/iesagustiserra\/empreses-collaboradores-familia-comerc-i-marqueting\/\" style=\"border-style:none;border-width:0px;border-radius:0px;background-color:#f50000a3;padding-top:var(--wp--preset--spacing--60);padding-bottom:var(--wp--preset--spacing--60)\" target=\"_blank\" rel=\"noreferrer noopener\"><strong><mark style=\"background-color:rgba(0, 0, 0, 0);color:#000000\" class=\"has-inline-color\">Comer\u00e7 i m\u00e0rqueting<\/mark><\/strong><\/a><\/div>\n<\/div>\n<\/div>\n\n\n\n<div class=\"wp-block-column is-layout-flow wp-block-column-is-layout-flow\" style=\"padding-top:0;padding-bottom:0\">\n<div class=\"wp-block-buttons is-layout-flex wp-block-buttons-is-layout-flex\">\n<div class=\"wp-block-button has-custom-width wp-block-button__width-100\" style=\"text-transform:capitalize\"><a class=\"wp-block-button__link has-background wp-element-button\" href=\"https:\/\/agora.xtec.cat\/iesagustiserra\/empreses-collaboradores-familia-delectricitat-i-electronica\/\" style=\"border-style:none;border-width:0px;border-radius:0px;background-color:#59eeb8;padding-top:var(--wp--preset--spacing--60);padding-right:0;padding-bottom:var(--wp--preset--spacing--60);padding-left:0\" target=\"_blank\" rel=\"noreferrer noopener\"><strong><mark style=\"background-color:rgba(0, 0, 0, 0);color:#000000\" class=\"has-inline-color\">Electricitat i electr\u00f2nica<\/mark><\/strong><\/a><\/div>\n<\/div>\n<\/div>\n\n\n\n<div class=\"wp-block-column is-layout-flow wp-block-column-is-layout-flow\">\n<div class=\"wp-block-buttons is-layout-flex wp-block-buttons-is-layout-flex\"><\/div>\n<\/div>\n<\/div>\n\n\n\n<div style=\"height:34px\" aria-hidden=\"true\" class=\"wp-block-spacer\"><\/div>\n\n\n\n<p>A l\u2019Institut&nbsp;Agust\u00ed Serra i Fontanet&nbsp;volem&nbsp;agrair i recon\u00e8ixer la col\u00b7laboraci\u00f3 de les entitats que aporten un valor extraordinari a la formaci\u00f3 del nostre alumnat, apropant la realitat professional i social a l\u2019aula mitjan\u00e7ant&nbsp;estades de formaci\u00f3, projectes, xerrades, tallers i activitats.<\/p>\n\n\n\n<p>Tot i que moltes d\u2019aquestes&nbsp;relacions&nbsp;es desenvolupen al&nbsp;Vall\u00e8s Occidental, tamb\u00e9 establim vincles amb&nbsp;empreses i organitzacions d\u2019altres comarques de Catalunya i de diferents prov\u00edncies de l\u2019estat espanyol, ampliant les oportunitats d\u2019aprenentatge i enriquint l\u2019experi\u00e8ncia educativa del nostre alumnat.<\/p>\n\n\n\n<p>Aquestes&nbsp;cooperacions&nbsp;faciliten als estudiants l\u2019oportunitat de&nbsp;con\u00e8ixer de primera m\u00e0 el m\u00f3n professional i social, refor\u00e7ant les seves compet\u00e8ncies, desenvolupament personal i preparaci\u00f3 per al futur.<\/p>\n\n\n\n<p>Les empreses que col\u00b7laboren amb l\u2019institut en la formaci\u00f3 pr\u00e0ctica dels alumnes (FCT), formaci\u00f3 Dual s\u00f3n moltes i variades. Tot i que la majoria de les empreses pertanyen a la comarca del Vall\u00e8s Occidental, tamb\u00e9 treballem amb empreses d\u2019altres comarques catalanes i tamb\u00e9 amb altres prov\u00edncies de l\u2019estat espanyol.<br>Des d\u2019aqu\u00ed volem recon\u00e8ixer la tasca que realitzen totes aquestes empreses i agrair el seu esfor\u00e7 i la seva dedicaci\u00f3. <\/p>\n\n\n\n<p>Moltes gr\u00e0cies a totes les persones que fan possible la formaci\u00f3 en els centres de treball.<\/p>\n\n\n\n<h5 class=\"wp-block-heading\" id=\"gde191d12f372\">Contacte<\/h5>\n\n\n\n<p>Si esteu interessats a acollir alumnes en pr\u00e0ctiques en la formaci\u00f3 dual, contacteu amb nosaltres a trav\u00e9s del correu del centre: <a href=\"mailto:a8039203@xtec.cat\">a8039203@xtec.cat.<\/a><\/p>\n\n\n\n<p><\/p>\n","protected":false},"excerpt":{"rendered":"<p>Ventall de les empreses col\u00b7laboradores per cicles A l\u2019Institut&nbsp;Agust\u00ed Serra i Fontanet&nbsp;volem&nbsp;agrair i recon\u00e8ixer la col\u00b7laboraci\u00f3 de les entitats que [&hellip;]<\/p>\n","protected":false},"author":1,"featured_media":0,"parent":8691,"menu_order":40,"comment_status":"closed","ping_status":"closed","template":"","meta":{"site-sidebar-layout":"default","site-content-layout":"","ast-site-content-layout":"default","site-content-style":"default","site-sidebar-style":"default","ast-global-header-display":"","ast-banner-title-visibility":"","ast-main-header-display":"","ast-hfb-above-header-display":"","ast-hfb-below-header-display":"","ast-hfb-mobile-header-display":"","site-post-title":"","ast-breadcrumbs-content":"","ast-featured-img":"","footer-sml-layout":"","theme-transparent-header-meta":"","adv-header-id-meta":"","stick-header-meta":"","header-above-stick-meta":"","header-main-stick-meta":"","header-below-stick-meta":"","astra-migrate-meta-layouts":"set","ast-page-background-enabled":"default","ast-page-background-meta":{"desktop":{"background-color":"var(--ast-global-color-4)","background-image":"","background-repeat":"repeat","background-position":"center center","background-size":"auto","background-attachment":"scroll","background-type":"","background-media":"","overlay-type":"","overlay-color":"","overlay-opacity":"","overlay-gradient":""},"tablet":{"background-color":"","background-image":"","background-repeat":"repeat","background-position":"center center","background-size":"auto","background-attachment":"scroll","background-type":"","background-media":"","overlay-type":"","overlay-color":"","overlay-opacity":"","overlay-gradient":""},"mobile":{"background-color":"","background-image":"","background-repeat":"repeat","background-position":"center center","background-size":"auto","background-attachment":"scroll","background-type":"","background-media":"","overlay-type":"","overlay-color":"","overlay-opacity":"","overlay-gradient":""}},"ast-content-background-meta":{"desktop":{"background-color":"var(--ast-global-color-5)","background-image":"","background-repeat":"repeat","background-position":"center center","background-size":"auto","background-attachment":"scroll","background-type":"","background-media":"","overlay-type":"","overlay-color":"","overlay-opacity":"","overlay-gradient":""},"tablet":{"background-color":"var(--ast-global-color-5)","background-image":"","background-repeat":"repeat","background-position":"center center","background-size":"auto","background-attachment":"scroll","background-type":"","background-media":"","overlay-type":"","overlay-color":"","overlay-opacity":"","overlay-gradient":""},"mobile":{"background-color":"var(--ast-global-color-5)","background-image":"","background-repeat":"repeat","background-position":"center center","background-size":"auto","background-attachment":"scroll","background-type":"","background-media":"","overlay-type":"","overlay-color":"","overlay-opacity":"","overlay-gradient":""}},"footnotes":""},"class_list":["post-8088","page","type-page","status-publish","hentry"],"post_mailing_queue_ids":[],"_links":{"self":[{"href":"https:\/\/agora.xtec.cat\/iesagustiserra\/wp-json\/wp\/v2\/pages\/8088","targetHints":{"allow":["GET"]}}],"collection":[{"href":"https:\/\/agora.xtec.cat\/iesagustiserra\/wp-json\/wp\/v2\/pages"}],"about":[{"href":"https:\/\/agora.xtec.cat\/iesagustiserra\/wp-json\/wp\/v2\/types\/page"}],"author":[{"embeddable":true,"href":"https:\/\/agora.xtec.cat\/iesagustiserra\/wp-json\/wp\/v2\/users\/1"}],"replies":[{"embeddable":true,"href":"https:\/\/agora.xtec.cat\/iesagustiserra\/wp-json\/wp\/v2\/comments?post=8088"}],"version-history":[{"count":6,"href":"https:\/\/agora.xtec.cat\/iesagustiserra\/wp-json\/wp\/v2\/pages\/8088\/revisions"}],"predecessor-version":[{"id":38881,"href":"https:\/\/agora.xtec.cat\/iesagustiserra\/wp-json\/wp\/v2\/pages\/8088\/revisions\/38881"}],"up":[{"embeddable":true,"href":"https:\/\/agora.xtec.cat\/iesagustiserra\/wp-json\/wp\/v2\/pages\/8691"}],"wp:attachment":[{"href":"https:\/\/agora.xtec.cat\/iesagustiserra\/wp-json\/wp\/v2\/media?parent=8088"}],"curies":[{"name":"wp","href":"https:\/\/api.w.org\/{rel}","templated":true}]}}