{"id":8086,"date":"2021-01-11T13:21:47","date_gmt":"2021-01-11T12:21:47","guid":{"rendered":"http:\/\/agora.xtec.cat\/iesagustiserra\/?page_id=8086"},"modified":"2025-10-17T11:08:53","modified_gmt":"2025-10-17T09:08:53","slug":"borsa-de-treball","status":"publish","type":"page","link":"https:\/\/agora.xtec.cat\/iesagustiserra\/portal-empreses\/borsa-de-treball\/","title":{"rendered":"Borsa de Treball"},"content":{"rendered":"\n<div style=\"text-align: center;\">\n<table style=\"width: 100%; border-style: solid; border-color: #000000;\">\n<tbody>\n<tr>\n<td style=\"width: 104.673px; border-style: solid; border-color: #000000;\"><a href=\"https:\/\/agora.xtec.cat\/iesagustiserra\/categoria\/borsadetreball\/borsa-de-treball-familia-activitats-fisiques-i-esportives\/\" target=\"_blank\" rel=\"noopener\"><img decoding=\"async\" class=\"aligncenter\" src=\"https:\/\/img.icons8.com\/color\/48\/000000\/olympic-rings.png\" \/><\/a><\/td>\n<td style=\"width: 133.381px; border-style: solid; border-color: #000000;\"><img decoding=\"async\" class=\"aligncenter\" src=\"https:\/\/img.icons8.com\/color-glass\/48\/000000\/new-spreadsheet.png\" \/><\/td>\n<td style=\"width: 98.3523px; border-style: solid; border-color: #000000;\"><img decoding=\"async\" class=\"aligncenter\" src=\"https:\/\/img.icons8.com\/fluency\/48\/000000\/color-mode.png\" \/><\/td>\n<td style=\"width: 115.312px; border-style: solid; border-color: #000000;\"><img decoding=\"async\" class=\"aligncenter\" src=\"https:\/\/agora.xtec.cat\/iesagustiserra\/wp-content\/uploads\/usu1681\/2022\/03\/Icono-comerc-i-marqueting_icona_web-e1648111262976.png\" \/><\/td>\n<td style=\"width: 110.767px; border-style: solid; border-color: #000000;\"><img decoding=\"async\" class=\"aligncenter\" src=\"https:\/\/img.icons8.com\/color\/48\/000000\/electrical.png\" \/><\/td>\n<\/tr>\n<tr>\n<td style=\"width: 104.673px; border-style: solid; border-color: #000000; text-align: center;\"><a href=\"https:\/\/agora.xtec.cat\/iesagustiserra\/categoria\/borsadetreball\/borsa-de-treball-familia-activitats-fisiques-i-esportives\/\">Activitats\nf\u00edsiques i esportives<\/a><\/td>\n<td style=\"width: 133.381px; border-style: solid; border-color: #000000; text-align: center;\"><a href=\"https:\/\/agora.xtec.cat\/iesagustiserra\/categoria\/borsadetreball\/borsa-de-treball-familia-administracio-i-gestio\/\" target=\"_blank\" rel=\"noopener\">Administraci\u00f3 i gesti\u00f3<\/a><\/td>\n<td style=\"width: 98.3523px; border-style: solid; border-color: #000000; text-align: center;\"><a href=\"https:\/\/agora.xtec.cat\/iesagustiserra\/categoria\/borsadetreball\/borsa-de-treball-familia-darts-grafiques\/\" target=\"_blank\" rel=\"noopener\">Arts gr\u00e0fiques<\/a><\/td>\n<td style=\"width: 115.312px; border-style: solid; border-color: #000000; text-align: center;\"><a href=\"https:\/\/agora.xtec.cat\/iesagustiserra\/categoria\/borsadetreball\/borsa-de-treball-familia-comerc-i-marqueting\/\" target=\"_blank\" rel=\"noopener\">Comer\u00e7 i m\u00e0rqueting<\/a><\/td>\n<td style=\"width: 110.767px; border-style: solid; border-color: #000000; text-align: center;\"><a href=\"https:\/\/agora.xtec.cat\/iesagustiserra\/categoria\/borsadetreball\/borsa-de-treball-familia-delectricitat-i-electronica\/\" target=\"_blank\" rel=\"noopener\">Electricitat i electr\u00f2nica<\/a><\/td>\n<\/tr>\n<\/tbody>\n<\/table>\n<\/div>\n\n\n<p style=\"text-align: justify;\">L\u2019Institut Agust\u00ed Serra disposa d\u2019una borsa de treball per facilitar el contacte entre les empreses i els exalumnes i aix\u00ed afavorir la seva inserci\u00f3 laboral.<\/p>\n<p style=\"text-align: justify;\">Aquesta borsa est\u00e0 oberta tot l\u2019any. Les empreses interessades a contractar t\u00e8cnics i els exalumnes interessats a rebre ofertes laborals es poden posar en contacte amb nosaltres.<\/p>\n<p>Us atendrem per tel\u00e8fon o per correu electr\u00f2nic.<\/p>\n<div align=\"center\">\n<h5><a class=\"button normal\" style=\"padding: 0.5em; margin: 0.1em; color: white !important; background-color: #767676;\" href=\"https:\/\/agora.xtec.cat\/iesagustiserra\/categoria\/borsadetreball\/\" target=\"_blank\" rel=\"noopener noreferrer\">VEGEU OFERTES<\/a><\/h5>\n<\/div>","protected":false},"excerpt":{"rendered":"<p>Activitats f\u00edsiques i esportives Administraci\u00f3 i gesti\u00f3 Arts gr\u00e0fiques Comer\u00e7 i m\u00e0rqueting Electricitat i electr\u00f2nica L\u2019Institut Agust\u00ed Serra disposa d\u2019una [&hellip;]<\/p>\n","protected":false},"author":1,"featured_media":0,"parent":8691,"menu_order":30,"comment_status":"closed","ping_status":"closed","template":"","meta":{"site-sidebar-layout":"default","site-content-layout":"","ast-site-content-layout":"default","site-content-style":"default","site-sidebar-style":"default","ast-global-header-display":"","ast-banner-title-visibility":"","ast-main-header-display":"","ast-hfb-above-header-display":"","ast-hfb-below-header-display":"","ast-hfb-mobile-header-display":"","site-post-title":"","ast-breadcrumbs-content":"","ast-featured-img":"","footer-sml-layout":"","theme-transparent-header-meta":"","adv-header-id-meta":"","stick-header-meta":"","header-above-stick-meta":"","header-main-stick-meta":"","header-below-stick-meta":"","astra-migrate-meta-layouts":"set","ast-page-background-enabled":"default","ast-page-background-meta":{"desktop":{"background-color":"var(--ast-global-color-4)","background-image":"","background-repeat":"repeat","background-position":"center center","background-size":"auto","background-attachment":"scroll","background-type":"","background-media":"","overlay-type":"","overlay-color":"","overlay-opacity":"","overlay-gradient":""},"tablet":{"background-color":"","background-image":"","background-repeat":"repeat","background-position":"center center","background-size":"auto","background-attachment":"scroll","background-type":"","background-media":"","overlay-type":"","overlay-color":"","overlay-opacity":"","overlay-gradient":""},"mobile":{"background-color":"","background-image":"","background-repeat":"repeat","background-position":"center center","background-size":"auto","background-attachment":"scroll","background-type":"","background-media":"","overlay-type":"","overlay-color":"","overlay-opacity":"","overlay-gradient":""}},"ast-content-background-meta":{"desktop":{"background-color":"var(--ast-global-color-5)","background-image":"","background-repeat":"repeat","background-position":"center center","background-size":"auto","background-attachment":"scroll","background-type":"","background-media":"","overlay-type":"","overlay-color":"","overlay-opacity":"","overlay-gradient":""},"tablet":{"background-color":"var(--ast-global-color-5)","background-image":"","background-repeat":"repeat","background-position":"center center","background-size":"auto","background-attachment":"scroll","background-type":"","background-media":"","overlay-type":"","overlay-color":"","overlay-opacity":"","overlay-gradient":""},"mobile":{"background-color":"var(--ast-global-color-5)","background-image":"","background-repeat":"repeat","background-position":"center center","background-size":"auto","background-attachment":"scroll","background-type":"","background-media":"","overlay-type":"","overlay-color":"","overlay-opacity":"","overlay-gradient":""}},"footnotes":""},"class_list":["post-8086","page","type-page","status-publish","hentry"],"post_mailing_queue_ids":[],"_links":{"self":[{"href":"https:\/\/agora.xtec.cat\/iesagustiserra\/wp-json\/wp\/v2\/pages\/8086","targetHints":{"allow":["GET"]}}],"collection":[{"href":"https:\/\/agora.xtec.cat\/iesagustiserra\/wp-json\/wp\/v2\/pages"}],"about":[{"href":"https:\/\/agora.xtec.cat\/iesagustiserra\/wp-json\/wp\/v2\/types\/page"}],"author":[{"embeddable":true,"href":"https:\/\/agora.xtec.cat\/iesagustiserra\/wp-json\/wp\/v2\/users\/1"}],"replies":[{"embeddable":true,"href":"https:\/\/agora.xtec.cat\/iesagustiserra\/wp-json\/wp\/v2\/comments?post=8086"}],"version-history":[{"count":5,"href":"https:\/\/agora.xtec.cat\/iesagustiserra\/wp-json\/wp\/v2\/pages\/8086\/revisions"}],"predecessor-version":[{"id":36453,"href":"https:\/\/agora.xtec.cat\/iesagustiserra\/wp-json\/wp\/v2\/pages\/8086\/revisions\/36453"}],"up":[{"embeddable":true,"href":"https:\/\/agora.xtec.cat\/iesagustiserra\/wp-json\/wp\/v2\/pages\/8691"}],"wp:attachment":[{"href":"https:\/\/agora.xtec.cat\/iesagustiserra\/wp-json\/wp\/v2\/media?parent=8086"}],"curies":[{"name":"wp","href":"https:\/\/api.w.org\/{rel}","templated":true}]}}