{"id":7473,"date":"2020-11-16T14:19:32","date_gmt":"2020-11-16T13:19:32","guid":{"rendered":"http:\/\/agora.xtec.cat\/iesagustiserra\/?page_id=7473"},"modified":"2025-09-16T11:35:03","modified_gmt":"2025-09-16T09:35:03","slug":"pas","status":"publish","type":"page","link":"https:\/\/agora.xtec.cat\/iesagustiserra\/linstitut\/qui-som\/pas\/","title":{"rendered":"PAS"},"content":{"rendered":"\n<h4 class=\"wp-block-heading\">Personal Administratiu i Serveis<\/h4>\n\n\n\n<h6 class=\"wp-block-heading\"><strong>Secretaria<\/strong><\/h6>\n\n\n\n<figure class=\"wp-block-table\"><table><tbody><tr><td>Gonz\u00e1lez, Jos\u00e9 Miguel<\/td><\/tr><tr><td>Herrero, Montserrat<\/td><\/tr><tr><td>L\u00f3pez, Abigail<\/td><\/tr><tr><td>Ruiz, Inmaculada<\/td><\/tr><\/tbody><\/table><\/figure>\n\n\n\n<h6 class=\"wp-block-heading\"><strong>Consergeria<\/strong><\/h6>\n\n\n\n<figure class=\"wp-block-table\"><table><tbody><tr><td>Mart\u00ednez, Sonia<\/td><\/tr><tr><td>San Jos\u00e9, Carme<\/td><\/tr><tr><td>Romero, Queralt<\/td><\/tr><\/tbody><\/table><\/figure>\n\n\n\n<h6 class=\"wp-block-heading\"><strong>T\u00e8cnic\/a Integraci\u00f3&nbsp;social<\/strong><\/h6>\n\n\n\n<figure class=\"wp-block-table\"><table><tbody><tr><td>Garcia, Carolina<\/td><\/tr><tr><td>Ortega, Ana<\/td><\/tr><tr><td>Pasalamar, Joan<\/td><\/tr><\/tbody><\/table><\/figure>\n\n\n\n<h6 class=\"wp-block-heading\">&nbsp;<\/h6>\n","protected":false},"excerpt":{"rendered":"<p>Personal Administratiu i Serveis Secretaria Gonz\u00e1lez, Jos\u00e9 Miguel Herrero, Montserrat L\u00f3pez, Abigail Ruiz, Inmaculada Consergeria Mart\u00ednez, Sonia San Jos\u00e9, Carme [&hellip;]<\/p>\n","protected":false},"author":1,"featured_media":0,"parent":1964,"menu_order":100,"comment_status":"closed","ping_status":"closed","template":"","meta":{"site-sidebar-layout":"default","site-content-layout":"","ast-site-content-layout":"default","site-content-style":"default","site-sidebar-style":"default","ast-global-header-display":"","ast-banner-title-visibility":"","ast-main-header-display":"","ast-hfb-above-header-display":"","ast-hfb-below-header-display":"","ast-hfb-mobile-header-display":"","site-post-title":"","ast-breadcrumbs-content":"","ast-featured-img":"","footer-sml-layout":"","theme-transparent-header-meta":"","adv-header-id-meta":"","stick-header-meta":"","header-above-stick-meta":"","header-main-stick-meta":"","header-below-stick-meta":"","astra-migrate-meta-layouts":"set","ast-page-background-enabled":"default","ast-page-background-meta":{"desktop":{"background-color":"var(--ast-global-color-4)","background-image":"","background-repeat":"repeat","background-position":"center center","background-size":"auto","background-attachment":"scroll","background-type":"","background-media":"","overlay-type":"","overlay-color":"","overlay-opacity":"","overlay-gradient":""},"tablet":{"background-color":"","background-image":"","background-repeat":"repeat","background-position":"center center","background-size":"auto","background-attachment":"scroll","background-type":"","background-media":"","overlay-type":"","overlay-color":"","overlay-opacity":"","overlay-gradient":""},"mobile":{"background-color":"","background-image":"","background-repeat":"repeat","background-position":"center center","background-size":"auto","background-attachment":"scroll","background-type":"","background-media":"","overlay-type":"","overlay-color":"","overlay-opacity":"","overlay-gradient":""}},"ast-content-background-meta":{"desktop":{"background-color":"var(--ast-global-color-5)","background-image":"","background-repeat":"repeat","background-position":"center center","background-size":"auto","background-attachment":"scroll","background-type":"","background-media":"","overlay-type":"","overlay-color":"","overlay-opacity":"","overlay-gradient":""},"tablet":{"background-color":"var(--ast-global-color-5)","background-image":"","background-repeat":"repeat","background-position":"center center","background-size":"auto","background-attachment":"scroll","background-type":"","background-media":"","overlay-type":"","overlay-color":"","overlay-opacity":"","overlay-gradient":""},"mobile":{"background-color":"var(--ast-global-color-5)","background-image":"","background-repeat":"repeat","background-position":"center center","background-size":"auto","background-attachment":"scroll","background-type":"","background-media":"","overlay-type":"","overlay-color":"","overlay-opacity":"","overlay-gradient":""}},"footnotes":""},"class_list":["post-7473","page","type-page","status-publish","hentry"],"post_mailing_queue_ids":[],"_links":{"self":[{"href":"https:\/\/agora.xtec.cat\/iesagustiserra\/wp-json\/wp\/v2\/pages\/7473","targetHints":{"allow":["GET"]}}],"collection":[{"href":"https:\/\/agora.xtec.cat\/iesagustiserra\/wp-json\/wp\/v2\/pages"}],"about":[{"href":"https:\/\/agora.xtec.cat\/iesagustiserra\/wp-json\/wp\/v2\/types\/page"}],"author":[{"embeddable":true,"href":"https:\/\/agora.xtec.cat\/iesagustiserra\/wp-json\/wp\/v2\/users\/1"}],"replies":[{"embeddable":true,"href":"https:\/\/agora.xtec.cat\/iesagustiserra\/wp-json\/wp\/v2\/comments?post=7473"}],"version-history":[{"count":6,"href":"https:\/\/agora.xtec.cat\/iesagustiserra\/wp-json\/wp\/v2\/pages\/7473\/revisions"}],"predecessor-version":[{"id":35936,"href":"https:\/\/agora.xtec.cat\/iesagustiserra\/wp-json\/wp\/v2\/pages\/7473\/revisions\/35936"}],"up":[{"embeddable":true,"href":"https:\/\/agora.xtec.cat\/iesagustiserra\/wp-json\/wp\/v2\/pages\/1964"}],"wp:attachment":[{"href":"https:\/\/agora.xtec.cat\/iesagustiserra\/wp-json\/wp\/v2\/media?parent=7473"}],"curies":[{"name":"wp","href":"https:\/\/api.w.org\/{rel}","templated":true}]}}