{"id":7462,"date":"2020-11-16T13:39:50","date_gmt":"2020-11-16T12:39:50","guid":{"rendered":"http:\/\/agora.xtec.cat\/iesagustiserra\/?page_id=7462"},"modified":"2025-03-27T11:40:34","modified_gmt":"2025-03-27T10:40:34","slug":"ife","status":"publish","type":"page","link":"https:\/\/agora.xtec.cat\/iesagustiserra\/estudis\/ife\/","title":{"rendered":"IFE (Auxiliar en manteniment d&#8217;instal\u00b7lacions esportives)"},"content":{"rendered":"\n<div class=\"wp-block-columns is-layout-flex wp-container-core-columns-is-layout-1 wp-block-columns-is-layout-flex\">\n<div class=\"wp-block-column is-layout-flow wp-block-column-is-layout-flow\">\n<figure data-wp-context=\"{&quot;imageId&quot;:&quot;69e209b839e84&quot;}\" data-wp-interactive=\"core\/image\" class=\"wp-block-image aligncenter size-full is-resized wp-lightbox-container\"><img loading=\"lazy\" decoding=\"async\" width=\"947\" height=\"596\" data-wp-class--hide=\"state.isContentHidden\" data-wp-class--show=\"state.isContentVisible\" data-wp-init=\"callbacks.setButtonStyles\" data-wp-on-async--click=\"actions.showLightbox\" data-wp-on-async--load=\"callbacks.setButtonStyles\" data-wp-on-async-window--resize=\"callbacks.setButtonStyles\" src=\"https:\/\/agora.xtec.cat\/iesagustiserra\/wp-content\/uploads\/usu1681\/2025\/03\/F.png\" alt=\"\" class=\"wp-image-32466\" style=\"width:368px;height:auto\" srcset=\"https:\/\/agora.xtec.cat\/iesagustiserra\/wp-content\/uploads\/usu1681\/2025\/03\/F.png 947w, https:\/\/agora.xtec.cat\/iesagustiserra\/wp-content\/uploads\/usu1681\/2025\/03\/F-600x378.png 600w, https:\/\/agora.xtec.cat\/iesagustiserra\/wp-content\/uploads\/usu1681\/2025\/03\/F-768x483.png 768w\" sizes=\"auto, (max-width: 947px) 100vw, 947px\" \/><button\n\t\t\tclass=\"lightbox-trigger\"\n\t\t\ttype=\"button\"\n\t\t\taria-haspopup=\"dialog\"\n\t\t\taria-label=\"Amplia la imatge\"\n\t\t\tdata-wp-init=\"callbacks.initTriggerButton\"\n\t\t\tdata-wp-on-async--click=\"actions.showLightbox\"\n\t\t\tdata-wp-style--right=\"state.imageButtonRight\"\n\t\t\tdata-wp-style--top=\"state.imageButtonTop\"\n\t\t>\n\t\t\t<svg xmlns=\"http:\/\/www.w3.org\/2000\/svg\" width=\"12\" height=\"12\" fill=\"none\" viewBox=\"0 0 12 12\">\n\t\t\t\t<path fill=\"#fff\" d=\"M2 0a2 2 0 0 0-2 2v2h1.5V2a.5.5 0 0 1 .5-.5h2V0H2Zm2 10.5H2a.5.5 0 0 1-.5-.5V8H0v2a2 2 0 0 0 2 2h2v-1.5ZM8 12v-1.5h2a.5.5 0 0 0 .5-.5V8H12v2a2 2 0 0 1-2 2H8Zm2-12a2 2 0 0 1 2 2v2h-1.5V2a.5.5 0 0 0-.5-.5H8V0h2Z\" \/>\n\t\t\t<\/svg>\n\t\t<\/button><\/figure>\n<\/div>\n\n\n\n<div class=\"wp-block-column is-layout-flow wp-block-column-is-layout-flow\">\n<figure class=\"wp-block-image aligncenter size-large is-resized is-style-default\"><a href=\"https:\/\/www.instagram.com\/ifeamie_agustiserra?utm_source=ig_web_button_share_sheet&amp;igsh=ZDNlZDc0MzIxNw==\" target=\"_blank\" rel=\"noreferrer noopener\"><img loading=\"lazy\" decoding=\"async\" width=\"891\" height=\"1024\" src=\"https:\/\/agora.xtec.cat\/iesagustiserra\/wp-content\/uploads\/usu1681\/2025\/03\/ifeamie_agustiserra_qr-1-891x1024.png\" alt=\"Instagram IFE\" class=\"wp-image-32410\" style=\"width:218px\" srcset=\"https:\/\/agora.xtec.cat\/iesagustiserra\/wp-content\/uploads\/usu1681\/2025\/03\/ifeamie_agustiserra_qr-1-891x1024.png 891w, https:\/\/agora.xtec.cat\/iesagustiserra\/wp-content\/uploads\/usu1681\/2025\/03\/ifeamie_agustiserra_qr-1-522x600.png 522w, https:\/\/agora.xtec.cat\/iesagustiserra\/wp-content\/uploads\/usu1681\/2025\/03\/ifeamie_agustiserra_qr-1-768x882.png 768w, https:\/\/agora.xtec.cat\/iesagustiserra\/wp-content\/uploads\/usu1681\/2025\/03\/ifeamie_agustiserra_qr-1-1337x1536.png 1337w, https:\/\/agora.xtec.cat\/iesagustiserra\/wp-content\/uploads\/usu1681\/2025\/03\/ifeamie_agustiserra_qr-1-1783x2048.png 1783w\" sizes=\"auto, (max-width: 891px) 100vw, 891px\" \/><\/a><\/figure>\n<\/div>\n<\/div>\n\n\n\n<h4 class=\"wp-block-heading\" id=\"g2534b56f68ff\">\u2714<mark style=\"background-color:rgba(0, 0, 0, 0);color:#000000\" class=\"has-inline-color\"> <span style=\"color: #418000;\">V\u00eddeo<\/span><\/mark><\/h4>\n\n\n\n<div style=\"text-align: center;\"><iframe loading=\"lazy\" src=\"https:\/\/www.youtube.com\/embed\/p7GgU_7zMFc\" width=\"560\" height=\"315\" frameborder=\"0\"><span data-mce-type=\"bookmark\" style=\"display: inline-block; width: 0px; overflow: hidden; line-height: 0;\" class=\"mce_SELRES_start\">\ufeff<\/span><span data-mce-type=\"bookmark\" style=\"display: inline-block; width: 0px; overflow: hidden; line-height: 0;\" class=\"mce_SELRES_start\">\ufeff<\/span><\/iframe><\/div>\n\n\n\n<hr class=\"wp-block-separator has-alpha-channel-opacity\"\/>\n\n\n\n<h4 class=\"wp-block-heading\" id=\"g6512fc55d712\"><strong>\u2714 <\/strong>Itinerari Formatiu Espec\u00edfic (IFE) d&#8217;Auxiliar en manteniment d&#8217;instal\u00b7lacions esportives<\/h4>\n\n\n\n<h6 class=\"wp-block-heading\" id=\"gbaf7e3938278\"><a class=\"button normal\" style=\"padding: 0.5em; margin: 0.1em; color: white !important; background-color: #767676;\" href=\"https:\/\/agora.xtec.cat\/iesagustiserra\/wp-content\/uploads\/usu1681\/2024\/04\/IFE-prova-def1.pdf\" target=\"_blank\" rel=\"noopener noreferrer\">Descarregar tr\u00edptic<\/a><\/h6>\n\n\n\n<figure class=\"wp-block-gallery has-nested-images columns-1 is-cropped wp-block-gallery-1 is-layout-flex wp-block-gallery-is-layout-flex\">\n<figure class=\"wp-block-image size-large\"><img loading=\"lazy\" decoding=\"async\" width=\"1024\" height=\"724\" data-id=\"25574\" src=\"https:\/\/agora.xtec.cat\/iesagustiserra\/wp-content\/uploads\/usu1681\/2024\/04\/IFE-prova-def1-revers.jpg\" alt=\"IFE tr\u00edptic Auxiliar de manteniment d'instal\u00b7lacions esportives\" class=\"wp-image-25574\" srcset=\"https:\/\/agora.xtec.cat\/iesagustiserra\/wp-content\/uploads\/usu1681\/2024\/04\/IFE-prova-def1-revers.jpg 1024w, https:\/\/agora.xtec.cat\/iesagustiserra\/wp-content\/uploads\/usu1681\/2024\/04\/IFE-prova-def1-revers-600x424.jpg 600w, https:\/\/agora.xtec.cat\/iesagustiserra\/wp-content\/uploads\/usu1681\/2024\/04\/IFE-prova-def1-revers-768x543.jpg 768w\" sizes=\"auto, (max-width: 1024px) 100vw, 1024px\" \/><\/figure>\n\n\n\n<figure class=\"wp-block-image size-large\"><img loading=\"lazy\" decoding=\"async\" width=\"1024\" height=\"724\" data-id=\"25573\" src=\"https:\/\/agora.xtec.cat\/iesagustiserra\/wp-content\/uploads\/usu1681\/2024\/04\/IFE-prova-def1-cara.jpg\" alt=\"IFE tr\u00edptic Auxiliar de manteniment d'instal\u00b7lacions esportives\" class=\"wp-image-25573\" srcset=\"https:\/\/agora.xtec.cat\/iesagustiserra\/wp-content\/uploads\/usu1681\/2024\/04\/IFE-prova-def1-cara.jpg 1024w, https:\/\/agora.xtec.cat\/iesagustiserra\/wp-content\/uploads\/usu1681\/2024\/04\/IFE-prova-def1-cara-600x424.jpg 600w, https:\/\/agora.xtec.cat\/iesagustiserra\/wp-content\/uploads\/usu1681\/2024\/04\/IFE-prova-def1-cara-768x543.jpg 768w\" sizes=\"auto, (max-width: 1024px) 100vw, 1024px\" \/><\/figure>\n<\/figure>\n\n\n\n<h4 class=\"wp-block-heading\" id=\"g3a5d0b1f3ac8\">\u2714 <a href=\"https:\/\/agora.xtec.cat\/iesagustiserra\/wp-content\/uploads\/usu1681\/2025\/01\/IFE_____AE01_CA.pdf\" target=\"_blank\" rel=\"noopener\"><strong>Fitxa d&#8217;estudi (actualitzat a 15\/01\/2025)<\/strong><\/a><\/h4>\n\n\n\n<hr class=\"wp-block-separator has-alpha-channel-opacity\"\/>\n\n\n\n<h4 class=\"wp-block-heading\" id=\"gb5caf8a6e160\"><strong>\u2714 Desenvolupament curricular<\/strong><\/h4>\n\n\n\n<figure class=\"wp-block-table\"><table><tbody><tr><td><strong>Nom<\/strong><\/td><td><strong>Hores<\/strong><\/td><\/tr><tr><td colspan=\"2\"><strong>M\u00f2duls professionals comuns<\/strong><\/td><\/tr><tr><td>Vida saludable i cura d&#8217;un mateix<\/td><td>210<\/td><\/tr><tr><td>Comunicaci\u00f3 i relacions interpersonals<\/td><td>210<\/td><\/tr><tr><td>Viure en entorns pr\u00f2xims<\/td><td>175<\/td><\/tr><tr><td>\u00das d&#8217;Establiments i Serveis<\/td><td>140<\/td><\/tr><tr><td>Organitzaci\u00f3 Personal<\/td><td>175<\/td><\/tr><tr><td>Activitats Comunit\u00e0ries<\/td><td>140<\/td><\/tr><tr><td>Participaci\u00f3 Ciutadana<\/td><td>140<\/td><\/tr><tr><td>Iniciaci\u00f3 a l&#8217;Activitat Laboral<\/td><td>385<\/td><\/tr><tr><td>Organitzaci\u00f3 de les Empreses<\/td><td>105<\/td><\/tr><tr><td>M\u00f3n laboral<\/td><td>105<\/td><\/tr><tr><td>Desenvolupament en el Lloc de treball<\/td><td>140<\/td><\/tr><tr><td>Tutoria<\/td><td>70 per curs<\/td><\/tr><tr><td colspan=\"2\"><strong>M\u00f2duls professionals espec\u00edfics<\/strong><\/td><\/tr><tr><td>Acc\u00e9s d&#8217;Usuaris i Organitzaci\u00f3 de la Instal\u00b7laci\u00f3 fisicoesportiva<\/td><td>105<\/td><\/tr><tr><td>Assist\u00e8ncia en l&#8217;Organitzaci\u00f3 d\u2019Espais, activitats i repartiment de Material en la Instal\u00b7laci\u00f3 fisicoesportiva<\/td><td>105<\/td><\/tr><tr><td>Reparaci\u00f3 d&#8217;Avaries i Reposici\u00f3 d&#8217;estris<\/td><td>175<\/td><\/tr><tr><td>Operacions B\u00e0siques de Prevenci\u00f3 en les Instal\u00b7lacions Esportives<\/td><td>245<\/td><\/tr><tr><td>Aplicacions B\u00e0siques d&#8217;Ofim\u00e0tica<\/td><td>140<\/td><\/tr><tr><td>Formaci\u00f3 en Centres de Treball<\/td><td>385<\/td><\/tr><\/tbody><\/table><\/figure>\n\n\n\n<hr class=\"wp-block-separator has-alpha-channel-opacity\"\/>\n\n\n\n<p>Podeu obtenir m\u00e9s informaci\u00f3 en el seg\u00fcent enlla\u00e7:<\/p>\n\n\n\n<p class=\"has-text-align-center\"><a href=\"https:\/\/triaeducativa.gencat.cat\/ca\/fp\/ife\/itineraris\/auxiliar-installacions-esportives\" target=\"_blank\" rel=\"noopener noreferrer\"><span style=\"font-size: 15.75px;\"><b>Web Generalitat de Catalunya: triaeducativa<\/b><\/span><\/a><\/p>\n","protected":false},"excerpt":{"rendered":"<p>\u2714 V\u00eddeo \ufeff\ufeff \u2714 Itinerari Formatiu Espec\u00edfic (IFE) d&#8217;Auxiliar en manteniment d&#8217;instal\u00b7lacions esportives Descarregar tr\u00edptic \u2714 Fitxa d&#8217;estudi (actualitzat a [&hellip;]<\/p>\n","protected":false},"author":1,"featured_media":0,"parent":195,"menu_order":55,"comment_status":"closed","ping_status":"closed","template":"","meta":{"site-sidebar-layout":"default","site-content-layout":"","ast-site-content-layout":"default","site-content-style":"default","site-sidebar-style":"default","ast-global-header-display":"","ast-banner-title-visibility":"","ast-main-header-display":"","ast-hfb-above-header-display":"","ast-hfb-below-header-display":"","ast-hfb-mobile-header-display":"","site-post-title":"","ast-breadcrumbs-content":"","ast-featured-img":"","footer-sml-layout":"","theme-transparent-header-meta":"","adv-header-id-meta":"","stick-header-meta":"","header-above-stick-meta":"","header-main-stick-meta":"","header-below-stick-meta":"","astra-migrate-meta-layouts":"set","ast-page-background-enabled":"default","ast-page-background-meta":{"desktop":{"background-color":"var(--ast-global-color-4)","background-image":"","background-repeat":"repeat","background-position":"center center","background-size":"auto","background-attachment":"scroll","background-type":"","background-media":"","overlay-type":"","overlay-color":"","overlay-opacity":"","overlay-gradient":""},"tablet":{"background-color":"","background-image":"","background-repeat":"repeat","background-position":"center center","background-size":"auto","background-attachment":"scroll","background-type":"","background-media":"","overlay-type":"","overlay-color":"","overlay-opacity":"","overlay-gradient":""},"mobile":{"background-color":"","background-image":"","background-repeat":"repeat","background-position":"center center","background-size":"auto","background-attachment":"scroll","background-type":"","background-media":"","overlay-type":"","overlay-color":"","overlay-opacity":"","overlay-gradient":""}},"ast-content-background-meta":{"desktop":{"background-color":"var(--ast-global-color-5)","background-image":"","background-repeat":"repeat","background-position":"center center","background-size":"auto","background-attachment":"scroll","background-type":"","background-media":"","overlay-type":"","overlay-color":"","overlay-opacity":"","overlay-gradient":""},"tablet":{"background-color":"var(--ast-global-color-5)","background-image":"","background-repeat":"repeat","background-position":"center center","background-size":"auto","background-attachment":"scroll","background-type":"","background-media":"","overlay-type":"","overlay-color":"","overlay-opacity":"","overlay-gradient":""},"mobile":{"background-color":"var(--ast-global-color-5)","background-image":"","background-repeat":"repeat","background-position":"center center","background-size":"auto","background-attachment":"scroll","background-type":"","background-media":"","overlay-type":"","overlay-color":"","overlay-opacity":"","overlay-gradient":""}},"footnotes":""},"class_list":["post-7462","page","type-page","status-publish","hentry"],"post_mailing_queue_ids":[],"_links":{"self":[{"href":"https:\/\/agora.xtec.cat\/iesagustiserra\/wp-json\/wp\/v2\/pages\/7462","targetHints":{"allow":["GET"]}}],"collection":[{"href":"https:\/\/agora.xtec.cat\/iesagustiserra\/wp-json\/wp\/v2\/pages"}],"about":[{"href":"https:\/\/agora.xtec.cat\/iesagustiserra\/wp-json\/wp\/v2\/types\/page"}],"author":[{"embeddable":true,"href":"https:\/\/agora.xtec.cat\/iesagustiserra\/wp-json\/wp\/v2\/users\/1"}],"replies":[{"embeddable":true,"href":"https:\/\/agora.xtec.cat\/iesagustiserra\/wp-json\/wp\/v2\/comments?post=7462"}],"version-history":[{"count":6,"href":"https:\/\/agora.xtec.cat\/iesagustiserra\/wp-json\/wp\/v2\/pages\/7462\/revisions"}],"predecessor-version":[{"id":32494,"href":"https:\/\/agora.xtec.cat\/iesagustiserra\/wp-json\/wp\/v2\/pages\/7462\/revisions\/32494"}],"up":[{"embeddable":true,"href":"https:\/\/agora.xtec.cat\/iesagustiserra\/wp-json\/wp\/v2\/pages\/195"}],"wp:attachment":[{"href":"https:\/\/agora.xtec.cat\/iesagustiserra\/wp-json\/wp\/v2\/media?parent=7462"}],"curies":[{"name":"wp","href":"https:\/\/api.w.org\/{rel}","templated":true}]}}