{"id":7003,"date":"2020-10-26T16:08:30","date_gmt":"2020-10-26T15:08:30","guid":{"rendered":"http:\/\/agora.xtec.cat\/iesagustiserra\/?page_id=7003"},"modified":"2026-04-09T10:50:19","modified_gmt":"2026-04-09T08:50:19","slug":"cicles-de-grau-mitja-2","status":"publish","type":"page","link":"https:\/\/agora.xtec.cat\/iesagustiserra\/secretaria\/documentcio-matricula\/cicles-de-grau-mitja-2\/","title":{"rendered":"Cicles de Grau Mitj\u00e0"},"content":{"rendered":"\n<p class=\"has-text-align-center\"><strong><mark><mark style=\"background-color:rgba(0, 0, 0, 0);color:#ff0000\" class=\"has-inline-color\">IMPORTANT!\u00a0LA INFORMACI\u00d3 SEG\u00dcENT EST\u00c0 PENDENT D\u2019ACTUALITZAR.<\/mark><\/mark><\/strong><\/p>\n\n\n\n<div class=\"wp-block-getwid-button-group\"><div class=\"wp-block-getwid-button-group__wrapper\">\n<div class=\"wp-block-button\"><a class=\"wp-block-button__link wp-element-button\" href=\"https:\/\/agora.xtec.cat\/iesagustiserra\/matricula-curs-2025-2026-alumnat-nou\/\" target=\"_blank\" rel=\"noreferrer noopener\">ALUMNAT NOU<\/a><\/div>\n\n\n\n<div class=\"wp-block-button\"><a class=\"wp-block-button__link wp-element-button\" href=\"https:\/\/agora.xtec.cat\/iesagustiserra\/matricula-curs-2025-2026-alumnat-del-centre\/\" target=\"_blank\" rel=\"noreferrer noopener\">ALUMNAT DEL CENTRE<\/a><\/div>\n<\/div><\/div>\n\n\n\n<hr class=\"wp-block-separator has-alpha-channel-opacity is-style-wide\"\/>\n\n\n\n<p><a rel=\"noreferrer noopener\" href=\"https:\/\/agora.xtec.cat\/iesagustiserra\/estudis\/cicles-formatius\/activitats-fisiques-i-esportives\/cfgs-guia-en-el-medi-natural-i-de-temps-de-lleure\/\" data-type=\"link\" data-id=\"https:\/\/agora.xtec.cat\/iesagustiserra\/estudis\/cicles-formatius\/activitats-fisiques-i-esportives\/cfgs-guia-en-el-medi-natural-i-de-temps-de-lleure\/\" target=\"_blank\">CFGM Guia en el medi natural i de temps de lleure<\/a><\/p>\n\n\n\n<p><a href=\"https:\/\/agora.xtec.cat\/iesagustiserra\/estudis\/cicles-formatius\/administracio-i-gestio-2\/cfgm-gestio-administrativa\/\" data-type=\"link\" data-id=\"https:\/\/agora.xtec.cat\/iesagustiserra\/estudis\/cicles-formatius\/administracio-i-gestio-2\/cfgm-gestio-administrativa\/\" target=\"_blank\" rel=\"noreferrer noopener\">CFGM Gesti\u00f3 administrativa<\/a><\/p>\n\n\n\n<p><a rel=\"noreferrer noopener\" href=\"https:\/\/agora.xtec.cat\/iesagustiserra\/estudis\/cicles-formatius\/administracio-i-gestio-2\/gestio-administrativa-perfil-professional-ambit-sanitari\/\" target=\"_blank\">CFGM Gesti\u00f3 Administrativa, perfil professional \u00e0mbit Sanitari<\/a><\/p>\n\n\n\n<p><a href=\"https:\/\/agora.xtec.cat\/iesagustiserra\/estudis\/cicles-formatius\/arts-grafiques-2\/cfgm-preimpressio-digital\/\" data-type=\"link\" data-id=\"https:\/\/agora.xtec.cat\/iesagustiserra\/estudis\/cicles-formatius\/arts-grafiques-2\/cfgm-preimpressio-digital\/\" target=\"_blank\" rel=\"noreferrer noopener\">CFGM Preimpressi\u00f3 digital<\/a><\/p>\n\n\n\n<p><a href=\"https:\/\/agora.xtec.cat\/iesagustiserra\/estudis\/cicles-formatius\/comerc-i-marketing\/cfgm-activitats-comercials\/\" data-type=\"link\" data-id=\"https:\/\/agora.xtec.cat\/iesagustiserra\/estudis\/cicles-formatius\/comerc-i-marketing\/cfgm-activitats-comercials\/\" target=\"_blank\" rel=\"noreferrer noopener\">CFGM Activitats comercials<\/a><\/p>\n\n\n\n<p><a href=\"https:\/\/agora.xtec.cat\/iesagustiserra\/estudis\/cicles-formatius\/electricitat-2\/cfgm-installacions-electriques-i-automatiques\/\" data-type=\"link\" data-id=\"https:\/\/agora.xtec.cat\/iesagustiserra\/estudis\/cicles-formatius\/electricitat-2\/cfgm-installacions-electriques-i-automatiques\/\" target=\"_blank\" rel=\"noreferrer noopener\">CFGM Instal\u00b7lacions el\u00e8ctriques i autom\u00e0tiques<\/a><\/p>\n","protected":false},"excerpt":{"rendered":"<p>IMPORTANT!\u00a0LA INFORMACI\u00d3 SEG\u00dcENT EST\u00c0 PENDENT D\u2019ACTUALITZAR. CFGM Guia en el medi natural i de temps de lleure CFGM Gesti\u00f3 administrativa [&hellip;]<\/p>\n","protected":false},"author":1,"featured_media":0,"parent":6904,"menu_order":30,"comment_status":"closed","ping_status":"closed","template":"","meta":{"site-sidebar-layout":"default","site-content-layout":"","ast-site-content-layout":"default","site-content-style":"default","site-sidebar-style":"default","ast-global-header-display":"","ast-banner-title-visibility":"","ast-main-header-display":"","ast-hfb-above-header-display":"","ast-hfb-below-header-display":"","ast-hfb-mobile-header-display":"","site-post-title":"","ast-breadcrumbs-content":"","ast-featured-img":"","footer-sml-layout":"","theme-transparent-header-meta":"","adv-header-id-meta":"","stick-header-meta":"","header-above-stick-meta":"","header-main-stick-meta":"","header-below-stick-meta":"","astra-migrate-meta-layouts":"set","ast-page-background-enabled":"default","ast-page-background-meta":{"desktop":{"background-color":"var(--ast-global-color-4)","background-image":"","background-repeat":"repeat","background-position":"center center","background-size":"auto","background-attachment":"scroll","background-type":"","background-media":"","overlay-type":"","overlay-color":"","overlay-opacity":"","overlay-gradient":""},"tablet":{"background-color":"","background-image":"","background-repeat":"repeat","background-position":"center center","background-size":"auto","background-attachment":"scroll","background-type":"","background-media":"","overlay-type":"","overlay-color":"","overlay-opacity":"","overlay-gradient":""},"mobile":{"background-color":"","background-image":"","background-repeat":"repeat","background-position":"center center","background-size":"auto","background-attachment":"scroll","background-type":"","background-media":"","overlay-type":"","overlay-color":"","overlay-opacity":"","overlay-gradient":""}},"ast-content-background-meta":{"desktop":{"background-color":"var(--ast-global-color-5)","background-image":"","background-repeat":"repeat","background-position":"center center","background-size":"auto","background-attachment":"scroll","background-type":"","background-media":"","overlay-type":"","overlay-color":"","overlay-opacity":"","overlay-gradient":""},"tablet":{"background-color":"var(--ast-global-color-5)","background-image":"","background-repeat":"repeat","background-position":"center center","background-size":"auto","background-attachment":"scroll","background-type":"","background-media":"","overlay-type":"","overlay-color":"","overlay-opacity":"","overlay-gradient":""},"mobile":{"background-color":"var(--ast-global-color-5)","background-image":"","background-repeat":"repeat","background-position":"center center","background-size":"auto","background-attachment":"scroll","background-type":"","background-media":"","overlay-type":"","overlay-color":"","overlay-opacity":"","overlay-gradient":""}},"footnotes":""},"class_list":["post-7003","page","type-page","status-publish","hentry"],"post_mailing_queue_ids":[],"_links":{"self":[{"href":"https:\/\/agora.xtec.cat\/iesagustiserra\/wp-json\/wp\/v2\/pages\/7003","targetHints":{"allow":["GET"]}}],"collection":[{"href":"https:\/\/agora.xtec.cat\/iesagustiserra\/wp-json\/wp\/v2\/pages"}],"about":[{"href":"https:\/\/agora.xtec.cat\/iesagustiserra\/wp-json\/wp\/v2\/types\/page"}],"author":[{"embeddable":true,"href":"https:\/\/agora.xtec.cat\/iesagustiserra\/wp-json\/wp\/v2\/users\/1"}],"replies":[{"embeddable":true,"href":"https:\/\/agora.xtec.cat\/iesagustiserra\/wp-json\/wp\/v2\/comments?post=7003"}],"version-history":[{"count":6,"href":"https:\/\/agora.xtec.cat\/iesagustiserra\/wp-json\/wp\/v2\/pages\/7003\/revisions"}],"predecessor-version":[{"id":39883,"href":"https:\/\/agora.xtec.cat\/iesagustiserra\/wp-json\/wp\/v2\/pages\/7003\/revisions\/39883"}],"up":[{"embeddable":true,"href":"https:\/\/agora.xtec.cat\/iesagustiserra\/wp-json\/wp\/v2\/pages\/6904"}],"wp:attachment":[{"href":"https:\/\/agora.xtec.cat\/iesagustiserra\/wp-json\/wp\/v2\/media?parent=7003"}],"curies":[{"name":"wp","href":"https:\/\/api.w.org\/{rel}","templated":true}]}}