{"id":4390,"date":"2020-05-14T11:40:41","date_gmt":"2020-05-14T09:40:41","guid":{"rendered":"http:\/\/agora.xtec.cat\/iesagustiserra\/?page_id=4390"},"modified":"2025-09-10T08:09:17","modified_gmt":"2025-09-10T06:09:17","slug":"cfgs-administracio-i-finances","status":"publish","type":"page","link":"https:\/\/agora.xtec.cat\/iesagustiserra\/estudis\/cicles-formatius\/administracio-i-gestio-2\/cfgs-administracio-i-finances\/","title":{"rendered":"CFGS Administraci\u00f3 i finances"},"content":{"rendered":"\n<hr class=\"wp-block-separator has-text-color has-cyan-bluish-gray-color has-alpha-channel-opacity has-cyan-bluish-gray-background-color has-background\"\/>\n\n\n\n<h4 class=\"wp-block-heading\"><strong>\u2714 <\/strong>L\u2019Institut ofereix el cicle formatiu de grau superior d\u2019Administraci\u00f3 i finances en el torn de tarda.<\/h4>\n\n\n\n<h4 class=\"wp-block-heading\">\u2714 <span style=\"color: #418000;\">V\u00eddeos<\/span><\/h4>\n\n\n\n<figure class=\"wp-block-embed is-type-video is-provider-youtube wp-block-embed-youtube wp-embed-aspect-16-9 wp-has-aspect-ratio\"><div class=\"wp-block-embed__wrapper\">\n<div class=\"ast-oembed-container \" style=\"height: 100%;\"><iframe loading=\"lazy\" title=\"Orienta&#039;t al grau superior   administraci\u00f3 i finances\" width=\"500\" height=\"281\" src=\"https:\/\/www.youtube.com\/embed\/UPlfWE5FcS0?feature=oembed\" frameborder=\"0\" allow=\"accelerometer; autoplay; clipboard-write; encrypted-media; gyroscope; picture-in-picture; web-share\" referrerpolicy=\"strict-origin-when-cross-origin\" allowfullscreen><\/iframe><\/div>\n<\/div><\/figure>\n\n\n\n<figure class=\"wp-block-table\"><table><tbody><tr><td><iframe loading=\"lazy\" src=\"https:\/\/www.youtube.com\/embed\/1SriMqYv4kg\" width=\"560\" height=\"315\" frameborder=\"0\"><\/iframe><\/td><td><iframe loading=\"lazy\" src=\"https:\/\/www.youtube.com\/embed\/QEIyI8Mw81o\" width=\"560\" height=\"315\" frameborder=\"0\"><\/iframe><\/td><\/tr><\/tbody><\/table><\/figure>\n\n\n\n<div style=\"text-align: center;\"><hr>\n<h4 style=\"text-align: left;\">\u2714 <span style=\"color: #418000;\">Presentaci\u00f3: <\/span><span style=\"color: #ff0000;\">aviat<\/span><\/h4>\n<hr>\n<div style=\"text-align: center;\">\n<h6 style=\"text-align: left;\"><a class=\"button normal\" style=\"padding: 0.5em; margin: 0.1em; color: white !important; background-color: #767676;\" href=\"https:\/\/agora.xtec.cat\/iesagustiserra\/wp-content\/uploads\/usu1681\/2025\/03\/2.3.Administracio-i-finances-GS-2025b.pdf\" target=\"_blank\" rel=\"noopener noreferrer\">Descarregar tr\u00edptic<\/a><\/h6>\n<p><\/p><\/div><\/div>\n\n\n\n<figure class=\"wp-block-gallery has-nested-images columns-1 is-cropped wp-block-gallery-1 is-layout-flex wp-block-gallery-is-layout-flex\">\n<figure class=\"wp-block-image size-large\"><img loading=\"lazy\" decoding=\"async\" width=\"1024\" height=\"725\" data-id=\"32112\" src=\"https:\/\/agora.xtec.cat\/iesagustiserra\/wp-content\/uploads\/usu1681\/2025\/03\/2.3.Administracio-i-finances-GS-2025b_page-0001-1024x725.jpg\" alt=\"\" class=\"wp-image-32112\" srcset=\"https:\/\/agora.xtec.cat\/iesagustiserra\/wp-content\/uploads\/usu1681\/2025\/03\/2.3.Administracio-i-finances-GS-2025b_page-0001-1024x725.jpg 1024w, https:\/\/agora.xtec.cat\/iesagustiserra\/wp-content\/uploads\/usu1681\/2025\/03\/2.3.Administracio-i-finances-GS-2025b_page-0001-600x425.jpg 600w, https:\/\/agora.xtec.cat\/iesagustiserra\/wp-content\/uploads\/usu1681\/2025\/03\/2.3.Administracio-i-finances-GS-2025b_page-0001-768x543.jpg 768w, https:\/\/agora.xtec.cat\/iesagustiserra\/wp-content\/uploads\/usu1681\/2025\/03\/2.3.Administracio-i-finances-GS-2025b_page-0001-1536x1087.jpg 1536w, https:\/\/agora.xtec.cat\/iesagustiserra\/wp-content\/uploads\/usu1681\/2025\/03\/2.3.Administracio-i-finances-GS-2025b_page-0001.jpg 1754w\" sizes=\"auto, (max-width: 1024px) 100vw, 1024px\" \/><\/figure>\n\n\n\n<figure class=\"wp-block-image size-large\"><img loading=\"lazy\" decoding=\"async\" width=\"1024\" height=\"725\" data-id=\"32113\" src=\"https:\/\/agora.xtec.cat\/iesagustiserra\/wp-content\/uploads\/usu1681\/2025\/03\/2.3.Administracio-i-finances-GS-2025b_page-0002-1024x725.jpg\" alt=\"\" class=\"wp-image-32113\" srcset=\"https:\/\/agora.xtec.cat\/iesagustiserra\/wp-content\/uploads\/usu1681\/2025\/03\/2.3.Administracio-i-finances-GS-2025b_page-0002-1024x725.jpg 1024w, https:\/\/agora.xtec.cat\/iesagustiserra\/wp-content\/uploads\/usu1681\/2025\/03\/2.3.Administracio-i-finances-GS-2025b_page-0002-600x425.jpg 600w, https:\/\/agora.xtec.cat\/iesagustiserra\/wp-content\/uploads\/usu1681\/2025\/03\/2.3.Administracio-i-finances-GS-2025b_page-0002-768x543.jpg 768w, https:\/\/agora.xtec.cat\/iesagustiserra\/wp-content\/uploads\/usu1681\/2025\/03\/2.3.Administracio-i-finances-GS-2025b_page-0002-1536x1087.jpg 1536w, https:\/\/agora.xtec.cat\/iesagustiserra\/wp-content\/uploads\/usu1681\/2025\/03\/2.3.Administracio-i-finances-GS-2025b_page-0002.jpg 1754w\" sizes=\"auto, (max-width: 1024px) 100vw, 1024px\" \/><\/figure>\n<\/figure>\n\n\n\n<hr class=\"wp-block-separator has-alpha-channel-opacity\"\/>\n\n\n\n<h4 class=\"wp-block-heading\"><strong>\u2714 Llibres de text curs 2025-2026<\/strong><\/h4>\n\n\n\n<div style=\"text-align: center;\">\n<table style=\"height: 35px;\" align=\"center\" bgcolor=\"#00FF00\">\n<tbody>\n<tr style=\"height: 25px;\">\n<td style=\"height: 25px; width: 836px;\">\n<h6><a href=\"https:\/\/agora.xtec.cat\/iesagustiserra\/wp-content\/uploads\/usu1681\/2025\/09\/LLIBRES-TEXT-CFGS-MARQUETING-I-PUBLICITAT.docx.pdf\"><span style=\"color: #000000;\"><strong>Llibres de text <span style=\"color: #418000;\">Cicles formatius d\u2019Administraci\u00f3 i finances\u00a0<\/span><\/strong><\/span><\/a><\/h6>\n<\/td>\n<\/tr>\n<\/tbody>\n<\/table>\n<hr \/>\n<h4 style=\"text-align: left;\"><strong>\u2714 Desenvolupament curricular<\/strong><\/h4>\n<p class=\"negreta\" style=\"text-align: left;\">La durada \u00e9s de 2.000 hores distribu\u00efdes en dos cursos acad\u00e8mics (1.485 en un centre educatiu i 515 (hores d&#8217;estada a l&#8217;empresa) en un centre de treball).<\/p>\n<table style=\"height: 364px; width: 98.9223%;\" border=\"0\" width=\"1202\" cellspacing=\"10\">\n<tbody>\n<tr>\n<td>\n<h2 class=\"titol_taula01\" style=\"text-align: left;\">Compet\u00e8ncia general<\/h2>\n<p class=\"gris\" style=\"text-align: justify;\">Aquests estudis capaciten per organitzar i executar les operacions de gesti\u00f3 i administraci\u00f3 en els processos comercials, laborals, comptables, fiscals i financers d&#8217;una empresa p\u00fablica o privada, aplicant la normativa vigent i els protocols de gesti\u00f3 de qualitat, gestionant la informaci\u00f3, assegurant la satisfacci\u00f3 del client i\/o usuari i actuant segons les normes de prevenci\u00f3 de riscos laborals i protecci\u00f3 mediambiental.<\/p>\n<p style=\"text-align: justify;\">Aquest estudi substitueix el cicle Administraci\u00f3 i Finances (LOGSE).<\/p>\n<\/td>\n<\/tr>\n<\/tbody>\n<\/table>\n<\/div>\n\n\n\n<figure class=\"wp-block-table aligncenter is-style-regular\" style=\"font-size:17px\"><table><thead><tr><th class=\"has-text-align-left\" data-align=\"left\">M\u00f2duls Professionals<\/th><th class=\"has-text-align-right\" data-align=\"right\">Hores totals<\/th><\/tr><\/thead><tbody><tr><td class=\"has-text-align-left\" data-align=\"left\">0647. Gesti\u00f3 de la documentaci\u00f3 jur\u00eddica i empresarial.<\/td><td class=\"has-text-align-right\" data-align=\"right\">99<\/td><\/tr><tr><td class=\"has-text-align-left\" data-align=\"left\">0648. Recursos humans i responsabilitat social corporativa.<\/td><td class=\"has-text-align-right\" data-align=\"right\">66<\/td><\/tr><tr><td class=\"has-text-align-left\" data-align=\"left\">0649. Ofim\u00e0tica i proc\u00e9s de la informaci\u00f3.<\/td><td class=\"has-text-align-right\" data-align=\"right\">231<\/td><\/tr><tr><td class=\"has-text-align-left\" data-align=\"left\">0650. Proc\u00e9s integral de l\u2019activitat comercial.<\/td><td class=\"has-text-align-right\" data-align=\"right\">198<\/td><\/tr><tr><td class=\"has-text-align-left\" data-align=\"left\">0651. Comunicaci\u00f3 i atenci\u00f3 al client.<\/td><td class=\"has-text-align-right\" data-align=\"right\">198<\/td><\/tr><tr><td class=\"has-text-align-left\" data-align=\"left\">0652. Gesti\u00f3 de recursos humans.<\/td><td class=\"has-text-align-right\" data-align=\"right\">132<\/td><\/tr><tr><td class=\"has-text-align-left\" data-align=\"left\">0653. Gesti\u00f3 financera.<\/td><td class=\"has-text-align-right\" data-align=\"right\">185<\/td><\/tr><tr><td class=\"has-text-align-left\" data-align=\"left\">0654. Comptabilitat i fiscalitat.<\/td><td class=\"has-text-align-right\" data-align=\"right\">198<\/td><\/tr><tr><td class=\"has-text-align-left\" data-align=\"left\">0655. Gesti\u00f3 log\u00edstica i comercial.<\/td><td class=\"has-text-align-right\" data-align=\"right\">66<\/td><\/tr><tr><td class=\"has-text-align-left\" data-align=\"left\">0656. Simulaci\u00f3 empresarial.<\/td><td class=\"has-text-align-right\" data-align=\"right\">99<\/td><\/tr><tr><td class=\"has-text-align-left\" data-align=\"left\">C076. Catal\u00e0 \/ Aran\u00e8s professional.<\/td><td class=\"has-text-align-right\" data-align=\"right\">66<\/td><\/tr><tr><td class=\"has-text-align-left\" data-align=\"left\">0179. Angl\u00e8s professional.<\/td><td class=\"has-text-align-right\" data-align=\"right\">66<\/td><\/tr><tr><td class=\"has-text-align-left\" data-align=\"left\">1665. Digitalitzaci\u00f3 aplicada als sectors productius.<\/td><td class=\"has-text-align-right\" data-align=\"right\">33<\/td><\/tr><tr><td class=\"has-text-align-left\" data-align=\"left\">1708. Sostenibilitat aplicada al sistema productiu.<\/td><td class=\"has-text-align-right\" data-align=\"right\">33<\/td><\/tr><tr><td class=\"has-text-align-left\" data-align=\"left\">1709. Itinerari personal per a l\u2019ocupabilitat I.<\/td><td class=\"has-text-align-right\" data-align=\"right\">99<\/td><\/tr><tr><td class=\"has-text-align-left\" data-align=\"left\">1710. Itinerari personal per a l&#8217;ocupabilitat II.<\/td><td class=\"has-text-align-right\" data-align=\"right\">66<\/td><\/tr><tr><td class=\"has-text-align-left\" data-align=\"left\">0657. Projecte intermodular d\u2019administraci\u00f3 i finances.<\/td><td class=\"has-text-align-right\" data-align=\"right\">99<\/td><\/tr><tr><td class=\"has-text-align-left\" data-align=\"left\">M\u00f2dul professional optatiu.<\/td><td class=\"has-text-align-right\" data-align=\"right\">66<\/td><\/tr><\/tbody><tfoot><tr><td class=\"has-text-align-left\" data-align=\"left\">HORES TOTALS CICLE FORMATIU<\/td><td class=\"has-text-align-right\" data-align=\"right\">2.000<\/td><\/tr><\/tfoot><\/table><\/figure>\n\n\n\n<hr class=\"wp-block-separator has-alpha-channel-opacity\"\/>\n\n\n\n<hr class=\"wp-block-separator has-alpha-channel-opacity\"\/>\n\n\n\n<h4 class=\"wp-block-heading\"><a href=\"https:\/\/triaeducativa.gencat.cat\/ca\/estudis\/?administracio-finances&amp;p_id=1630\" target=\"_blank\" rel=\"noopener noreferrer\"><strong>\u2714 Informaci\u00f3 Administraci\u00f3 i finances Dept. d&#8217;Educaci\u00f3<\/strong><\/a><\/h4>\n\n\n\n<hr class=\"wp-block-separator has-alpha-channel-opacity\"\/>\n\n\n\n<p class=\"has-text-align-left\">&nbsp;<\/p>\n\n\n\n<p><\/p>\n","protected":false},"excerpt":{"rendered":"<p>\u2714 L\u2019Institut ofereix el cicle formatiu de grau superior d\u2019Administraci\u00f3 i finances en el torn de tarda. \u2714 V\u00eddeos \u2714 [&hellip;]<\/p>\n","protected":false},"author":1,"featured_media":0,"parent":2133,"menu_order":20,"comment_status":"closed","ping_status":"closed","template":"","meta":{"site-sidebar-layout":"default","site-content-layout":"","ast-site-content-layout":"default","site-content-style":"default","site-sidebar-style":"default","ast-global-header-display":"","ast-banner-title-visibility":"","ast-main-header-display":"","ast-hfb-above-header-display":"","ast-hfb-below-header-display":"","ast-hfb-mobile-header-display":"","site-post-title":"","ast-breadcrumbs-content":"","ast-featured-img":"","footer-sml-layout":"","theme-transparent-header-meta":"","adv-header-id-meta":"","stick-header-meta":"","header-above-stick-meta":"","header-main-stick-meta":"","header-below-stick-meta":"","astra-migrate-meta-layouts":"set","ast-page-background-enabled":"default","ast-page-background-meta":{"desktop":{"background-color":"var(--ast-global-color-4)","background-image":"","background-repeat":"repeat","background-position":"center center","background-size":"auto","background-attachment":"scroll","background-type":"","background-media":"","overlay-type":"","overlay-color":"","overlay-opacity":"","overlay-gradient":""},"tablet":{"background-color":"","background-image":"","background-repeat":"repeat","background-position":"center center","background-size":"auto","background-attachment":"scroll","background-type":"","background-media":"","overlay-type":"","overlay-color":"","overlay-opacity":"","overlay-gradient":""},"mobile":{"background-color":"","background-image":"","background-repeat":"repeat","background-position":"center center","background-size":"auto","background-attachment":"scroll","background-type":"","background-media":"","overlay-type":"","overlay-color":"","overlay-opacity":"","overlay-gradient":""}},"ast-content-background-meta":{"desktop":{"background-color":"var(--ast-global-color-5)","background-image":"","background-repeat":"repeat","background-position":"center center","background-size":"auto","background-attachment":"scroll","background-type":"","background-media":"","overlay-type":"","overlay-color":"","overlay-opacity":"","overlay-gradient":""},"tablet":{"background-color":"var(--ast-global-color-5)","background-image":"","background-repeat":"repeat","background-position":"center center","background-size":"auto","background-attachment":"scroll","background-type":"","background-media":"","overlay-type":"","overlay-color":"","overlay-opacity":"","overlay-gradient":""},"mobile":{"background-color":"var(--ast-global-color-5)","background-image":"","background-repeat":"repeat","background-position":"center center","background-size":"auto","background-attachment":"scroll","background-type":"","background-media":"","overlay-type":"","overlay-color":"","overlay-opacity":"","overlay-gradient":""}},"footnotes":""},"class_list":["post-4390","page","type-page","status-publish","hentry"],"post_mailing_queue_ids":[],"_links":{"self":[{"href":"https:\/\/agora.xtec.cat\/iesagustiserra\/wp-json\/wp\/v2\/pages\/4390","targetHints":{"allow":["GET"]}}],"collection":[{"href":"https:\/\/agora.xtec.cat\/iesagustiserra\/wp-json\/wp\/v2\/pages"}],"about":[{"href":"https:\/\/agora.xtec.cat\/iesagustiserra\/wp-json\/wp\/v2\/types\/page"}],"author":[{"embeddable":true,"href":"https:\/\/agora.xtec.cat\/iesagustiserra\/wp-json\/wp\/v2\/users\/1"}],"replies":[{"embeddable":true,"href":"https:\/\/agora.xtec.cat\/iesagustiserra\/wp-json\/wp\/v2\/comments?post=4390"}],"version-history":[{"count":6,"href":"https:\/\/agora.xtec.cat\/iesagustiserra\/wp-json\/wp\/v2\/pages\/4390\/revisions"}],"predecessor-version":[{"id":35869,"href":"https:\/\/agora.xtec.cat\/iesagustiserra\/wp-json\/wp\/v2\/pages\/4390\/revisions\/35869"}],"up":[{"embeddable":true,"href":"https:\/\/agora.xtec.cat\/iesagustiserra\/wp-json\/wp\/v2\/pages\/2133"}],"wp:attachment":[{"href":"https:\/\/agora.xtec.cat\/iesagustiserra\/wp-json\/wp\/v2\/media?parent=4390"}],"curies":[{"name":"wp","href":"https:\/\/api.w.org\/{rel}","templated":true}]}}