{"id":4388,"date":"2020-05-14T11:40:08","date_gmt":"2020-05-14T09:40:08","guid":{"rendered":"http:\/\/agora.xtec.cat\/iesagustiserra\/?page_id=4388"},"modified":"2025-09-10T08:06:48","modified_gmt":"2025-09-10T06:06:48","slug":"cfgm-gestio-administrativa","status":"publish","type":"page","link":"https:\/\/agora.xtec.cat\/iesagustiserra\/estudis\/cicles-formatius\/administracio-i-gestio-2\/cfgm-gestio-administrativa\/","title":{"rendered":"CFGM Gesti\u00f3 administrativa"},"content":{"rendered":"\n<hr class=\"wp-block-separator has-text-color has-cyan-bluish-gray-color has-alpha-channel-opacity has-cyan-bluish-gray-background-color has-background\"\/>\n\n\n<h4 style=\"text-align: left;\"><strong>\u2714 <\/strong>L&#8217;Institut ofereix el cicle formatiu de grau mitj\u00e0 de Gesti\u00f3 administrativa torn de mat\u00ed.<\/h4>\n<h4>\u2714 <span style=\"color: #418000;\">V\u00eddeos<\/span><\/h4>\n<table>\n<tbody>\n<tr>\n<td><iframe loading=\"lazy\" src=\"https:\/\/www.youtube.com\/embed\/wKKnSSomLDc\" width=\"560\" height=\"315\" frameborder=\"0\"><\/iframe><\/td>\n<td><iframe loading=\"lazy\" src=\"https:\/\/www.youtube.com\/embed\/0xec3nufNK0\" width=\"560\" height=\"315\" frameborder=\"0\"><\/iframe><\/td>\n<\/tr>\n<\/tbody>\n<\/table>\n<div style=\"text-align: center;\"><hr \/>\n<h4 style=\"text-align: left;\">\u2714 <span style=\"color: #418000;\">Presentaci\u00f3: <\/span><span style=\"color: #ff0000;\">aviat<\/span><\/h4>\n<hr \/>\n<div style=\"text-align: center;\">\n<h6 style=\"text-align: left;\"><a class=\"button normal\" style=\"padding: 0.5em; margin: 0.1em; color: white !important; background-color: #767676;\" href=\"https:\/\/agora.xtec.cat\/iesagustiserra\/wp-content\/uploads\/usu1681\/2025\/03\/2.1.Gestio-Administrativa-GM-2025b.pdf\" target=\"_blank\" rel=\"noopener noreferrer\">Descarregar tr\u00edptic<\/a><\/h6>\n<div id='gallery-1' class='gallery galleryid-4388 gallery-columns-1 gallery-size-full'><figure class='gallery-item'>\n\t\t\t<div class='gallery-icon landscape'>\n\t\t\t\t<a href='https:\/\/agora.xtec.cat\/iesagustiserra\/2-1-gestio-administrativa-gm-2025b_page-0001\/'><img loading=\"lazy\" decoding=\"async\" width=\"1754\" height=\"1241\" src=\"https:\/\/agora.xtec.cat\/iesagustiserra\/wp-content\/uploads\/usu1681\/2025\/03\/2.1.Gestio-Administrativa-GM-2025b_page-0001.jpg\" class=\"attachment-full size-full\" alt=\"\" srcset=\"https:\/\/agora.xtec.cat\/iesagustiserra\/wp-content\/uploads\/usu1681\/2025\/03\/2.1.Gestio-Administrativa-GM-2025b_page-0001.jpg 1754w, https:\/\/agora.xtec.cat\/iesagustiserra\/wp-content\/uploads\/usu1681\/2025\/03\/2.1.Gestio-Administrativa-GM-2025b_page-0001-600x425.jpg 600w, https:\/\/agora.xtec.cat\/iesagustiserra\/wp-content\/uploads\/usu1681\/2025\/03\/2.1.Gestio-Administrativa-GM-2025b_page-0001-1024x725.jpg 1024w, https:\/\/agora.xtec.cat\/iesagustiserra\/wp-content\/uploads\/usu1681\/2025\/03\/2.1.Gestio-Administrativa-GM-2025b_page-0001-768x543.jpg 768w, https:\/\/agora.xtec.cat\/iesagustiserra\/wp-content\/uploads\/usu1681\/2025\/03\/2.1.Gestio-Administrativa-GM-2025b_page-0001-1536x1087.jpg 1536w\" sizes=\"auto, (max-width: 1754px) 100vw, 1754px\" \/><\/a>\n\t\t\t<\/div><\/figure><figure class='gallery-item'>\n\t\t\t<div class='gallery-icon landscape'>\n\t\t\t\t<a href='https:\/\/agora.xtec.cat\/iesagustiserra\/estudis\/cicles-formatius\/administracio-i-gestio-2\/cfgm-gestio-administrativa\/attachment\/2-1-gestio-administrativa-gm-2025b_page-0002\/'><img loading=\"lazy\" decoding=\"async\" width=\"1754\" height=\"1241\" src=\"https:\/\/agora.xtec.cat\/iesagustiserra\/wp-content\/uploads\/usu1681\/2025\/03\/2.1.Gestio-Administrativa-GM-2025b_page-0002.jpg\" class=\"attachment-full size-full\" alt=\"\" srcset=\"https:\/\/agora.xtec.cat\/iesagustiserra\/wp-content\/uploads\/usu1681\/2025\/03\/2.1.Gestio-Administrativa-GM-2025b_page-0002.jpg 1754w, https:\/\/agora.xtec.cat\/iesagustiserra\/wp-content\/uploads\/usu1681\/2025\/03\/2.1.Gestio-Administrativa-GM-2025b_page-0002-600x425.jpg 600w, https:\/\/agora.xtec.cat\/iesagustiserra\/wp-content\/uploads\/usu1681\/2025\/03\/2.1.Gestio-Administrativa-GM-2025b_page-0002-1024x725.jpg 1024w, https:\/\/agora.xtec.cat\/iesagustiserra\/wp-content\/uploads\/usu1681\/2025\/03\/2.1.Gestio-Administrativa-GM-2025b_page-0002-768x543.jpg 768w, https:\/\/agora.xtec.cat\/iesagustiserra\/wp-content\/uploads\/usu1681\/2025\/03\/2.1.Gestio-Administrativa-GM-2025b_page-0002-1536x1087.jpg 1536w\" sizes=\"auto, (max-width: 1754px) 100vw, 1754px\" \/><\/a>\n\t\t\t<\/div><\/figure>\n\t\t<\/div>\n\n<\/div>\n<hr \/>\n<h4 style=\"text-align: left;\"><strong>\u2714 Llibres de text curs 2025-2026<\/strong><\/h4>\n<div style=\"text-align: center;\">\n<table class=\" alignleft\" style=\"height: 35px;\" align=\"center\" bgcolor=\"#00FF00\">\n<tbody>\n<tr style=\"height: 25px;\">\n<td style=\"height: 25px; width: 836px;\">\n<h6><span style=\"color: #000000;\"><strong>Llibres de text <a href=\"https:\/\/agora.xtec.cat\/iesagustiserra\/wp-content\/uploads\/usu1681\/2025\/09\/LLIBRES-TEXT-CFGM-GESTIO-ADMINISTRATIVA.docx.pdf\" target=\"_blank\" rel=\"noopener\"><span style=\"color: #418000;\"><strong>Cicles formatius de Gesti\u00f3 administrativa<\/strong><\/span><\/a><\/strong><\/span><\/h6>\n<\/td>\n<\/tr>\n<\/tbody>\n<\/table>\n<hr \/>\n<h4 style=\"text-align: left;\"><strong><a href=\"http:\/\/queestudiar.gencat.cat\/ca\/estudis\/fp\/cicles-families\/admin-gestio\/?p_id=49&amp;estudi\" target=\"_blank\" rel=\"noopener noreferrer\">\u2714 <\/a>Desenvolupament curricular<\/strong><\/h4>\n<h3 style=\"text-align: left;\"><span class=\"negreta\"><span class=\"titol_taula01\">2.000 hores (Torn de\u00a0<\/span>mat\u00ed<span class=\"titol_taula01\">)<\/span><\/span><\/h3>\n<p style=\"text-align: left;\">La durada \u00e9s de 2.000 hores distribu\u00efdes en dos cursos acad\u00e8mics (1.485 en un centre educatiu i 515 (hores d&#8217;estada a l&#8217;empresa) en un centre de treball).<\/p>\n<table style=\"height: 345px; width: 98.5889%;\" border=\"0\" width=\"1202\" cellspacing=\"20\">\n<tbody>\n<tr>\n<td>\n<h2 class=\"titol_taula01\" style=\"text-align: justify;\">Compet\u00e8ncia general<\/h2>\n<p class=\"gris\" style=\"text-align: justify;\">Aquests estudis capaciten per exercir tasques de suport administratiu en l\u2019\u00e0mbit laboral, comptable, comercial, financer i fiscal i tasques de suport a les persones, en empreses p\u00fabliques o privades-<\/p>\n<p class=\"gris\" style=\"text-align: justify;\">Aquest estudi substitueix el cicle Gesti\u00f3 Administrativa (LOGSE).<\/p>\n<\/td>\n<\/tr>\n<\/tbody>\n<\/table>\n<\/div>\n<\/div>\n\n\n<figure class=\"wp-block-table aligncenter is-style-regular\" style=\"font-size:17px\"><table><thead><tr><th class=\"has-text-align-left\" data-align=\"left\">M\u00f2duls Professionals<\/th><th class=\"has-text-align-right\" data-align=\"right\">Hores totals<\/th><\/tr><\/thead><tbody><tr><td class=\"has-text-align-left\" data-align=\"left\">0437. Comunicaci\u00f3 empresarial i atenci\u00f3 al client.<\/td><td class=\"has-text-align-right\" data-align=\"right\">165<\/td><\/tr><tr><td class=\"has-text-align-left\" data-align=\"left\">0438. Operacions administratives de compravenda.<\/td><td class=\"has-text-align-right\" data-align=\"right\">165<\/td><\/tr><tr><td class=\"has-text-align-left\" data-align=\"left\">0439. Empresa i administraci\u00f3.<\/td><td class=\"has-text-align-right\" data-align=\"right\">99<\/td><\/tr><tr><td class=\"has-text-align-left\" data-align=\"left\">0440. Tractament inform\u00e0tic de la informaci\u00f3.<\/td><td class=\"has-text-align-right\" data-align=\"right\">297<\/td><\/tr><tr><td class=\"has-text-align-left\" data-align=\"left\">0441. T\u00e8cnica comptable.<\/td><td class=\"has-text-align-right\" data-align=\"right\">152<\/td><\/tr><tr><td class=\"has-text-align-left\" data-align=\"left\">0442. Operacions administratives de recursos humans.<\/td><td class=\"has-text-align-right\" data-align=\"right\">165<\/td><\/tr><tr><td class=\"has-text-align-left\" data-align=\"left\">0443. Tractament de la documentaci\u00f3 comptable.<\/td><td class=\"has-text-align-right\" data-align=\"right\">165<\/td><\/tr><tr><td class=\"has-text-align-left\" data-align=\"left\">0446. Empresa a l\u2019aula.<\/td><td class=\"has-text-align-right\" data-align=\"right\">99<\/td><\/tr><tr><td class=\"has-text-align-left\" data-align=\"left\">0448. Operacions auxiliars de gesti\u00f3 de tresoreria.<\/td><td class=\"has-text-align-right\" data-align=\"right\">165<\/td><\/tr><tr><td class=\"has-text-align-left\" data-align=\"left\">C056. Catal\u00e0\/ Aran\u00e8s professional.<\/td><td class=\"has-text-align-right\" data-align=\"right\">66<\/td><\/tr><tr><td class=\"has-text-align-left\" data-align=\"left\">0156. Angl\u00e8s professional.<\/td><td class=\"has-text-align-right\" data-align=\"right\">66<\/td><\/tr><tr><td class=\"has-text-align-left\" data-align=\"left\">1664. Digitalitzaci\u00f3 aplicada als sectors productius.<\/td><td class=\"has-text-align-right\" data-align=\"right\">33<\/td><\/tr><tr><td class=\"has-text-align-left\" data-align=\"left\">1708. Sostenibilitat aplicada al sistema productiu.<\/td><td class=\"has-text-align-right\" data-align=\"right\">33<\/td><\/tr><tr><td class=\"has-text-align-left\" data-align=\"left\">1709. Itinerari personal per a l&#8217;ocupabilitat I.<\/td><td class=\"has-text-align-right\" data-align=\"right\">99<\/td><\/tr><tr><td class=\"has-text-align-left\" data-align=\"left\">1710. Itinerari personal per a l&#8217;ocupabilitat II.<\/td><td class=\"has-text-align-right\" data-align=\"right\">66<\/td><\/tr><tr><td class=\"has-text-align-left\" data-align=\"left\">1713. Projecte intermodular.<\/td><td class=\"has-text-align-right\" data-align=\"right\">99<\/td><\/tr><tr><td class=\"has-text-align-left\" data-align=\"left\">M\u00f2dul professional optatiu.<\/td><td class=\"has-text-align-right\" data-align=\"right\">66<\/td><\/tr><\/tbody><tfoot><tr><td class=\"has-text-align-left\" data-align=\"left\">HORES TOTALS CICLE FORMATIU<\/td><td class=\"has-text-align-right\" data-align=\"right\">2.000<\/td><\/tr><\/tfoot><\/table><\/figure>\n\n\n<hr \/><hr \/>\n<p style=\"text-align: left;\"><a href=\"https:\/\/triaeducativa.gencat.cat\/ca\/estudis\/?gestio-administrativa&amp;p_id=49\" target=\"_blank\" rel=\"noopener noreferrer\"><strong>\u2714<\/strong> <strong>Informaci\u00f3 Gesti\u00f3 Administrativa Dept. d&#8217;Educaci\u00f3<\/strong><\/a><\/p>\n<hr \/>","protected":false},"excerpt":{"rendered":"<p>\u2714 L&#8217;Institut ofereix el cicle formatiu de grau mitj\u00e0 de Gesti\u00f3 administrativa torn de mat\u00ed. \u2714 V\u00eddeos \u2714 Presentaci\u00f3: aviat [&hellip;]<\/p>\n","protected":false},"author":1,"featured_media":0,"parent":2133,"menu_order":5,"comment_status":"closed","ping_status":"closed","template":"","meta":{"site-sidebar-layout":"default","site-content-layout":"","ast-site-content-layout":"default","site-content-style":"default","site-sidebar-style":"default","ast-global-header-display":"","ast-banner-title-visibility":"","ast-main-header-display":"","ast-hfb-above-header-display":"","ast-hfb-below-header-display":"","ast-hfb-mobile-header-display":"","site-post-title":"","ast-breadcrumbs-content":"","ast-featured-img":"","footer-sml-layout":"","theme-transparent-header-meta":"","adv-header-id-meta":"","stick-header-meta":"","header-above-stick-meta":"","header-main-stick-meta":"","header-below-stick-meta":"","astra-migrate-meta-layouts":"set","ast-page-background-enabled":"default","ast-page-background-meta":{"desktop":{"background-color":"var(--ast-global-color-4)","background-image":"","background-repeat":"repeat","background-position":"center center","background-size":"auto","background-attachment":"scroll","background-type":"","background-media":"","overlay-type":"","overlay-color":"","overlay-opacity":"","overlay-gradient":""},"tablet":{"background-color":"","background-image":"","background-repeat":"repeat","background-position":"center center","background-size":"auto","background-attachment":"scroll","background-type":"","background-media":"","overlay-type":"","overlay-color":"","overlay-opacity":"","overlay-gradient":""},"mobile":{"background-color":"","background-image":"","background-repeat":"repeat","background-position":"center center","background-size":"auto","background-attachment":"scroll","background-type":"","background-media":"","overlay-type":"","overlay-color":"","overlay-opacity":"","overlay-gradient":""}},"ast-content-background-meta":{"desktop":{"background-color":"var(--ast-global-color-5)","background-image":"","background-repeat":"repeat","background-position":"center center","background-size":"auto","background-attachment":"scroll","background-type":"","background-media":"","overlay-type":"","overlay-color":"","overlay-opacity":"","overlay-gradient":""},"tablet":{"background-color":"var(--ast-global-color-5)","background-image":"","background-repeat":"repeat","background-position":"center center","background-size":"auto","background-attachment":"scroll","background-type":"","background-media":"","overlay-type":"","overlay-color":"","overlay-opacity":"","overlay-gradient":""},"mobile":{"background-color":"var(--ast-global-color-5)","background-image":"","background-repeat":"repeat","background-position":"center center","background-size":"auto","background-attachment":"scroll","background-type":"","background-media":"","overlay-type":"","overlay-color":"","overlay-opacity":"","overlay-gradient":""}},"footnotes":""},"class_list":["post-4388","page","type-page","status-publish","hentry"],"post_mailing_queue_ids":[],"_links":{"self":[{"href":"https:\/\/agora.xtec.cat\/iesagustiserra\/wp-json\/wp\/v2\/pages\/4388","targetHints":{"allow":["GET"]}}],"collection":[{"href":"https:\/\/agora.xtec.cat\/iesagustiserra\/wp-json\/wp\/v2\/pages"}],"about":[{"href":"https:\/\/agora.xtec.cat\/iesagustiserra\/wp-json\/wp\/v2\/types\/page"}],"author":[{"embeddable":true,"href":"https:\/\/agora.xtec.cat\/iesagustiserra\/wp-json\/wp\/v2\/users\/1"}],"replies":[{"embeddable":true,"href":"https:\/\/agora.xtec.cat\/iesagustiserra\/wp-json\/wp\/v2\/comments?post=4388"}],"version-history":[{"count":6,"href":"https:\/\/agora.xtec.cat\/iesagustiserra\/wp-json\/wp\/v2\/pages\/4388\/revisions"}],"predecessor-version":[{"id":35867,"href":"https:\/\/agora.xtec.cat\/iesagustiserra\/wp-json\/wp\/v2\/pages\/4388\/revisions\/35867"}],"up":[{"embeddable":true,"href":"https:\/\/agora.xtec.cat\/iesagustiserra\/wp-json\/wp\/v2\/pages\/2133"}],"wp:attachment":[{"href":"https:\/\/agora.xtec.cat\/iesagustiserra\/wp-json\/wp\/v2\/media?parent=4388"}],"curies":[{"name":"wp","href":"https:\/\/api.w.org\/{rel}","templated":true}]}}