{"id":4385,"date":"2020-05-14T11:38:22","date_gmt":"2020-05-14T09:38:22","guid":{"rendered":"http:\/\/agora.xtec.cat\/iesagustiserra\/?page_id=4385"},"modified":"2025-09-01T09:12:40","modified_gmt":"2025-09-01T07:12:40","slug":"cfgs-disseny-i-edicio-de-publicacions-impreses-i-multimedia","status":"publish","type":"page","link":"https:\/\/agora.xtec.cat\/iesagustiserra\/estudis\/cicles-formatius\/arts-grafiques-2\/cfgs-disseny-i-edicio-de-publicacions-impreses-i-multimedia\/","title":{"rendered":"CFGS Disseny i edici\u00f3 de publicacions impreses i multim\u00e8dia"},"content":{"rendered":"\n<hr class=\"wp-block-separator has-text-color has-cyan-bluish-gray-color has-alpha-channel-opacity has-cyan-bluish-gray-background-color has-background\"\/>\n\n\n<h4>\u2714 L\u2019Institut ofereix el cicle formatiu de grau superior de Disseny i edici\u00f3 de publicacions impreses i multim\u00e8dia<\/h4>\n<h6 style=\"text-align: left;\"><a class=\"button normal\" style=\"padding: 0.5em; margin: 0.1em; color: white !important; background-color: #767676;\" href=\"https:\/\/agora.xtec.cat\/iesagustiserra\/wp-content\/uploads\/usu1681\/2025\/03\/3.2.Grafiques-CFGS-2025b.pdf\" target=\"_blank\" rel=\"noopener noreferrer\">Descarregar tr\u00edptic<\/a><\/h6>\n<div id='gallery-1' class='gallery galleryid-4385 gallery-columns-1 gallery-size-full'><figure class='gallery-item'>\n\t\t\t<div class='gallery-icon landscape'>\n\t\t\t\t<a href='https:\/\/agora.xtec.cat\/iesagustiserra\/3-2-grafiques-cfgs-2025b_page-0001\/'><img loading=\"lazy\" decoding=\"async\" width=\"1754\" height=\"1241\" src=\"https:\/\/agora.xtec.cat\/iesagustiserra\/wp-content\/uploads\/usu1681\/2025\/03\/3.2.Grafiques-CFGS-2025b_page-0001.jpg\" class=\"attachment-full size-full\" alt=\"\" srcset=\"https:\/\/agora.xtec.cat\/iesagustiserra\/wp-content\/uploads\/usu1681\/2025\/03\/3.2.Grafiques-CFGS-2025b_page-0001.jpg 1754w, https:\/\/agora.xtec.cat\/iesagustiserra\/wp-content\/uploads\/usu1681\/2025\/03\/3.2.Grafiques-CFGS-2025b_page-0001-600x425.jpg 600w, https:\/\/agora.xtec.cat\/iesagustiserra\/wp-content\/uploads\/usu1681\/2025\/03\/3.2.Grafiques-CFGS-2025b_page-0001-1024x725.jpg 1024w, https:\/\/agora.xtec.cat\/iesagustiserra\/wp-content\/uploads\/usu1681\/2025\/03\/3.2.Grafiques-CFGS-2025b_page-0001-768x543.jpg 768w, https:\/\/agora.xtec.cat\/iesagustiserra\/wp-content\/uploads\/usu1681\/2025\/03\/3.2.Grafiques-CFGS-2025b_page-0001-1536x1087.jpg 1536w\" sizes=\"auto, (max-width: 1754px) 100vw, 1754px\" \/><\/a>\n\t\t\t<\/div><\/figure><figure class='gallery-item'>\n\t\t\t<div class='gallery-icon landscape'>\n\t\t\t\t<a href='https:\/\/agora.xtec.cat\/iesagustiserra\/3-2-grafiques-cfgs-2025b_page-0002\/'><img loading=\"lazy\" decoding=\"async\" width=\"1754\" height=\"1241\" src=\"https:\/\/agora.xtec.cat\/iesagustiserra\/wp-content\/uploads\/usu1681\/2025\/03\/3.2.Grafiques-CFGS-2025b_page-0002.jpg\" class=\"attachment-full size-full\" alt=\"\" srcset=\"https:\/\/agora.xtec.cat\/iesagustiserra\/wp-content\/uploads\/usu1681\/2025\/03\/3.2.Grafiques-CFGS-2025b_page-0002.jpg 1754w, https:\/\/agora.xtec.cat\/iesagustiserra\/wp-content\/uploads\/usu1681\/2025\/03\/3.2.Grafiques-CFGS-2025b_page-0002-600x425.jpg 600w, https:\/\/agora.xtec.cat\/iesagustiserra\/wp-content\/uploads\/usu1681\/2025\/03\/3.2.Grafiques-CFGS-2025b_page-0002-1024x725.jpg 1024w, https:\/\/agora.xtec.cat\/iesagustiserra\/wp-content\/uploads\/usu1681\/2025\/03\/3.2.Grafiques-CFGS-2025b_page-0002-768x543.jpg 768w, https:\/\/agora.xtec.cat\/iesagustiserra\/wp-content\/uploads\/usu1681\/2025\/03\/3.2.Grafiques-CFGS-2025b_page-0002-1536x1087.jpg 1536w\" sizes=\"auto, (max-width: 1754px) 100vw, 1754px\" \/><\/a>\n\t\t\t<\/div><\/figure>\n\t\t<\/div>\n\n<div style=\"text-align: center;\"><hr \/>\n<h4 style=\"text-align: left;\"><strong>\u2714 Llibres de text curs 2025-2026<\/strong><\/h4>\n<div style=\"text-align: center;\">\n<table style=\"height: 35px;\" align=\"center\" bgcolor=\"#00FF00\">\n<tbody>\n<tr style=\"height: 25px;\">\n<td style=\"height: 25px; width: 836px;\"><a href=\"https:\/\/agora.xtec.cat\/iesagustiserra\/wp-content\/uploads\/usu1681\/2025\/07\/LLIBRES-TEXT-CFGS-DISSENY-I-EDICIO-DE-PUBLICACIONS-IMPRESES-I-MULTIMEDIA.pdf\" target=\"_blank\" rel=\"noopener noreferrer\"><strong><span style=\"color: #000000;\">Llibres de text<\/span> <span style=\"color: #418000;\">Cicles formatius Fam\u00edlia d\u2019Arts gr\u00e0fiques 2n curs<\/span><\/strong><\/a><\/td>\n<\/tr>\n<\/tbody>\n<\/table>\n<hr \/>\n<h4 style=\"text-align: left;\"><strong>\u2714 Desenvolupament curricular<\/strong><\/h4>\n<h3 class=\"negreta\" style=\"text-align: left;\"><span class=\"titol_taula01\">2.000 hores\u00a0<\/span><span class=\"gris\">(2 cursos acad\u00e8mics)<\/span><\/h3>\n<p style=\"text-align: left;\">La durada \u00e9s de 2.000 hores distribu\u00efdes en dos cursos acad\u00e8mics (1.485 en un centre educatiu i 515 (hores d&#8217;estada a l&#8217;empresa) en un centre de treball).<\/p>\n<p class=\"titol_taula01\" style=\"text-align: left;\"><span class=\"gris\">L&#8217;estructura de curs ser\u00e0:<\/span><\/p>\n<ul>\n<li class=\"titol_taula01\" style=\"text-align: left;\"><span class=\"gris\">El <strong>primer curs<\/strong> es cursar\u00e0 en el <\/span><strong>torn de mat\u00ed<\/strong>.<\/li>\n<li class=\"titol_taula01\" style=\"text-align: left;\"><span class=\"gris\">El <strong>segon curs<\/strong> es cursar\u00e0 en el <\/span><strong>torn de tarda<\/strong>.<\/li>\n<\/ul>\n<table border=\"0\" width=\"90%\" cellspacing=\"30\">\n<tbody>\n<tr>\n<td>\n<h2 class=\"titol_taula01\" style=\"text-align: left;\">Compet\u00e8ncia general<\/h2>\n<p class=\"gris\" style=\"text-align: justify;\">Aquests estudis capaciten per dissenyar productes gr\u00e0fics, envasos i embalatges; editar publicacions impreses i electr\u00f2niques, i gestionar i controlar la producci\u00f3 editorial, realitzant la publicaci\u00f3 i el servei d&#8217;atenci\u00f3 al client, aplicant els protocols de qualitat, seguretat i prevenci\u00f3 de riscos laborals i assegurant-ne la funcionalitat i respecte al medi ambient.<\/p>\n<\/td>\n<\/tr>\n<\/tbody>\n<\/table>\n<\/div>\n<\/div>\n\n\n<figure class=\"wp-block-table aligncenter is-style-regular\">\n<table style=\"width: 100%; height: 414px;\">\n<thead>\n<tr style=\"height: 23px;\">\n<th style=\"height: 23px;\">M\u00f2duls Professionals<\/th>\n<th class=\"has-text-align-right\" style=\"height: 23px;\" data-align=\"right\">Hores totals<\/th>\n<\/tr>\n<\/thead>\n<tbody>\n<tr style=\"height: 23px;\">\n<td style=\"text-align: left; height: 23px;\">1417. Materials de producci\u00f3 gr\u00e0fica.<\/td>\n<td class=\"has-text-align-right\" style=\"height: 23px;\" data-align=\"right\">152<\/td>\n<\/tr>\n<tr style=\"height: 23px;\">\n<td style=\"text-align: left; height: 23px;\">1478. Organitzaci\u00f3 dels processos de preimpressi\u00f3 digital.<\/td>\n<td class=\"has-text-align-right\" style=\"height: 23px;\" data-align=\"right\">264<\/td>\n<\/tr>\n<tr style=\"height: 23px;\">\n<td style=\"text-align: left; height: 23px;\">1479. Disseny de productes gr\u00e0fics.<\/td>\n<td class=\"has-text-align-right\" style=\"height: 23px;\" data-align=\"right\">231<\/td>\n<\/tr>\n<tr style=\"height: 23px;\">\n<td style=\"text-align: left; height: 23px;\">1480. Comercialitzaci\u00f3 de productes gr\u00e0fics i atenci\u00f3 al client.<\/td>\n<td class=\"has-text-align-right\" style=\"height: 23px;\" data-align=\"right\">66<\/td>\n<\/tr>\n<tr style=\"height: 23px;\">\n<td style=\"text-align: left; height: 23px;\">1481. Gesti\u00f3 de la producci\u00f3 en processos d\u2019edici\u00f3.<\/td>\n<td class=\"has-text-align-right\" style=\"height: 23px;\" data-align=\"right\">99<\/td>\n<\/tr>\n<tr style=\"height: 23px;\">\n<td style=\"text-align: left; height: 23px;\">1482. Producci\u00f3 editorial.<\/td>\n<td class=\"has-text-align-right\" style=\"height: 23px;\" data-align=\"right\">99<\/td>\n<\/tr>\n<tr style=\"height: 23px;\">\n<td style=\"text-align: left; height: 23px;\">1483. Disseny estructural d\u2019env\u00e0s i embalatge.<\/td>\n<td class=\"has-text-align-right\" style=\"height: 23px;\" data-align=\"right\">99<\/td>\n<\/tr>\n<tr style=\"height: 23px;\">\n<td style=\"text-align: left; height: 23px;\">1484. Disseny i planificaci\u00f3 de projectes editorials multim\u00e8dia.<\/td>\n<td class=\"has-text-align-right\" style=\"height: 23px;\" data-align=\"right\">132<\/td>\n<\/tr>\n<tr style=\"height: 23px;\">\n<td style=\"text-align: left; height: 23px;\">1485. Desenvolupament i publicaci\u00f3 de productes editorials multim\u00e8dia.<\/td>\n<td class=\"has-text-align-right\" style=\"height: 23px;\" data-align=\"right\">264<\/td>\n<\/tr>\n<tr style=\"height: 23px;\">\n<td style=\"text-align: left; height: 23px;\">0179. Angl\u00e8s professional.<\/td>\n<td class=\"has-text-align-right\" style=\"height: 23px;\" data-align=\"right\">66<\/td>\n<\/tr>\n<tr style=\"height: 23px;\">\n<td style=\"text-align: left; height: 23px;\">1665. Digitalitzaci\u00f3 aplicada als sectors productius.<\/td>\n<td class=\"has-text-align-right\" style=\"height: 23px;\" data-align=\"right\">33<\/td>\n<\/tr>\n<tr style=\"height: 23px;\">\n<td style=\"text-align: left; height: 23px;\">1708. Sostenibilitat aplicada al sistema productiu.<\/td>\n<td class=\"has-text-align-right\" style=\"height: 23px;\" data-align=\"right\">33<\/td>\n<\/tr>\n<tr style=\"height: 23px;\">\n<td style=\"text-align: left; height: 23px;\">1709. Itinerari personal per a l&#8217;ocupabilitat I.<\/td>\n<td class=\"has-text-align-right\" style=\"height: 23px;\" data-align=\"right\">99<\/td>\n<\/tr>\n<tr style=\"height: 23px;\">\n<td style=\"text-align: left; height: 23px;\">1710. Itinerari personal per a l&#8217;ocupabilitat II.<\/td>\n<td class=\"has-text-align-right\" style=\"height: 23px;\" data-align=\"right\">66<\/td>\n<\/tr>\n<tr style=\"height: 23px;\">\n<td style=\"text-align: left; height: 23px;\">1486. Projecte intermodular de Disseny i edici\u00f3 de publicacions impreses i multim\u00e8dia.<\/td>\n<td class=\"has-text-align-right\" style=\"height: 23px;\" data-align=\"right\">198<\/td>\n<\/tr>\n<tr style=\"height: 23px;\">\n<td style=\"text-align: left; height: 23px;\">M\u00f2dul professional optatiu.<\/td>\n<td class=\"has-text-align-right\" style=\"height: 23px;\" data-align=\"right\">99<\/td>\n<\/tr>\n<\/tbody>\n<tfoot>\n<tr style=\"height: 23px;\">\n<td style=\"text-align: left; height: 23px;\">HORES TOTALS CICLE FORMATIU<\/td>\n<td class=\"has-text-align-right\" style=\"height: 23px;\" data-align=\"right\">2.000<\/td>\n<\/tr>\n<\/tfoot>\n<\/table>\n<\/figure>\n\n\n<hr \/>\n<h4 style=\"text-align: left;\"><a href=\"https:\/\/triaeducativa.gencat.cat\/ca\/estudis\/?disseny-edicio-publicacions-impreses-multimedia&amp;p_id=2491\" target=\"_blank\" rel=\"noopener noreferrer\"><strong><strong>\u2714 Informaci\u00f3 Disseny Dept. d&#8217;Educaci\u00f3<\/strong><\/strong><\/a><\/h4>\n<hr \/>\n<p style=\"text-align: left;\">\u00a0<\/p>","protected":false},"excerpt":{"rendered":"<p>\u2714 L\u2019Institut ofereix el cicle formatiu de grau superior de Disseny i edici\u00f3 de publicacions impreses i multim\u00e8dia Descarregar tr\u00edptic [&hellip;]<\/p>\n","protected":false},"author":1,"featured_media":0,"parent":2135,"menu_order":20,"comment_status":"closed","ping_status":"closed","template":"","meta":{"site-sidebar-layout":"default","site-content-layout":"","ast-site-content-layout":"default","site-content-style":"default","site-sidebar-style":"default","ast-global-header-display":"","ast-banner-title-visibility":"","ast-main-header-display":"","ast-hfb-above-header-display":"","ast-hfb-below-header-display":"","ast-hfb-mobile-header-display":"","site-post-title":"","ast-breadcrumbs-content":"","ast-featured-img":"","footer-sml-layout":"","theme-transparent-header-meta":"","adv-header-id-meta":"","stick-header-meta":"","header-above-stick-meta":"","header-main-stick-meta":"","header-below-stick-meta":"","astra-migrate-meta-layouts":"set","ast-page-background-enabled":"default","ast-page-background-meta":{"desktop":{"background-color":"var(--ast-global-color-4)","background-image":"","background-repeat":"repeat","background-position":"center center","background-size":"auto","background-attachment":"scroll","background-type":"","background-media":"","overlay-type":"","overlay-color":"","overlay-opacity":"","overlay-gradient":""},"tablet":{"background-color":"","background-image":"","background-repeat":"repeat","background-position":"center center","background-size":"auto","background-attachment":"scroll","background-type":"","background-media":"","overlay-type":"","overlay-color":"","overlay-opacity":"","overlay-gradient":""},"mobile":{"background-color":"","background-image":"","background-repeat":"repeat","background-position":"center center","background-size":"auto","background-attachment":"scroll","background-type":"","background-media":"","overlay-type":"","overlay-color":"","overlay-opacity":"","overlay-gradient":""}},"ast-content-background-meta":{"desktop":{"background-color":"var(--ast-global-color-5)","background-image":"","background-repeat":"repeat","background-position":"center center","background-size":"auto","background-attachment":"scroll","background-type":"","background-media":"","overlay-type":"","overlay-color":"","overlay-opacity":"","overlay-gradient":""},"tablet":{"background-color":"var(--ast-global-color-5)","background-image":"","background-repeat":"repeat","background-position":"center center","background-size":"auto","background-attachment":"scroll","background-type":"","background-media":"","overlay-type":"","overlay-color":"","overlay-opacity":"","overlay-gradient":""},"mobile":{"background-color":"var(--ast-global-color-5)","background-image":"","background-repeat":"repeat","background-position":"center center","background-size":"auto","background-attachment":"scroll","background-type":"","background-media":"","overlay-type":"","overlay-color":"","overlay-opacity":"","overlay-gradient":""}},"footnotes":""},"class_list":["post-4385","page","type-page","status-publish","hentry"],"post_mailing_queue_ids":[],"_links":{"self":[{"href":"https:\/\/agora.xtec.cat\/iesagustiserra\/wp-json\/wp\/v2\/pages\/4385","targetHints":{"allow":["GET"]}}],"collection":[{"href":"https:\/\/agora.xtec.cat\/iesagustiserra\/wp-json\/wp\/v2\/pages"}],"about":[{"href":"https:\/\/agora.xtec.cat\/iesagustiserra\/wp-json\/wp\/v2\/types\/page"}],"author":[{"embeddable":true,"href":"https:\/\/agora.xtec.cat\/iesagustiserra\/wp-json\/wp\/v2\/users\/1"}],"replies":[{"embeddable":true,"href":"https:\/\/agora.xtec.cat\/iesagustiserra\/wp-json\/wp\/v2\/comments?post=4385"}],"version-history":[{"count":6,"href":"https:\/\/agora.xtec.cat\/iesagustiserra\/wp-json\/wp\/v2\/pages\/4385\/revisions"}],"predecessor-version":[{"id":35607,"href":"https:\/\/agora.xtec.cat\/iesagustiserra\/wp-json\/wp\/v2\/pages\/4385\/revisions\/35607"}],"up":[{"embeddable":true,"href":"https:\/\/agora.xtec.cat\/iesagustiserra\/wp-json\/wp\/v2\/pages\/2135"}],"wp:attachment":[{"href":"https:\/\/agora.xtec.cat\/iesagustiserra\/wp-json\/wp\/v2\/media?parent=4385"}],"curies":[{"name":"wp","href":"https:\/\/api.w.org\/{rel}","templated":true}]}}