{"id":4383,"date":"2020-05-14T11:37:49","date_gmt":"2020-05-14T09:37:49","guid":{"rendered":"http:\/\/agora.xtec.cat\/iesagustiserra\/?page_id=4383"},"modified":"2025-09-01T09:11:11","modified_gmt":"2025-09-01T07:11:11","slug":"cfgm-preimpressio-digital","status":"publish","type":"page","link":"https:\/\/agora.xtec.cat\/iesagustiserra\/estudis\/cicles-formatius\/arts-grafiques-2\/cfgm-preimpressio-digital\/","title":{"rendered":"CFGM Preimpressi\u00f3 digital"},"content":{"rendered":"\n<hr class=\"wp-block-separator has-text-color has-cyan-bluish-gray-color has-alpha-channel-opacity has-cyan-bluish-gray-background-color has-background\"\/>\n\n\n\n<h4 class=\"wp-block-heading\"><strong>\u2714 <\/strong>L\u2019Institut ofereix el cicle formatiu de grau mitj\u00e0 de Preimpressi\u00f3 digital<\/h4>\n\n\n\n<h6 class=\"wp-block-heading\"><a href=\"https:\/\/agora.xtec.cat\/iesagustiserra\/wp-content\/uploads\/usu1681\/2025\/03\/3.1.Grafiques-CFGM-2025b.pdf\" target=\"_blank\" rel=\"noreferrer noopener\">Descarregar tr\u00edptic<\/a><\/h6>\n\n\n\n<figure class=\"wp-block-gallery has-nested-images columns-1 is-cropped wp-block-gallery-1 is-layout-flex wp-block-gallery-is-layout-flex\">\n<figure data-wp-context=\"{&quot;imageId&quot;:&quot;69e20a2844f20&quot;}\" data-wp-interactive=\"core\/image\" class=\"wp-block-image size-large wp-lightbox-container\"><img loading=\"lazy\" decoding=\"async\" width=\"1024\" height=\"725\" data-wp-class--hide=\"state.isContentHidden\" data-wp-class--show=\"state.isContentVisible\" data-wp-init=\"callbacks.setButtonStyles\" data-wp-on-async--click=\"actions.showLightbox\" data-wp-on-async--load=\"callbacks.setButtonStyles\" data-wp-on-async-window--resize=\"callbacks.setButtonStyles\" data-id=\"32117\" src=\"https:\/\/agora.xtec.cat\/iesagustiserra\/wp-content\/uploads\/usu1681\/2025\/03\/3.1.Grafiques-CFGM-2025b_page-0001-1024x725.jpg\" alt=\"\" class=\"wp-image-32117\" srcset=\"https:\/\/agora.xtec.cat\/iesagustiserra\/wp-content\/uploads\/usu1681\/2025\/03\/3.1.Grafiques-CFGM-2025b_page-0001-1024x725.jpg 1024w, https:\/\/agora.xtec.cat\/iesagustiserra\/wp-content\/uploads\/usu1681\/2025\/03\/3.1.Grafiques-CFGM-2025b_page-0001-600x425.jpg 600w, https:\/\/agora.xtec.cat\/iesagustiserra\/wp-content\/uploads\/usu1681\/2025\/03\/3.1.Grafiques-CFGM-2025b_page-0001-768x543.jpg 768w, https:\/\/agora.xtec.cat\/iesagustiserra\/wp-content\/uploads\/usu1681\/2025\/03\/3.1.Grafiques-CFGM-2025b_page-0001-1536x1087.jpg 1536w, https:\/\/agora.xtec.cat\/iesagustiserra\/wp-content\/uploads\/usu1681\/2025\/03\/3.1.Grafiques-CFGM-2025b_page-0001.jpg 1754w\" sizes=\"auto, (max-width: 1024px) 100vw, 1024px\" \/><button\n\t\t\tclass=\"lightbox-trigger\"\n\t\t\ttype=\"button\"\n\t\t\taria-haspopup=\"dialog\"\n\t\t\taria-label=\"Amplia la imatge\"\n\t\t\tdata-wp-init=\"callbacks.initTriggerButton\"\n\t\t\tdata-wp-on-async--click=\"actions.showLightbox\"\n\t\t\tdata-wp-style--right=\"state.imageButtonRight\"\n\t\t\tdata-wp-style--top=\"state.imageButtonTop\"\n\t\t>\n\t\t\t<svg xmlns=\"http:\/\/www.w3.org\/2000\/svg\" width=\"12\" height=\"12\" fill=\"none\" viewBox=\"0 0 12 12\">\n\t\t\t\t<path fill=\"#fff\" d=\"M2 0a2 2 0 0 0-2 2v2h1.5V2a.5.5 0 0 1 .5-.5h2V0H2Zm2 10.5H2a.5.5 0 0 1-.5-.5V8H0v2a2 2 0 0 0 2 2h2v-1.5ZM8 12v-1.5h2a.5.5 0 0 0 .5-.5V8H12v2a2 2 0 0 1-2 2H8Zm2-12a2 2 0 0 1 2 2v2h-1.5V2a.5.5 0 0 0-.5-.5H8V0h2Z\" \/>\n\t\t\t<\/svg>\n\t\t<\/button><\/figure>\n\n\n\n<figure data-wp-context=\"{&quot;imageId&quot;:&quot;69e20a2845b75&quot;}\" data-wp-interactive=\"core\/image\" class=\"wp-block-image size-large wp-lightbox-container\"><img loading=\"lazy\" decoding=\"async\" width=\"1024\" height=\"725\" data-wp-class--hide=\"state.isContentHidden\" data-wp-class--show=\"state.isContentVisible\" data-wp-init=\"callbacks.setButtonStyles\" data-wp-on-async--click=\"actions.showLightbox\" data-wp-on-async--load=\"callbacks.setButtonStyles\" data-wp-on-async-window--resize=\"callbacks.setButtonStyles\" data-id=\"32118\" src=\"https:\/\/agora.xtec.cat\/iesagustiserra\/wp-content\/uploads\/usu1681\/2025\/03\/3.1.Grafiques-CFGM-2025b_page-0002-1024x725.jpg\" alt=\"\" class=\"wp-image-32118\" srcset=\"https:\/\/agora.xtec.cat\/iesagustiserra\/wp-content\/uploads\/usu1681\/2025\/03\/3.1.Grafiques-CFGM-2025b_page-0002-1024x725.jpg 1024w, https:\/\/agora.xtec.cat\/iesagustiserra\/wp-content\/uploads\/usu1681\/2025\/03\/3.1.Grafiques-CFGM-2025b_page-0002-600x425.jpg 600w, https:\/\/agora.xtec.cat\/iesagustiserra\/wp-content\/uploads\/usu1681\/2025\/03\/3.1.Grafiques-CFGM-2025b_page-0002-768x543.jpg 768w, https:\/\/agora.xtec.cat\/iesagustiserra\/wp-content\/uploads\/usu1681\/2025\/03\/3.1.Grafiques-CFGM-2025b_page-0002-1536x1087.jpg 1536w, https:\/\/agora.xtec.cat\/iesagustiserra\/wp-content\/uploads\/usu1681\/2025\/03\/3.1.Grafiques-CFGM-2025b_page-0002.jpg 1754w\" sizes=\"auto, (max-width: 1024px) 100vw, 1024px\" \/><button\n\t\t\tclass=\"lightbox-trigger\"\n\t\t\ttype=\"button\"\n\t\t\taria-haspopup=\"dialog\"\n\t\t\taria-label=\"Amplia la imatge\"\n\t\t\tdata-wp-init=\"callbacks.initTriggerButton\"\n\t\t\tdata-wp-on-async--click=\"actions.showLightbox\"\n\t\t\tdata-wp-style--right=\"state.imageButtonRight\"\n\t\t\tdata-wp-style--top=\"state.imageButtonTop\"\n\t\t>\n\t\t\t<svg xmlns=\"http:\/\/www.w3.org\/2000\/svg\" width=\"12\" height=\"12\" fill=\"none\" viewBox=\"0 0 12 12\">\n\t\t\t\t<path fill=\"#fff\" d=\"M2 0a2 2 0 0 0-2 2v2h1.5V2a.5.5 0 0 1 .5-.5h2V0H2Zm2 10.5H2a.5.5 0 0 1-.5-.5V8H0v2a2 2 0 0 0 2 2h2v-1.5ZM8 12v-1.5h2a.5.5 0 0 0 .5-.5V8H12v2a2 2 0 0 1-2 2H8Zm2-12a2 2 0 0 1 2 2v2h-1.5V2a.5.5 0 0 0-.5-.5H8V0h2Z\" \/>\n\t\t\t<\/svg>\n\t\t<\/button><\/figure>\n<\/figure>\n\n\n\n<h6 class=\"wp-block-heading\"><strong style=\"font-size: 1.4375em;\">\u2714 Llibres de text curs 2025-202<\/strong>6<\/h6>\n\n\n\n<div style=\"text-align: center;\">\n<div style=\"text-align: center;\">\n<table style=\"height: 35px;\" align=\"center\" bgcolor=\"#00FF00\">\n<tbody>\n<tr style=\"height: 25px;\">\n<td style=\"height: 25px; width: 836px;\"><a href=\"https:\/\/agora.xtec.cat\/iesagustiserra\/wp-content\/uploads\/usu1681\/2025\/07\/LLIBRES-TEXT-CFGM-FAMILIA-ARTS-GRAFIQUES.pdf\" target=\"_blank\" rel=\"noopener noreferrer\"><strong><span style=\"color: #000000;\">Llibres de text<\/span> <span style=\"color: #418000;\">Cicles formatius Fam\u00edlia d\u2019Arts gr\u00e0fiques 1r curs i 2n curs<\/span><\/strong><\/a><\/td>\n<\/tr>\n<\/tbody>\n<\/table>\n<hr \/>\n<h4 style=\"text-align: left;\"><strong>\u2714 Desenvolupament curricular<\/strong><\/h4>\n<h3 class=\"negreta\" style=\"text-align: left;\"><span class=\"titol_taula01\">2.000 hores (Torn de\u00a0<\/span>mat\u00ed<span class=\"titol_taula01\"> i torn de <\/span>tarda<span class=\"titol_taula01\">)<\/span><\/h3>\n<p style=\"text-align: left;\">La durada \u00e9s de 2.000 hores distribu\u00efdes en dos cursos acad\u00e8mics (1.485 en un centre educatiu i 515 (hores d&#8217;estada a l&#8217;empresa) en un centre de treball).<\/p>\n<table border=\"0\" width=\"90%\" cellspacing=\"30\">\n<tbody>\n<tr>\n<td>\n<h2 class=\"titol_taula01\" style=\"text-align: left;\">Compet\u00e8ncia general<\/h2>\n<p class=\"gris\" style=\"text-align: justify;\">Aquests estudis capaciten per efectuar les operacions d&#8217;assemblatge en publicacions electr\u00f2niques, tractament i compaginaci\u00f3 de textos i imatges, imposici\u00f3 de p\u00e0gines, obtenci\u00f3 digital de les formes impressores i la impressi\u00f3 amb procediments digitals, assegurant la qualitat i complint la normativa de seguretat i protecci\u00f3 ambiental.<\/p>\n<\/td>\n<\/tr>\n<\/tbody>\n<\/table>\n<p>\u00a0<\/p>\n<\/div>\n<\/div>\n\n\n\n<figure class=\"wp-block-table aligncenter is-style-regular\" style=\"font-size:17px\"><table><thead><tr><th class=\"has-text-align-left\" data-align=\"left\">M\u00f2duls Professionals<\/th><th class=\"has-text-align-right\" data-align=\"right\">Hores totals<\/th><\/tr><\/thead><tbody><tr><td class=\"has-text-align-left\" data-align=\"left\">0866. Tractament de textos.<\/td><td class=\"has-text-align-right\" data-align=\"right\">198<\/td><\/tr><tr><td class=\"has-text-align-left\" data-align=\"left\">0867. Tractament d&#8217;imatges en mapa de bits.<\/td><td class=\"has-text-align-right\" data-align=\"right\">264<\/td><\/tr><tr><td class=\"has-text-align-left\" data-align=\"left\">0868. Imposici\u00f3 i obtenci\u00f3 digital de la forma impressora.<\/td><td class=\"has-text-align-right\" data-align=\"right\">132<\/td><\/tr><tr><td class=\"has-text-align-left\" data-align=\"left\">0869. Impressi\u00f3 digital.<\/td><td class=\"has-text-align-right\" data-align=\"right\">185<\/td><\/tr><tr><td class=\"has-text-align-left\" data-align=\"left\">0870. Compaginaci\u00f3.<\/td><td class=\"has-text-align-right\" data-align=\"right\">198<\/td><\/tr><tr><td class=\"has-text-align-left\" data-align=\"left\">0871. Identificaci\u00f3 de materials en preimpressi\u00f3<\/td><td class=\"has-text-align-right\" data-align=\"right\">99<\/td><\/tr><tr><td class=\"has-text-align-left\" data-align=\"left\">0872. Realitzaci\u00f3 de publicacions electr\u00f2niques.<\/td><td class=\"has-text-align-right\" data-align=\"right\">231<\/td><\/tr><tr><td class=\"has-text-align-left\" data-align=\"left\">0873. Il\u00b7lustraci\u00f3 vectorial.<\/td><td class=\"has-text-align-right\" data-align=\"right\">99<\/td><\/tr><tr><td class=\"has-text-align-left\" data-align=\"left\">0156. Angl\u00e8s professional.<\/td><td class=\"has-text-align-right\" data-align=\"right\">66<\/td><\/tr><tr><td class=\"has-text-align-left\" data-align=\"left\">1664. Digitalitzaci\u00f3 aplicada als sectors productius.<\/td><td class=\"has-text-align-right\" data-align=\"right\">33<\/td><\/tr><tr><td class=\"has-text-align-left\" data-align=\"left\">1708. Sostenibilitat aplicada al sistema productiu.<\/td><td class=\"has-text-align-right\" data-align=\"right\">33<\/td><\/tr><tr><td class=\"has-text-align-left\" data-align=\"left\">1709. Itinerari personal per a l&#8217;ocupabilitat I.<\/td><td class=\"has-text-align-right\" data-align=\"right\">99<\/td><\/tr><tr><td class=\"has-text-align-left\" data-align=\"left\">1710. Itinerari personal per a l&#8217;ocupabilitat II.<\/td><td class=\"has-text-align-right\" data-align=\"right\">66<\/td><\/tr><tr><td class=\"has-text-align-left\" data-align=\"left\">1713. Projecte intermodular.<\/td><td class=\"has-text-align-right\" data-align=\"right\">198<\/td><\/tr><tr><td class=\"has-text-align-left\" data-align=\"left\">M\u00f2dul professional optatiu.<\/td><td class=\"has-text-align-right\" data-align=\"right\">99<\/td><\/tr><\/tbody><tfoot><tr><td class=\"has-text-align-left\" data-align=\"left\">HORES TOTALS CICLE FORMATIU<\/td><td class=\"has-text-align-right\" data-align=\"right\">2.000<\/td><\/tr><\/tfoot><\/table><\/figure>\n\n\n\n<p class=\"has-text-align-left\">&nbsp;<\/p>\n\n\n\n<h3 class=\"wp-block-heading\">&nbsp;<a href=\"https:\/\/triaeducativa.gencat.cat\/ca\/estudis\/?preimpressio-digital&amp;p_id=1230\" target=\"_blank\" rel=\"noreferrer noopener\"><strong>\u2714 Informaci\u00f3 Preimpressi\u00f3 Dept. d&#8217;Educaci\u00f3<\/strong><\/a><\/h3>\n","protected":false},"excerpt":{"rendered":"<p>\u2714 L\u2019Institut ofereix el cicle formatiu de grau mitj\u00e0 de Preimpressi\u00f3 digital Descarregar tr\u00edptic \u2714 Llibres de text curs 2025-2026 [&hellip;]<\/p>\n","protected":false},"author":1,"featured_media":0,"parent":2135,"menu_order":0,"comment_status":"closed","ping_status":"closed","template":"","meta":{"site-sidebar-layout":"default","site-content-layout":"","ast-site-content-layout":"default","site-content-style":"default","site-sidebar-style":"default","ast-global-header-display":"","ast-banner-title-visibility":"","ast-main-header-display":"","ast-hfb-above-header-display":"","ast-hfb-below-header-display":"","ast-hfb-mobile-header-display":"","site-post-title":"","ast-breadcrumbs-content":"","ast-featured-img":"","footer-sml-layout":"","theme-transparent-header-meta":"","adv-header-id-meta":"","stick-header-meta":"","header-above-stick-meta":"","header-main-stick-meta":"","header-below-stick-meta":"","astra-migrate-meta-layouts":"set","ast-page-background-enabled":"default","ast-page-background-meta":{"desktop":{"background-color":"var(--ast-global-color-4)","background-image":"","background-repeat":"repeat","background-position":"center center","background-size":"auto","background-attachment":"scroll","background-type":"","background-media":"","overlay-type":"","overlay-color":"","overlay-opacity":"","overlay-gradient":""},"tablet":{"background-color":"","background-image":"","background-repeat":"repeat","background-position":"center center","background-size":"auto","background-attachment":"scroll","background-type":"","background-media":"","overlay-type":"","overlay-color":"","overlay-opacity":"","overlay-gradient":""},"mobile":{"background-color":"","background-image":"","background-repeat":"repeat","background-position":"center center","background-size":"auto","background-attachment":"scroll","background-type":"","background-media":"","overlay-type":"","overlay-color":"","overlay-opacity":"","overlay-gradient":""}},"ast-content-background-meta":{"desktop":{"background-color":"var(--ast-global-color-5)","background-image":"","background-repeat":"repeat","background-position":"center center","background-size":"auto","background-attachment":"scroll","background-type":"","background-media":"","overlay-type":"","overlay-color":"","overlay-opacity":"","overlay-gradient":""},"tablet":{"background-color":"var(--ast-global-color-5)","background-image":"","background-repeat":"repeat","background-position":"center center","background-size":"auto","background-attachment":"scroll","background-type":"","background-media":"","overlay-type":"","overlay-color":"","overlay-opacity":"","overlay-gradient":""},"mobile":{"background-color":"var(--ast-global-color-5)","background-image":"","background-repeat":"repeat","background-position":"center center","background-size":"auto","background-attachment":"scroll","background-type":"","background-media":"","overlay-type":"","overlay-color":"","overlay-opacity":"","overlay-gradient":""}},"footnotes":""},"class_list":["post-4383","page","type-page","status-publish","hentry"],"post_mailing_queue_ids":[],"_links":{"self":[{"href":"https:\/\/agora.xtec.cat\/iesagustiserra\/wp-json\/wp\/v2\/pages\/4383","targetHints":{"allow":["GET"]}}],"collection":[{"href":"https:\/\/agora.xtec.cat\/iesagustiserra\/wp-json\/wp\/v2\/pages"}],"about":[{"href":"https:\/\/agora.xtec.cat\/iesagustiserra\/wp-json\/wp\/v2\/types\/page"}],"author":[{"embeddable":true,"href":"https:\/\/agora.xtec.cat\/iesagustiserra\/wp-json\/wp\/v2\/users\/1"}],"replies":[{"embeddable":true,"href":"https:\/\/agora.xtec.cat\/iesagustiserra\/wp-json\/wp\/v2\/comments?post=4383"}],"version-history":[{"count":6,"href":"https:\/\/agora.xtec.cat\/iesagustiserra\/wp-json\/wp\/v2\/pages\/4383\/revisions"}],"predecessor-version":[{"id":35605,"href":"https:\/\/agora.xtec.cat\/iesagustiserra\/wp-json\/wp\/v2\/pages\/4383\/revisions\/35605"}],"up":[{"embeddable":true,"href":"https:\/\/agora.xtec.cat\/iesagustiserra\/wp-json\/wp\/v2\/pages\/2135"}],"wp:attachment":[{"href":"https:\/\/agora.xtec.cat\/iesagustiserra\/wp-json\/wp\/v2\/media?parent=4383"}],"curies":[{"name":"wp","href":"https:\/\/api.w.org\/{rel}","templated":true}]}}