{"id":4381,"date":"2020-05-14T11:36:11","date_gmt":"2020-05-14T09:36:11","guid":{"rendered":"http:\/\/agora.xtec.cat\/iesagustiserra\/?page_id=4381"},"modified":"2025-09-01T09:05:20","modified_gmt":"2025-09-01T07:05:20","slug":"cfgs-ensenyament-i-animacio-socioesportiva","status":"publish","type":"page","link":"https:\/\/agora.xtec.cat\/iesagustiserra\/estudis\/cicles-formatius\/activitats-fisiques-i-esportives\/cfgs-ensenyament-i-animacio-socioesportiva\/","title":{"rendered":"CFGS Ensenyament i animaci\u00f3 socioesportiva"},"content":{"rendered":"\n<hr class=\"wp-block-separator has-text-color has-cyan-bluish-gray-color has-alpha-channel-opacity has-cyan-bluish-gray-background-color has-background\"\/>\n\n\n\n<div style=\"text-align: center;\">\n<h4 style=\"text-align: left;\"><a href=\"http:\/\/queestudiar.gencat.cat\/ca\/estudis\/fp\/cicles-families\/act-fisiques-esportives\/?p_id=46&amp;estudi\" target=\"_blank\" rel=\"noopener noreferrer\"><strong>\u2714 <\/strong><\/a>L&#8217;Institut ofereix el cicle formatiu de grau superior d&#8217;Ensenyament i animaci\u00f3 socioesportiva.<\/h4>\n<h4 style=\"text-align: left;\">\u2714<span style=\"color: #418000;\">V\u00eddeo<\/span><\/h4>\n<p><iframe loading=\"lazy\" title=\"YouTube video player\" src=\"https:\/\/www.youtube.com\/embed\/6BF9vIjHkD8\" width=\"560\" height=\"315\" frameborder=\"0\" allowfullscreen=\"allowfullscreen\"><\/iframe><\/p>\n<\/div>\n\n\n\n<hr class=\"wp-block-separator has-alpha-channel-opacity\"\/>\n\n\n\n<div style=\"text-align: center;\">\n<h6 style=\"text-align: left;\"><span style=\"color: #ff0000;\"><a class=\"button normal\" style=\"padding: 0.5em; margin: 0.1em; background-color: #767676; color: #ff0000;\" href=\"#\" target=\"_blank\" rel=\"noopener noreferrer\">Important<\/a><\/span><\/h6>\n<p style=\"text-align: left;\">L&#8217;alumnat que obtingui pla\u00e7a i es matriculi per cursar aquest cicle, haur\u00e0 de presentar, a m\u00e9s de la documentaci\u00f3 requerida a la <a href=\"https:\/\/agora.xtec.cat\/iesagustiserra\/matricula-curs-2024-2025-alumnat-nou\/\" target=\"_blank\" rel=\"noopener\">matr\u00edcula<\/a>, els seg\u00fcents certificats:<\/p>\n<ul>\n<li style=\"text-align: left;\">Certificat m\u00e8dic oficial (ha d&#8217;indicar que l&#8217;alumne\/a \u00e9s apte\/a per a fer activitat f\u00edsica)<\/li>\n<li style=\"text-align: left;\"><a href=\"https:\/\/web.gencat.cat\/ca\/situacions-de-vida\/justicia-seguretat\/certificat-delictes-naturalesa-sexual\/index.html\" target=\"_blank\" rel=\"noopener\">Certificat de delictes de naturalesa sexual<\/a> (acredita la manca de delictes d&#8217;aquest tipus)<\/li>\n<\/ul>\n<hr>\n<div style=\"text-align: center;\">\n<h6 style=\"text-align: left;\">&nbsp;<\/h6>\n<\/div>\n<div style=\"text-align: center;\">\n<h6 style=\"text-align: left;\"><a class=\"button normal\" style=\"padding: 0.5em; margin: 0.1em; color: white !important; background-color: #767676;\" href=\"https:\/\/agora.xtec.cat\/iesagustiserra\/wp-content\/uploads\/usu1681\/2025\/03\/1.2.Ensenyament-i-animacio-socioesportiva-GS-2025b.pdf\" target=\"_blank\" rel=\"noopener noreferrer\">Descarregar tr\u00edptic<\/a><\/h6>\n<p>&nbsp;<\/p>\n<\/div>\n<\/div>\n\n\n\n<figure class=\"wp-block-gallery has-nested-images columns-1 is-cropped wp-block-gallery-1 is-layout-flex wp-block-gallery-is-layout-flex\">\n<figure class=\"wp-block-image size-large\"><img loading=\"lazy\" decoding=\"async\" width=\"1024\" height=\"725\" data-id=\"32087\" src=\"https:\/\/agora.xtec.cat\/iesagustiserra\/wp-content\/uploads\/usu1681\/2025\/03\/1.2.Ensenyament-i-animacio-socioesportiva-GS-2025b_page-0001-1024x725.jpg\" alt=\"\" class=\"wp-image-32087\" srcset=\"https:\/\/agora.xtec.cat\/iesagustiserra\/wp-content\/uploads\/usu1681\/2025\/03\/1.2.Ensenyament-i-animacio-socioesportiva-GS-2025b_page-0001-1024x725.jpg 1024w, https:\/\/agora.xtec.cat\/iesagustiserra\/wp-content\/uploads\/usu1681\/2025\/03\/1.2.Ensenyament-i-animacio-socioesportiva-GS-2025b_page-0001-600x425.jpg 600w, https:\/\/agora.xtec.cat\/iesagustiserra\/wp-content\/uploads\/usu1681\/2025\/03\/1.2.Ensenyament-i-animacio-socioesportiva-GS-2025b_page-0001-768x543.jpg 768w, https:\/\/agora.xtec.cat\/iesagustiserra\/wp-content\/uploads\/usu1681\/2025\/03\/1.2.Ensenyament-i-animacio-socioesportiva-GS-2025b_page-0001-1536x1087.jpg 1536w, https:\/\/agora.xtec.cat\/iesagustiserra\/wp-content\/uploads\/usu1681\/2025\/03\/1.2.Ensenyament-i-animacio-socioesportiva-GS-2025b_page-0001.jpg 1754w\" sizes=\"auto, (max-width: 1024px) 100vw, 1024px\" \/><\/figure>\n\n\n\n<figure class=\"wp-block-image size-large\"><img loading=\"lazy\" decoding=\"async\" width=\"1024\" height=\"725\" data-id=\"32088\" src=\"https:\/\/agora.xtec.cat\/iesagustiserra\/wp-content\/uploads\/usu1681\/2025\/03\/1.2.Ensenyament-i-animacio-socioesportiva-GS-2025b_page-0002-1024x725.jpg\" alt=\"\" class=\"wp-image-32088\" srcset=\"https:\/\/agora.xtec.cat\/iesagustiserra\/wp-content\/uploads\/usu1681\/2025\/03\/1.2.Ensenyament-i-animacio-socioesportiva-GS-2025b_page-0002-1024x725.jpg 1024w, https:\/\/agora.xtec.cat\/iesagustiserra\/wp-content\/uploads\/usu1681\/2025\/03\/1.2.Ensenyament-i-animacio-socioesportiva-GS-2025b_page-0002-600x425.jpg 600w, https:\/\/agora.xtec.cat\/iesagustiserra\/wp-content\/uploads\/usu1681\/2025\/03\/1.2.Ensenyament-i-animacio-socioesportiva-GS-2025b_page-0002-768x543.jpg 768w, https:\/\/agora.xtec.cat\/iesagustiserra\/wp-content\/uploads\/usu1681\/2025\/03\/1.2.Ensenyament-i-animacio-socioesportiva-GS-2025b_page-0002-1536x1087.jpg 1536w, https:\/\/agora.xtec.cat\/iesagustiserra\/wp-content\/uploads\/usu1681\/2025\/03\/1.2.Ensenyament-i-animacio-socioesportiva-GS-2025b_page-0002.jpg 1754w\" sizes=\"auto, (max-width: 1024px) 100vw, 1024px\" \/><\/figure>\n<\/figure>\n\n\n\n<hr class=\"wp-block-separator has-alpha-channel-opacity\"\/>\n\n\n\n<h4 class=\"wp-block-heading\"><strong>\u2714 Llibres de text curs 2025-2026<\/strong><\/h4>\n\n\n\n<div style=\"text-align: center;\">\n<table class=\" alignleft\" style=\"height: 10px; width: 100%;\" align=\"center\">\n<tbody>\n<tr style=\"height: 25px;\">\n<td style=\"height: 20px; width: 100%;\">\n<h6><span style=\"color: #000000;\"><strong>Llibres de text <a href=\"https:\/\/agora.xtec.cat\/iesagustiserra\/wp-content\/uploads\/usu1681\/2025\/07\/LLIBRES-TEXT-CFGS-ENSENYAMENT-I-ANIMACIO-SOCIOESPORTIVA.pdf\" target=\"_blank\" rel=\"noopener noreferrer\">CFGS Ensenyament i animaci\u00f3 socioesportiva<\/a><\/strong><\/span><\/h6>\n<\/td>\n<\/tr>\n<\/tbody>\n<\/table>\n<h3>\u00a0<\/h3>\n<h3 style=\"text-align: left;\"><strong><a href=\"http:\/\/queestudiar.gencat.cat\/ca\/estudis\/fp\/cicles-families\/act-fisiques-esportives\/?p_id=46&amp;estudi\" target=\"_blank\" rel=\"noopener noreferrer\">\u2714<\/a>Desenvolupant curricular<\/strong><\/h3>\n<h3 style=\"text-align: left;\">2.000 hores<\/h3>\n<p style=\"text-align: left;\">La durada \u00e9s de 2.000 hores distribu\u00efdes en dos cursos acad\u00e8mics (1.485 en un centre educatiu i 515 (hores d&#8217;estada a l&#8217;empresa) en un centre de treball).<\/p>\n<table style=\"height: 90px; width: 90%;\" border=\"0\" width=\"1296\" cellspacing=\"5\">\n<tbody>\n<tr>\n<td style=\"width: 1284px;\">\n<h2 class=\"titol_taula01\" style=\"text-align: left;\">Compet\u00e8ncia general<\/h2>\n<p class=\"gris\" style=\"text-align: justify;\">Aquests estudis capaciten per elaborar, gestionar i avaluar projectes d&#8217;animaci\u00f3 fisicoesportius i recreatius per a tota mena d&#8217;usuaris, programant i dirigint les activitats d&#8217;ensenyament, d&#8217;inclusi\u00f3 socioesportiva i de temps lliure, coordinant les actuacions dels professionals implicats, garantint-ne la seguretat, respectant el medi ambient i aconseguint la satisfacci\u00f3 dels usuaris, en els l\u00edmits previstos de cost.<\/p>\n<p style=\"text-align: justify;\">Aquest estudi substitueix el cicle Animaci\u00f3 d&#8217;Activitats F\u00edsiques i Esportives (LOGSE).<\/p>\n<\/td>\n<\/tr>\n<\/tbody>\n<\/table>\n<\/div>\n\n\n\n<figure class=\"wp-block-table aligncenter is-style-regular\" style=\"font-size:17px\"><table><thead><tr><th class=\"has-text-align-left\" data-align=\"left\">M\u00f2duls Professionals<\/th><th class=\"has-text-align-right\" data-align=\"right\">Hores totals<\/th><\/tr><\/thead><tbody><tr><td class=\"has-text-align-left\" data-align=\"left\">1123. Activitats d&#8217;oci i temps lliure.<\/td><td class=\"has-text-align-right\" data-align=\"right\">165<\/td><\/tr><tr><td class=\"has-text-align-left\" data-align=\"left\">1124. Dinamitzaci\u00f3 grupal.<\/td><td class=\"has-text-align-right\" data-align=\"right\">165<\/td><\/tr><tr><td class=\"has-text-align-left\" data-align=\"left\">1136. Valoraci\u00f3 de la Condici\u00f3 F\u00edsica i Intervenci\u00f3 d\u2019accidents.<\/td><td class=\"has-text-align-right\" data-align=\"right\">198<\/td><\/tr><tr><td class=\"has-text-align-left\" data-align=\"left\">1137. Planificaci\u00f3 de l\u2019animaci\u00f3 socioesportiva.<\/td><td class=\"has-text-align-right\" data-align=\"right\">66<\/td><\/tr><tr><td class=\"has-text-align-left\" data-align=\"left\">1138. Jocs i activitats fisicorecreatives i d&#8217;animaci\u00f3 tur\u00edstica.<\/td><td class=\"has-text-align-right\" data-align=\"right\">198<\/td><\/tr><tr><td class=\"has-text-align-left\" data-align=\"left\">1139. Activitats fisicoesportives individuals.<\/td><td class=\"has-text-align-right\" data-align=\"right\">218<\/td><\/tr><tr><td class=\"has-text-align-left\" data-align=\"left\">1140. Activitats fisicoesportives d\u2019equip.<\/td><td class=\"has-text-align-right\" data-align=\"right\">132<\/td><\/tr><tr><td class=\"has-text-align-left\" data-align=\"left\">1141. Activitats fisicoesportives d\u2019implements.<\/td><td class=\"has-text-align-right\" data-align=\"right\">132<\/td><\/tr><tr><td class=\"has-text-align-left\" data-align=\"left\">1142. Activitats fisicoesportives per a la inclusi\u00f3 social.<\/td><td class=\"has-text-align-right\" data-align=\"right\">66<\/td><\/tr><tr><td class=\"has-text-align-left\" data-align=\"left\">1143. Metodologia de l&#8217;ensenyament d&#8217;activitats fisicoesportives.<\/td><td class=\"has-text-align-right\" data-align=\"right\">66<\/td><\/tr><tr><td class=\"has-text-align-left\" data-align=\"left\">0179. Angl\u00e8s professional.<\/td><td class=\"has-text-align-right\" data-align=\"right\">66<\/td><\/tr><tr><td class=\"has-text-align-left\" data-align=\"left\">1665. Digitalitzaci\u00f3 aplicada als sectors productius.<\/td><td class=\"has-text-align-right\" data-align=\"right\">33<\/td><\/tr><tr><td class=\"has-text-align-left\" data-align=\"left\">1708. Sostenibilitat aplicada al sistema productiu.<\/td><td class=\"has-text-align-right\" data-align=\"right\">33<\/td><\/tr><tr><td class=\"has-text-align-left\" data-align=\"left\">1709. Itinerari personal per a l&#8217;ocupabilitat I.<\/td><td class=\"has-text-align-right\" data-align=\"right\">99<\/td><\/tr><tr><td class=\"has-text-align-left\" data-align=\"left\">1710. Itinerari personal per a l&#8217;ocupabilitat II<\/td><td class=\"has-text-align-right\" data-align=\"right\">66<\/td><\/tr><tr><td class=\"has-text-align-left\" data-align=\"left\">1144. Projecte intermodular.<\/td><td class=\"has-text-align-right\" data-align=\"right\">198<\/td><\/tr><tr><td class=\"has-text-align-left\" data-align=\"left\">M\u00f2dul optatiu.<\/td><td class=\"has-text-align-right\" data-align=\"right\">99<\/td><\/tr><\/tbody><tfoot><tr><td class=\"has-text-align-left\" data-align=\"left\">HORES TOTALS CICLE FORMATIU<\/td><td class=\"has-text-align-right\" data-align=\"right\">2.000<\/td><\/tr><\/tfoot><\/table><\/figure>\n\n\n\n<div style=\"text-align: center;\"><hr \/>\n<p style=\"text-align: left;\"><a href=\"https:\/\/triaeducativa.gencat.cat\/ca\/estudis\/?ensenyament-animacio-socioesportiva&amp;p_id=4191\" target=\"_blank\" rel=\"noopener noreferrer\"><strong>\u2714 Informaci\u00f3 EAS Dept. d&#8217;Educaci\u00f3<\/strong><\/a><\/p>\n<div>\u00a0<\/div>\n<hr \/><\/div>\n","protected":false},"excerpt":{"rendered":"<p>\u2714 L&#8217;Institut ofereix el cicle formatiu de grau superior d&#8217;Ensenyament i animaci\u00f3 socioesportiva. \u2714V\u00eddeo Important L&#8217;alumnat que obtingui pla\u00e7a i [&hellip;]<\/p>\n","protected":false},"author":1,"featured_media":0,"parent":2129,"menu_order":20,"comment_status":"closed","ping_status":"closed","template":"","meta":{"site-sidebar-layout":"default","site-content-layout":"","ast-site-content-layout":"default","site-content-style":"default","site-sidebar-style":"default","ast-global-header-display":"","ast-banner-title-visibility":"","ast-main-header-display":"","ast-hfb-above-header-display":"","ast-hfb-below-header-display":"","ast-hfb-mobile-header-display":"","site-post-title":"","ast-breadcrumbs-content":"","ast-featured-img":"","footer-sml-layout":"","theme-transparent-header-meta":"","adv-header-id-meta":"","stick-header-meta":"","header-above-stick-meta":"","header-main-stick-meta":"","header-below-stick-meta":"","astra-migrate-meta-layouts":"set","ast-page-background-enabled":"default","ast-page-background-meta":{"desktop":{"background-color":"var(--ast-global-color-4)","background-image":"","background-repeat":"repeat","background-position":"center center","background-size":"auto","background-attachment":"scroll","background-type":"","background-media":"","overlay-type":"","overlay-color":"","overlay-opacity":"","overlay-gradient":""},"tablet":{"background-color":"","background-image":"","background-repeat":"repeat","background-position":"center center","background-size":"auto","background-attachment":"scroll","background-type":"","background-media":"","overlay-type":"","overlay-color":"","overlay-opacity":"","overlay-gradient":""},"mobile":{"background-color":"","background-image":"","background-repeat":"repeat","background-position":"center center","background-size":"auto","background-attachment":"scroll","background-type":"","background-media":"","overlay-type":"","overlay-color":"","overlay-opacity":"","overlay-gradient":""}},"ast-content-background-meta":{"desktop":{"background-color":"var(--ast-global-color-5)","background-image":"","background-repeat":"repeat","background-position":"center center","background-size":"auto","background-attachment":"scroll","background-type":"","background-media":"","overlay-type":"","overlay-color":"","overlay-opacity":"","overlay-gradient":""},"tablet":{"background-color":"var(--ast-global-color-5)","background-image":"","background-repeat":"repeat","background-position":"center center","background-size":"auto","background-attachment":"scroll","background-type":"","background-media":"","overlay-type":"","overlay-color":"","overlay-opacity":"","overlay-gradient":""},"mobile":{"background-color":"var(--ast-global-color-5)","background-image":"","background-repeat":"repeat","background-position":"center center","background-size":"auto","background-attachment":"scroll","background-type":"","background-media":"","overlay-type":"","overlay-color":"","overlay-opacity":"","overlay-gradient":""}},"footnotes":""},"class_list":["post-4381","page","type-page","status-publish","hentry"],"post_mailing_queue_ids":[],"_links":{"self":[{"href":"https:\/\/agora.xtec.cat\/iesagustiserra\/wp-json\/wp\/v2\/pages\/4381","targetHints":{"allow":["GET"]}}],"collection":[{"href":"https:\/\/agora.xtec.cat\/iesagustiserra\/wp-json\/wp\/v2\/pages"}],"about":[{"href":"https:\/\/agora.xtec.cat\/iesagustiserra\/wp-json\/wp\/v2\/types\/page"}],"author":[{"embeddable":true,"href":"https:\/\/agora.xtec.cat\/iesagustiserra\/wp-json\/wp\/v2\/users\/1"}],"replies":[{"embeddable":true,"href":"https:\/\/agora.xtec.cat\/iesagustiserra\/wp-json\/wp\/v2\/comments?post=4381"}],"version-history":[{"count":6,"href":"https:\/\/agora.xtec.cat\/iesagustiserra\/wp-json\/wp\/v2\/pages\/4381\/revisions"}],"predecessor-version":[{"id":35600,"href":"https:\/\/agora.xtec.cat\/iesagustiserra\/wp-json\/wp\/v2\/pages\/4381\/revisions\/35600"}],"up":[{"embeddable":true,"href":"https:\/\/agora.xtec.cat\/iesagustiserra\/wp-json\/wp\/v2\/pages\/2129"}],"wp:attachment":[{"href":"https:\/\/agora.xtec.cat\/iesagustiserra\/wp-json\/wp\/v2\/media?parent=4381"}],"curies":[{"name":"wp","href":"https:\/\/api.w.org\/{rel}","templated":true}]}}