{"id":43,"date":"2014-09-17T16:45:07","date_gmt":"2014-09-17T16:45:07","guid":{"rendered":"http:\/\/agora.xtec.cat\/iesagustiserra\/?page_id=43"},"modified":"2025-12-05T13:16:36","modified_gmt":"2025-12-05T12:16:36","slug":"consell-escolar","status":"publish","type":"page","link":"https:\/\/agora.xtec.cat\/iesagustiserra\/linstitut\/qui-som\/consell-escolar\/","title":{"rendered":"Consell escolar"},"content":{"rendered":"\n<h3 class=\"wp-block-heading\"><strong>CONSELL D\u2019ESCOLA CURS 2025-2026<\/strong><\/h3>\n\n\n\n<h6 class=\"wp-block-heading\"><strong>EQUIP DIRECTIU<\/strong><\/h6>\n\n\n\n<figure class=\"wp-block-table\"><table><tbody><tr><td>1<mark style=\"background-color:rgba(0, 0, 0, 0);color:#ffffff\" class=\"has-inline-color\">&#8230;<\/mark><\/td><td><mark style=\"background-color:rgba(0, 0, 0, 0);color:#ffffff\" class=\"has-inline-color\">&nbsp;..<\/mark><\/td><td><i><span style=\"font-weight: 400;\">MU\u00d1OZ, MARI CARME<\/span><\/i><\/td><\/tr><tr><td>2<\/td><td>&nbsp;<\/td><td><span style=\"font-weight: 400;\">L\u00d3PEZ, LOPE<\/span><\/td><\/tr><tr><td>3<\/td><td>&nbsp;<\/td><td><span style=\"font-weight: 400;\">ESTEBAN, N\u00daRIA<\/span><\/td><\/tr><\/tbody><\/table><\/figure>\n\n\n\n<p><span style=\"font-weight: 400;\">Na <\/span><i><span style=\"font-weight: 400;\">Mari Carme Mu\u00f1oz <\/span><\/i><span style=\"font-weight: 400;\">\u00e9s membre del Consell d\u2019Escola amb veu per\u00f2 sense vot.<\/span><\/p>\n\n\n\n<h6 class=\"wp-block-heading\"><strong>PROFESSORAT<\/strong><\/h6>\n\n\n\n<figure class=\"wp-block-table\"><table><tbody><tr><td>4<\/td><td>1<\/td><td>BLASCO, MAR<\/td><\/tr><tr><td>5<\/td><td>2<\/td><td>GONZ\u00c1LEZ, GUISELA<\/td><\/tr><tr><td>6<\/td><td>3<\/td><td>JIM\u00c9NEZ, ALBERTO<\/td><\/tr><tr><td>7<\/td><td>4<\/td><td>MART\u00cdNEZ, N\u00daRIA<\/td><\/tr><tr><td>8<\/td><td>5<\/td><td>MORENO, GEMMA<\/td><\/tr><tr><td>9<\/td><td>6<\/td><td>PALAU, JACINT<\/td><\/tr><tr><td>10<\/td><td>7<\/td><td>POCINO, N\u00daRIA<\/td><\/tr><tr><td>11<\/td><td>8<\/td><td>SOL\u00c9, MARTA<\/td><\/tr><\/tbody><\/table><\/figure>\n\n\n\n<h6 class=\"wp-block-heading\"><strong>ALUMNAT<\/strong><\/h6>\n\n\n\n<figure class=\"wp-block-table\"><table><tbody><tr><td>12<\/td><td>1<\/td><td>AJOURAY, AYA<\/td><\/tr><tr><td>13<\/td><td>2<\/td><td>MOUDEN, ARWA<\/td><\/tr><tr><td>14<\/td><td>3<\/td><td>RUIZ, IVONE D&#8217;CARLO<\/td><\/tr><tr><td>15<\/td><td>4<\/td><td>TOURE, MAIMOUNA<\/td><\/tr><\/tbody><\/table><\/figure>\n\n\n\n<h6 class=\"wp-block-heading\"><strong>FAM\u00cdLIES<\/strong><\/h6>\n\n\n\n<figure class=\"wp-block-table\"><table><tbody><tr><td>16<\/td><td>1<\/td><td>BR\u00cdGIDO, M. DEL MAR<\/td><\/tr><tr><td>17<\/td><td>2<\/td><td>L\u00c9RIDA, MILAGROS<\/td><\/tr><tr><td>18<\/td><td>3<\/td><td><span style=\"font-weight: 400;\">OUAMMOU, KHADIJA<\/span><\/td><\/tr><\/tbody><\/table><\/figure>\n\n\n\n<h6 class=\"wp-block-heading\"><strong>REPRESENTANT AFA<\/strong><\/h6>\n\n\n\n<figure class=\"wp-block-table\"><table><tbody><tr><td>19<\/td><td>1<\/td><td>CAMPILLO, ISABEL<mark style=\"background-color:rgba(0, 0, 0, 0);color:#ffffff\" class=\"has-inline-color\">&#8230;&#8230;.<\/mark><\/td><\/tr><\/tbody><\/table><\/figure>\n\n\n\n<h6 class=\"wp-block-heading\">PERSONAL D&#8217;<strong>ADMINISTRACI\u00d3 I SERVEIS<\/strong><\/h6>\n\n\n\n<figure class=\"wp-block-table\"><table><tbody><tr><td>20<\/td><td>1<\/td><td>MART\u00cdNEZ, S\u00d2NIA<mark style=\"background-color:rgba(0, 0, 0, 0);color:#ffffff\" class=\"has-inline-color\">&#8230;&#8230;.<\/mark><\/td><\/tr><\/tbody><\/table><\/figure>\n\n\n\n<h6 class=\"wp-block-heading\">REPRESENTANT DE L&#8217;<strong>AJUNTAMENT<\/strong><\/h6>\n\n\n\n<figure class=\"wp-block-table is-style-regular\"><table><tbody><tr><td>21<\/td><td>1<\/td><td>RIBA, FINA<mark style=\"background-color:rgba(0, 0, 0, 0);color:#fdfdfd\" class=\"has-inline-color\">&#8230;&#8230;&#8230;&#8230;&#8230;&#8230;&#8230;.<\/mark><\/td><\/tr><\/tbody><\/table><\/figure>\n\n\n\n<h6 class=\"wp-block-heading\"><strong>ALTRES ASSISTENTS<\/strong><\/h6>\n\n\n\n<figure class=\"wp-block-table is-style-regular\"><table><tbody><tr><td>22<\/td><td>1<\/td><td>ESTEVE, ANTONIA<mark style=\"background-color:rgba(0, 0, 0, 0);color:#ffffff\" class=\"has-inline-color\">&#8230;&#8230;<\/mark><\/td><\/tr><\/tbody><\/table><\/figure>\n","protected":false},"excerpt":{"rendered":"<p>CONSELL D\u2019ESCOLA CURS 2025-2026 EQUIP DIRECTIU 1&#8230; &nbsp;.. MU\u00d1OZ, MARI CARME 2 &nbsp; L\u00d3PEZ, LOPE 3 &nbsp; ESTEBAN, N\u00daRIA Na [&hellip;]<\/p>\n","protected":false},"author":1,"featured_media":0,"parent":1964,"menu_order":60,"comment_status":"closed","ping_status":"closed","template":"","meta":{"site-sidebar-layout":"default","site-content-layout":"","ast-site-content-layout":"default","site-content-style":"default","site-sidebar-style":"default","ast-global-header-display":"","ast-banner-title-visibility":"","ast-main-header-display":"","ast-hfb-above-header-display":"","ast-hfb-below-header-display":"","ast-hfb-mobile-header-display":"","site-post-title":"","ast-breadcrumbs-content":"","ast-featured-img":"","footer-sml-layout":"","theme-transparent-header-meta":"","adv-header-id-meta":"","stick-header-meta":"","header-above-stick-meta":"","header-main-stick-meta":"","header-below-stick-meta":"","astra-migrate-meta-layouts":"set","ast-page-background-enabled":"default","ast-page-background-meta":{"desktop":{"background-color":"var(--ast-global-color-4)","background-image":"","background-repeat":"repeat","background-position":"center center","background-size":"auto","background-attachment":"scroll","background-type":"","background-media":"","overlay-type":"","overlay-color":"","overlay-opacity":"","overlay-gradient":""},"tablet":{"background-color":"","background-image":"","background-repeat":"repeat","background-position":"center center","background-size":"auto","background-attachment":"scroll","background-type":"","background-media":"","overlay-type":"","overlay-color":"","overlay-opacity":"","overlay-gradient":""},"mobile":{"background-color":"","background-image":"","background-repeat":"repeat","background-position":"center center","background-size":"auto","background-attachment":"scroll","background-type":"","background-media":"","overlay-type":"","overlay-color":"","overlay-opacity":"","overlay-gradient":""}},"ast-content-background-meta":{"desktop":{"background-color":"var(--ast-global-color-5)","background-image":"","background-repeat":"repeat","background-position":"center center","background-size":"auto","background-attachment":"scroll","background-type":"","background-media":"","overlay-type":"","overlay-color":"","overlay-opacity":"","overlay-gradient":""},"tablet":{"background-color":"var(--ast-global-color-5)","background-image":"","background-repeat":"repeat","background-position":"center center","background-size":"auto","background-attachment":"scroll","background-type":"","background-media":"","overlay-type":"","overlay-color":"","overlay-opacity":"","overlay-gradient":""},"mobile":{"background-color":"var(--ast-global-color-5)","background-image":"","background-repeat":"repeat","background-position":"center center","background-size":"auto","background-attachment":"scroll","background-type":"","background-media":"","overlay-type":"","overlay-color":"","overlay-opacity":"","overlay-gradient":""}},"footnotes":""},"class_list":["post-43","page","type-page","status-publish","hentry"],"post_mailing_queue_ids":[],"_links":{"self":[{"href":"https:\/\/agora.xtec.cat\/iesagustiserra\/wp-json\/wp\/v2\/pages\/43","targetHints":{"allow":["GET"]}}],"collection":[{"href":"https:\/\/agora.xtec.cat\/iesagustiserra\/wp-json\/wp\/v2\/pages"}],"about":[{"href":"https:\/\/agora.xtec.cat\/iesagustiserra\/wp-json\/wp\/v2\/types\/page"}],"author":[{"embeddable":true,"href":"https:\/\/agora.xtec.cat\/iesagustiserra\/wp-json\/wp\/v2\/users\/1"}],"replies":[{"embeddable":true,"href":"https:\/\/agora.xtec.cat\/iesagustiserra\/wp-json\/wp\/v2\/comments?post=43"}],"version-history":[{"count":6,"href":"https:\/\/agora.xtec.cat\/iesagustiserra\/wp-json\/wp\/v2\/pages\/43\/revisions"}],"predecessor-version":[{"id":37409,"href":"https:\/\/agora.xtec.cat\/iesagustiserra\/wp-json\/wp\/v2\/pages\/43\/revisions\/37409"}],"up":[{"embeddable":true,"href":"https:\/\/agora.xtec.cat\/iesagustiserra\/wp-json\/wp\/v2\/pages\/1964"}],"wp:attachment":[{"href":"https:\/\/agora.xtec.cat\/iesagustiserra\/wp-json\/wp\/v2\/media?parent=43"}],"curies":[{"name":"wp","href":"https:\/\/api.w.org\/{rel}","templated":true}]}}