{"id":39873,"date":"2026-04-09T10:42:26","date_gmt":"2026-04-09T08:42:26","guid":{"rendered":"https:\/\/agora.xtec.cat\/iesagustiserra\/?page_id=39873"},"modified":"2026-04-09T10:43:34","modified_gmt":"2026-04-09T08:43:34","slug":"calendari-matricula-curs-2026-2027-alumnat-de-centre","status":"publish","type":"page","link":"https:\/\/agora.xtec.cat\/iesagustiserra\/calendari-matricula-curs-2026-2027-alumnat-de-centre\/","title":{"rendered":"CALENDARI MATR\u00cdCULA \u2013 CURS 2026-2027- ALUMNAT DE CENTRE"},"content":{"rendered":"\n<p class=\"has-text-align-center\"><strong><mark style=\"background-color:rgba(0, 0, 0, 0);color:#ff0000\" class=\"has-inline-color\">IMPORTANT: Informaci\u00f3 pendent d&#8217;actualitzar<\/mark><\/strong><\/p>\n\n\n\n<div style=\"height:20px\" aria-hidden=\"true\" class=\"wp-block-spacer\"><\/div>\n\n\n\n<figure class=\"wp-block-table aligncenter is-style-regular\"><table class=\"has-fixed-layout\"><thead><tr><th>ESTUDIS CURS 25-26<\/th><th class=\"has-text-align-center\" data-align=\"center\">MATR\u00cdCULA CURS 26-27<\/th><\/tr><\/thead><tbody><tr><td><strong>ESO<\/strong> (alumnat 1r, 2n i 3r d&#8217;ESO)<\/td><td class=\"has-text-align-center\" data-align=\"center\"><strong>Del 6 al 13 de maig<\/strong> (ambd\u00f3s inclosos, telem\u00e0ticament a trav\u00e9s de TPV)<\/td><\/tr><tr><td><strong><a href=\"https:\/\/agora.xtec.cat\/iesagustiserra\/matricula-curs-2025-2026-alumnat-del-centre\/\" data-type=\"link\" data-id=\"https:\/\/agora.xtec.cat\/iesagustiserra\/matricula-curs-2025-2026-alumnat-del-centre\/\" target=\"_blank\" rel=\"noreferrer noopener\">Batxillerat<\/a><\/strong> (alumnat de 1r de Batxillerat)<\/td><td class=\"has-text-align-center\" data-align=\"center\"><strong>Del 23 al 26 de juny<\/strong> (ambd\u00f3s inclosos, telem\u00e0ticament a trav\u00e9s de TPV) <br><strong>Dilluns 30 de juny de 9 a 11 h<\/strong> (presencialment a secretaria)<\/td><\/tr><tr><td><strong><a href=\"https:\/\/agora.xtec.cat\/iesagustiserra\/matricula-curs-2025-2026-alumnat-del-centre\/\" target=\"_blank\" rel=\"noreferrer noopener\">Batxillerat esportiu 3&#215;2<\/a><\/strong> (alumnat de 1r curs de Batxillerat)<\/td><td class=\"has-text-align-center\" data-align=\"center\"><mark style=\"background-color:rgba(0, 0, 0, 0)\" class=\"has-inline-color has-ast-global-color-5-color\"><strong>Del 23 al 26 de juny<\/strong> (ambd\u00f3s inclosos, telem\u00e0ticament a trav\u00e9s de TPV) <br><\/mark><strong><mark style=\"background-color:rgba(0, 0, 0, 0)\" class=\"has-inline-color has-ast-global-color-5-color\">Dilluns 30 de juny d<\/mark>&#8217;11<mark style=\"background-color:rgba(0, 0, 0, 0)\" class=\"has-inline-color has-ast-global-color-5-color\"> a 13 h<\/mark><\/strong><mark style=\"background-color:rgba(0, 0, 0, 0)\" class=\"has-inline-color has-ast-global-color-5-color\"> (presencialment a secretaria)<\/mark><\/td><\/tr><tr><td>* <strong><a href=\"https:\/\/agora.xtec.cat\/iesagustiserra\/matricula-curs-2025-2026-alumnat-del-centre\/\" target=\"_blank\" rel=\"noreferrer noopener\">Cicles de formaci\u00f3 professional<\/a>&nbsp;<\/strong> (alumnat de 1r de CFGM i CFGS)<\/td><td class=\"has-text-align-center\" data-align=\"center\"><strong>Del 6 al 12 de maig<\/strong> (ambd\u00f3s inclosos, telem\u00e0ticament a trav\u00e9s de TPV)<\/td><\/tr><tr><td><a href=\"https:\/\/agora.xtec.cat\/iesagustiserra\/matricula-curs-2025-2026-alumnat-del-centre\/\" target=\"_blank\" rel=\"noreferrer noopener\">Alumnat <strong>repetidor<\/strong> de 2n de CFGM i 2n de CFGS<\/a><\/td><td class=\"has-text-align-center\" data-align=\"center\"><strong>De l&#8217;1 al 4 de setembre<\/strong> (ambd\u00f3s inclosos, telem\u00e0ticament a trav\u00e9s de TPV)<\/td><\/tr><tr><td><strong>IFE<\/strong> (alumnat 1r, 2n i 3r d&#8217;IFE)<\/td><td class=\"has-text-align-center\" data-align=\"center\"><strong>Del 19 al 23 de maig<\/strong><\/td><\/tr><\/tbody><\/table><\/figure>\n\n\n\n<p>*<mark style=\"background-color:rgba(0, 0, 0, 0);color:#fd0101\" class=\"has-inline-color\">IMPORTANT<\/mark>: L&#8217;alumnat que finalitzi 2n de CFGM i vulgui fer 1r de CFGS, obligat\u00f2riament ha de fer PREINSCRIPCI\u00d3 per sol\u00b7licitar pla\u00e7a.<\/p>\n","protected":false},"excerpt":{"rendered":"<p>IMPORTANT: Informaci\u00f3 pendent d&#8217;actualitzar ESTUDIS CURS 25-26 MATR\u00cdCULA CURS 26-27 ESO (alumnat 1r, 2n i 3r d&#8217;ESO) Del 6 al [&hellip;]<\/p>\n","protected":false},"author":1,"featured_media":0,"parent":0,"menu_order":0,"comment_status":"closed","ping_status":"close","template":"","meta":{"site-sidebar-layout":"no-sidebar","site-content-layout":"","ast-site-content-layout":"default","site-content-style":"default","site-sidebar-style":"default","ast-global-header-display":"","ast-banner-title-visibility":"","ast-main-header-display":"","ast-hfb-above-header-display":"","ast-hfb-below-header-display":"","ast-hfb-mobile-header-display":"","site-post-title":"","ast-breadcrumbs-content":"","ast-featured-img":"","footer-sml-layout":"","theme-transparent-header-meta":"","adv-header-id-meta":"","stick-header-meta":"","header-above-stick-meta":"","header-main-stick-meta":"","header-below-stick-meta":"","astra-migrate-meta-layouts":"set","ast-page-background-enabled":"default","ast-page-background-meta":{"desktop":{"background-color":"var(--ast-global-color-4)","background-image":"","background-repeat":"repeat","background-position":"center center","background-size":"auto","background-attachment":"scroll","background-type":"","background-media":"","overlay-type":"","overlay-color":"","overlay-opacity":"","overlay-gradient":""},"tablet":{"background-color":"","background-image":"","background-repeat":"repeat","background-position":"center center","background-size":"auto","background-attachment":"scroll","background-type":"","background-media":"","overlay-type":"","overlay-color":"","overlay-opacity":"","overlay-gradient":""},"mobile":{"background-color":"","background-image":"","background-repeat":"repeat","background-position":"center center","background-size":"auto","background-attachment":"scroll","background-type":"","background-media":"","overlay-type":"","overlay-color":"","overlay-opacity":"","overlay-gradient":""}},"ast-content-background-meta":{"desktop":{"background-color":"var(--ast-global-color-5)","background-image":"","background-repeat":"repeat","background-position":"center center","background-size":"auto","background-attachment":"scroll","background-type":"","background-media":"","overlay-type":"","overlay-color":"","overlay-opacity":"","overlay-gradient":""},"tablet":{"background-color":"var(--ast-global-color-5)","background-image":"","background-repeat":"repeat","background-position":"center center","background-size":"auto","background-attachment":"scroll","background-type":"","background-media":"","overlay-type":"","overlay-color":"","overlay-opacity":"","overlay-gradient":""},"mobile":{"background-color":"var(--ast-global-color-5)","background-image":"","background-repeat":"repeat","background-position":"center center","background-size":"auto","background-attachment":"scroll","background-type":"","background-media":"","overlay-type":"","overlay-color":"","overlay-opacity":"","overlay-gradient":""}},"footnotes":""},"class_list":["post-39873","page","type-page","status-publish","hentry"],"post_mailing_queue_ids":[],"_links":{"self":[{"href":"https:\/\/agora.xtec.cat\/iesagustiserra\/wp-json\/wp\/v2\/pages\/39873","targetHints":{"allow":["GET"]}}],"collection":[{"href":"https:\/\/agora.xtec.cat\/iesagustiserra\/wp-json\/wp\/v2\/pages"}],"about":[{"href":"https:\/\/agora.xtec.cat\/iesagustiserra\/wp-json\/wp\/v2\/types\/page"}],"author":[{"embeddable":true,"href":"https:\/\/agora.xtec.cat\/iesagustiserra\/wp-json\/wp\/v2\/users\/1"}],"replies":[{"embeddable":true,"href":"https:\/\/agora.xtec.cat\/iesagustiserra\/wp-json\/wp\/v2\/comments?post=39873"}],"version-history":[{"count":2,"href":"https:\/\/agora.xtec.cat\/iesagustiserra\/wp-json\/wp\/v2\/pages\/39873\/revisions"}],"predecessor-version":[{"id":39875,"href":"https:\/\/agora.xtec.cat\/iesagustiserra\/wp-json\/wp\/v2\/pages\/39873\/revisions\/39875"}],"wp:attachment":[{"href":"https:\/\/agora.xtec.cat\/iesagustiserra\/wp-json\/wp\/v2\/media?parent=39873"}],"curies":[{"name":"wp","href":"https:\/\/api.w.org\/{rel}","templated":true}]}}