{"id":38266,"date":"2026-01-30T13:03:58","date_gmt":"2026-01-30T12:03:58","guid":{"rendered":"https:\/\/agora.xtec.cat\/iesagustiserra\/?page_id=38266"},"modified":"2026-01-30T13:04:24","modified_gmt":"2026-01-30T12:04:24","slug":"calendari-dentrevistes-projecte-mobilitat-fp-erasmus","status":"publish","type":"page","link":"https:\/\/agora.xtec.cat\/iesagustiserra\/calendari-dentrevistes-projecte-mobilitat-fp-erasmus\/","title":{"rendered":"Calendari d&#8217;entrevistes Projecte Mobilitat FP (Erasmus+)"},"content":{"rendered":"\n<h4 class=\"wp-block-heading\" id=\"g2677aa0212b3\">Entrevistes<\/h4>\n\n\n\n<div class=\"wp-block-columns is-layout-flex wp-container-core-columns-is-layout-1 wp-block-columns-is-layout-flex\" style=\"margin-top:0;margin-bottom:0\">\n<div class=\"wp-block-column is-layout-flow wp-block-column-is-layout-flow\">\n<h5 class=\"wp-block-heading\" id=\"gea39ef9b053f\"><strong><a href=\"https:\/\/agora.xtec.cat\/iesagustiserra\/estudis\/cicles-formatius\/activitats-fisiques-i-esportives\/cfgs-guia-en-el-medi-natural-i-de-temps-de-lleure\/\" target=\"_blank\" rel=\"noreferrer noopener\">Cicle de&nbsp;gesti\u00f3 administrativa<\/a><\/strong><\/h5>\n\n\n\n<ul class=\"wp-block-list\">\n<li>Per al <strong><a href=\"https:\/\/agora.xtec.cat\/iesagustiserra\/estudis\/cicles-formatius\/administracio-i-gestio-2\/\" target=\"_blank\" rel=\"noreferrer noopener\">cicle de&nbsp;gesti\u00f3 administrativa<\/a><\/strong>&nbsp;les entrevistes seran el<strong>&nbsp;dilluns 12 de gener<\/strong> del 2026&nbsp;entre les <strong>10.30\u202fh i les 12.30\u202fh.<\/strong><\/li>\n<\/ul>\n<\/div>\n\n\n\n<div class=\"wp-block-column is-layout-flow wp-block-column-is-layout-flow\">\n<p><strong><a href=\"https:\/\/agora.xtec.cat\/iesagustiserra\/estudis\/cicles-formatius\/activitats-fisiques-i-esportives\/cfgs-guia-en-el-medi-natural-i-de-temps-de-lleure\/\" target=\"_blank\" rel=\"noreferrer noopener\">Llistat alumnat d&#8217;entrevistes<\/a><\/strong><\/p>\n\n\n\n<div data-wp-interactive=\"core\/file\" class=\"wp-block-file\"><object data-wp-bind--hidden=\"!state.hasPdfPreview\" hidden class=\"wp-block-file__embed\" data=\"https:\/\/agora.xtec.cat\/iesagustiserra\/wp-content\/uploads\/usu1681\/2026\/01\/ENTREVISTES-GESTIO-ADMIN.docx-1.pdf\" type=\"application\/pdf\" style=\"width:100%;height:600px\" aria-label=\"Incrustaci\u00f3 del fitxer ENTREVISTES GESTIO ADMIN.docx (1).\"><\/object><a id=\"wp-block-file--media-fbd5a346-474a-4ff6-b622-8ceadb095947\" href=\"https:\/\/agora.xtec.cat\/iesagustiserra\/wp-content\/uploads\/usu1681\/2026\/01\/ENTREVISTES-GESTIO-ADMIN.docx-1.pdf\">ENTREVISTES GESTIO ADMIN.docx (1)<\/a><a href=\"https:\/\/agora.xtec.cat\/iesagustiserra\/wp-content\/uploads\/usu1681\/2026\/01\/ENTREVISTES-GESTIO-ADMIN.docx-1.pdf\" class=\"wp-block-file__button wp-element-button\" download aria-describedby=\"wp-block-file--media-fbd5a346-474a-4ff6-b622-8ceadb095947\">Baixa<\/a><\/div>\n<\/div>\n<\/div>\n\n\n\n<div class=\"wp-block-columns is-layout-flex wp-container-core-columns-is-layout-2 wp-block-columns-is-layout-flex\" style=\"margin-top:0;margin-bottom:0\">\n<div class=\"wp-block-column is-layout-flow wp-block-column-is-layout-flow\">\n<h5 class=\"wp-block-heading\" id=\"gea39ef9b053f\"><strong><a href=\"https:\/\/agora.xtec.cat\/iesagustiserra\/estudis\/cicles-formatius\/comerc-i-marketing\/cfgm-activitats-comercials\/\" target=\"_blank\" rel=\"noreferrer noopener\">Cicle d&#8217;activitats comercials<\/a><\/strong><\/h5>\n\n\n\n<ul class=\"wp-block-list\">\n<li>Per al&nbsp;cicle d&#8217;<strong>activitats comercials<\/strong>, les&nbsp;entrevistes seran el<strong> dijous 8 de gener del 2026 entre les 9.00\u202fh i les 11.00\u202fh<\/strong>.<strong> <\/strong><\/li>\n\n\n\n<li>Les entrevistes es poden endarrerir, per la qual cosa l\u2019hora pot variar una mica i haureu d\u2019estar uns minuts abans.<\/li>\n<\/ul>\n<\/div>\n\n\n\n<div class=\"wp-block-column is-layout-flow wp-block-column-is-layout-flow\">\n<p><strong><a href=\"https:\/\/agora.xtec.cat\/iesagustiserra\/estudis\/cicles-formatius\/activitats-fisiques-i-esportives\/cfgs-guia-en-el-medi-natural-i-de-temps-de-lleure\/\" target=\"_blank\" rel=\"noreferrer noopener\">Llistat alumnat d&#8217;entrevistes<\/a><\/strong><\/p>\n\n\n\n<div data-wp-interactive=\"core\/file\" class=\"wp-block-file\"><object data-wp-bind--hidden=\"!state.hasPdfPreview\" hidden class=\"wp-block-file__embed\" data=\"https:\/\/agora.xtec.cat\/iesagustiserra\/wp-content\/uploads\/usu1681\/2025\/12\/ENTREVISTES-COMERC_.pdf\" type=\"application\/pdf\" style=\"width:100%;height:600px\" aria-label=\"Incrustaci\u00f3 del fitxer ENTREVISTES-COMER\u00c7_.\"><\/object><a id=\"wp-block-file--media-2a0125fd-80db-4960-b578-7dc12e8eb9f9\" href=\"https:\/\/agora.xtec.cat\/iesagustiserra\/wp-content\/uploads\/usu1681\/2025\/12\/ENTREVISTES-COMERC_.pdf\">ENTREVISTES-COMER\u00c7_<\/a><a href=\"https:\/\/agora.xtec.cat\/iesagustiserra\/wp-content\/uploads\/usu1681\/2025\/12\/ENTREVISTES-COMERC_.pdf\" class=\"wp-block-file__button wp-element-button\" download aria-describedby=\"wp-block-file--media-2a0125fd-80db-4960-b578-7dc12e8eb9f9\">Baixa<\/a><\/div>\n<\/div>\n<\/div>\n\n\n\n<div class=\"wp-block-columns is-layout-flex wp-container-core-columns-is-layout-3 wp-block-columns-is-layout-flex\" style=\"margin-top:0;margin-bottom:0\">\n<div class=\"wp-block-column is-layout-flow wp-block-column-is-layout-flow\">\n<h5 class=\"wp-block-heading\" id=\"gea39ef9b053f\"><strong><a href=\"https:\/\/agora.xtec.cat\/iesagustiserra\/estudis\/cicles-formatius\/activitats-fisiques-i-esportives\/cfgs-guia-en-el-medi-natural-i-de-temps-de-lleure\/\" target=\"_blank\" rel=\"noreferrer noopener\">Cicle de guia en el medi natural<\/a><\/strong><\/h5>\n\n\n\n<ul class=\"wp-block-list\">\n<li>Per al&nbsp;<strong><a href=\"https:\/\/agora.xtec.cat\/iesagustiserra\/estudis\/cicles-formatius\/activitats-fisiques-i-esportives\/cfgs-guia-en-el-medi-natural-i-de-temps-de-lleure\/\" target=\"_blank\" rel=\"noreferrer noopener\">cicle de guia en el medi natural<\/a><\/strong>, les&nbsp;entrevistes seran el pr\u00f2xim<strong> divendres 19 de desembre <\/strong>a partir de <strong>9.30\u202fh del mat\u00ed.&nbsp;<\/strong>Alguns vindreu abans del lliurament i altres despr\u00e9s. Tindreu un full a la web amb l&#8217;hora assignada. <\/li>\n<\/ul>\n<\/div>\n\n\n\n<div class=\"wp-block-column is-layout-flow wp-block-column-is-layout-flow\">\n<p><strong><a href=\"https:\/\/agora.xtec.cat\/iesagustiserra\/estudis\/cicles-formatius\/activitats-fisiques-i-esportives\/cfgs-guia-en-el-medi-natural-i-de-temps-de-lleure\/\" target=\"_blank\" rel=\"noreferrer noopener\">Llistat alumnat d&#8217;entrevistes<\/a><\/strong><\/p>\n\n\n\n<div data-wp-interactive=\"core\/file\" class=\"wp-block-file\"><object data-wp-bind--hidden=\"!state.hasPdfPreview\" hidden class=\"wp-block-file__embed\" data=\"https:\/\/agora.xtec.cat\/iesagustiserra\/wp-content\/uploads\/usu1681\/2025\/12\/ENTREVISTES-WEB-ESPORTS-1.pdf\" type=\"application\/pdf\" style=\"width:100%;height:600px\" aria-label=\"Incrustaci\u00f3 del fitxer ENTREVISTES-WEB-ESPORTS.\"><\/object><a id=\"wp-block-file--media-b7455afd-86f3-483e-b7d5-d1b93a152829\" href=\"https:\/\/agora.xtec.cat\/iesagustiserra\/wp-content\/uploads\/usu1681\/2025\/12\/ENTREVISTES-WEB-ESPORTS-1.pdf\">ENTREVISTES-WEB-ESPORTS<\/a><a href=\"https:\/\/agora.xtec.cat\/iesagustiserra\/wp-content\/uploads\/usu1681\/2025\/12\/ENTREVISTES-WEB-ESPORTS-1.pdf\" class=\"wp-block-file__button wp-element-button\" download aria-describedby=\"wp-block-file--media-b7455afd-86f3-483e-b7d5-d1b93a152829\">Baixa<\/a><\/div>\n<\/div>\n<\/div>\n\n\n\n<div class=\"wp-block-columns is-layout-flex wp-container-core-columns-is-layout-4 wp-block-columns-is-layout-flex\" style=\"margin-top:0;margin-bottom:0\">\n<div class=\"wp-block-column is-layout-flow wp-block-column-is-layout-flow\">\n<h5 class=\"wp-block-heading\" id=\"gea39ef9b053f\"><strong><a href=\"https:\/\/agora.xtec.cat\/iesagustiserra\/estudis\/cicles-formatius\/activitats-fisiques-i-esportives\/cfgs-guia-en-el-medi-natural-i-de-temps-de-lleure\/\" target=\"_blank\" rel=\"noreferrer noopener\"><strong><\/strong><\/a><strong><a href=\"https:\/\/agora.xtec.cat\/iesagustiserra\/estudis\/cicles-formatius\/electricitat-2\/cfgm-installacions-electriques-i-automatiques\/\" target=\"_blank\" rel=\"noreferrer noopener\">Cicle d&#8217;instal\u00b7lacions el\u00e8ctriques<\/a><\/strong>&nbsp;<\/strong><\/h5>\n\n\n\n<ul class=\"wp-block-list\">\n<li>Per al<strong><a href=\"https:\/\/agora.xtec.cat\/iesagustiserra\/estudis\/cicles-formatius\/electricitat-2\/cfgm-installacions-electriques-i-automatiques\/\" target=\"_blank\" rel=\"noreferrer noopener\">&nbsp;cicle d&#8217;instal\u00b7lacions <\/a><\/strong>el\u00e8ctriques. Les&nbsp;entrevistes seran el pr\u00f2xim<strong>  dijous 22 de gener <\/strong>a partir de <strong>10.40 h del mat\u00ed<\/strong> i el <strong>dimecres 28<\/strong> a partir de les <strong>16.30 h<\/strong> de la tarda.<\/li>\n<\/ul>\n<\/div>\n\n\n\n<div class=\"wp-block-column is-layout-flow wp-block-column-is-layout-flow\">\n<p><strong><a href=\"https:\/\/agora.xtec.cat\/iesagustiserra\/estudis\/cicles-formatius\/activitats-fisiques-i-esportives\/cfgs-guia-en-el-medi-natural-i-de-temps-de-lleure\/\" target=\"_blank\" rel=\"noreferrer noopener\">Llistat alumnat d&#8217;entrevistes<\/a><\/strong><\/p>\n\n\n\n<div data-wp-interactive=\"core\/file\" class=\"wp-block-file\"><object data-wp-bind--hidden=\"!state.hasPdfPreview\" hidden class=\"wp-block-file__embed\" data=\"https:\/\/agora.xtec.cat\/iesagustiserra\/wp-content\/uploads\/usu1681\/2026\/01\/ENTREVISTES-ELECTRICS-2.pdf\" type=\"application\/pdf\" style=\"width:100%;height:600px\" aria-label=\"Incrustaci\u00f3 del fitxer ENTREVISTES-ELECTRICS (2).\"><\/object><a id=\"wp-block-file--media-55ab883d-e126-463e-8e9c-1dbaf96fcd94\" href=\"https:\/\/agora.xtec.cat\/iesagustiserra\/wp-content\/uploads\/usu1681\/2026\/01\/ENTREVISTES-ELECTRICS-2.pdf\">ENTREVISTES-ELECTRICS (2)<\/a><a href=\"https:\/\/agora.xtec.cat\/iesagustiserra\/wp-content\/uploads\/usu1681\/2026\/01\/ENTREVISTES-ELECTRICS-2.pdf\" class=\"wp-block-file__button wp-element-button\" download aria-describedby=\"wp-block-file--media-55ab883d-e126-463e-8e9c-1dbaf96fcd94\">Baixa<\/a><\/div>\n<\/div>\n<\/div>\n\n\n\n<p>En aquestes entrevistes busquem con\u00e8ixer-vos, comprovar si esteu preparats i preparades per estar fora de casa vint-i-vuit dies i que tingueu ganes i il\u00b7lusi\u00f3&nbsp;de gaudir de tota una experi\u00e8ncia. Sigueu naturals i prepareu-vos preguntes de l&#8217;estil: com creieu que ser\u00e0 el vostre dia a dia, com far\u00edeu per anar a cert lloc, aficions, etc.<\/p>\n\n\n\n<h4 class=\"wp-block-heading\" id=\"g2677aa0212b3\">Aspirants<\/h4>\n\n\n\n<div data-wp-interactive=\"core\/file\" class=\"wp-block-file\"><object data-wp-bind--hidden=\"!state.hasPdfPreview\" hidden class=\"wp-block-file__embed\" data=\"https:\/\/agora.xtec.cat\/iesagustiserra\/wp-content\/uploads\/usu1681\/2025\/12\/ASPIRANTS-ERASMUS-1.pdf\" type=\"application\/pdf\" style=\"width:100%;height:600px\" aria-label=\"Incrustaci\u00f3 del fitxer ASPIRANTS ERASMUS (1).\"><\/object><a id=\"wp-block-file--media-8e5e0fe7-b0eb-480a-b97c-f4cfecd2767a\" href=\"https:\/\/agora.xtec.cat\/iesagustiserra\/wp-content\/uploads\/usu1681\/2025\/12\/ASPIRANTS-ERASMUS-1.pdf\">ASPIRANTS ERASMUS (1)<\/a><a href=\"https:\/\/agora.xtec.cat\/iesagustiserra\/wp-content\/uploads\/usu1681\/2025\/12\/ASPIRANTS-ERASMUS-1.pdf\" class=\"wp-block-file__button wp-element-button\" download aria-describedby=\"wp-block-file--media-8e5e0fe7-b0eb-480a-b97c-f4cfecd2767a\">Baixa<\/a><\/div>\n\n\n\n<h4 class=\"wp-block-heading\" id=\"gd1e55e74d194\">Convocat\u00f2ria oberta per inscriure\u2019s a la Xarxa Erasmus del centre 2025-2026<\/h4>\n\n\n\n<p>L\u2019Institut Agust\u00ed Serra i Fontanet obre oficialment el&nbsp;<strong>proc\u00e9s de selecci\u00f3 per formar part de la Xarxa Erasmus<\/strong>&nbsp;del curs 2025-2026.<\/p>\n\n\n\n<p>El pr\u00f2xim dimecres<strong> 19 de novembre<\/strong>&nbsp;tindran lloc les&nbsp;<strong>sessions informatives<\/strong>&nbsp;adre\u00e7ades a l\u2019alumnat de&nbsp;<strong>Grau Mitj\u00e0 i Grau Superior<\/strong>&nbsp;interessat a optar a una mobilitat Erasmus+:<\/p>\n\n\n\n<ul class=\"wp-block-list\">\n<li><strong>13.30 h \u2014 Aula 27<\/strong><\/li>\n\n\n\n<li><strong>16.25 h \u2014 Aula 25<\/strong><\/li>\n<\/ul>\n\n\n\n<p>Durant aquestes xerrades, la Coordinaci\u00f3 de Mobilitat d\u2019FP presentar\u00e0 tots els detalls de la convocat\u00f2ria:&nbsp;<strong>criteris de selecci\u00f3<\/strong>,&nbsp;<strong>beques disponibles<\/strong>,&nbsp;<strong>destinacions<\/strong>, funcionament de les&nbsp;<strong>pr\u00e0ctiques a l\u2019estranger<\/strong>&nbsp;i calendari del proc\u00e9s.<\/p>\n\n\n\n<p>Aquestes sessions marquen l\u2019inici de la nova edici\u00f3 del projecte Erasmus+, que un any m\u00e9s ofereix a l\u2019alumnat una oportunitat \u00fanica de cr\u00e9ixer professionalment i personalment en un entorn internacional.<\/p>\n","protected":false},"excerpt":{"rendered":"<p>Entrevistes Cicle de&nbsp;gesti\u00f3 administrativa Llistat alumnat d&#8217;entrevistes Cicle d&#8217;activitats comercials Llistat alumnat d&#8217;entrevistes Cicle de guia en el medi natural [&hellip;]<\/p>\n","protected":false},"author":1,"featured_media":0,"parent":0,"menu_order":0,"comment_status":"closed","ping_status":"close","template":"","meta":{"site-sidebar-layout":"no-sidebar","site-content-layout":"","ast-site-content-layout":"default","site-content-style":"default","site-sidebar-style":"default","ast-global-header-display":"","ast-banner-title-visibility":"","ast-main-header-display":"","ast-hfb-above-header-display":"","ast-hfb-below-header-display":"","ast-hfb-mobile-header-display":"","site-post-title":"","ast-breadcrumbs-content":"","ast-featured-img":"","footer-sml-layout":"","theme-transparent-header-meta":"","adv-header-id-meta":"","stick-header-meta":"","header-above-stick-meta":"","header-main-stick-meta":"","header-below-stick-meta":"","astra-migrate-meta-layouts":"set","ast-page-background-enabled":"default","ast-page-background-meta":{"desktop":{"background-color":"var(--ast-global-color-4)","background-image":"","background-repeat":"repeat","background-position":"center center","background-size":"auto","background-attachment":"scroll","background-type":"","background-media":"","overlay-type":"","overlay-color":"","overlay-opacity":"","overlay-gradient":""},"tablet":{"background-color":"","background-image":"","background-repeat":"repeat","background-position":"center center","background-size":"auto","background-attachment":"scroll","background-type":"","background-media":"","overlay-type":"","overlay-color":"","overlay-opacity":"","overlay-gradient":""},"mobile":{"background-color":"","background-image":"","background-repeat":"repeat","background-position":"center center","background-size":"auto","background-attachment":"scroll","background-type":"","background-media":"","overlay-type":"","overlay-color":"","overlay-opacity":"","overlay-gradient":""}},"ast-content-background-meta":{"desktop":{"background-color":"var(--ast-global-color-5)","background-image":"","background-repeat":"repeat","background-position":"center center","background-size":"auto","background-attachment":"scroll","background-type":"","background-media":"","overlay-type":"","overlay-color":"","overlay-opacity":"","overlay-gradient":""},"tablet":{"background-color":"var(--ast-global-color-5)","background-image":"","background-repeat":"repeat","background-position":"center center","background-size":"auto","background-attachment":"scroll","background-type":"","background-media":"","overlay-type":"","overlay-color":"","overlay-opacity":"","overlay-gradient":""},"mobile":{"background-color":"var(--ast-global-color-5)","background-image":"","background-repeat":"repeat","background-position":"center center","background-size":"auto","background-attachment":"scroll","background-type":"","background-media":"","overlay-type":"","overlay-color":"","overlay-opacity":"","overlay-gradient":""}},"footnotes":""},"class_list":["post-38266","page","type-page","status-publish","hentry"],"post_mailing_queue_ids":[],"_links":{"self":[{"href":"https:\/\/agora.xtec.cat\/iesagustiserra\/wp-json\/wp\/v2\/pages\/38266","targetHints":{"allow":["GET"]}}],"collection":[{"href":"https:\/\/agora.xtec.cat\/iesagustiserra\/wp-json\/wp\/v2\/pages"}],"about":[{"href":"https:\/\/agora.xtec.cat\/iesagustiserra\/wp-json\/wp\/v2\/types\/page"}],"author":[{"embeddable":true,"href":"https:\/\/agora.xtec.cat\/iesagustiserra\/wp-json\/wp\/v2\/users\/1"}],"replies":[{"embeddable":true,"href":"https:\/\/agora.xtec.cat\/iesagustiserra\/wp-json\/wp\/v2\/comments?post=38266"}],"version-history":[{"count":1,"href":"https:\/\/agora.xtec.cat\/iesagustiserra\/wp-json\/wp\/v2\/pages\/38266\/revisions"}],"predecessor-version":[{"id":38267,"href":"https:\/\/agora.xtec.cat\/iesagustiserra\/wp-json\/wp\/v2\/pages\/38266\/revisions\/38267"}],"wp:attachment":[{"href":"https:\/\/agora.xtec.cat\/iesagustiserra\/wp-json\/wp\/v2\/media?parent=38266"}],"curies":[{"name":"wp","href":"https:\/\/api.w.org\/{rel}","templated":true}]}}