{"id":38032,"date":"2026-01-21T12:44:51","date_gmt":"2026-01-21T11:44:51","guid":{"rendered":"https:\/\/agora.xtec.cat\/iesagustiserra\/?page_id=38032"},"modified":"2026-01-29T09:54:36","modified_gmt":"2026-01-29T08:54:36","slug":"collaboracio-entre-instituts","status":"publish","type":"page","link":"https:\/\/agora.xtec.cat\/iesagustiserra\/portal-empreses\/transferencia-tecnologica\/collaboracio-entre-instituts\/","title":{"rendered":"Col\u00b7laboraci\u00f3 entre instituts"},"content":{"rendered":"\n<p>La col\u00b7laboraci\u00f3 entre instituts de Formaci\u00f3 Professional \u00e9s un element clau per avan\u00e7ar cap a un model educatiu m\u00e9s innovador, eficient i alineat amb les necessitats del territori. El treball cooperatiu entre centres permet compartir coneixement, experi\u00e8ncies i bones pr\u00e0ctiques, afavorint la millora cont\u00ednua de la qualitat educativa.<\/p>\n\n\n\n<p>A trav\u00e9s de projectes conjunts, xarxes de centres i iniciatives compartides, es potencia la innovaci\u00f3 pedag\u00f2gica, l\u2019optimitzaci\u00f3 de recursos i l\u2019enriquiment de les oportunitats formatives de l\u2019alumnat. Aquesta cooperaci\u00f3 refor\u00e7a el paper dels centres com a agents actius del sistema educatiu i contribueix a construir una Formaci\u00f3 Professional m\u00e9s cohesionada, flexible i orientada al futur.\u00a0<\/p>\n\n\n\n<p><\/p>\n","protected":false},"excerpt":{"rendered":"<p>La col\u00b7laboraci\u00f3 entre instituts de Formaci\u00f3 Professional \u00e9s un element clau per avan\u00e7ar cap a un model educatiu m\u00e9s innovador, [&hellip;]<\/p>\n","protected":false},"author":1,"featured_media":0,"parent":38026,"menu_order":10,"comment_status":"closed","ping_status":"close","template":"","meta":{"site-sidebar-layout":"default","site-content-layout":"","ast-site-content-layout":"default","site-content-style":"default","site-sidebar-style":"default","ast-global-header-display":"","ast-banner-title-visibility":"","ast-main-header-display":"","ast-hfb-above-header-display":"","ast-hfb-below-header-display":"","ast-hfb-mobile-header-display":"","site-post-title":"","ast-breadcrumbs-content":"","ast-featured-img":"","footer-sml-layout":"","theme-transparent-header-meta":"","adv-header-id-meta":"","stick-header-meta":"","header-above-stick-meta":"","header-main-stick-meta":"","header-below-stick-meta":"","astra-migrate-meta-layouts":"set","ast-page-background-enabled":"default","ast-page-background-meta":{"desktop":{"background-color":"var(--ast-global-color-4)","background-image":"","background-repeat":"repeat","background-position":"center center","background-size":"auto","background-attachment":"scroll","background-type":"","background-media":"","overlay-type":"","overlay-color":"","overlay-opacity":"","overlay-gradient":""},"tablet":{"background-color":"","background-image":"","background-repeat":"repeat","background-position":"center center","background-size":"auto","background-attachment":"scroll","background-type":"","background-media":"","overlay-type":"","overlay-color":"","overlay-opacity":"","overlay-gradient":""},"mobile":{"background-color":"","background-image":"","background-repeat":"repeat","background-position":"center center","background-size":"auto","background-attachment":"scroll","background-type":"","background-media":"","overlay-type":"","overlay-color":"","overlay-opacity":"","overlay-gradient":""}},"ast-content-background-meta":{"desktop":{"background-color":"var(--ast-global-color-5)","background-image":"","background-repeat":"repeat","background-position":"center center","background-size":"auto","background-attachment":"scroll","background-type":"","background-media":"","overlay-type":"","overlay-color":"","overlay-opacity":"","overlay-gradient":""},"tablet":{"background-color":"var(--ast-global-color-5)","background-image":"","background-repeat":"repeat","background-position":"center center","background-size":"auto","background-attachment":"scroll","background-type":"","background-media":"","overlay-type":"","overlay-color":"","overlay-opacity":"","overlay-gradient":""},"mobile":{"background-color":"var(--ast-global-color-5)","background-image":"","background-repeat":"repeat","background-position":"center center","background-size":"auto","background-attachment":"scroll","background-type":"","background-media":"","overlay-type":"","overlay-color":"","overlay-opacity":"","overlay-gradient":""}},"footnotes":""},"class_list":["post-38032","page","type-page","status-publish","hentry"],"post_mailing_queue_ids":[],"_links":{"self":[{"href":"https:\/\/agora.xtec.cat\/iesagustiserra\/wp-json\/wp\/v2\/pages\/38032","targetHints":{"allow":["GET"]}}],"collection":[{"href":"https:\/\/agora.xtec.cat\/iesagustiserra\/wp-json\/wp\/v2\/pages"}],"about":[{"href":"https:\/\/agora.xtec.cat\/iesagustiserra\/wp-json\/wp\/v2\/types\/page"}],"author":[{"embeddable":true,"href":"https:\/\/agora.xtec.cat\/iesagustiserra\/wp-json\/wp\/v2\/users\/1"}],"replies":[{"embeddable":true,"href":"https:\/\/agora.xtec.cat\/iesagustiserra\/wp-json\/wp\/v2\/comments?post=38032"}],"version-history":[{"count":3,"href":"https:\/\/agora.xtec.cat\/iesagustiserra\/wp-json\/wp\/v2\/pages\/38032\/revisions"}],"predecessor-version":[{"id":38215,"href":"https:\/\/agora.xtec.cat\/iesagustiserra\/wp-json\/wp\/v2\/pages\/38032\/revisions\/38215"}],"up":[{"embeddable":true,"href":"https:\/\/agora.xtec.cat\/iesagustiserra\/wp-json\/wp\/v2\/pages\/38026"}],"wp:attachment":[{"href":"https:\/\/agora.xtec.cat\/iesagustiserra\/wp-json\/wp\/v2\/media?parent=38032"}],"curies":[{"name":"wp","href":"https:\/\/api.w.org\/{rel}","templated":true}]}}