{"id":37066,"date":"2025-11-17T12:40:39","date_gmt":"2025-11-17T11:40:39","guid":{"rendered":"https:\/\/agora.xtec.cat\/iesagustiserra\/?page_id=37066"},"modified":"2026-03-10T12:38:29","modified_gmt":"2026-03-10T11:38:29","slug":"altres","status":"publish","type":"page","link":"https:\/\/agora.xtec.cat\/iesagustiserra\/projectes\/altres\/","title":{"rendered":"Let\u2019s learn English!"},"content":{"rendered":"\n<h2 class=\"wp-block-heading\" id=\"g8f3d80cb6a2d\">Let\u2019s learn English!<\/h2>\n\n\n\n<p>Aprenguem <strong>angl\u00e8s professional<\/strong> a l&#8217;institut!<\/p>\n\n\n\n<p>L&#8217;angl\u00e8s \u00e9s una llengua de comunicaci\u00f3 global, tamb\u00e9 en l&#8217;entorn professional. <\/p>\n\n\n\n<p>Els <strong>cicles formatius<\/strong> que impartim a l&#8217;institut tenen un m\u00f2dul professional dedicat a l&#8217;aprenentatge de l&#8217;angl\u00e8s com a llengua estrangera. Volem compartir amb vosaltres alguns dels v\u00eddeos emprats a classe, per tal que conegueu vocabulari emprat en l&#8217;entorn professional.<\/p>\n\n\n\n<div class=\"wp-block-columns alignwide is-layout-flex wp-container-core-columns-is-layout-1 wp-block-columns-is-layout-flex\" style=\"border-style:none;border-width:0px;border-radius:0px;margin-bottom:0\">\n<div class=\"wp-block-column has-text-color has-background has-link-color wp-elements-462a216672c4b67978cfadf1eb383fd6 is-layout-flow wp-block-column-is-layout-flow\" style=\"color:#000000;background-color:#ffe97d;padding-top:2em;padding-right:2em;padding-bottom:2em;padding-left:2em\">\n<h2 class=\"wp-block-heading\" id=\"single\" style=\"font-size:35px\"><strong>Appliances<\/strong><\/h2>\n\n\n\n<p class=\"has-normal-font-size\" style=\"line-height:1.5\">Coneixeu el nom dels electrodom\u00e8stics en angl\u00e8s? Podeu aprendre aquest vocabulari amb els v\u00eddeos seg\u00fcents:<\/p>\n\n\n\n<div class=\"wp-block-buttons alignfull is-horizontal is-content-justification-center is-layout-flex wp-container-core-buttons-is-layout-1 wp-block-buttons-is-layout-flex\">\n<div class=\"wp-block-button has-custom-width wp-block-button__width-100\"><a class=\"wp-block-button__link has-white-color has-text-color has-background no-border-radius wp-element-button\" href=\"https:\/\/agora.xtec.cat\/iesagustiserra\/appliances\/\" style=\"background-color:#000000\" target=\"_blank\" rel=\"noreferrer noopener\">V\u00eddeos<\/a><\/div>\n<\/div>\n<\/div>\n\n\n\n<div class=\"wp-block-column has-text-color has-background has-link-color wp-elements-86e13eb2d82af2694ab14a66340ee933 is-layout-flow wp-block-column-is-layout-flow\" style=\"color:#000000;background-color:#d1d1e1;padding-top:2em;padding-right:2em;padding-bottom:2em;padding-left:2em\">\n<h2 class=\"wp-block-heading\" id=\"family\" style=\"font-size:35px\"><strong>Branding<\/strong>   <\/h2>\n\n\n\n<p class=\"has-normal-font-size\" style=\"line-height:1.5\">El br\u00e0nding o gesti\u00f3 de marca utilitza elements de disseny per implantar una imatge positiva a la ment i el cor dels consumidors. Mireu:<\/p>\n\n\n\n<div class=\"wp-block-buttons alignfull is-horizontal is-content-justification-center is-layout-flex wp-container-core-buttons-is-layout-2 wp-block-buttons-is-layout-flex\">\n<div class=\"wp-block-button has-custom-width wp-block-button__width-100 is-style-fill\"><a class=\"wp-block-button__link has-white-color has-text-color has-background no-border-radius wp-element-button\" href=\"https:\/\/agora.xtec.cat\/iesagustiserra\/branding\/\" style=\"background-color:#000000\" target=\"_blank\" rel=\"noreferrer noopener\">V\u00eddeos<\/a><\/div>\n<\/div>\n<\/div>\n\n\n\n<div class=\"wp-block-column has-text-color has-background has-link-color wp-elements-3ef7c6307387c10794ac044e624b49e4 is-layout-flow wp-block-column-is-layout-flow\" style=\"color:#000000;background-color:#c0ebf1;padding-top:2em;padding-right:2em;padding-bottom:2em;padding-left:2em\">\n<h2 class=\"wp-block-heading\" id=\"single\" style=\"font-size:35px\">Art&amp;<strong>Design<\/strong><\/h2>\n\n\n\n<p class=\"has-normal-font-size\" style=\"line-height:1.5\">Descobriu el vocabulari relacionat amb les t\u00e8cniques d&#8217;impressi\u00f3 i les Arts gr\u00e0fiques i el disseny. Mireu els v\u00eddeos seg\u00fcents:<\/p>\n\n\n\n<div class=\"wp-block-buttons alignfull is-horizontal is-content-justification-center is-layout-flex wp-container-core-buttons-is-layout-3 wp-block-buttons-is-layout-flex\">\n<div class=\"wp-block-button has-custom-width wp-block-button__width-100\"><a class=\"wp-block-button__link has-white-color has-text-color has-background no-border-radius wp-element-button\" href=\"https:\/\/agora.xtec.cat\/iesagustiserra\/graphic-design\/\" style=\"background-color:#000000\" target=\"_blank\" rel=\"noreferrer noopener\">V\u00eddeos<\/a><\/div>\n<\/div>\n<\/div>\n<\/div>\n\n\n\n<div class=\"wp-block-columns alignwide is-layout-flex wp-container-core-columns-is-layout-2 wp-block-columns-is-layout-flex\" style=\"margin-bottom:0\">\n<div class=\"wp-block-column has-luminous-vivid-amber-background-color has-text-color has-background has-link-color wp-elements-ccd034374f233375d128284553bd4d92 is-layout-flow wp-block-column-is-layout-flow\" style=\"color:#000000;padding-top:2em;padding-right:2em;padding-bottom:2em;padding-left:2em\">\n<h2 class=\"wp-block-heading\" id=\"single\" style=\"font-size:35px\"><strong>Job skills<\/strong><\/h2>\n\n\n\n<p class=\"has-normal-font-size\" style=\"line-height:1.5\">Descobriu el vocabulari relacionat amb la recerca de feina dels Cicles formatius d&#8217;Arts gr\u00e0fiques i d&#8217;Electricitat i electr\u00f2nica.<\/p>\n\n\n\n<div class=\"wp-block-buttons alignfull is-horizontal is-content-justification-center is-layout-flex wp-container-core-buttons-is-layout-4 wp-block-buttons-is-layout-flex\">\n<div class=\"wp-block-button has-custom-width wp-block-button__width-100\"><a class=\"wp-block-button__link has-white-color has-text-color has-background no-border-radius wp-element-button\" href=\"https:\/\/agora.xtec.cat\/iesagustiserra\/job-skills\/\" style=\"background-color:#000000\">V\u00eddeos<\/a><\/div>\n<\/div>\n<\/div>\n\n\n\n<div class=\"wp-block-column has-vivid-purple-background-color has-text-color has-background has-link-color wp-elements-724728696ed4d8d32d120e91c88f7ac6 is-layout-flow wp-block-column-is-layout-flow\" style=\"color:#000000;padding-top:2em;padding-right:2em;padding-bottom:2em;padding-left:2em\">\n<h2 class=\"wp-block-heading\" id=\"family\" style=\"font-size:35px\"><strong>Tools<\/strong><\/h2>\n\n\n\n<p class=\"has-normal-font-size\" style=\"line-height:1.5\">Coneixeu les eines d&#8217;electricitat i electr\u00f2nica? I els components electr\u00f2nics m\u00e9s comuns? Mireu els v\u00eddeos seg\u00fcents:<\/p>\n\n\n\n<div class=\"wp-block-buttons alignfull is-horizontal is-content-justification-center is-layout-flex wp-container-core-buttons-is-layout-5 wp-block-buttons-is-layout-flex\">\n<div class=\"wp-block-button has-custom-width wp-block-button__width-100 is-style-fill\"><a class=\"wp-block-button__link has-white-color has-text-color has-background no-border-radius wp-element-button\" href=\"https:\/\/agora.xtec.cat\/iesagustiserra\/electrician-tools\/\" style=\"background-color:#000000\">V\u00eddeos<\/a><\/div>\n<\/div>\n<\/div>\n\n\n\n<div class=\"wp-block-column has-vivid-cyan-blue-background-color has-text-color has-background has-link-color wp-elements-e36114af5f5ddf3ab56d2a4c1c6939e3 is-layout-flow wp-block-column-is-layout-flow\" style=\"color:#000000;padding-top:2em;padding-right:2em;padding-bottom:2em;padding-left:2em\">\n<h2 class=\"wp-block-heading\" id=\"patron\" style=\"font-size:35px\"><strong>Safety first!<\/strong><\/h2>\n\n\n\n<p class=\"has-normal-font-size\">Vocabulari relacionat amb els riscos laborals i EPI als Cicles d&#8217;Arts gr\u00e0fiques i d&#8217;Electricitat i electr\u00f2nica.<\/p>\n\n\n\n<div class=\"wp-block-buttons alignfull is-horizontal is-content-justification-center is-layout-flex wp-container-core-buttons-is-layout-6 wp-block-buttons-is-layout-flex\">\n<div class=\"wp-block-button has-custom-width wp-block-button__width-100\"><a class=\"wp-block-button__link has-white-color has-text-color has-background no-border-radius wp-element-button\" href=\"https:\/\/agora.xtec.cat\/iesagustiserra\/safety-at-work\/\" style=\"background-color:#000000\">V\u00eddeos<\/a><\/div>\n<\/div>\n<\/div>\n<\/div>\n\n\n\n<p><\/p>\n","protected":false},"excerpt":{"rendered":"<p>Let\u2019s learn English! Aprenguem angl\u00e8s professional a l&#8217;institut! L&#8217;angl\u00e8s \u00e9s una llengua de comunicaci\u00f3 global, tamb\u00e9 en l&#8217;entorn professional. Els [&hellip;]<\/p>\n","protected":false},"author":1,"featured_media":0,"parent":36797,"menu_order":60,"comment_status":"closed","ping_status":"close","template":"","meta":{"site-sidebar-layout":"default","site-content-layout":"","ast-site-content-layout":"default","site-content-style":"default","site-sidebar-style":"default","ast-global-header-display":"","ast-banner-title-visibility":"","ast-main-header-display":"","ast-hfb-above-header-display":"","ast-hfb-below-header-display":"","ast-hfb-mobile-header-display":"","site-post-title":"disabled","ast-breadcrumbs-content":"","ast-featured-img":"","footer-sml-layout":"","theme-transparent-header-meta":"","adv-header-id-meta":"","stick-header-meta":"","header-above-stick-meta":"","header-main-stick-meta":"","header-below-stick-meta":"","astra-migrate-meta-layouts":"set","ast-page-background-enabled":"default","ast-page-background-meta":{"desktop":{"background-color":"var(--ast-global-color-4)","background-image":"","background-repeat":"repeat","background-position":"center center","background-size":"auto","background-attachment":"scroll","background-type":"","background-media":"","overlay-type":"","overlay-color":"","overlay-opacity":"","overlay-gradient":""},"tablet":{"background-color":"","background-image":"","background-repeat":"repeat","background-position":"center center","background-size":"auto","background-attachment":"scroll","background-type":"","background-media":"","overlay-type":"","overlay-color":"","overlay-opacity":"","overlay-gradient":""},"mobile":{"background-color":"","background-image":"","background-repeat":"repeat","background-position":"center center","background-size":"auto","background-attachment":"scroll","background-type":"","background-media":"","overlay-type":"","overlay-color":"","overlay-opacity":"","overlay-gradient":""}},"ast-content-background-meta":{"desktop":{"background-color":"var(--ast-global-color-5)","background-image":"","background-repeat":"repeat","background-position":"center center","background-size":"auto","background-attachment":"scroll","background-type":"","background-media":"","overlay-type":"","overlay-color":"","overlay-opacity":"","overlay-gradient":""},"tablet":{"background-color":"var(--ast-global-color-5)","background-image":"","background-repeat":"repeat","background-position":"center center","background-size":"auto","background-attachment":"scroll","background-type":"","background-media":"","overlay-type":"","overlay-color":"","overlay-opacity":"","overlay-gradient":""},"mobile":{"background-color":"var(--ast-global-color-5)","background-image":"","background-repeat":"repeat","background-position":"center center","background-size":"auto","background-attachment":"scroll","background-type":"","background-media":"","overlay-type":"","overlay-color":"","overlay-opacity":"","overlay-gradient":""}},"footnotes":""},"class_list":["post-37066","page","type-page","status-publish","hentry"],"post_mailing_queue_ids":[],"_links":{"self":[{"href":"https:\/\/agora.xtec.cat\/iesagustiserra\/wp-json\/wp\/v2\/pages\/37066","targetHints":{"allow":["GET"]}}],"collection":[{"href":"https:\/\/agora.xtec.cat\/iesagustiserra\/wp-json\/wp\/v2\/pages"}],"about":[{"href":"https:\/\/agora.xtec.cat\/iesagustiserra\/wp-json\/wp\/v2\/types\/page"}],"author":[{"embeddable":true,"href":"https:\/\/agora.xtec.cat\/iesagustiserra\/wp-json\/wp\/v2\/users\/1"}],"replies":[{"embeddable":true,"href":"https:\/\/agora.xtec.cat\/iesagustiserra\/wp-json\/wp\/v2\/comments?post=37066"}],"version-history":[{"count":6,"href":"https:\/\/agora.xtec.cat\/iesagustiserra\/wp-json\/wp\/v2\/pages\/37066\/revisions"}],"predecessor-version":[{"id":39245,"href":"https:\/\/agora.xtec.cat\/iesagustiserra\/wp-json\/wp\/v2\/pages\/37066\/revisions\/39245"}],"up":[{"embeddable":true,"href":"https:\/\/agora.xtec.cat\/iesagustiserra\/wp-json\/wp\/v2\/pages\/36797"}],"wp:attachment":[{"href":"https:\/\/agora.xtec.cat\/iesagustiserra\/wp-json\/wp\/v2\/media?parent=37066"}],"curies":[{"name":"wp","href":"https:\/\/api.w.org\/{rel}","templated":true}]}}