{"id":36777,"date":"2025-11-07T12:41:47","date_gmt":"2025-11-07T11:41:47","guid":{"rendered":"https:\/\/agora.xtec.cat\/iesagustiserra\/?page_id=36777"},"modified":"2026-01-27T11:36:44","modified_gmt":"2026-01-27T10:36:44","slug":"empren-fp","status":"publish","type":"page","link":"https:\/\/agora.xtec.cat\/iesagustiserra\/projectes\/fp\/empren-fp\/","title":{"rendered":"Empr\u00e8n FP"},"content":{"rendered":"\n<figure class=\"wp-block-image aligncenter is-resized\"><a href=\"https:\/\/projectes.xtec.cat\/impulsfp\/emprenfp-2\/\" target=\"_blank\" rel=\"noreferrer noopener\"><img loading=\"lazy\" decoding=\"async\" width=\"1297\" height=\"718\" src=\"https:\/\/agora.xtec.cat\/iesagustiserra\/wp-content\/uploads\/usu1681\/2025\/02\/emprenfp.png\" alt=\"\" class=\"wp-image-31112\" style=\"width:358px;height:auto\" srcset=\"https:\/\/agora.xtec.cat\/iesagustiserra\/wp-content\/uploads\/usu1681\/2025\/02\/emprenfp.png 1297w, https:\/\/agora.xtec.cat\/iesagustiserra\/wp-content\/uploads\/usu1681\/2025\/02\/emprenfp-600x332.png 600w, https:\/\/agora.xtec.cat\/iesagustiserra\/wp-content\/uploads\/usu1681\/2025\/02\/emprenfp-1024x567.png 1024w, https:\/\/agora.xtec.cat\/iesagustiserra\/wp-content\/uploads\/usu1681\/2025\/02\/emprenfp-768x425.png 768w\" sizes=\"auto, (max-width: 1297px) 100vw, 1297px\" \/><\/a><\/figure>\n\n\n\n<h4 class=\"wp-block-heading\">El nostre Institut entra a la Xarxa&nbsp;Empr\u00e8n&nbsp;FP!<\/h4>\n\n\n\n<p>Estem emocionats d&#8217;anunciar que aquest any el nostre institut forma part de la&nbsp;<strong>Xarxa&nbsp;Empr\u00e8n&nbsp;FP<\/strong>, un nou pas endavant per continuar fomentant l&#8217;emprenedoria entre els nostres estudiants. Ja hem comen\u00e7at a treballar en projectes innovadors com l&#8217;<strong>FP Challenge<\/strong>, on col\u00b7laborem amb altres centres educatius per promoure idees creatives i ambicioses.<\/p>\n\n\n\n<p>Aquest \u00e9s nom\u00e9s l&#8217;inici d&#8217;una gran aventura, per\u00f2 per arribar lluny,&nbsp;<strong>us necessitem a tots i a totes<\/strong>! L&#8217;alumnat \u00e9s el motor que impulsa aquest canvi i estem segurs que la vostra creativitat, esperit cr\u00edtic i capacitat de treball ens portaran a assolir fites sorprenents.<\/p>\n\n\n\n<p><strong>Junts podem fer que les idees es converteixin en realitat<\/strong>, i entre totes i tots, construirem un futur ple d&#8217;oportunitats i innovaci\u00f3. Estem desitjant veure com l&#8217;emprenedoria s&#8217;activa a cada rac\u00f3 del nostre centre.<\/p>\n\n\n\n<p><strong>Endavant, equip! La vostra implicaci\u00f3 \u00e9s clau per al nostre \u00e8xit col\u00b7lectiu.<\/strong><\/p>\n\n\n\n        <div class=\"wp-block-getwid-post-carousel custom-post-type-post has-slides-gap-normal is-carousel has-arrows-inside has-dots-outside\">\n            <div data-slider-option=\"{&quot;sliderSlidesToShowDesktop&quot;:&quot;2&quot;,&quot;getwid_slidesToShowLaptop&quot;:&quot;2&quot;,&quot;getwid_slidesToShowTablet&quot;:&quot;1&quot;,&quot;getwid_slidesToShowMobile&quot;:&quot;1&quot;,&quot;getwid_autoplay_speed&quot;:6000,&quot;getwid_animation_speed&quot;:800,&quot;getwid_slidesToScroll&quot;:&quot;1&quot;,&quot;getwid_autoplay&quot;:false,&quot;getwid_pause_on_hover&quot;:false,&quot;getwid_infinite&quot;:true,&quot;getwid_center_mode&quot;:false,&quot;getwid_arrows&quot;:&quot;inside&quot;,&quot;getwid_dots&quot;:&quot;outside&quot;}\" class=\"wp-block-getwid-post-carousel__wrapper\">\n                \t\t\t\t\t\t\t<div class=\"wp-block-getwid-post-carousel__slide\">\n\t\t\t\t\t\t\t\t\n<div class=\"wp-block-getwid-post-carousel__post\">\n            <div class=\"wp-block-getwid-post-carousel__post-thumbnail\">\n            <a href=\"https:\/\/agora.xtec.cat\/iesagustiserra\/general\/31760\/\"><img loading=\"lazy\" decoding=\"async\" width=\"1600\" height=\"1200\" src=\"https:\/\/agora.xtec.cat\/iesagustiserra\/wp-content\/uploads\/usu1681\/2025\/03\/PHOTO-2025-03-06-20-09-51-1.jpg\" class=\"attachment-post-thumbnail size-post-thumbnail wp-post-image\" alt=\"\" srcset=\"https:\/\/agora.xtec.cat\/iesagustiserra\/wp-content\/uploads\/usu1681\/2025\/03\/PHOTO-2025-03-06-20-09-51-1.jpg 1600w, https:\/\/agora.xtec.cat\/iesagustiserra\/wp-content\/uploads\/usu1681\/2025\/03\/PHOTO-2025-03-06-20-09-51-1-600x450.jpg 600w, https:\/\/agora.xtec.cat\/iesagustiserra\/wp-content\/uploads\/usu1681\/2025\/03\/PHOTO-2025-03-06-20-09-51-1-1024x768.jpg 1024w, https:\/\/agora.xtec.cat\/iesagustiserra\/wp-content\/uploads\/usu1681\/2025\/03\/PHOTO-2025-03-06-20-09-51-1-768x576.jpg 768w, https:\/\/agora.xtec.cat\/iesagustiserra\/wp-content\/uploads\/usu1681\/2025\/03\/PHOTO-2025-03-06-20-09-51-1-1536x1152.jpg 1536w\" sizes=\"auto, (max-width: 1600px) 100vw, 1600px\" \/><\/a>\n        <\/div>\n        <div class=\"wp-block-getwid-post-carousel__post-content-wrapper\">\n        <div class=\"wp-block-getwid-post-carousel__post-header\">\n            <h3 class=\"wp-block-getwid-post-carousel__post-title\"><a href=\"https:\/\/agora.xtec.cat\/iesagustiserra\/general\/31760\/\">FP Challenge<\/a><\/h3>        <\/div>\n        <div class=\"wp-block-getwid-post-carousel__post-excerpt\"><p>El dimarts dia 4 de mar\u00e7 els cicles formatius de Grau mitj\u00e0 i Grau superior que han assistit de l&#8217;Institut [&hellip;]<\/p>\n<\/div>\n    <\/div>\n<\/div>\n\n\t\t\t\t\t\t\t<\/div>\n\t\t\t\t\t\t\t\t\t\t\t\t\t<div class=\"wp-block-getwid-post-carousel__slide\">\n\t\t\t\t\t\t\t\t\n<div class=\"wp-block-getwid-post-carousel__post\">\n            <div class=\"wp-block-getwid-post-carousel__post-thumbnail\">\n            <a href=\"https:\/\/agora.xtec.cat\/iesagustiserra\/general\/linstitut-agusti-serra-i-fontanet-participa-en-lfp-challenge-innovacio-creativitat-i-treball-en-equip\/\"><img loading=\"lazy\" decoding=\"async\" width=\"1053\" height=\"746\" src=\"https:\/\/agora.xtec.cat\/iesagustiserra\/wp-content\/uploads\/usu1681\/2025\/03\/I10.jpg\" class=\"attachment-post-thumbnail size-post-thumbnail wp-post-image\" alt=\"\" srcset=\"https:\/\/agora.xtec.cat\/iesagustiserra\/wp-content\/uploads\/usu1681\/2025\/03\/I10.jpg 1053w, https:\/\/agora.xtec.cat\/iesagustiserra\/wp-content\/uploads\/usu1681\/2025\/03\/I10-600x425.jpg 600w, https:\/\/agora.xtec.cat\/iesagustiserra\/wp-content\/uploads\/usu1681\/2025\/03\/I10-1024x725.jpg 1024w, https:\/\/agora.xtec.cat\/iesagustiserra\/wp-content\/uploads\/usu1681\/2025\/03\/I10-768x544.jpg 768w\" sizes=\"auto, (max-width: 1053px) 100vw, 1053px\" \/><\/a>\n        <\/div>\n        <div class=\"wp-block-getwid-post-carousel__post-content-wrapper\">\n        <div class=\"wp-block-getwid-post-carousel__post-header\">\n            <h3 class=\"wp-block-getwid-post-carousel__post-title\"><a href=\"https:\/\/agora.xtec.cat\/iesagustiserra\/general\/linstitut-agusti-serra-i-fontanet-participa-en-lfp-challenge-innovacio-creativitat-i-treball-en-equip\/\">L\u2019Institut Agust\u00ed Serra i Fontanet participa en l&#8217;FP Challenge: Innovaci\u00f3, creativitat i treball en equip!<\/a><\/h3>        <\/div>\n        <div class=\"wp-block-getwid-post-carousel__post-excerpt\"><p>El passat 4 de mar\u00e7, el nostre institut va tenir l\u2019oportunitat de participar en l&#8217;FP Challenge, una hackathon d\u2019innovaci\u00f3 on [&hellip;]<\/p>\n<\/div>\n    <\/div>\n<\/div>\n\n\t\t\t\t\t\t\t<\/div>\n\t\t\t\t\t\t            <\/div>\n        <\/div>\n        ","protected":false},"excerpt":{"rendered":"<p>El nostre Institut entra a la Xarxa&nbsp;Empr\u00e8n&nbsp;FP! Estem emocionats d&#8217;anunciar que aquest any el nostre institut forma part de la&nbsp;Xarxa&nbsp;Empr\u00e8n&nbsp;FP, [&hellip;]<\/p>\n","protected":false},"author":1,"featured_media":0,"parent":37959,"menu_order":30,"comment_status":"closed","ping_status":"close","template":"","meta":{"site-sidebar-layout":"default","site-content-layout":"","ast-site-content-layout":"default","site-content-style":"default","site-sidebar-style":"default","ast-global-header-display":"","ast-banner-title-visibility":"","ast-main-header-display":"","ast-hfb-above-header-display":"","ast-hfb-below-header-display":"","ast-hfb-mobile-header-display":"","site-post-title":"","ast-breadcrumbs-content":"","ast-featured-img":"","footer-sml-layout":"","theme-transparent-header-meta":"","adv-header-id-meta":"","stick-header-meta":"","header-above-stick-meta":"","header-main-stick-meta":"","header-below-stick-meta":"","astra-migrate-meta-layouts":"set","ast-page-background-enabled":"default","ast-page-background-meta":{"desktop":{"background-color":"var(--ast-global-color-4)","background-image":"","background-repeat":"repeat","background-position":"center center","background-size":"auto","background-attachment":"scroll","background-type":"","background-media":"","overlay-type":"","overlay-color":"","overlay-opacity":"","overlay-gradient":""},"tablet":{"background-color":"","background-image":"","background-repeat":"repeat","background-position":"center center","background-size":"auto","background-attachment":"scroll","background-type":"","background-media":"","overlay-type":"","overlay-color":"","overlay-opacity":"","overlay-gradient":""},"mobile":{"background-color":"","background-image":"","background-repeat":"repeat","background-position":"center center","background-size":"auto","background-attachment":"scroll","background-type":"","background-media":"","overlay-type":"","overlay-color":"","overlay-opacity":"","overlay-gradient":""}},"ast-content-background-meta":{"desktop":{"background-color":"var(--ast-global-color-5)","background-image":"","background-repeat":"repeat","background-position":"center center","background-size":"auto","background-attachment":"scroll","background-type":"","background-media":"","overlay-type":"","overlay-color":"","overlay-opacity":"","overlay-gradient":""},"tablet":{"background-color":"var(--ast-global-color-5)","background-image":"","background-repeat":"repeat","background-position":"center center","background-size":"auto","background-attachment":"scroll","background-type":"","background-media":"","overlay-type":"","overlay-color":"","overlay-opacity":"","overlay-gradient":""},"mobile":{"background-color":"var(--ast-global-color-5)","background-image":"","background-repeat":"repeat","background-position":"center center","background-size":"auto","background-attachment":"scroll","background-type":"","background-media":"","overlay-type":"","overlay-color":"","overlay-opacity":"","overlay-gradient":""}},"footnotes":""},"class_list":["post-36777","page","type-page","status-publish","hentry"],"post_mailing_queue_ids":[],"_links":{"self":[{"href":"https:\/\/agora.xtec.cat\/iesagustiserra\/wp-json\/wp\/v2\/pages\/36777","targetHints":{"allow":["GET"]}}],"collection":[{"href":"https:\/\/agora.xtec.cat\/iesagustiserra\/wp-json\/wp\/v2\/pages"}],"about":[{"href":"https:\/\/agora.xtec.cat\/iesagustiserra\/wp-json\/wp\/v2\/types\/page"}],"author":[{"embeddable":true,"href":"https:\/\/agora.xtec.cat\/iesagustiserra\/wp-json\/wp\/v2\/users\/1"}],"replies":[{"embeddable":true,"href":"https:\/\/agora.xtec.cat\/iesagustiserra\/wp-json\/wp\/v2\/comments?post=36777"}],"version-history":[{"count":2,"href":"https:\/\/agora.xtec.cat\/iesagustiserra\/wp-json\/wp\/v2\/pages\/36777\/revisions"}],"predecessor-version":[{"id":36779,"href":"https:\/\/agora.xtec.cat\/iesagustiserra\/wp-json\/wp\/v2\/pages\/36777\/revisions\/36779"}],"up":[{"embeddable":true,"href":"https:\/\/agora.xtec.cat\/iesagustiserra\/wp-json\/wp\/v2\/pages\/37959"}],"wp:attachment":[{"href":"https:\/\/agora.xtec.cat\/iesagustiserra\/wp-json\/wp\/v2\/media?parent=36777"}],"curies":[{"name":"wp","href":"https:\/\/api.w.org\/{rel}","templated":true}]}}