{"id":36771,"date":"2025-11-07T12:41:50","date_gmt":"2025-11-07T11:41:50","guid":{"rendered":"https:\/\/agora.xtec.cat\/iesagustiserra\/?page_id=36771"},"modified":"2026-03-09T13:02:40","modified_gmt":"2026-03-09T12:02:40","slug":"innova-fp","status":"publish","type":"page","link":"https:\/\/agora.xtec.cat\/iesagustiserra\/projectes\/fp\/innova-fp\/","title":{"rendered":"Innova FP"},"content":{"rendered":"\n<figure class=\"wp-block-image aligncenter is-resized\"><a href=\"https:\/\/projectes.xtec.cat\/impulsfp\/innovafp\/\" target=\"_blank\" rel=\"noreferrer noopener\"><img decoding=\"async\" src=\"https:\/\/projectes.xtec.cat\/impulsfp\/wp-content\/uploads\/usu2078\/2020\/04\/Innovafp.png\" alt=\"\" style=\"width:473px;height:auto\"\/><\/a><\/figure>\n\n\n\n<p>DESCRIPCI\u00d3 INNOVA FP<\/p>\n\n\n\n<p><strong>InnovaFP<\/strong> \u00e9s el programa de la Direcci\u00f3 General de Formaci\u00f3 Professional del Departament d\u2019Educaci\u00f3 de la Generalitat de Catalunya que promou la col\u00b7laboraci\u00f3 d\u2019empreses i centres de formaci\u00f3 professional per treballar en <strong>projectes d\u2019innovaci\u00f3 i transfer\u00e8ncia de coneixement<\/strong>.<\/p>\n\n\n\n<p>El programa INNOVA FP cerca l\u2019actualitzaci\u00f3 de coneixements a la formaci\u00f3 professional i la cooperaci\u00f3 amb les empreses i altres organitzacions de l\u2019entorn, mitjan\u00e7ant la col\u00b7laboraci\u00f3 en el desenvolupament de projectes d\u2019innovaci\u00f3 i transfer\u00e8ncia de coneixement.<\/p>\n\n\n\n<p>El programa, desenvolupat en el marc de la resoluci\u00f3 ENS\/1080\/2014, cerca desplegar actuacions relacionades als articles 2, 8, 10 i 17, aix\u00ed com la disposici\u00f3 addicional segona del decret 284\/2011 d\u2019ordenaci\u00f3 general de l&#8217;FP inicial, al pre\u00e0mbul i els articles 62 i 107 de la Llei 12\/2009 d\u2019educaci\u00f3. Per altra banda, la decisi\u00f3 1639\/2006\/CE del Parlament Europeu i del consell de 24 d\u2019octubre de 2006 estableix un Programa Marc per a la innovaci\u00f3 i la competitivitat (2007-2013). M\u00e9s recentment, la llei 10\/2015 de formaci\u00f3 i qualificaci\u00f3 professionals es fa esment de l\u2019impuls de la innovaci\u00f3 a la formaci\u00f3 professional al punt III del pre\u00e0mbul, i als articles 5, 11, 16, 24, 47 i 52.<\/p>\n\n\n\n        <div class=\"wp-block-getwid-post-carousel custom-post-type-post has-slides-gap-normal is-carousel has-arrows-inside has-dots-outside\">\n            <div data-slider-option=\"{&quot;sliderSlidesToShowDesktop&quot;:&quot;2&quot;,&quot;getwid_slidesToShowLaptop&quot;:&quot;2&quot;,&quot;getwid_slidesToShowTablet&quot;:&quot;1&quot;,&quot;getwid_slidesToShowMobile&quot;:&quot;1&quot;,&quot;getwid_autoplay_speed&quot;:6000,&quot;getwid_animation_speed&quot;:800,&quot;getwid_slidesToScroll&quot;:&quot;1&quot;,&quot;getwid_autoplay&quot;:false,&quot;getwid_pause_on_hover&quot;:false,&quot;getwid_infinite&quot;:true,&quot;getwid_center_mode&quot;:true,&quot;getwid_arrows&quot;:&quot;inside&quot;,&quot;getwid_dots&quot;:&quot;outside&quot;}\" class=\"wp-block-getwid-post-carousel__wrapper\">\n                \t\t\t\t\t\t\t<div class=\"wp-block-getwid-post-carousel__slide\">\n\t\t\t\t\t\t\t\t\n<div class=\"wp-block-getwid-post-carousel__post\">\n            <div class=\"wp-block-getwid-post-carousel__post-thumbnail\">\n            <a href=\"https:\/\/agora.xtec.cat\/iesagustiserra\/general\/de-lfp-a-leso-seleccionat-el-projecte-de-benestar-aules-que-respiren\/\"><img loading=\"lazy\" decoding=\"async\" width=\"1153\" height=\"2560\" src=\"https:\/\/agora.xtec.cat\/iesagustiserra\/wp-content\/uploads\/usu1681\/2026\/03\/IMG20260310082400-scaled.jpg\" class=\"attachment-post-thumbnail size-post-thumbnail wp-post-image\" alt=\"\" srcset=\"https:\/\/agora.xtec.cat\/iesagustiserra\/wp-content\/uploads\/usu1681\/2026\/03\/IMG20260310082400-scaled.jpg 1153w, https:\/\/agora.xtec.cat\/iesagustiserra\/wp-content\/uploads\/usu1681\/2026\/03\/IMG20260310082400-270x600.jpg 270w, https:\/\/agora.xtec.cat\/iesagustiserra\/wp-content\/uploads\/usu1681\/2026\/03\/IMG20260310082400-461x1024.jpg 461w, https:\/\/agora.xtec.cat\/iesagustiserra\/wp-content\/uploads\/usu1681\/2026\/03\/IMG20260310082400-768x1706.jpg 768w, https:\/\/agora.xtec.cat\/iesagustiserra\/wp-content\/uploads\/usu1681\/2026\/03\/IMG20260310082400-692x1536.jpg 692w, https:\/\/agora.xtec.cat\/iesagustiserra\/wp-content\/uploads\/usu1681\/2026\/03\/IMG20260310082400-922x2048.jpg 922w\" sizes=\"auto, (max-width: 1153px) 100vw, 1153px\" \/><\/a>\n        <\/div>\n        <div class=\"wp-block-getwid-post-carousel__post-content-wrapper\">\n        <div class=\"wp-block-getwid-post-carousel__post-header\">\n            <h3 class=\"wp-block-getwid-post-carousel__post-title\"><a href=\"https:\/\/agora.xtec.cat\/iesagustiserra\/general\/de-lfp-a-leso-seleccionat-el-projecte-de-benestar-aules-que-respiren\/\">De l&#8217;FP a l&#8217;ESO: seleccionat el projecte de benestar &#8220;Aules que respiren&#8221;<\/a><\/h3>        <\/div>\n        <div class=\"wp-block-getwid-post-carousel__post-excerpt\"><p>El projecte \u201cAules que respiren: gimn\u00e0s saludable i intel\u00b7ligent per a la millora del benestar i l\u2019aprenentatge a l\u2019ESO\u201d seleccionat [&hellip;]<\/p>\n<\/div>\n    <\/div>\n<\/div>\n\n\t\t\t\t\t\t\t<\/div>\n\t\t\t\t\t\t\t\t\t\t\t\t\t<div class=\"wp-block-getwid-post-carousel__slide\">\n\t\t\t\t\t\t\t\t\n<div class=\"wp-block-getwid-post-carousel__post\">\n            <div class=\"wp-block-getwid-post-carousel__post-thumbnail\">\n            <a href=\"https:\/\/agora.xtec.cat\/iesagustiserra\/general\/alumnat-dels-diferents-cicles-formatius-ha-visitat-el-centre-destetica-smart-beauty-salon-i-academia-professionalitzadora-destetica-dins-del-pla-de-mesures-innovafp\/\"><img loading=\"lazy\" decoding=\"async\" width=\"1600\" height=\"720\" src=\"https:\/\/agora.xtec.cat\/iesagustiserra\/wp-content\/uploads\/usu1681\/2026\/03\/WhatsApp-Image-2026-02-28-at-09.21.59.jpeg\" class=\"attachment-post-thumbnail size-post-thumbnail wp-post-image\" alt=\"\" srcset=\"https:\/\/agora.xtec.cat\/iesagustiserra\/wp-content\/uploads\/usu1681\/2026\/03\/WhatsApp-Image-2026-02-28-at-09.21.59.jpeg 1600w, https:\/\/agora.xtec.cat\/iesagustiserra\/wp-content\/uploads\/usu1681\/2026\/03\/WhatsApp-Image-2026-02-28-at-09.21.59-600x270.jpeg 600w, https:\/\/agora.xtec.cat\/iesagustiserra\/wp-content\/uploads\/usu1681\/2026\/03\/WhatsApp-Image-2026-02-28-at-09.21.59-1024x461.jpeg 1024w, https:\/\/agora.xtec.cat\/iesagustiserra\/wp-content\/uploads\/usu1681\/2026\/03\/WhatsApp-Image-2026-02-28-at-09.21.59-768x346.jpeg 768w, https:\/\/agora.xtec.cat\/iesagustiserra\/wp-content\/uploads\/usu1681\/2026\/03\/WhatsApp-Image-2026-02-28-at-09.21.59-1536x691.jpeg 1536w\" sizes=\"auto, (max-width: 1600px) 100vw, 1600px\" \/><\/a>\n        <\/div>\n        <div class=\"wp-block-getwid-post-carousel__post-content-wrapper\">\n        <div class=\"wp-block-getwid-post-carousel__post-header\">\n            <h3 class=\"wp-block-getwid-post-carousel__post-title\"><a href=\"https:\/\/agora.xtec.cat\/iesagustiserra\/general\/alumnat-dels-diferents-cicles-formatius-ha-visitat-el-centre-destetica-smart-beauty-salon-i-academia-professionalitzadora-destetica-dins-del-pla-de-mesures-innovafp\/\">L\u2019Institut Agust\u00ed Serra i Fontanet ha estat seleccionat amb el projecte Smart Beauty Salon i Acad\u00e8mia Professionalitzadora d\u2019Est\u00e8tica dins del Pla de mesures InnovaFP<\/a><\/h3>        <\/div>\n        <div class=\"wp-block-getwid-post-carousel__post-excerpt\"><p>L\u2019Institut Agust\u00ed Serra i Fontanet ha estat seleccionat amb el projecte Smart Beauty Salon i Acad\u00e8mia Professionalitzadora d\u2019Est\u00e8tica dins del [&hellip;]<\/p>\n<\/div>\n    <\/div>\n<\/div>\n\n\t\t\t\t\t\t\t<\/div>\n\t\t\t\t\t\t\t\t\t\t\t\t\t<div class=\"wp-block-getwid-post-carousel__slide\">\n\t\t\t\t\t\t\t\t\n<div class=\"wp-block-getwid-post-carousel__post\">\n            <div class=\"wp-block-getwid-post-carousel__post-thumbnail\">\n            <a href=\"https:\/\/agora.xtec.cat\/iesagustiserra\/general\/31760\/\"><img loading=\"lazy\" decoding=\"async\" width=\"1600\" height=\"1200\" src=\"https:\/\/agora.xtec.cat\/iesagustiserra\/wp-content\/uploads\/usu1681\/2025\/03\/PHOTO-2025-03-06-20-09-51-1.jpg\" class=\"attachment-post-thumbnail size-post-thumbnail wp-post-image\" alt=\"\" srcset=\"https:\/\/agora.xtec.cat\/iesagustiserra\/wp-content\/uploads\/usu1681\/2025\/03\/PHOTO-2025-03-06-20-09-51-1.jpg 1600w, https:\/\/agora.xtec.cat\/iesagustiserra\/wp-content\/uploads\/usu1681\/2025\/03\/PHOTO-2025-03-06-20-09-51-1-600x450.jpg 600w, https:\/\/agora.xtec.cat\/iesagustiserra\/wp-content\/uploads\/usu1681\/2025\/03\/PHOTO-2025-03-06-20-09-51-1-1024x768.jpg 1024w, https:\/\/agora.xtec.cat\/iesagustiserra\/wp-content\/uploads\/usu1681\/2025\/03\/PHOTO-2025-03-06-20-09-51-1-768x576.jpg 768w, https:\/\/agora.xtec.cat\/iesagustiserra\/wp-content\/uploads\/usu1681\/2025\/03\/PHOTO-2025-03-06-20-09-51-1-1536x1152.jpg 1536w\" sizes=\"auto, (max-width: 1600px) 100vw, 1600px\" \/><\/a>\n        <\/div>\n        <div class=\"wp-block-getwid-post-carousel__post-content-wrapper\">\n        <div class=\"wp-block-getwid-post-carousel__post-header\">\n            <h3 class=\"wp-block-getwid-post-carousel__post-title\"><a href=\"https:\/\/agora.xtec.cat\/iesagustiserra\/general\/31760\/\">FP Challenge<\/a><\/h3>        <\/div>\n        <div class=\"wp-block-getwid-post-carousel__post-excerpt\"><p>El dimarts dia 4 de mar\u00e7 els cicles formatius de Grau mitj\u00e0 i Grau superior que han assistit de l&#8217;Institut [&hellip;]<\/p>\n<\/div>\n    <\/div>\n<\/div>\n\n\t\t\t\t\t\t\t<\/div>\n\t\t\t\t\t\t\t\t\t\t\t\t\t<div class=\"wp-block-getwid-post-carousel__slide\">\n\t\t\t\t\t\t\t\t\n<div class=\"wp-block-getwid-post-carousel__post\">\n            <div class=\"wp-block-getwid-post-carousel__post-thumbnail\">\n            <a href=\"https:\/\/agora.xtec.cat\/iesagustiserra\/general\/linstitut-agusti-serra-i-fontanet-participa-en-lfp-challenge-innovacio-creativitat-i-treball-en-equip\/\"><img loading=\"lazy\" decoding=\"async\" width=\"1053\" height=\"746\" src=\"https:\/\/agora.xtec.cat\/iesagustiserra\/wp-content\/uploads\/usu1681\/2025\/03\/I10.jpg\" class=\"attachment-post-thumbnail size-post-thumbnail wp-post-image\" alt=\"\" srcset=\"https:\/\/agora.xtec.cat\/iesagustiserra\/wp-content\/uploads\/usu1681\/2025\/03\/I10.jpg 1053w, https:\/\/agora.xtec.cat\/iesagustiserra\/wp-content\/uploads\/usu1681\/2025\/03\/I10-600x425.jpg 600w, https:\/\/agora.xtec.cat\/iesagustiserra\/wp-content\/uploads\/usu1681\/2025\/03\/I10-1024x725.jpg 1024w, https:\/\/agora.xtec.cat\/iesagustiserra\/wp-content\/uploads\/usu1681\/2025\/03\/I10-768x544.jpg 768w\" sizes=\"auto, (max-width: 1053px) 100vw, 1053px\" \/><\/a>\n        <\/div>\n        <div class=\"wp-block-getwid-post-carousel__post-content-wrapper\">\n        <div class=\"wp-block-getwid-post-carousel__post-header\">\n            <h3 class=\"wp-block-getwid-post-carousel__post-title\"><a href=\"https:\/\/agora.xtec.cat\/iesagustiserra\/general\/linstitut-agusti-serra-i-fontanet-participa-en-lfp-challenge-innovacio-creativitat-i-treball-en-equip\/\">L\u2019Institut Agust\u00ed Serra i Fontanet participa en l&#8217;FP Challenge: Innovaci\u00f3, creativitat i treball en equip!<\/a><\/h3>        <\/div>\n        <div class=\"wp-block-getwid-post-carousel__post-excerpt\"><p>El passat 4 de mar\u00e7, el nostre institut va tenir l\u2019oportunitat de participar en l&#8217;FP Challenge, una hackathon d\u2019innovaci\u00f3 on [&hellip;]<\/p>\n<\/div>\n    <\/div>\n<\/div>\n\n\t\t\t\t\t\t\t<\/div>\n\t\t\t\t\t\t            <\/div>\n        <\/div>\n        ","protected":false},"excerpt":{"rendered":"<p>DESCRIPCI\u00d3 INNOVA FP InnovaFP \u00e9s el programa de la Direcci\u00f3 General de Formaci\u00f3 Professional del Departament d\u2019Educaci\u00f3 de la Generalitat [&hellip;]<\/p>\n","protected":false},"author":1,"featured_media":0,"parent":37959,"menu_order":20,"comment_status":"closed","ping_status":"close","template":"","meta":{"site-sidebar-layout":"default","site-content-layout":"","ast-site-content-layout":"default","site-content-style":"default","site-sidebar-style":"default","ast-global-header-display":"","ast-banner-title-visibility":"","ast-main-header-display":"","ast-hfb-above-header-display":"","ast-hfb-below-header-display":"","ast-hfb-mobile-header-display":"","site-post-title":"","ast-breadcrumbs-content":"","ast-featured-img":"","footer-sml-layout":"","theme-transparent-header-meta":"","adv-header-id-meta":"","stick-header-meta":"","header-above-stick-meta":"","header-main-stick-meta":"","header-below-stick-meta":"","astra-migrate-meta-layouts":"set","ast-page-background-enabled":"default","ast-page-background-meta":{"desktop":{"background-color":"var(--ast-global-color-4)","background-image":"","background-repeat":"repeat","background-position":"center center","background-size":"auto","background-attachment":"scroll","background-type":"","background-media":"","overlay-type":"","overlay-color":"","overlay-opacity":"","overlay-gradient":""},"tablet":{"background-color":"","background-image":"","background-repeat":"repeat","background-position":"center center","background-size":"auto","background-attachment":"scroll","background-type":"","background-media":"","overlay-type":"","overlay-color":"","overlay-opacity":"","overlay-gradient":""},"mobile":{"background-color":"","background-image":"","background-repeat":"repeat","background-position":"center center","background-size":"auto","background-attachment":"scroll","background-type":"","background-media":"","overlay-type":"","overlay-color":"","overlay-opacity":"","overlay-gradient":""}},"ast-content-background-meta":{"desktop":{"background-color":"var(--ast-global-color-5)","background-image":"","background-repeat":"repeat","background-position":"center center","background-size":"auto","background-attachment":"scroll","background-type":"","background-media":"","overlay-type":"","overlay-color":"","overlay-opacity":"","overlay-gradient":""},"tablet":{"background-color":"var(--ast-global-color-5)","background-image":"","background-repeat":"repeat","background-position":"center center","background-size":"auto","background-attachment":"scroll","background-type":"","background-media":"","overlay-type":"","overlay-color":"","overlay-opacity":"","overlay-gradient":""},"mobile":{"background-color":"var(--ast-global-color-5)","background-image":"","background-repeat":"repeat","background-position":"center center","background-size":"auto","background-attachment":"scroll","background-type":"","background-media":"","overlay-type":"","overlay-color":"","overlay-opacity":"","overlay-gradient":""}},"footnotes":""},"class_list":["post-36771","page","type-page","status-publish","hentry"],"post_mailing_queue_ids":[],"_links":{"self":[{"href":"https:\/\/agora.xtec.cat\/iesagustiserra\/wp-json\/wp\/v2\/pages\/36771","targetHints":{"allow":["GET"]}}],"collection":[{"href":"https:\/\/agora.xtec.cat\/iesagustiserra\/wp-json\/wp\/v2\/pages"}],"about":[{"href":"https:\/\/agora.xtec.cat\/iesagustiserra\/wp-json\/wp\/v2\/types\/page"}],"author":[{"embeddable":true,"href":"https:\/\/agora.xtec.cat\/iesagustiserra\/wp-json\/wp\/v2\/users\/1"}],"replies":[{"embeddable":true,"href":"https:\/\/agora.xtec.cat\/iesagustiserra\/wp-json\/wp\/v2\/comments?post=36771"}],"version-history":[{"count":6,"href":"https:\/\/agora.xtec.cat\/iesagustiserra\/wp-json\/wp\/v2\/pages\/36771\/revisions"}],"predecessor-version":[{"id":39238,"href":"https:\/\/agora.xtec.cat\/iesagustiserra\/wp-json\/wp\/v2\/pages\/36771\/revisions\/39238"}],"up":[{"embeddable":true,"href":"https:\/\/agora.xtec.cat\/iesagustiserra\/wp-json\/wp\/v2\/pages\/37959"}],"wp:attachment":[{"href":"https:\/\/agora.xtec.cat\/iesagustiserra\/wp-json\/wp\/v2\/media?parent=36771"}],"curies":[{"name":"wp","href":"https:\/\/api.w.org\/{rel}","templated":true}]}}