{"id":36049,"date":"2025-09-24T15:21:04","date_gmt":"2025-09-24T13:21:04","guid":{"rendered":"https:\/\/agora.xtec.cat\/iesagustiserra\/?page_id=36049"},"modified":"2025-09-24T19:36:08","modified_gmt":"2025-09-24T17:36:08","slug":"alumnat-de-complecio-densenyaments-professionalitzadors-extingits","status":"publish","type":"page","link":"https:\/\/agora.xtec.cat\/iesagustiserra\/alumnat-de-complecio-densenyaments-professionalitzadors-extingits\/","title":{"rendered":"Alumnat de Compleci\u00f3 d\u2019ensenyaments professionalitzadors extingits"},"content":{"rendered":"\n<p>El Departament d\u2019Educaci\u00f3 i Formaci\u00f3 Professional ha aprovat l\u2019Ordre EDF\/74\/2025 que estableix el procediment per completar els ensenyaments professionalitzadors que s\u2019extingeixen. Aquesta normativa afecta l\u2019alumnat que ha iniciat estudis de formaci\u00f3 professional en curr\u00edculums que han quedat obsolets.<\/p>\n\n\n\n<h4 class=\"wp-block-heading\">Qu\u00e8 \u00e9s la compleci\u00f3?<\/h4>\n\n\n\n<p>La compleci\u00f3 \u00e9s el procediment que permet a l\u2019alumnat finalitzar els seus estudis professionalitzadors quan el t\u00edtol o pla d\u2019estudis ha estat suprimit o ha cessat la seva impartici\u00f3. L\u2019objectiu \u00e9s garantir que l\u2019estudiant pugui obtenir la titulaci\u00f3 corresponent malgrat l\u2019extinci\u00f3 del seu ensenyament.<\/p>\n\n\n\n<h4 class=\"wp-block-heading\">Qui s\u2019hi pot adherir?<\/h4>\n\n\n\n<p>Poden sol\u00b7licitar la compleci\u00f3 l\u2019alumnat escolaritzat pr\u00e8viament al centre en l\u2019ensenyament extingit.<\/p>\n\n\n\n<h4 class=\"wp-block-heading\">Modalitats de compleci\u00f3<\/h4>\n\n\n\n<p>Tal com estableix l\u2019Ordre del Departament, l\u2019alumnat no t\u00e9 classes del cicle formatiu extingit. Depenent dels m\u00f2duls formatius pendents, l\u2019equip docent far\u00e0 les indicacions pertinents d\u2019estrat\u00e8gies de recuperaci\u00f3 i proves d\u2019avaluaci\u00f3 per a la seva superaci\u00f3. El professorat establir\u00e0 les activitats m\u00e9s adequades per garantir l\u2019aprenentatge i l\u2019avaluaci\u00f3 dels continguts pendents de manera aut\u00f2noma.<\/p>\n\n\n\n<h4 class=\"wp-block-heading\">Terminis i convocat\u00f2ries<\/h4>\n\n\n\n<p><strong>Curs 2025-26 (aquest curs):<\/strong><\/p>\n\n\n\n<ul class=\"wp-block-list\">\n<li><strong>Primera convocat\u00f2ria:<\/strong> novembre de 2025 (de l&#8217;1 al 30 de novembre)<\/li>\n\n\n\n<li><strong>Segona convocat\u00f2ria:<\/strong> abril de 2026 (de l&#8217;1 al 30 d\u2019abril)<\/li>\n<\/ul>\n\n\n\n<h4 class=\"wp-block-heading\">Gesti\u00f3 de matr\u00edcula<\/h4>\n\n\n\n<p>L&#8217;alumnat s&#8217;ha de matricular <strong>obligat\u00f2riament <\/strong>al centre on va cursar per \u00faltima vegada l&#8217;ensenyament.<\/p>\n\n\n\n<h4 class=\"wp-block-heading\">Preu p\u00fablics<\/h4>\n\n\n\n<p>El Departament d&#8217;Educaci\u00f3 i Formaci\u00f3 Professional ha aprovat l&#8217;Ordre EDF\/148\/2025 que estableix els <strong>preus p\u00fablics<\/strong> per a la matr\u00edcula dels cicles de <strong>grau superior de formaci\u00f3 professional (LOE)<\/strong> impartits en els centres dependents del Departament d&#8217;Educaci\u00f3 i de Formaci\u00f3 Professional. Aquesta normativa afecta l&#8217;alumnat matriculat en compleci\u00f3 al curs 2025-26:<\/p>\n\n\n\n<ul class=\"wp-block-list\">\n<li>Per unitat formativa: <strong>25 euros<\/strong><\/li>\n\n\n\n<li>M\u00f2dul de formaci\u00f3 en centres de treball (<strong>FCT<\/strong>): <strong>25 euros<\/strong><\/li>\n<\/ul>\n","protected":false},"excerpt":{"rendered":"<p>El Departament d\u2019Educaci\u00f3 i Formaci\u00f3 Professional ha aprovat l\u2019Ordre EDF\/74\/2025 que estableix el procediment per completar els ensenyaments professionalitzadors que [&hellip;]<\/p>\n","protected":false},"author":1,"featured_media":0,"parent":0,"menu_order":0,"comment_status":"closed","ping_status":"close","template":"","meta":{"site-sidebar-layout":"no-sidebar","site-content-layout":"","ast-site-content-layout":"full-width-container","site-content-style":"default","site-sidebar-style":"default","ast-global-header-display":"","ast-banner-title-visibility":"","ast-main-header-display":"","ast-hfb-above-header-display":"","ast-hfb-below-header-display":"","ast-hfb-mobile-header-display":"","site-post-title":"","ast-breadcrumbs-content":"","ast-featured-img":"","footer-sml-layout":"","theme-transparent-header-meta":"","adv-header-id-meta":"","stick-header-meta":"","header-above-stick-meta":"","header-main-stick-meta":"","header-below-stick-meta":"","astra-migrate-meta-layouts":"set","ast-page-background-enabled":"default","ast-page-background-meta":{"desktop":{"background-color":"var(--ast-global-color-4)","background-image":"","background-repeat":"repeat","background-position":"center center","background-size":"auto","background-attachment":"scroll","background-type":"","background-media":"","overlay-type":"","overlay-color":"","overlay-opacity":"","overlay-gradient":""},"tablet":{"background-color":"","background-image":"","background-repeat":"repeat","background-position":"center center","background-size":"auto","background-attachment":"scroll","background-type":"","background-media":"","overlay-type":"","overlay-color":"","overlay-opacity":"","overlay-gradient":""},"mobile":{"background-color":"","background-image":"","background-repeat":"repeat","background-position":"center center","background-size":"auto","background-attachment":"scroll","background-type":"","background-media":"","overlay-type":"","overlay-color":"","overlay-opacity":"","overlay-gradient":""}},"ast-content-background-meta":{"desktop":{"background-color":"var(--ast-global-color-5)","background-image":"","background-repeat":"repeat","background-position":"center center","background-size":"auto","background-attachment":"scroll","background-type":"","background-media":"","overlay-type":"","overlay-color":"","overlay-opacity":"","overlay-gradient":""},"tablet":{"background-color":"var(--ast-global-color-5)","background-image":"","background-repeat":"repeat","background-position":"center center","background-size":"auto","background-attachment":"scroll","background-type":"","background-media":"","overlay-type":"","overlay-color":"","overlay-opacity":"","overlay-gradient":""},"mobile":{"background-color":"var(--ast-global-color-5)","background-image":"","background-repeat":"repeat","background-position":"center center","background-size":"auto","background-attachment":"scroll","background-type":"","background-media":"","overlay-type":"","overlay-color":"","overlay-opacity":"","overlay-gradient":""}},"footnotes":""},"class_list":["post-36049","page","type-page","status-publish","hentry"],"post_mailing_queue_ids":[],"_links":{"self":[{"href":"https:\/\/agora.xtec.cat\/iesagustiserra\/wp-json\/wp\/v2\/pages\/36049","targetHints":{"allow":["GET"]}}],"collection":[{"href":"https:\/\/agora.xtec.cat\/iesagustiserra\/wp-json\/wp\/v2\/pages"}],"about":[{"href":"https:\/\/agora.xtec.cat\/iesagustiserra\/wp-json\/wp\/v2\/types\/page"}],"author":[{"embeddable":true,"href":"https:\/\/agora.xtec.cat\/iesagustiserra\/wp-json\/wp\/v2\/users\/1"}],"replies":[{"embeddable":true,"href":"https:\/\/agora.xtec.cat\/iesagustiserra\/wp-json\/wp\/v2\/comments?post=36049"}],"version-history":[{"count":5,"href":"https:\/\/agora.xtec.cat\/iesagustiserra\/wp-json\/wp\/v2\/pages\/36049\/revisions"}],"predecessor-version":[{"id":36069,"href":"https:\/\/agora.xtec.cat\/iesagustiserra\/wp-json\/wp\/v2\/pages\/36049\/revisions\/36069"}],"wp:attachment":[{"href":"https:\/\/agora.xtec.cat\/iesagustiserra\/wp-json\/wp\/v2\/media?parent=36049"}],"curies":[{"name":"wp","href":"https:\/\/api.w.org\/{rel}","templated":true}]}}