{"id":3555,"date":"2020-03-04T20:36:10","date_gmt":"2020-03-04T19:36:10","guid":{"rendered":"http:\/\/agora.xtec.cat\/iesagustiserra\/?page_id=3555"},"modified":"2026-02-23T12:05:04","modified_gmt":"2026-02-23T11:05:04","slug":"sollicituds","status":"publish","type":"page","link":"https:\/\/agora.xtec.cat\/iesagustiserra\/secretaria\/sollicituds\/","title":{"rendered":"Sol\u00b7licituds"},"content":{"rendered":"\n<div class=\"wp-block-getwid-toggle has-icon-left\">\n<div class=\"wp-block-getwid-toggle__row\"><div class=\"wp-block-getwid-toggle__header-wrapper\"><h5 class=\"wp-block-getwid-toggle__header\"><a href=\"#\"><span class=\"wp-block-getwid-toggle__header-title\"><strong>Sol\u00b7licitud de retorn Taxes\/Quotes<\/strong><\/span><span class=\"wp-block-getwid-toggle__icon is-active\"><i class=\"fas fa-chevron-down\"><\/i><\/span><span class=\"wp-block-getwid-toggle__icon is-passive\"><i class=\"fas fa-minus\"><\/i><\/span><\/a><\/h5><\/div><div class=\"wp-block-getwid-toggle__content-wrapper\"><div class=\"wp-block-getwid-toggle__content\">\n<ul class=\"wp-block-list\">\n<li>Ompliu i signeu el <strong><a href=\"https:\/\/drive.google.com\/file\/d\/1S9vdb--Yq19aMh7oZ9nrGKPoW2CKRRQb\/view?usp=sharing\" target=\"_blank\" rel=\"noreferrer noopener\">Sol\u00b7licitud retorn de taxes<\/a><\/strong> (cal descarregar el document per empenar-lo) en cas que Administraci\u00f3 hagi contactat amb vosaltres per fer-vos una devoluci\u00f3.<\/li>\n<\/ul>\n<\/div><\/div><\/div>\n\n\n\n<div class=\"wp-block-getwid-toggle__row\"><div class=\"wp-block-getwid-toggle__header-wrapper\"><h5 class=\"wp-block-getwid-toggle__header\"><a href=\"#\"><span class=\"wp-block-getwid-toggle__header-title\"><strong>Sol\u00b7licitud de certificats<\/strong><\/span><span class=\"wp-block-getwid-toggle__icon is-active\"><i class=\"fas fa-chevron-down\"><\/i><\/span><span class=\"wp-block-getwid-toggle__icon is-passive\"><i class=\"fas fa-minus\"><\/i><\/span><\/a><\/h5><\/div><div class=\"wp-block-getwid-toggle__content-wrapper\"><div class=\"wp-block-getwid-toggle__content\">\n<ul class=\"wp-block-list\">\n<li>Podeu trucar al tel\u00e8fon <strong>937 230 312<\/strong><\/li>\n\n\n\n<li>Podeu sol\u00b7licitar un certificat escrivint un<span style=\"color: #000000;\"> correu, indicant les vostres dades personals, a l&#8217;adre\u00e7a: <strong>a8039203<\/strong><\/span><strong><span style=\"color: #000000;\">@xtec.cat<\/span><\/strong><\/li>\n\n\n\n<li>El centre us avisar\u00e0 al vostre correu quan podeu recollir el certificat a la Secretaria, presentant el DNI\/NIE\/Passaport acreditat en la <strong><a href=\"https:\/\/agora.xtec.cat\/iesagustiserra\/wp-content\/uploads\/usu1681\/2025\/05\/PRDS01_DOC_S_21-Sollicitud-certificat.pdf\" target=\"_blank\" rel=\"noreferrer noopener\">Sol\u00b7licitud certificat<\/a>.<\/strong><\/li>\n\n\n\n<li>Si no podeu venir personalment, heu d\u2019omplir una<a href=\"https:\/\/agora.xtec.cat\/iesagustiserra\/wp-content\/uploads\/usu1681\/2025\/05\/PRDS01_DOC_22-Impres_autoritzacio-a-tercers-2.pdf\" target=\"_blank\" rel=\"noreferrer noopener\">&nbsp;<strong><span style=\"color: #418000;\"><strong>Autoritzaci\u00f3 a tercers<\/strong><\/span><\/strong><\/a><strong>,<\/strong> signar-la i adjuntar fotoc\u00f2pia del vostre DNI\/NIE\/Passaport i el de la persona autoritzada.<\/li>\n<\/ul>\n<\/div><\/div><\/div>\n\n\n\n<div class=\"wp-block-getwid-toggle__row\"><div class=\"wp-block-getwid-toggle__header-wrapper\"><h5 class=\"wp-block-getwid-toggle__header\"><a href=\"#\"><span class=\"wp-block-getwid-toggle__header-title\"><strong>Sol\u00b7licitud de certificat nivell de catal\u00e0<\/strong><\/span><span class=\"wp-block-getwid-toggle__icon is-active\"><i class=\"fas fa-chevron-down\"><\/i><\/span><span class=\"wp-block-getwid-toggle__icon is-passive\"><i class=\"fas fa-minus\"><\/i><\/span><\/a><\/h5><\/div><div class=\"wp-block-getwid-toggle__content-wrapper\"><div class=\"wp-block-getwid-toggle__content\">\n<ul class=\"wp-block-list\">\n<li>Els centres p\u00fablics d\u2019Educaci\u00f3 Secund\u00e0ria de Catalunya poden expedir certificats d\u2019equival\u00e8ncia del nivell de Catal\u00e0 a l\u2019alumnat que ho sol\u00b7liciti i compleixi les condicions establertes per la normativa.<\/li>\n\n\n\n<li>La persona interessada ha d\u2019emplenar&nbsp;la&nbsp;<strong><span style=\"color: #418000;\"><a href=\"https:\/\/agora.xtec.cat\/iesagustiserra\/wp-content\/uploads\/usu1681\/2025\/04\/Instancia_equivalencia_nivell_catala_emplenable.pdf\" target=\"_blank\" rel=\"noreferrer noopener\"><strong>sol\u00b7licitud<\/strong><\/a>&nbsp;<\/span><\/strong>i portar-la a la Secretaria amb la seg\u00fcent documentaci\u00f3 per comprovar el compliment dels requisits:<\/li>\n<\/ul>\n\n\n\n<figure class=\"wp-block-image is-resized\"><a href=\"https:\/\/agora.xtec.cat\/iesagustiserra\/wp-content\/uploads\/usu1681\/2020\/03\/NIVELL-B2.png\"><img loading=\"lazy\" decoding=\"async\" width=\"740\" height=\"273\" src=\"https:\/\/agora.xtec.cat\/iesagustiserra\/wp-content\/uploads\/usu1681\/2020\/03\/NIVELL-B2.png\" alt=\"\" class=\"wp-image-3568\" style=\"aspect-ratio:2.7106227106227108;width:710px;height:auto\" srcset=\"https:\/\/agora.xtec.cat\/iesagustiserra\/wp-content\/uploads\/usu1681\/2020\/03\/NIVELL-B2.png 740w, https:\/\/agora.xtec.cat\/iesagustiserra\/wp-content\/uploads\/usu1681\/2020\/03\/NIVELL-B2-300x111.png 300w\" sizes=\"auto, (max-width: 740px) 100vw, 740px\" \/><\/a><\/figure>\n\n\n\n<p><a href=\"https:\/\/agora.xtec.cat\/iesagustiserra\/wp-content\/uploads\/usu1681\/2020\/03\/NIVEL-C1.png\"><img loading=\"lazy\" decoding=\"async\" class=\"alignnone size-full wp-image-3563\" src=\"https:\/\/agora.xtec.cat\/iesagustiserra\/wp-content\/uploads\/usu1681\/2020\/03\/NIVEL-C1.png\" alt=\"\" width=\"712\" height=\"583\" srcset=\"https:\/\/agora.xtec.cat\/iesagustiserra\/wp-content\/uploads\/usu1681\/2020\/03\/NIVEL-C1.png 712w, https:\/\/agora.xtec.cat\/iesagustiserra\/wp-content\/uploads\/usu1681\/2020\/03\/NIVEL-C1-300x246.png 300w\" sizes=\"auto, (max-width: 712px) 100vw, 712px\" \/><\/a><br><sub>(*)&nbsp;<em>Si no es disposa dels Llibres d\u2019Escolaritat tamb\u00e9 es pot presentar un&nbsp;<strong>Certificat acreditatiu<\/strong>&nbsp;d\u2019haver estat escolaritzat a Catalunya sense haver tingut exempci\u00f3 de catal\u00e0.<\/em><\/sub><\/p>\n<\/div><\/div><\/div>\n\n\n\n<div class=\"wp-block-getwid-toggle__row\"><div class=\"wp-block-getwid-toggle__header-wrapper\"><h5 class=\"wp-block-getwid-toggle__header\"><a href=\"#\"><span class=\"wp-block-getwid-toggle__header-title\"><strong>Sol\u00b7licitud de t\u00edtol acad\u00e8mic<\/strong><\/span><span class=\"wp-block-getwid-toggle__icon is-active\"><i class=\"fas fa-chevron-down\"><\/i><\/span><span class=\"wp-block-getwid-toggle__icon is-passive\"><i class=\"fas fa-minus\"><\/i><\/span><\/a><\/h5><\/div><div class=\"wp-block-getwid-toggle__content-wrapper\"><div class=\"wp-block-getwid-toggle__content\">\n<p>Com demanar un t\u00edtol?<\/p>\n\n\n\n<p><strong>CAL FER LA SOL\u00b7LICITUD:<\/strong><\/p>\n\n\n\n<ul class=\"wp-block-list\">\n<li>L\u2019 usuari\/\u00e0ria accedeix al portal a trav\u00e9s d&#8217;aquest <a href=\"https:\/\/tramits.gencat.cat\/ca\/tramits\/tramits-temes\/titols-academics-no-universitaris?category=742b7874-a82c-11e3-a972-000c29052e2c\" data-type=\"link\" data-id=\"https:\/\/tramits.gencat.cat\/ca\/tramits\/tramits-temes\/titols-academics-no-universitaris?category=742b7874-a82c-11e3-a972-000c29052e2c\" target=\"_blank\" rel=\"noreferrer noopener\">enlla\u00e7<\/a>.<\/li>\n\n\n\n<li>Accediu al tr\u00e0mit a trav\u00e9s del certificat IDCAT o Cl@ve.<\/li>\n\n\n\n<li>En el moment que hagueu accedit al tr\u00e0mit, haureu d\u2019omplir la informaci\u00f3 que us demana, si teniu dret a alguna de les bonificacions (membres de fam\u00edlia nombrosa de categoria general i membres de fam\u00edlies monoparentals) o exempcions (membres de fam\u00edlia nombrosa de categoria especial, v\u00edctimes del terrorisme (i els seus c\u00f2njuges i els seus fills), persones amb discapacitat igual o superior al 33% i infants o adolescents en acolliment familiar). En cas que l\u2019aplicatiu no et validi aquesta informaci\u00f3, heu de portar a la Secretaria del centre el vostre DNI\/NIE\/Passaport i la\u00a0<strong>documentaci\u00f3 vigent que ho acrediti<\/strong>.<\/li>\n\n\n\n<li>Es generar\u00e0 un full de pagament amb el qual haureu d&#8217;anar a pagar.\u00a0<strong>Aquest document no tindr\u00e0 cap validesa com a resguard.<\/strong><\/li>\n\n\n\n<li>Un cop pagada la taxa, <strong>s\u2019ha d\u2019esperar 48 hores per obtenir el resguard del t\u00edtol<\/strong>. Despr\u00e9s heu de passar personalment per la Secretaria del centre amb el DNI\/NIE\/Passaport per gestionar\u00a0<strong>el resguard del t\u00edtol segellat i signat<\/strong>.<\/li>\n<\/ul>\n<\/div><\/div><\/div>\n\n\n\n<div class=\"wp-block-getwid-toggle__row\"><div class=\"wp-block-getwid-toggle__header-wrapper\"><h5 class=\"wp-block-getwid-toggle__header\"><a href=\"#\"><span class=\"wp-block-getwid-toggle__header-title\"><strong>Sol\u00b7licitud de baixa<\/strong><\/span><span class=\"wp-block-getwid-toggle__icon is-active\"><i class=\"fas fa-chevron-down\"><\/i><\/span><span class=\"wp-block-getwid-toggle__icon is-passive\"><i class=\"fas fa-minus\"><\/i><\/span><\/a><\/h5><\/div><div class=\"wp-block-getwid-toggle__content-wrapper\"><div class=\"wp-block-getwid-toggle__content\">\n<ul class=\"wp-block-list\">\n<li>Si voleu donar-vos de baixa del centre, haureu de complimentar&nbsp;<span style=\"color: #418000;\"><span style=\"color: #000000;\">aquesta <\/span><strong><strong><a href=\"https:\/\/agora.xtec.cat\/iesagustiserra\/wp-content\/uploads\/usu1681\/2025\/04\/PRDC01_DOC_S_02-Sollicitud-baixa-academica.pdf\" target=\"_blank\" rel=\"noreferrer noopener\">sol\u00b7licitud<\/a><\/strong><\/strong><\/span> i lliurar-la a la Secretaria del centre.<\/li>\n<\/ul>\n<\/div><\/div><\/div>\n\n\n\n<div class=\"wp-block-getwid-toggle__row\"><div class=\"wp-block-getwid-toggle__header-wrapper\"><h5 class=\"wp-block-getwid-toggle__header\"><a href=\"#\"><span class=\"wp-block-getwid-toggle__header-title\">Sol\u00b7licitud de revisi\u00f3 de qualificacions<\/span><span class=\"wp-block-getwid-toggle__icon is-active\"><i class=\"fas fa-chevron-down\"><\/i><\/span><span class=\"wp-block-getwid-toggle__icon is-passive\"><i class=\"fas fa-minus\"><\/i><\/span><\/a><\/h5><\/div><div class=\"wp-block-getwid-toggle__content-wrapper\"><div class=\"wp-block-getwid-toggle__content\">\n<p>Si no est\u00e0s d&#8217;acord amb la qualificaci\u00f3 final que has obtingut en alguna de les teves qualificacions (ESO, batxillerat, CF, PFI o IFE), pots sol\u00b7licitar una revisi\u00f3 de la teva qualificaci\u00f3 seguint aquests passos:<\/p>\n\n\n\n<ol style=\"list-style-type: lower-alpha;\">\n<li>Informar-se sobre els terminis<br>Primer de tot, \u00e9s important que coneguis els terminis establerts per presentar la sol\u00b7licitud.<br>Normalment, ser\u00e0 el dia de lliurament de les qualificacions i el seg\u00fcent dia h\u00e0bil. Assegura&#8217;t de<br>presentar la sol\u00b7licitud dins del per\u00edode establert (48 hores m\u00e0xim).<\/li>\n<li>Omplir la sol\u00b7licitud de revisi\u00f3 de qualificaci\u00f3<br>Pots demanar el document de sol\u00b7licitud a la secretaria del centre o descarregar-la des del web.<br>Omple correctament la<strong><a href=\"https:\/\/agora.xtec.cat\/iesagustiserra\/wp-content\/uploads\/usu1681\/2025\/04\/PRDC02_03_DOC_S_15-Sollicitud-revisio-qualificacions-finals.pdf\" target=\"_blank\" rel=\"noopener\"> sol\u00b7licitud<\/a><\/strong> amb les teves dades personals, la mat\u00e8ria o mat\u00e8ries que vols<br>que es revisin i la qualificaci\u00f3 que consideres que no \u00e9s correcta.<\/li>\n<li>Adjuntar la documentaci\u00f3 necess\u00e0ria<br>En alguns casos, pot ser necessari adjuntar c\u00f2pia del certificat de qualificaci\u00f3 o altres documents<br>que acreditin la teva petici\u00f3.<\/li>\n<li>Presentar la sol\u00b7licitud<br>Porta la sol\u00b7licitud omplerta a la secretaria de l&#8217;institut dins del termini. Assegura&#8217;t de conservar el<br>justificant de presentaci\u00f3.<\/li>\n<li>Esperar la resoluci\u00f3<br>Un cop presentada la sol\u00b7licitud, es revisar\u00e0 la teva qualificaci\u00f3 i se t&#8217;informar\u00e0 de la resoluci\u00f3 en el<br>termini establert. Si la revisi\u00f3 \u00e9s favorable, la qualificaci\u00f3 final ser\u00e0 actualitzada.<br>En cas que sigui desfavorable se t\u2019informar\u00e0 dels passos a seguir.<\/li>\n<li>Rebre la notificaci\u00f3<\/li>\n<\/ol>\n\n\n\n<p>Finalment, rebr\u00e0s una notificaci\u00f3 amb la nova qualificaci\u00f3 o amb la resposta a la teva petici\u00f3.<\/p>\n<\/div><\/div><\/div>\n\n\n\n<div class=\"wp-block-getwid-toggle__row\"><div class=\"wp-block-getwid-toggle__header-wrapper\"><h5 class=\"wp-block-getwid-toggle__header\"><a href=\"#\"><span class=\"wp-block-getwid-toggle__header-title\">Inst\u00e0ncia gen\u00e8rica<\/span><span class=\"wp-block-getwid-toggle__icon is-active\"><i class=\"fas fa-chevron-down\"><\/i><\/span><span class=\"wp-block-getwid-toggle__icon is-passive\"><i class=\"fas fa-minus\"><\/i><\/span><\/a><\/h5><\/div><div class=\"wp-block-getwid-toggle__content-wrapper\"><div class=\"wp-block-getwid-toggle__content\">\n<div data-wp-interactive=\"core\/file\" class=\"wp-block-file\"><object data-wp-bind--hidden=\"!state.hasPdfPreview\" hidden class=\"wp-block-file__embed\" data=\"https:\/\/agora.xtec.cat\/iesagustiserra\/wp-content\/uploads\/usu1681\/2025\/05\/PRDS01_DOC_S_00-Instancia-generica.pdf\" type=\"application\/pdf\" style=\"width:100%;height:600px\" aria-label=\"Incrustaci\u00f3 del fitxer PRDS01_DOC_S_00 Inst\u00e0ncia gen\u00e8rica.\"><\/object><a id=\"wp-block-file--media-a153ec7c-8a99-4e81-855a-69cc6e310d19\" href=\"https:\/\/agora.xtec.cat\/iesagustiserra\/wp-content\/uploads\/usu1681\/2025\/05\/PRDS01_DOC_S_00-Instancia-generica.pdf\">PRDS01_DOC_S_00 Inst\u00e0ncia gen\u00e8rica<\/a><a href=\"https:\/\/agora.xtec.cat\/iesagustiserra\/wp-content\/uploads\/usu1681\/2025\/05\/PRDS01_DOC_S_00-Instancia-generica.pdf\" class=\"wp-block-file__button wp-element-button\" download aria-describedby=\"wp-block-file--media-a153ec7c-8a99-4e81-855a-69cc6e310d19\">Baixa<\/a><\/div>\n<\/div><\/div><\/div>\n\n\n\n<div class=\"wp-block-getwid-toggle__row\"><div class=\"wp-block-getwid-toggle__header-wrapper\"><h5 class=\"wp-block-getwid-toggle__header\"><a href=\"#\"><span class=\"wp-block-getwid-toggle__header-title\">Autoritzaci\u00f3 a tercers<\/span><span class=\"wp-block-getwid-toggle__icon is-active\"><i class=\"fas fa-chevron-down\"><\/i><\/span><span class=\"wp-block-getwid-toggle__icon is-passive\"><i class=\"fas fa-minus\"><\/i><\/span><\/a><\/h5><\/div><div class=\"wp-block-getwid-toggle__content-wrapper\"><div class=\"wp-block-getwid-toggle__content\">\n<div class=\"wp-block-buttons is-layout-flex wp-block-buttons-is-layout-flex\">\n<div class=\"wp-block-button\"><a class=\"wp-block-button__link wp-element-button\" href=\"https:\/\/agora.xtec.cat\/iesagustiserra\/wp-content\/uploads\/usu1681\/2025\/04\/PRDS01_DOC_22-Impres_autoritzacio-a-tercers.pdf\" target=\"_blank\" rel=\"noreferrer noopener\">Autoritzaci\u00f3 a tercers<\/a><\/div>\n<\/div>\n<\/div><\/div><\/div>\n<\/div>\n","protected":false},"excerpt":{"rendered":"","protected":false},"author":1,"featured_media":0,"parent":81,"menu_order":40,"comment_status":"closed","ping_status":"closed","template":"","meta":{"site-sidebar-layout":"default","site-content-layout":"","ast-site-content-layout":"default","site-content-style":"default","site-sidebar-style":"default","ast-global-header-display":"","ast-banner-title-visibility":"","ast-main-header-display":"","ast-hfb-above-header-display":"","ast-hfb-below-header-display":"","ast-hfb-mobile-header-display":"","site-post-title":"","ast-breadcrumbs-content":"","ast-featured-img":"","footer-sml-layout":"","theme-transparent-header-meta":"","adv-header-id-meta":"","stick-header-meta":"","header-above-stick-meta":"","header-main-stick-meta":"","header-below-stick-meta":"","astra-migrate-meta-layouts":"set","ast-page-background-enabled":"default","ast-page-background-meta":{"desktop":{"background-color":"var(--ast-global-color-4)","background-image":"","background-repeat":"repeat","background-position":"center center","background-size":"auto","background-attachment":"scroll","background-type":"","background-media":"","overlay-type":"","overlay-color":"","overlay-opacity":"","overlay-gradient":""},"tablet":{"background-color":"","background-image":"","background-repeat":"repeat","background-position":"center center","background-size":"auto","background-attachment":"scroll","background-type":"","background-media":"","overlay-type":"","overlay-color":"","overlay-opacity":"","overlay-gradient":""},"mobile":{"background-color":"","background-image":"","background-repeat":"repeat","background-position":"center center","background-size":"auto","background-attachment":"scroll","background-type":"","background-media":"","overlay-type":"","overlay-color":"","overlay-opacity":"","overlay-gradient":""}},"ast-content-background-meta":{"desktop":{"background-color":"var(--ast-global-color-5)","background-image":"","background-repeat":"repeat","background-position":"center center","background-size":"auto","background-attachment":"scroll","background-type":"","background-media":"","overlay-type":"","overlay-color":"","overlay-opacity":"","overlay-gradient":""},"tablet":{"background-color":"var(--ast-global-color-5)","background-image":"","background-repeat":"repeat","background-position":"center center","background-size":"auto","background-attachment":"scroll","background-type":"","background-media":"","overlay-type":"","overlay-color":"","overlay-opacity":"","overlay-gradient":""},"mobile":{"background-color":"var(--ast-global-color-5)","background-image":"","background-repeat":"repeat","background-position":"center center","background-size":"auto","background-attachment":"scroll","background-type":"","background-media":"","overlay-type":"","overlay-color":"","overlay-opacity":"","overlay-gradient":""}},"footnotes":""},"class_list":["post-3555","page","type-page","status-publish","hentry"],"post_mailing_queue_ids":[],"_links":{"self":[{"href":"https:\/\/agora.xtec.cat\/iesagustiserra\/wp-json\/wp\/v2\/pages\/3555","targetHints":{"allow":["GET"]}}],"collection":[{"href":"https:\/\/agora.xtec.cat\/iesagustiserra\/wp-json\/wp\/v2\/pages"}],"about":[{"href":"https:\/\/agora.xtec.cat\/iesagustiserra\/wp-json\/wp\/v2\/types\/page"}],"author":[{"embeddable":true,"href":"https:\/\/agora.xtec.cat\/iesagustiserra\/wp-json\/wp\/v2\/users\/1"}],"replies":[{"embeddable":true,"href":"https:\/\/agora.xtec.cat\/iesagustiserra\/wp-json\/wp\/v2\/comments?post=3555"}],"version-history":[{"count":6,"href":"https:\/\/agora.xtec.cat\/iesagustiserra\/wp-json\/wp\/v2\/pages\/3555\/revisions"}],"predecessor-version":[{"id":38806,"href":"https:\/\/agora.xtec.cat\/iesagustiserra\/wp-json\/wp\/v2\/pages\/3555\/revisions\/38806"}],"up":[{"embeddable":true,"href":"https:\/\/agora.xtec.cat\/iesagustiserra\/wp-json\/wp\/v2\/pages\/81"}],"wp:attachment":[{"href":"https:\/\/agora.xtec.cat\/iesagustiserra\/wp-json\/wp\/v2\/media?parent=3555"}],"curies":[{"name":"wp","href":"https:\/\/api.w.org\/{rel}","templated":true}]}}