{"id":33878,"date":"2025-05-21T09:21:38","date_gmt":"2025-05-21T07:21:38","guid":{"rendered":"https:\/\/agora.xtec.cat\/iesagustiserra\/?page_id=33878"},"modified":"2025-05-21T09:24:04","modified_gmt":"2025-05-21T07:24:04","slug":"equip-pla-educatiu-dentorn-pee-servei-deducacio-ajuntament-de-sabadell","status":"publish","type":"page","link":"https:\/\/agora.xtec.cat\/iesagustiserra\/equip-pla-educatiu-dentorn-pee-servei-deducacio-ajuntament-de-sabadell\/","title":{"rendered":"Equip Pla Educatiu d\u2019Entorn (PEE)\u00a0&#8211;\u00a0Servei d\u2019Educaci\u00f3 Ajuntament de Sabadell"},"content":{"rendered":"\n<figure class=\"wp-block-image aligncenter size-large is-resized\"><a href=\"https:\/\/agora.xtec.cat\/iesagustiserra\/wp-content\/uploads\/usu1681\/2025\/05\/DifusioPREPARAT-LES-PAU.jpg\"><img loading=\"lazy\" decoding=\"async\" width=\"724\" height=\"1024\" src=\"https:\/\/agora.xtec.cat\/iesagustiserra\/wp-content\/uploads\/usu1681\/2025\/05\/DifusioPREPARAT-LES-PAU-724x1024.jpg\" alt=\"\" class=\"wp-image-33885\" style=\"width:322px;height:auto\" srcset=\"https:\/\/agora.xtec.cat\/iesagustiserra\/wp-content\/uploads\/usu1681\/2025\/05\/DifusioPREPARAT-LES-PAU-724x1024.jpg 724w, https:\/\/agora.xtec.cat\/iesagustiserra\/wp-content\/uploads\/usu1681\/2025\/05\/DifusioPREPARAT-LES-PAU-424x600.jpg 424w, https:\/\/agora.xtec.cat\/iesagustiserra\/wp-content\/uploads\/usu1681\/2025\/05\/DifusioPREPARAT-LES-PAU-768x1086.jpg 768w, https:\/\/agora.xtec.cat\/iesagustiserra\/wp-content\/uploads\/usu1681\/2025\/05\/DifusioPREPARAT-LES-PAU-1086x1536.jpg 1086w, https:\/\/agora.xtec.cat\/iesagustiserra\/wp-content\/uploads\/usu1681\/2025\/05\/DifusioPREPARAT-LES-PAU.jpg 1200w\" sizes=\"auto, (max-width: 724px) 100vw, 724px\" \/><\/a><\/figure>\n\n\n\n<p>Des del Pla Educatiu d\u2019Entorn de Sabadell i en col\u00b7laboraci\u00f3 amb les Biblioteques Municipals de Sabadell, el pr\u00f2xim dilluns 19 de maig engeguem el servei \u201cPrepara\u2019t les PAU\u201d a quatre punts de la ciutat.<\/p>\n\n\n\n<p>Es tracta d\u2019espais on l\u2019alumnat que prepara les PAU podr\u00e0 organitzar-se l\u2019estudi i resoldre dubtes al seu ritme, gr\u00e0cies al suport de professorat especialitzat; cada un dels espais estar\u00e0 dinamitzat per un especialista en l\u2019\u00e0mbit cient\u00edfic i un altre en l\u2019\u00e0mbit ling\u00fc\u00edstic \/ human\u00edstic.<\/p>\n\n\n\n<p>Podreu trobar el servei en els seg\u00fcents espais:<\/p>\n\n\n\n<ul class=\"wp-block-list\">\n<li>BIBLIOTECA DEL NORD \n<ul class=\"wp-block-list\">\n<li>Dilluns i dimecres de 16:30 h a 18:30 h<\/li>\n<\/ul>\n<\/li>\n<\/ul>\n\n\n\n<ul class=\"wp-block-list\">\n<li>BIBLIOTECA DEL SUD \n<ul class=\"wp-block-list\">\n<li>Dilluns i dimecres de 16:30 h a 18:30 h<\/li>\n<\/ul>\n<\/li>\n<\/ul>\n\n\n\n<ul class=\"wp-block-list\">\n<li>BIBLIOTECA DE PONENT \n<ul class=\"wp-block-list\">\n<li>Dimarts i dijous de 16:00 h a 18:00 h<\/li>\n<\/ul>\n<\/li>\n<\/ul>\n\n\n\n<ul class=\"wp-block-list\">\n<li><strong>INSTITUT AGUST\u00cd I SERRA<\/strong>\n<ul class=\"wp-block-list\">\n<li><strong>Dimarts i dijous de 16:30 h a 18:30 h<\/strong><\/li>\n<\/ul>\n<\/li>\n<\/ul>\n\n\n\n<p>Els espais estaran oberts fins al dia 11 de juny.<\/p>\n","protected":false},"excerpt":{"rendered":"<p>Des del Pla Educatiu d\u2019Entorn de Sabadell i en col\u00b7laboraci\u00f3 amb les Biblioteques Municipals de Sabadell, el pr\u00f2xim dilluns 19 [&hellip;]<\/p>\n","protected":false},"author":1,"featured_media":0,"parent":0,"menu_order":0,"comment_status":"closed","ping_status":"close","template":"","meta":{"site-sidebar-layout":"no-sidebar","site-content-layout":"","ast-site-content-layout":"normal-width-container","site-content-style":"default","site-sidebar-style":"default","ast-global-header-display":"","ast-banner-title-visibility":"","ast-main-header-display":"","ast-hfb-above-header-display":"","ast-hfb-below-header-display":"","ast-hfb-mobile-header-display":"","site-post-title":"","ast-breadcrumbs-content":"","ast-featured-img":"","footer-sml-layout":"","theme-transparent-header-meta":"","adv-header-id-meta":"","stick-header-meta":"","header-above-stick-meta":"","header-main-stick-meta":"","header-below-stick-meta":"","astra-migrate-meta-layouts":"set","ast-page-background-enabled":"default","ast-page-background-meta":{"desktop":{"background-color":"var(--ast-global-color-4)","background-image":"","background-repeat":"repeat","background-position":"center center","background-size":"auto","background-attachment":"scroll","background-type":"","background-media":"","overlay-type":"","overlay-color":"","overlay-opacity":"","overlay-gradient":""},"tablet":{"background-color":"","background-image":"","background-repeat":"repeat","background-position":"center center","background-size":"auto","background-attachment":"scroll","background-type":"","background-media":"","overlay-type":"","overlay-color":"","overlay-opacity":"","overlay-gradient":""},"mobile":{"background-color":"","background-image":"","background-repeat":"repeat","background-position":"center center","background-size":"auto","background-attachment":"scroll","background-type":"","background-media":"","overlay-type":"","overlay-color":"","overlay-opacity":"","overlay-gradient":""}},"ast-content-background-meta":{"desktop":{"background-color":"var(--ast-global-color-5)","background-image":"","background-repeat":"repeat","background-position":"center center","background-size":"auto","background-attachment":"scroll","background-type":"","background-media":"","overlay-type":"","overlay-color":"","overlay-opacity":"","overlay-gradient":""},"tablet":{"background-color":"var(--ast-global-color-5)","background-image":"","background-repeat":"repeat","background-position":"center center","background-size":"auto","background-attachment":"scroll","background-type":"","background-media":"","overlay-type":"","overlay-color":"","overlay-opacity":"","overlay-gradient":""},"mobile":{"background-color":"var(--ast-global-color-5)","background-image":"","background-repeat":"repeat","background-position":"center center","background-size":"auto","background-attachment":"scroll","background-type":"","background-media":"","overlay-type":"","overlay-color":"","overlay-opacity":"","overlay-gradient":""}},"footnotes":""},"class_list":["post-33878","page","type-page","status-publish","hentry"],"post_mailing_queue_ids":[],"_links":{"self":[{"href":"https:\/\/agora.xtec.cat\/iesagustiserra\/wp-json\/wp\/v2\/pages\/33878","targetHints":{"allow":["GET"]}}],"collection":[{"href":"https:\/\/agora.xtec.cat\/iesagustiserra\/wp-json\/wp\/v2\/pages"}],"about":[{"href":"https:\/\/agora.xtec.cat\/iesagustiserra\/wp-json\/wp\/v2\/types\/page"}],"author":[{"embeddable":true,"href":"https:\/\/agora.xtec.cat\/iesagustiserra\/wp-json\/wp\/v2\/users\/1"}],"replies":[{"embeddable":true,"href":"https:\/\/agora.xtec.cat\/iesagustiserra\/wp-json\/wp\/v2\/comments?post=33878"}],"version-history":[{"count":6,"href":"https:\/\/agora.xtec.cat\/iesagustiserra\/wp-json\/wp\/v2\/pages\/33878\/revisions"}],"predecessor-version":[{"id":33888,"href":"https:\/\/agora.xtec.cat\/iesagustiserra\/wp-json\/wp\/v2\/pages\/33878\/revisions\/33888"}],"wp:attachment":[{"href":"https:\/\/agora.xtec.cat\/iesagustiserra\/wp-json\/wp\/v2\/media?parent=33878"}],"curies":[{"name":"wp","href":"https:\/\/api.w.org\/{rel}","templated":true}]}}