{"id":31223,"date":"2025-02-17T10:01:57","date_gmt":"2025-02-17T09:01:57","guid":{"rendered":"https:\/\/agora.xtec.cat\/iesagustiserra\/?page_id=31223"},"modified":"2025-02-17T10:03:06","modified_gmt":"2025-02-17T09:03:06","slug":"mediacio","status":"publish","type":"page","link":"https:\/\/agora.xtec.cat\/iesagustiserra\/serveis\/mediacio\/","title":{"rendered":"Mediaci\u00f3"},"content":{"rendered":"\n<h3 class=\"wp-block-heading\">Servei de mediaci\u00f3<\/h3>\n\n\n\n<p>El servei de mediaci\u00f3 escolar suposa una acci\u00f3 educativa i preventiva davant dels conflictes que s\u2019originen i\/o es manifesten en l\u2019\u00e0mbit escolar. S\u2019ofereix a tots els membres de la comunitat educativa.<\/p>\n\n\n\n<p>\u00c9s un proc\u00e9s en el qual la persona mediadora actua facilitant un espai de trobada perqu\u00e8 les persones en conflicte puguin buscar conjuntament una soluci\u00f3.<\/p>\n\n\n\n<p>Els mediadors s\u00f3n alumnes formats en les hores d\u2019alternativa de 3r d\u2019ESO i que han manifestat el seu inter\u00e9s en participar volunt\u00e0riament en aquesta tasca.<\/p>\n\n\n\n<p>Cada any participem en la Trobada de Joves Mediadors dels instituts de Sabadell, a les depend\u00e8ncies del Casal Pere IV. En aquest espai es propicia la relaci\u00f3 amb altres companys mediadors, aix\u00ed com tamb\u00e9 l\u2019intercanvi d\u2019experi\u00e8ncies, mitjan\u00e7ant activitats molt engrescadores.<\/p>\n\n\n\n<p>Tamb\u00e9 participem en l\u2019experi\u00e8ncia promoguda per Sabadell Mediaci\u00f3 de l\u2019Ajuntament de Sabadell. Aquest taller est\u00e0 pensat com un espai de treball en el qual els alumnes mediadors experimenten i reflexionen al voltant de la pr\u00e0ctica de la mediaci\u00f3 a trav\u00e9s de din\u00e0miques de grup. En la mesura del possible, els alumnes tindran l\u2019opci\u00f3 de participar d\u2019observadors en mediacions reals de Sabadell Mediaci\u00f3.<\/p>\n\n\n\n<h3 class=\"wp-block-heading\">L&#8217;Institut Agust\u00ed Serra i Fontanet, incl\u00f2s al mapa de centres mediadors.<\/h3>\n\n\n\n<p>Podeu consultar altres centres mediadors clicant en aquest <a href=\"http:\/\/xtec.gencat.cat\/ca\/centres\/projeducatiu\/convivencia\/xarxa\/mapa\/\">enlla\u00e7<\/a>.<\/p>\n\n\n\n<figure class=\"wp-block-image aligncenter\"><a href=\"https:\/\/agora.xtec.cat\/iesagustiserra\/wp-content\/uploads\/usu1681\/2020\/02\/Mediaci\u00f31.jpg\"><img loading=\"lazy\" decoding=\"async\" width=\"1124\" height=\"792\" src=\"https:\/\/agora.xtec.cat\/iesagustiserra\/wp-content\/uploads\/usu1681\/2020\/02\/Mediaci\u00f31.jpg\" alt=\"Institut Agust\u00ed Serra, Mediaci\u00f3\" class=\"wp-image-2317\" srcset=\"https:\/\/agora.xtec.cat\/iesagustiserra\/wp-content\/uploads\/usu1681\/2020\/02\/Mediaci\u00f31.jpg 1124w, https:\/\/agora.xtec.cat\/iesagustiserra\/wp-content\/uploads\/usu1681\/2020\/02\/Mediaci\u00f31-300x211.jpg 300w, https:\/\/agora.xtec.cat\/iesagustiserra\/wp-content\/uploads\/usu1681\/2020\/02\/Mediaci\u00f31-768x541.jpg 768w, https:\/\/agora.xtec.cat\/iesagustiserra\/wp-content\/uploads\/usu1681\/2020\/02\/Mediaci\u00f31-1024x722.jpg 1024w\" sizes=\"auto, (max-width: 1124px) 100vw, 1124px\" \/><\/a><\/figure>\n\n\n\n<figure class=\"wp-block-image aligncenter\"><a href=\"https:\/\/agora.xtec.cat\/iesagustiserra\/wp-content\/uploads\/usu1681\/2020\/02\/Mediaci\u00f32.jpg\"><img loading=\"lazy\" decoding=\"async\" width=\"1123\" height=\"793\" src=\"https:\/\/agora.xtec.cat\/iesagustiserra\/wp-content\/uploads\/usu1681\/2020\/02\/Mediaci\u00f32.jpg\" alt=\"\" class=\"wp-image-2318\" srcset=\"https:\/\/agora.xtec.cat\/iesagustiserra\/wp-content\/uploads\/usu1681\/2020\/02\/Mediaci\u00f32.jpg 1123w, https:\/\/agora.xtec.cat\/iesagustiserra\/wp-content\/uploads\/usu1681\/2020\/02\/Mediaci\u00f32-300x212.jpg 300w, https:\/\/agora.xtec.cat\/iesagustiserra\/wp-content\/uploads\/usu1681\/2020\/02\/Mediaci\u00f32-768x542.jpg 768w, https:\/\/agora.xtec.cat\/iesagustiserra\/wp-content\/uploads\/usu1681\/2020\/02\/Mediaci\u00f32-1024x723.jpg 1024w\" sizes=\"auto, (max-width: 1123px) 100vw, 1123px\" \/><\/a><\/figure>\n","protected":false},"excerpt":{"rendered":"<p>Servei de mediaci\u00f3 El servei de mediaci\u00f3 escolar suposa una acci\u00f3 educativa i preventiva davant dels conflictes que s\u2019originen i\/o [&hellip;]<\/p>\n","protected":false},"author":1,"featured_media":0,"parent":63,"menu_order":42,"comment_status":"closed","ping_status":"close","template":"","meta":{"site-sidebar-layout":"default","site-content-layout":"","ast-site-content-layout":"default","site-content-style":"default","site-sidebar-style":"default","ast-global-header-display":"","ast-banner-title-visibility":"","ast-main-header-display":"","ast-hfb-above-header-display":"","ast-hfb-below-header-display":"","ast-hfb-mobile-header-display":"","site-post-title":"","ast-breadcrumbs-content":"","ast-featured-img":"","footer-sml-layout":"","theme-transparent-header-meta":"","adv-header-id-meta":"","stick-header-meta":"","header-above-stick-meta":"","header-main-stick-meta":"","header-below-stick-meta":"","astra-migrate-meta-layouts":"set","ast-page-background-enabled":"default","ast-page-background-meta":{"desktop":{"background-color":"var(--ast-global-color-4)","background-image":"","background-repeat":"repeat","background-position":"center center","background-size":"auto","background-attachment":"scroll","background-type":"","background-media":"","overlay-type":"","overlay-color":"","overlay-opacity":"","overlay-gradient":""},"tablet":{"background-color":"","background-image":"","background-repeat":"repeat","background-position":"center center","background-size":"auto","background-attachment":"scroll","background-type":"","background-media":"","overlay-type":"","overlay-color":"","overlay-opacity":"","overlay-gradient":""},"mobile":{"background-color":"","background-image":"","background-repeat":"repeat","background-position":"center center","background-size":"auto","background-attachment":"scroll","background-type":"","background-media":"","overlay-type":"","overlay-color":"","overlay-opacity":"","overlay-gradient":""}},"ast-content-background-meta":{"desktop":{"background-color":"var(--ast-global-color-5)","background-image":"","background-repeat":"repeat","background-position":"center center","background-size":"auto","background-attachment":"scroll","background-type":"","background-media":"","overlay-type":"","overlay-color":"","overlay-opacity":"","overlay-gradient":""},"tablet":{"background-color":"var(--ast-global-color-5)","background-image":"","background-repeat":"repeat","background-position":"center center","background-size":"auto","background-attachment":"scroll","background-type":"","background-media":"","overlay-type":"","overlay-color":"","overlay-opacity":"","overlay-gradient":""},"mobile":{"background-color":"var(--ast-global-color-5)","background-image":"","background-repeat":"repeat","background-position":"center center","background-size":"auto","background-attachment":"scroll","background-type":"","background-media":"","overlay-type":"","overlay-color":"","overlay-opacity":"","overlay-gradient":""}},"footnotes":""},"class_list":["post-31223","page","type-page","status-publish","hentry"],"post_mailing_queue_ids":[],"_links":{"self":[{"href":"https:\/\/agora.xtec.cat\/iesagustiserra\/wp-json\/wp\/v2\/pages\/31223","targetHints":{"allow":["GET"]}}],"collection":[{"href":"https:\/\/agora.xtec.cat\/iesagustiserra\/wp-json\/wp\/v2\/pages"}],"about":[{"href":"https:\/\/agora.xtec.cat\/iesagustiserra\/wp-json\/wp\/v2\/types\/page"}],"author":[{"embeddable":true,"href":"https:\/\/agora.xtec.cat\/iesagustiserra\/wp-json\/wp\/v2\/users\/1"}],"replies":[{"embeddable":true,"href":"https:\/\/agora.xtec.cat\/iesagustiserra\/wp-json\/wp\/v2\/comments?post=31223"}],"version-history":[{"count":1,"href":"https:\/\/agora.xtec.cat\/iesagustiserra\/wp-json\/wp\/v2\/pages\/31223\/revisions"}],"predecessor-version":[{"id":31224,"href":"https:\/\/agora.xtec.cat\/iesagustiserra\/wp-json\/wp\/v2\/pages\/31223\/revisions\/31224"}],"up":[{"embeddable":true,"href":"https:\/\/agora.xtec.cat\/iesagustiserra\/wp-json\/wp\/v2\/pages\/63"}],"wp:attachment":[{"href":"https:\/\/agora.xtec.cat\/iesagustiserra\/wp-json\/wp\/v2\/media?parent=31223"}],"curies":[{"name":"wp","href":"https:\/\/api.w.org\/{rel}","templated":true}]}}