{"id":30764,"date":"2025-02-06T09:12:03","date_gmt":"2025-02-06T08:12:03","guid":{"rendered":"https:\/\/agora.xtec.cat\/iesagustiserra\/?page_id=30764"},"modified":"2026-02-23T00:06:11","modified_gmt":"2026-02-22T23:06:11","slug":"acords","status":"publish","type":"page","link":"https:\/\/agora.xtec.cat\/iesagustiserra\/linstitut\/acords\/","title":{"rendered":"Acords"},"content":{"rendered":"\n<h5 class=\"wp-block-heading\"><strong>Acta de Reuni\u00f3 Consell Escolar extraordinari n\u00fam. 321 de 29 de gener de 2026<\/strong><\/h5>\n\n\n\n<p><strong>Acords<\/strong><\/p>\n\n\n\n<ol class=\"wp-block-list\">\n<li>Aprovaci\u00f3 del pressupost de l\u2019exercici 2026<\/li>\n<\/ol>\n\n\n\n<p><\/p>\n\n\n\n<h5 class=\"wp-block-heading\"><strong>Acta de Reuni\u00f3 Consell Escolar ordinari n\u00fam. 320 de 29 de gener de 2026<\/strong><\/h5>\n\n\n\n<p><strong>Acords<\/strong><\/p>\n\n\n\n<ol class=\"wp-block-list\">\n<li>Aprovaci\u00f3 de les sortides de l&#8217;alumnat dins la jornada cient\u00edfico-tecnol\u00f2gica<\/li>\n\n\n\n<li>Aprovaci\u00f3 de la participaci\u00f3 de l&#8217;alumnat del centre en els tallers de refor\u00e7 organitzats pel PEE de l&#8217;Ajuntament de Sabadell<\/li>\n<\/ol>\n\n\n\n<p><\/p>\n\n\n\n<h5 class=\"wp-block-heading\"><strong>Acta de Reuni\u00f3 Consell Escolar extraordinari n\u00fam. 319 de 27 de novembre de 2025<\/strong><\/h5>\n\n\n\n<p><strong>Acords<\/strong><\/p>\n\n\n\n<ol class=\"wp-block-list\">\n<li>Aprovaci\u00f3 del PEM<\/li>\n\n\n\n<li>Aprovaci\u00f3 de la PGA<\/li>\n\n\n\n<li>Es comunica als membres del Consell Escolar el cofinan\u00e7ament per part de la Uni\u00f3 Europea pel programa d&#8217;Orientaci\u00f3 educativa en centres d&#8217;FP durant el curs 2025\/2026 en el marc del Programa del Fons Social Europeu Plus de Catalunya de 2021-2027<\/li>\n\n\n\n<li>Aprovaci\u00f3 de votacions telem\u00e0tiques al Consell Escolar Municipal<\/li>\n<\/ol>\n\n\n\n<p><\/p>\n\n\n\n<h5 class=\"wp-block-heading\"><strong>Acta de Reuni\u00f3 Consell Escolar extraordinari n\u00fam. 318 de 27 de novembre de 2025<\/strong><\/h5>\n\n\n\n<p><strong>Acords<\/strong><\/p>\n\n\n\n<ol class=\"wp-block-list\">\n<li>Constituci\u00f3 del Consell Escolar per als propers dos anys<\/li>\n<\/ol>\n\n\n\n<p><\/p>\n\n\n\n<h5 class=\"wp-block-heading\"><strong>Acta de Reuni\u00f3 Consell Escolar n\u00fam. 317 de 30 d<\/strong>&#8216;octu<strong>bre de 2025<\/strong><\/h5>\n\n\n\n<p><strong>Acords<\/strong><\/p>\n\n\n\n<ol class=\"wp-block-list\">\n<li>Aprovaci\u00f3 de les concrecions de les NOFC<\/li>\n\n\n\n<li>Aprovaci\u00f3 de la participaci\u00f3 de l&#8217;alumnat en el Projecte Est\u00edmul<\/li>\n\n\n\n<li>Aprovaci\u00f3 de participaci\u00f3 de l&#8217;alumnat en el Campus \u00cdtaca<\/li>\n\n\n\n<li>Aprovaci\u00f3 del desenvolupament de totes aquelles accions i activitats que es proposin des del PEE i coincideixin amb els objectius del PGA en el nostre centre ja sigui en horari lectiu com extraescolar<\/li>\n\n\n\n<li>Aprovaci\u00f3 de les modificacions del Pla d&#8217;Emerg\u00e8ncia<\/li>\n<\/ol>\n\n\n\n<p><\/p>\n\n\n\n<h5 class=\"wp-block-heading\"><strong>Acta de Reuni\u00f3 Consell Escolar n\u00fam. 316 de 10 de setembre de 2025<\/strong><\/h5>\n\n\n\n<p><strong>Acords<\/strong><\/p>\n\n\n\n<ol class=\"wp-block-list\">\n<li>Aprovaci\u00f3 dels criteris d&#8217;elaboraci\u00f3 d&#8217;horaris<\/li>\n\n\n\n<li>\u00a0Aprovaci\u00f3 del calendari d&#8217;activitats del curs<\/li>\n\n\n\n<li>Aprovaci\u00f3 de les sortides i activitats organitzades per a l&#8217;alumnat<\/li>\n<\/ol>\n\n\n\n<p><\/p>\n\n\n\n<h5 class=\"wp-block-heading\"><strong>Acta de Reuni\u00f3 Consell Escolar n\u00fam. 315 de 30 de juny de 2025<\/strong><\/h5>\n\n\n\n<p><strong>Acords<\/strong><\/p>\n\n\n\n<ol class=\"wp-block-list\">\n<li>Aprovaci\u00f3 de les modificacions del PEC<\/li>\n\n\n\n<li>\u00a0Aprovaci\u00f3 dels criteris d&#8217;elaboraci\u00f3 dels horaris del curs 2025-2026<\/li>\n\n\n\n<li>Aprovaci\u00f3 del calendari del curs 2025-2026 i els dies de lliure disposici\u00f3<\/li>\n<\/ol>\n\n\n\n<p><\/p>\n\n\n\n<h5 class=\"wp-block-heading\"><strong>Acta de Reuni\u00f3 Consell Escolar extraordinari n\u00fam. 314 de 6 de mar\u00e7 de 2025<\/strong><\/h5>\n\n\n\n<p><strong>Acords<\/strong><\/p>\n\n\n\n<ol class=\"wp-block-list\">\n<li>Aprovaci\u00f3 de la liquidaci\u00f3 de l&#8217;exercici 2024<\/li>\n<\/ol>\n\n\n\n<p><\/p>\n\n\n\n<h5 class=\"wp-block-heading\"><strong>Acta de Reuni\u00f3 Consell Escolar extraordinari n\u00fam. 313 de 30 de gener de 2025<\/strong><\/h5>\n\n\n\n<p><strong>Acords<\/strong><\/p>\n\n\n\n<ol class=\"wp-block-list\">\n<li>Aprovaci\u00f3 del pressupost de l\u2019exercici 2025<\/li>\n<\/ol>\n\n\n\n<p><\/p>\n\n\n\n<h5 class=\"wp-block-heading\"><strong>Acta de Reuni\u00f3 Consell Escolar n\u00fam. 312 de 30 de gener de 2025<\/strong><\/h5>\n\n\n\n<p><strong>Acords<\/strong><\/p>\n\n\n\n<ol class=\"wp-block-list\">\n<li>Aprovaci\u00f3 de la nova versi\u00f3 del PEC<\/li>\n<\/ol>\n\n\n\n<p><\/p>\n\n\n\n<h5 class=\"wp-block-heading\"><strong>Acta de Reuni\u00f3 Consell Escolar extraordinari n\u00fam. 311 de 24 d\u2019octubre de 2024<\/strong><\/h5>\n\n\n\n<p><strong>Acords<\/strong><\/p>\n\n\n\n<ol class=\"wp-block-list\">\n<li>Aprovaci\u00f3 de l\u2019actualitzaci\u00f3 del PLC del centre<\/li>\n\n\n\n<li>Aprovaci\u00f3 de l\u2019actualitzaci\u00f3 de les NOFC<\/li>\n\n\n\n<li>Aprovaci\u00f3 donacions immobilitzat &nbsp;i material alumnat d\u2019arts gr\u00e0fiques<\/li>\n<\/ol>\n\n\n\n<p><\/p>\n\n\n\n<h5 class=\"wp-block-heading\"><strong>Acta de Reuni\u00f3 Consell Escolar n\u00fam. 310 de 12 setembre de 2024<\/strong><\/h5>\n\n\n\n<p><strong>Acords<\/strong><\/p>\n\n\n\n<ol class=\"wp-block-list\">\n<li>Aprovaci\u00f3 dels criteris d\u2019elaboraci\u00f3 d\u2019horaris<\/li>\n\n\n\n<li>Aprovaci\u00f3 del calendari d\u2019activitats del curs<\/li>\n\n\n\n<li>Aprovaci\u00f3 de les sortides i activitats organitzades per a l\u2019alumnat<\/li>\n\n\n\n<li>Aprovaci\u00f3 de la participaci\u00f3 de l\u2019alumnat en el Campus \u00cdtaca<\/li>\n<\/ol>\n\n\n\n<p><\/p>\n\n\n\n<h5 class=\"wp-block-heading\"><strong>Acta de Reuni\u00f3 Consell Escolar n\u00fam. 309 de 4 de juliol de 2024<\/strong><\/h5>\n\n\n\n<p><strong>Acords<\/strong><\/p>\n\n\n\n<ol class=\"wp-block-list\">\n<li>Aprovaci\u00f3 dels criteris d\u2019elaboraci\u00f3 dels horaris del curs 2024-2025<\/li>\n\n\n\n<li>Aprovaci\u00f3 del calendari del curs 2024-25 i els dies de lliure disposici\u00f3<\/li>\n<\/ol>\n\n\n\n<p><\/p>\n\n\n\n<h5 class=\"wp-block-heading\"><strong>Acta de Reuni\u00f3 Consell Escolar extraordinari n\u00fam. 308 de 19 de juny de 2024<\/strong><\/h5>\n\n\n\n<p><strong>Acords<\/strong><\/p>\n\n\n\n<ol class=\"wp-block-list\">\n<li>Aprovaci\u00f3 del comprom\u00eds en el programa PMOE-PROA+ dels cursos 2024-2025 a 2027-2028<\/li>\n<\/ol>\n\n\n\n<p><\/p>\n\n\n\n<h5 class=\"wp-block-heading\"><strong>Acta de Reuni\u00f3 Consell Escolar extraordinari n\u00fam. 307 de 14 de mar\u00e7 de 2024<\/strong><\/h5>\n\n\n\n<p><strong>Acords<\/strong><\/p>\n\n\n\n<ol class=\"wp-block-list\">\n<li>Aprovaci\u00f3 de la liquidaci\u00f3 de l&#8217;exercici 2023<\/li>\n<\/ol>\n\n\n\n<p><\/p>\n\n\n\n<h5 class=\"wp-block-heading\"><strong>Acta de Reuni\u00f3 Consell Escolar extraordinari n\u00fam. 306 d\u20191 de febrer de 2024<\/strong><\/h5>\n\n\n\n<p><strong>Acords<\/strong><\/p>\n\n\n\n<ol class=\"wp-block-list\">\n<li>Aprovaci\u00f3 del pressupost de l\u2019exercici 2024<\/li>\n<\/ol>\n\n\n\n<p><\/p>\n\n\n\n<h5 class=\"wp-block-heading\"><strong>Acta de Reuni\u00f3 Consell Escolar n\u00fam. 305 d\u20191 de febrer de 2024<\/strong><\/h5>\n\n\n\n<p><strong>Acords<\/strong><\/p>\n\n\n\n<ol class=\"wp-block-list\">\n<li>Aprovaci\u00f3 del document NOFC. Versi\u00f3 0<\/li>\n\n\n\n<li>Aprovaci\u00f3 de les sortides del Programa Ciutat i Escola<\/li>\n<\/ol>\n\n\n\n<p><\/p>\n\n\n\n<h5 class=\"wp-block-heading\"><strong>Acta de constituci\u00f3 del Consell Escolar n\u00fam. 304 de 14 de desembre de 2023<\/strong><\/h5>\n\n\n\n<p><strong>Eleccions renovaci\u00f3 membres Consell Escolar 2023\/2024<\/strong><\/p>\n\n\n\n<p><strong>Resultat eleccions representants estudiants<\/strong><\/p>\n\n\n\n<ul class=\"wp-block-list\">\n<li>Yasmina Asttaf<\/li>\n\n\n\n<li>Yassmine El Krati<\/li>\n<\/ul>\n\n\n\n<p><strong>Resultat eleccions representants professorat<\/strong><\/p>\n\n\n\n<ul class=\"wp-block-list\">\n<li>Guisela Gonz\u00e1lez<\/li>\n\n\n\n<li>N\u00faria Pocino<\/li>\n\n\n\n<li>Alberto Jim\u00e9nez<\/li>\n\n\n\n<li>Gemma Moreno<\/li>\n\n\n\n<li>Genoveva Sousa<\/li>\n\n\n\n<li>Kira Josende<\/li>\n<\/ul>\n\n\n\n<p><strong>Resultat eleccions representants fam\u00edlies<\/strong><\/p>\n\n\n\n<ul class=\"wp-block-list\">\n<li>M\u00aa del Mar Br\u00edgido <\/li>\n\n\n\n<li>Milagros L\u00e9rida <\/li>\n\n\n\n<li>Isabel Campillo<\/li>\n\n\n\n<li>Mekki Zekhnini<\/li>\n<\/ul>\n\n\n\n<p><\/p>\n\n\n\n<p><\/p>\n\n\n\n<h5 class=\"wp-block-heading\"><strong>Acta de Reuni\u00f3 Consell Escolar n\u00fam. 303 de 21 de setembre de 2023<\/strong><\/h5>\n\n\n\n<p><strong>Acords<\/strong><\/p>\n\n\n\n<ol class=\"wp-block-list\">\n<li>Aprovaci\u00f3 del calendari d\u2019activitats escolars<\/li>\n\n\n\n<li>Aprovaci\u00f3 dels horaris marc del curs 2023-2024<\/li>\n\n\n\n<li>Aprovaci\u00f3 de la participaci\u00f3 de l\u2019Institut en la xarxa d\u2019aules de capacitaci\u00f3 digital<\/li>\n\n\n\n<li>Aprovaci\u00f3 de la renovaci\u00f3 de la concessi\u00f3 de la cantina<\/li>\n<\/ol>\n\n\n\n<p><\/p>\n\n\n\n<p><\/p>\n\n\n\n<h5 class=\"wp-block-heading\"><strong>Acta de Reuni\u00f3 Consell Escolar n\u00fam. 302 de 4 de juliol de 2023<\/strong><\/h5>\n\n\n\n<p><strong>Acords<\/strong><\/p>\n\n\n\n<ol class=\"wp-block-list\">\n<li>Aprovaci\u00f3 dels criteris d&#8217;elaboraci\u00f3  d\u2019horaris<\/li>\n\n\n\n<li>Aprovaci\u00f3 del calendari de dies lliure disposici\u00f3<\/li>\n<\/ol>\n\n\n\n<p><\/p>\n\n\n\n<p><\/p>\n\n\n\n<h5 class=\"wp-block-heading\"><strong>Acta de Reuni\u00f3 Consell Escolar extraordinari n\u00fam. 301 de 27 d\u2019abril de 2023<\/strong><\/h5>\n\n\n\n<p><strong>Acords<\/strong><\/p>\n\n\n\n<ol class=\"wp-block-list\">\n<li>Aprovaci\u00f3 de la liquidaci\u00f3 de l&#8217;exercici 2022<\/li>\n<\/ol>\n\n\n\n<p><\/p>\n\n\n\n<p><\/p>\n\n\n\n<h5 class=\"wp-block-heading\"><strong>Acta de Reuni\u00f3 Consell Escolar n\u00fam. 300 de 27 d\u2019abril de 2023<\/strong><\/h5>\n\n\n\n<p><strong>Acords<\/strong><\/p>\n\n\n\n<ol class=\"wp-block-list\">\n<li>Aprovaci\u00f3 del PEC<\/li>\n<\/ol>\n\n\n\n<p><\/p>\n\n\n\n<p><\/p>\n\n\n\n<h5 class=\"wp-block-heading\"><strong>Acta de Reuni\u00f3 Consell Escolar extraordinari n\u00fam. 299 de 2 de febrer de 2023<\/strong><\/h5>\n\n\n\n<p><strong>Acords<\/strong><\/p>\n\n\n\n<ol class=\"wp-block-list\">\n<li>Aprovaci\u00f3 del pressupost de l&#8217;exercici 2023<\/li>\n<\/ol>\n\n\n\n<p><\/p>\n\n\n\n<p><\/p>\n\n\n\n<h5 class=\"wp-block-heading\"><strong>Acta de Reuni\u00f3 Consell Escolar n\u00fam. 298 de 2 de febrer de 2023<\/strong><\/h5>\n\n\n\n<p><strong>Acords<\/strong><\/p>\n\n\n\n<ol class=\"wp-block-list\">\n<li>Aprovaci\u00f3 acollida en pr\u00e0ctiques del m\u00e0ster del professorat a dos docents del centre, exclusiva i puntualment per necessitat<\/li>\n<\/ol>\n\n\n\n<p><\/p>\n\n\n\n<p><\/p>\n\n\n\n<h5 class=\"wp-block-heading\"><strong>Acta de Reuni\u00f3 Consell Escolar n\u00fam. 297 d\u20191 de desembre de 2022<\/strong><\/h5>\n\n\n\n<p><strong>Acords<\/strong><\/p>\n\n\n\n<ol class=\"wp-block-list\">\n<li>Aprovaci\u00f3 del Pla Estrat\u00e8gic de Millora (PEM)<\/li>\n<\/ol>\n\n\n\n<p><\/p>\n\n\n\n<p><\/p>\n\n\n\n<h5 class=\"wp-block-heading\">Acta <strong>de Reuni\u00f3 Consell Escolar n\u00fam. 296 de 15 de setembre de 2022<\/strong><\/h5>\n\n\n\n<p><strong>Acords<\/strong><\/p>\n\n\n\n<ol class=\"wp-block-list\">\n<li>Aprovaci\u00f3 dels horaris marc del curs 2022-2023<\/li>\n\n\n\n<li>Aprovaci\u00f3 del calendari d\u2019activitats escolars del curs<\/li>\n\n\n\n<li>Aprovaci\u00f3 de les sortides i activitats organitzades per a l\u2019alumnat<\/li>\n\n\n\n<li>Aprovaci\u00f3 de la participaci\u00f3 de l\u2019alumnat en el Campus \u00cdtaca<\/li>\n<\/ol>\n\n\n\n<p><\/p>\n\n\n\n<p><\/p>\n\n\n\n<h5 class=\"wp-block-heading\"><strong>Acta de Reuni\u00f3 Consell Escolar n\u00fam. 295 de 30 de juny de 2022<\/strong><\/h5>\n\n\n\n<p><strong>Acords<\/strong><\/p>\n\n\n\n<ol class=\"wp-block-list\">\n<li>Aprovaci\u00f3 del Pla de conviv\u00e8ncia<\/li>\n\n\n\n<li>Aprovaci\u00f3 dels criteris d&#8217;elaboraci\u00f3 d&#8217;horaris<\/li>\n<\/ol>\n\n\n\n<p><\/p>\n\n\n\n<p><\/p>\n\n\n\n<h5 class=\"wp-block-heading\"><strong>Acta de Reuni\u00f3 Consell Escolar extraordinari n\u00fam. 294 de 21 d\u2019abril de 2022<\/strong><\/h5>\n\n\n\n<p><strong>Acords<\/strong><\/p>\n\n\n\n<ol class=\"wp-block-list\">\n<li>Aprovaci\u00f3 de la liquidaci\u00f3 de l&#8217;exercici 2021<\/li>\n<\/ol>\n\n\n\n<p><\/p>\n\n\n\n<p><\/p>\n\n\n\n<h5 class=\"wp-block-heading\"><strong>Acta de Reuni\u00f3 Consell Escolar n\u00fam. 293 de 21 d\u2019abril de 2022<\/strong><\/h5>\n\n\n\n<p><strong>Acords<\/strong><\/p>\n\n\n\n<ol class=\"wp-block-list\">\n<li>Aprovaci\u00f3 del Pla de conviv\u00e8ncia<\/li>\n<\/ol>\n\n\n\n<p><\/p>\n\n\n\n<p><\/p>\n\n\n\n<h5 class=\"wp-block-heading\"><strong>Acta de Reuni\u00f3 Consell Escolar extraordinari n\u00fam. 292 de 3 de febrer de 2022<\/strong><\/h5>\n\n\n\n<p><strong>Acords<\/strong><\/p>\n\n\n\n<ol class=\"wp-block-list\">\n<li>Aprovaci\u00f3 del pressupost de l\u2019exercici 2022<\/li>\n<\/ol>\n\n\n\n<p><\/p>\n\n\n\n<p><\/p>\n\n\n\n<h5 class=\"wp-block-heading\"><strong>Acta de constituci\u00f3 del Consell Escolar n\u00fam. 291 de 20 de desembre de 2021<\/strong><\/h5>\n\n\n\n<p><strong>Eleccions renovaci\u00f3 membres Consell Escolar 2021\/2022<\/strong><\/p>\n\n\n\n<p><strong>Resultat eleccions representants estudiants<\/strong><strong><\/strong><\/p>\n\n\n\n<ul class=\"wp-block-list\">\n<li>Liang Rinc\u00f3n<\/li>\n\n\n\n<li>Yasmina Asttaf<\/li>\n\n\n\n<li>Maryam Dmiri<\/li>\n<\/ul>\n\n\n\n<p><strong>Resultat eleccions representants professorat<\/strong><\/p>\n\n\n\n<ul class=\"wp-block-list\">\n<li>Kira Josende<\/li>\n\n\n\n<li>Jacint Palau<\/li>\n\n\n\n<li>Rosa Maria Perarnau<\/li>\n\n\n\n<li>Javier M\u00e1rquez<\/li>\n<\/ul>\n\n\n\n<p><strong>Resultat eleccions representants PAS<\/strong><\/p>\n\n\n\n<ul class=\"wp-block-list\">\n<li>Pilar Salazar<\/li>\n<\/ul>\n\n\n\n<p><strong>Resultat eleccions representants fam\u00edlies<\/strong><\/p>\n\n\n\n<ul class=\"wp-block-list\">\n<li>Mekki Zekhnini<\/li>\n\n\n\n<li>Isabel Vargas<\/li>\n<\/ul>\n\n\n\n<p><\/p>\n\n\n\n<p><\/p>\n\n\n\n<h5 class=\"wp-block-heading\"><strong>Acta de Reuni\u00f3 Consell Escolar n\u00fam. 290 de 16 de setembre de 2021<\/strong><\/h5>\n\n\n\n<p><strong>Acords<\/strong><\/p>\n\n\n\n<ol class=\"wp-block-list\">\n<li>Aprovaci\u00f3 del calendari d\u2019activitats del curs<\/li>\n\n\n\n<li>Aprovaci\u00f3 de les sortides i activitats organitzades per a l\u2019alumnat<\/li>\n<\/ol>\n\n\n\n<p><\/p>\n\n\n\n<p><\/p>\n\n\n\n<h5 class=\"wp-block-heading\"><strong>Acta de Reuni\u00f3 Consell Escolar n\u00fam. 289 de 5 de juliol de 2021<\/strong><\/h5>\n\n\n\n<p><strong>Acords<\/strong><\/p>\n\n\n\n<ol class=\"wp-block-list\">\n<li>Aprovaci\u00f3 del calendari de dies festius i de lliure disposici\u00f3<\/li>\n<\/ol>\n\n\n\n<p><\/p>\n\n\n\n<p><\/p>\n\n\n\n<h5 class=\"wp-block-heading\"><strong>Acta de Reuni\u00f3 Consell Escolar extraordinari n\u00fam. 288 de 25 de mar\u00e7 de 2021<\/strong><\/h5>\n\n\n\n<p><strong>Acords<\/strong><\/p>\n\n\n\n<ol class=\"wp-block-list\">\n<li>Aprovaci\u00f3 de la liquidaci\u00f3 de l&#8217;exercici 2020<\/li>\n<\/ol>\n\n\n\n<p><\/p>\n\n\n\n<p><\/p>\n\n\n\n<h5 class=\"wp-block-heading\"><strong>Acta de Reuni\u00f3 Consell Escolar n\u00fam. 287 de 25 de mar\u00e7 de 2021<\/strong><\/h5>\n\n\n\n<p><strong>Acords<\/strong><\/p>\n\n\n\n<ol class=\"wp-block-list\">\n<li>Aprovaci\u00f3 de dues sortides fora de l\u2019horari escolar<\/li>\n<\/ol>\n\n\n\n<p><\/p>\n\n\n\n<p><\/p>\n\n\n\n<h5 class=\"wp-block-heading\"><strong>Acta de Reuni\u00f3 Consell Escolar extraordinari n\u00fam. 286 d\u201911 de febrer de 2021<\/strong><\/h5>\n\n\n\n<p><strong>Acords<\/strong><\/p>\n\n\n\n<ol class=\"wp-block-list\">\n<li>Aprovaci\u00f3 del pressupost de l\u2019exercici 2021<\/li>\n<\/ol>\n\n\n\n<p><\/p>\n\n\n\n<p><\/p>\n\n\n\n<h5 class=\"wp-block-heading\"><strong>Acta de Reuni\u00f3 Consell Escolar n\u00fam. 285 de 14 de gener de 2021<\/strong><\/h5>\n\n\n\n<p><strong>Acords<\/strong><\/p>\n\n\n\n<ol class=\"wp-block-list\">\n<li>Aprovaci\u00f3 de la participaci\u00f3 de l\u2019alumnat en el Campus \u00cdtaca<\/li>\n<\/ol>\n\n\n\n<p><\/p>\n\n\n\n<p><\/p>\n\n\n\n<h5 class=\"wp-block-heading\"><strong>Acta de Reuni\u00f3 Consell Escolar n\u00fam. 284 de 8 de setembre de 2020<\/strong><\/h5>\n\n\n\n<p><strong>Acords<\/strong><\/p>\n\n\n\n<ol class=\"wp-block-list\">\n<li>Aprovaci\u00f3 del calendari d\u2019activitats del curs<\/li>\n\n\n\n<li>Aprovaci\u00f3 dels criteris d&#8217;elaboraci\u00f3 horaris<\/li>\n<\/ol>\n","protected":false},"excerpt":{"rendered":"<p>Acta de Reuni\u00f3 Consell Escolar extraordinari n\u00fam. 321 de 29 de gener de 2026 Acords Acta de Reuni\u00f3 Consell Escolar [&hellip;]<\/p>\n","protected":false},"author":1,"featured_media":0,"parent":19,"menu_order":32,"comment_status":"closed","ping_status":"close","template":"","meta":{"site-sidebar-layout":"default","site-content-layout":"","ast-site-content-layout":"default","site-content-style":"default","site-sidebar-style":"default","ast-global-header-display":"","ast-banner-title-visibility":"","ast-main-header-display":"","ast-hfb-above-header-display":"","ast-hfb-below-header-display":"","ast-hfb-mobile-header-display":"","site-post-title":"","ast-breadcrumbs-content":"","ast-featured-img":"","footer-sml-layout":"","theme-transparent-header-meta":"","adv-header-id-meta":"","stick-header-meta":"","header-above-stick-meta":"","header-main-stick-meta":"","header-below-stick-meta":"","astra-migrate-meta-layouts":"set","ast-page-background-enabled":"default","ast-page-background-meta":{"desktop":{"background-color":"var(--ast-global-color-4)","background-image":"","background-repeat":"repeat","background-position":"center center","background-size":"auto","background-attachment":"scroll","background-type":"","background-media":"","overlay-type":"","overlay-color":"","overlay-opacity":"","overlay-gradient":""},"tablet":{"background-color":"","background-image":"","background-repeat":"repeat","background-position":"center center","background-size":"auto","background-attachment":"scroll","background-type":"","background-media":"","overlay-type":"","overlay-color":"","overlay-opacity":"","overlay-gradient":""},"mobile":{"background-color":"","background-image":"","background-repeat":"repeat","background-position":"center center","background-size":"auto","background-attachment":"scroll","background-type":"","background-media":"","overlay-type":"","overlay-color":"","overlay-opacity":"","overlay-gradient":""}},"ast-content-background-meta":{"desktop":{"background-color":"var(--ast-global-color-5)","background-image":"","background-repeat":"repeat","background-position":"center center","background-size":"auto","background-attachment":"scroll","background-type":"","background-media":"","overlay-type":"","overlay-color":"","overlay-opacity":"","overlay-gradient":""},"tablet":{"background-color":"var(--ast-global-color-5)","background-image":"","background-repeat":"repeat","background-position":"center center","background-size":"auto","background-attachment":"scroll","background-type":"","background-media":"","overlay-type":"","overlay-color":"","overlay-opacity":"","overlay-gradient":""},"mobile":{"background-color":"var(--ast-global-color-5)","background-image":"","background-repeat":"repeat","background-position":"center center","background-size":"auto","background-attachment":"scroll","background-type":"","background-media":"","overlay-type":"","overlay-color":"","overlay-opacity":"","overlay-gradient":""}},"footnotes":""},"class_list":["post-30764","page","type-page","status-publish","hentry"],"post_mailing_queue_ids":[],"_links":{"self":[{"href":"https:\/\/agora.xtec.cat\/iesagustiserra\/wp-json\/wp\/v2\/pages\/30764","targetHints":{"allow":["GET"]}}],"collection":[{"href":"https:\/\/agora.xtec.cat\/iesagustiserra\/wp-json\/wp\/v2\/pages"}],"about":[{"href":"https:\/\/agora.xtec.cat\/iesagustiserra\/wp-json\/wp\/v2\/types\/page"}],"author":[{"embeddable":true,"href":"https:\/\/agora.xtec.cat\/iesagustiserra\/wp-json\/wp\/v2\/users\/1"}],"replies":[{"embeddable":true,"href":"https:\/\/agora.xtec.cat\/iesagustiserra\/wp-json\/wp\/v2\/comments?post=30764"}],"version-history":[{"count":6,"href":"https:\/\/agora.xtec.cat\/iesagustiserra\/wp-json\/wp\/v2\/pages\/30764\/revisions"}],"predecessor-version":[{"id":38783,"href":"https:\/\/agora.xtec.cat\/iesagustiserra\/wp-json\/wp\/v2\/pages\/30764\/revisions\/38783"}],"up":[{"embeddable":true,"href":"https:\/\/agora.xtec.cat\/iesagustiserra\/wp-json\/wp\/v2\/pages\/19"}],"wp:attachment":[{"href":"https:\/\/agora.xtec.cat\/iesagustiserra\/wp-json\/wp\/v2\/media?parent=30764"}],"curies":[{"name":"wp","href":"https:\/\/api.w.org\/{rel}","templated":true}]}}