{"id":27388,"date":"2024-06-03T12:38:39","date_gmt":"2024-06-03T10:38:39","guid":{"rendered":"https:\/\/agora.xtec.cat\/iesagustiserra\/?page_id=27388"},"modified":"2026-04-09T10:52:20","modified_gmt":"2026-04-09T08:52:20","slug":"pfi-ptt","status":"publish","type":"page","link":"https:\/\/agora.xtec.cat\/iesagustiserra\/secretaria\/documentcio-matricula\/pfi-ptt\/","title":{"rendered":"PFI \u2013 PTT"},"content":{"rendered":"\n<p class=\"has-text-align-center\"><strong><mark><mark style=\"background-color:rgba(0, 0, 0, 0);color:#ff0000\" class=\"has-inline-color\">IMPORTANT!\u00a0LA INFORMACI\u00d3 SEG\u00dcENT EST\u00c0 PENDENT D\u2019ACTUALITZAR.<\/mark><\/mark><\/strong><\/p>\n\n\n\n<div class=\"wp-block-getwid-button-group\"><div class=\"wp-block-getwid-button-group__wrapper\">\n<div class=\"wp-block-button\"><a class=\"wp-block-button__link wp-element-button\" href=\"https:\/\/agora.xtec.cat\/iesagustiserra\/matricula-curs-2025-2026-alumnat-nou\/\" target=\"_blank\" rel=\"noreferrer noopener\">ALUMNAT NOU<\/a><\/div>\n\n\n\n<div class=\"wp-block-button\"><a class=\"wp-block-button__link wp-element-button\" href=\"https:\/\/agora.xtec.cat\/iesagustiserra\/matricula-curs-2025-2026-alumnat-del-centre\/\" target=\"_blank\" rel=\"noreferrer noopener\">ALUMNAT DEL CENTRE<\/a><\/div>\n<\/div><\/div>\n\n\n\n<hr class=\"wp-block-separator has-alpha-channel-opacity is-style-wide\"\/>\n\n\n\n<p><a rel=\"noreferrer noopener\" href=\"https:\/\/triaeducativa.gencat.cat\/ca\/fp\/pfi\/families-professionals\/hoteleria-turisme\/?p_id=2779&amp;estudi\" target=\"_blank\">PFI \u2013 PTT Auxiliar d\u2019hoteleria: cuina i serveis de restauraci\u00f3<\/a><\/p>\n\n\n\n<p><a rel=\"noreferrer noopener\" href=\"https:\/\/triaeducativa.gencat.cat\/ca\/fp\/pfi\/families-professionals\/comerc-marqueting\/?p_id=2770&amp;estudi\" target=\"_blank\">PFI \u2013 PTT Auxiliar de vendes, oficina i atenci\u00f3 al p\u00fablic<\/a><\/p>\n\n\n\n<p><\/p>\n","protected":false},"excerpt":{"rendered":"<p>IMPORTANT!\u00a0LA INFORMACI\u00d3 SEG\u00dcENT EST\u00c0 PENDENT D\u2019ACTUALITZAR. PFI \u2013 PTT Auxiliar d\u2019hoteleria: cuina i serveis de restauraci\u00f3 PFI \u2013 PTT Auxiliar [&hellip;]<\/p>\n","protected":false},"author":1,"featured_media":0,"parent":6904,"menu_order":62,"comment_status":"closed","ping_status":"close","template":"","meta":{"site-sidebar-layout":"default","site-content-layout":"","ast-site-content-layout":"default","site-content-style":"default","site-sidebar-style":"default","ast-global-header-display":"","ast-banner-title-visibility":"","ast-main-header-display":"","ast-hfb-above-header-display":"","ast-hfb-below-header-display":"","ast-hfb-mobile-header-display":"","site-post-title":"","ast-breadcrumbs-content":"","ast-featured-img":"","footer-sml-layout":"","theme-transparent-header-meta":"","adv-header-id-meta":"","stick-header-meta":"","header-above-stick-meta":"","header-main-stick-meta":"","header-below-stick-meta":"","astra-migrate-meta-layouts":"set","ast-page-background-enabled":"default","ast-page-background-meta":{"desktop":{"background-color":"var(--ast-global-color-4)","background-image":"","background-repeat":"repeat","background-position":"center center","background-size":"auto","background-attachment":"scroll","background-type":"","background-media":"","overlay-type":"","overlay-color":"","overlay-opacity":"","overlay-gradient":""},"tablet":{"background-color":"","background-image":"","background-repeat":"repeat","background-position":"center center","background-size":"auto","background-attachment":"scroll","background-type":"","background-media":"","overlay-type":"","overlay-color":"","overlay-opacity":"","overlay-gradient":""},"mobile":{"background-color":"","background-image":"","background-repeat":"repeat","background-position":"center center","background-size":"auto","background-attachment":"scroll","background-type":"","background-media":"","overlay-type":"","overlay-color":"","overlay-opacity":"","overlay-gradient":""}},"ast-content-background-meta":{"desktop":{"background-color":"var(--ast-global-color-5)","background-image":"","background-repeat":"repeat","background-position":"center center","background-size":"auto","background-attachment":"scroll","background-type":"","background-media":"","overlay-type":"","overlay-color":"","overlay-opacity":"","overlay-gradient":""},"tablet":{"background-color":"var(--ast-global-color-5)","background-image":"","background-repeat":"repeat","background-position":"center center","background-size":"auto","background-attachment":"scroll","background-type":"","background-media":"","overlay-type":"","overlay-color":"","overlay-opacity":"","overlay-gradient":""},"mobile":{"background-color":"var(--ast-global-color-5)","background-image":"","background-repeat":"repeat","background-position":"center center","background-size":"auto","background-attachment":"scroll","background-type":"","background-media":"","overlay-type":"","overlay-color":"","overlay-opacity":"","overlay-gradient":""}},"footnotes":""},"class_list":["post-27388","page","type-page","status-publish","hentry"],"post_mailing_queue_ids":[],"_links":{"self":[{"href":"https:\/\/agora.xtec.cat\/iesagustiserra\/wp-json\/wp\/v2\/pages\/27388","targetHints":{"allow":["GET"]}}],"collection":[{"href":"https:\/\/agora.xtec.cat\/iesagustiserra\/wp-json\/wp\/v2\/pages"}],"about":[{"href":"https:\/\/agora.xtec.cat\/iesagustiserra\/wp-json\/wp\/v2\/types\/page"}],"author":[{"embeddable":true,"href":"https:\/\/agora.xtec.cat\/iesagustiserra\/wp-json\/wp\/v2\/users\/1"}],"replies":[{"embeddable":true,"href":"https:\/\/agora.xtec.cat\/iesagustiserra\/wp-json\/wp\/v2\/comments?post=27388"}],"version-history":[{"count":6,"href":"https:\/\/agora.xtec.cat\/iesagustiserra\/wp-json\/wp\/v2\/pages\/27388\/revisions"}],"predecessor-version":[{"id":39889,"href":"https:\/\/agora.xtec.cat\/iesagustiserra\/wp-json\/wp\/v2\/pages\/27388\/revisions\/39889"}],"up":[{"embeddable":true,"href":"https:\/\/agora.xtec.cat\/iesagustiserra\/wp-json\/wp\/v2\/pages\/6904"}],"wp:attachment":[{"href":"https:\/\/agora.xtec.cat\/iesagustiserra\/wp-json\/wp\/v2\/media?parent=27388"}],"curies":[{"name":"wp","href":"https:\/\/api.w.org\/{rel}","templated":true}]}}