{"id":27347,"date":"2024-06-03T09:30:29","date_gmt":"2024-06-03T07:30:29","guid":{"rendered":"https:\/\/agora.xtec.cat\/iesagustiserra\/?page_id=27347"},"modified":"2025-06-15T21:33:27","modified_gmt":"2025-06-15T19:33:27","slug":"alumnat-que-finalitza-estudis-el-curs-23-24","status":"publish","type":"page","link":"https:\/\/agora.xtec.cat\/iesagustiserra\/secretaria\/alumnat-que-finalitza-estudis-el-curs-23-24\/","title":{"rendered":"Finalitzaci\u00f3 estudis curs 2024-2025"},"content":{"rendered":"\n<h4 class=\"wp-block-heading has-text-align-left\"><mark style=\"background-color:rgba(0, 0, 0, 0)\" class=\"has-inline-color has-ast-global-color-0-color\">ALUMNAT DEL CENTRE QUE FINALITZA ESTUDIS EL CURS 2024-2025<\/mark><\/h4>\n\n\n\n<pre class=\"wp-block-verse has-medium-font-size\"><strong>Alumnat que ha de sol\u00b7licitar el t\u00edtol<mark style=\"background-color:rgba(0, 0, 0, 0);color:#ff0000\" class=\"has-inline-color\"> presencialment a secretaria<\/mark>:<\/strong><\/pre>\n\n\n\n<ul class=\"wp-block-list\">\n<li><strong>4t ESO<\/strong>: Recolliu a secretaria el resguard del t\u00edtol si heu finalitzat i aprovat &nbsp;\u21d2 <strong>dilluns 7 de juliol<\/strong> <strong>de 9 a 11.30 h<\/strong><\/li>\n\n\n\n<li><strong>CFGM<\/strong>: Sol\u00b7liciteu&nbsp;obligat\u00f2riament&nbsp;el t\u00edtol a secretaria si heu finalitzat i aprovat, pagueu la <a href=\"https:\/\/educacio.gencat.cat\/ca\/departament\/normativa\/taxes-preus-publics\/taxes\/\" target=\"_blank\" rel=\"noreferrer noopener\">taxa<\/a> en caixer CaixaBank i torneu a secretaria per segellar-vos el document per tal que tingui validesa.\n<ul class=\"wp-block-list\">\n<li>Cicles d&#8217;activitats f\u00edsiques, administraci\u00f3 i activitats comercials \u21d2&nbsp;<strong>dimarts 1 de juliol <\/strong><\/li>\n\n\n\n<li>Cicles d&#8217;arts gr\u00e0fiques i electricitat \u21d2 <strong>dimecres 2 de juliol <\/strong><\/li>\n<\/ul>\n<\/li>\n\n\n\n<li><strong>CFGS<\/strong>: Sol\u00b7liciteu&nbsp;obligat\u00f2riament&nbsp;el t\u00edtol a secretaria si heu finalitzat i aprovat, pagueu la <a href=\"https:\/\/educacio.gencat.cat\/ca\/departament\/normativa\/taxes-preus-publics\/taxes\/\" target=\"_blank\" rel=\"noreferrer noopener\">taxa<\/a> en caixer CaixaBank i torneu a secretaria per segellar-vos el document per tal que tingui validesa.\n<ul class=\"wp-block-list\">\n<li>Aprovats a l\u2019avaluaci\u00f3 ordin\u00e0ria \u21d2&nbsp;<strong>dijous 12 i divendres 13 de juny<\/strong><\/li>\n\n\n\n<li>Aprovats a l\u2019avaluaci\u00f3 extraordin\u00e0ria \u21d2 <strong>dijous 26 i divendres 27 de juny<\/strong><\/li>\n<\/ul>\n<\/li>\n<\/ul>\n\n\n\n<hr class=\"wp-block-separator has-alpha-channel-opacity is-style-wide\"\/>\n\n\n\n<pre class=\"wp-block-verse has-medium-font-size\"><strong>Alumnat que ha de sol\u00b7licitar el t\u00edtol <mark style=\"background-color:rgba(0, 0, 0, 0);color:#fa0202\" class=\"has-inline-color\">per Internet i despr\u00e9s passar per secretaria<\/mark>:<\/strong><\/pre>\n\n\n\n<ul id=\"block-f9fe9f39-e20d-4a3d-a92e-7b0e1a376755\" class=\"wp-block-list\">\n<li><strong>2n Batxillerat<\/strong>: Sol\u00b7liciteu&nbsp;obligat\u00f2riament&nbsp;el t\u00edtol si heu finalitzat i aprovat. \n<ul class=\"wp-block-list\">\n<li>Necessitareu una eina d&#8217;identificaci\u00f3 digital (<a href=\"https:\/\/web.gencat.cat\/ca\/tramits\/suport-tramitacio\/durant-la-tramitacio\/signatura-identificacio-digital\/idcat-mobil\/\" target=\"_blank\" rel=\"noreferrer noopener\">idCAT M\u00f2bil<\/a>, certificat digital o Cl@ve).<\/li>\n\n\n\n<li>Feu el tr\u00e0mit <a href=\"https:\/\/web.gencat.cat\/ca\/tramits\/tramits-temes\/titols-academics-no-universitaris?category=742b7874-a82c-11e3-a972-000c29052e2c\" target=\"_blank\" rel=\"noreferrer noopener\">telem\u00e0ticament<\/a>.<\/li>\n\n\n\n<li>Feu el pagament de la <a href=\"https:\/\/educacio.gencat.cat\/ca\/departament\/normativa\/taxes-preus-publics\/taxes\/\" target=\"_blank\" rel=\"noreferrer noopener\">taxa<\/a> en caixer CaixaBank o per&nbsp;<a href=\"https:\/\/www.caixabank.es\/particular\/pagos\/impuestosrecibosmatriculas_ca.html\" target=\"_blank\" rel=\"noreferrer noopener\">Internet<\/a>, <strong>fins el dilluns 30 de juny a les 15 h<\/strong><\/li>\n\n\n\n<li>Passeu per secretaria per segellar-vos el document per tal que tingui validesa \u21d2 <strong>dilluns 7 de juliol<\/strong> <strong>d&#8217;11.30 a 13 h<\/strong><\/li>\n<\/ul>\n<\/li>\n<\/ul>\n\n\n\n<hr class=\"wp-block-separator has-alpha-channel-opacity is-style-wide\"\/>\n\n\n\n<p><strong><a href=\"https:\/\/educacio.gencat.cat\/ca\/departament\/normativa\/taxes-preus-publics\/taxes\/\">Taxes per a l&#8217;expedici\u00f3 de t\u00edtols acad\u00e8mics i professionals<\/a><\/strong><\/p>\n\n\n\n<p><strong>IMPORTANT:<\/strong> si al juliol heu de fer una matr\u00edcula a batxillerat o a un cicle formatiu, el centre us demanar\u00e0 com a requisit el resguard del t\u00edtol, document que haureu de presentar <strong>obligat\u00f2riament<\/strong>.<\/p>\n\n\n\n<p><\/p>\n\n\n\n<p><\/p>\n","protected":false},"excerpt":{"rendered":"<p>ALUMNAT DEL CENTRE QUE FINALITZA ESTUDIS EL CURS 2024-2025 Alumnat que ha de sol\u00b7licitar el t\u00edtol presencialment a secretaria: Alumnat [&hellip;]<\/p>\n","protected":false},"author":1,"featured_media":0,"parent":81,"menu_order":25,"comment_status":"closed","ping_status":"close","template":"","meta":{"site-sidebar-layout":"left-sidebar","site-content-layout":"","ast-site-content-layout":"normal-width-container","site-content-style":"default","site-sidebar-style":"default","ast-global-header-display":"","ast-banner-title-visibility":"","ast-main-header-display":"","ast-hfb-above-header-display":"","ast-hfb-below-header-display":"","ast-hfb-mobile-header-display":"","site-post-title":"","ast-breadcrumbs-content":"","ast-featured-img":"","footer-sml-layout":"","theme-transparent-header-meta":"","adv-header-id-meta":"","stick-header-meta":"","header-above-stick-meta":"","header-main-stick-meta":"","header-below-stick-meta":"","astra-migrate-meta-layouts":"set","ast-page-background-enabled":"default","ast-page-background-meta":{"desktop":{"background-color":"var(--ast-global-color-4)","background-image":"","background-repeat":"repeat","background-position":"center center","background-size":"auto","background-attachment":"scroll","background-type":"","background-media":"","overlay-type":"","overlay-color":"","overlay-opacity":"","overlay-gradient":""},"tablet":{"background-color":"","background-image":"","background-repeat":"repeat","background-position":"center center","background-size":"auto","background-attachment":"scroll","background-type":"","background-media":"","overlay-type":"","overlay-color":"","overlay-opacity":"","overlay-gradient":""},"mobile":{"background-color":"","background-image":"","background-repeat":"repeat","background-position":"center center","background-size":"auto","background-attachment":"scroll","background-type":"","background-media":"","overlay-type":"","overlay-color":"","overlay-opacity":"","overlay-gradient":""}},"ast-content-background-meta":{"desktop":{"background-color":"var(--ast-global-color-5)","background-image":"","background-repeat":"repeat","background-position":"center center","background-size":"auto","background-attachment":"scroll","background-type":"","background-media":"","overlay-type":"","overlay-color":"","overlay-opacity":"","overlay-gradient":""},"tablet":{"background-color":"var(--ast-global-color-5)","background-image":"","background-repeat":"repeat","background-position":"center center","background-size":"auto","background-attachment":"scroll","background-type":"","background-media":"","overlay-type":"","overlay-color":"","overlay-opacity":"","overlay-gradient":""},"mobile":{"background-color":"var(--ast-global-color-5)","background-image":"","background-repeat":"repeat","background-position":"center center","background-size":"auto","background-attachment":"scroll","background-type":"","background-media":"","overlay-type":"","overlay-color":"","overlay-opacity":"","overlay-gradient":""}},"footnotes":""},"class_list":["post-27347","page","type-page","status-publish","hentry"],"post_mailing_queue_ids":[],"_links":{"self":[{"href":"https:\/\/agora.xtec.cat\/iesagustiserra\/wp-json\/wp\/v2\/pages\/27347","targetHints":{"allow":["GET"]}}],"collection":[{"href":"https:\/\/agora.xtec.cat\/iesagustiserra\/wp-json\/wp\/v2\/pages"}],"about":[{"href":"https:\/\/agora.xtec.cat\/iesagustiserra\/wp-json\/wp\/v2\/types\/page"}],"author":[{"embeddable":true,"href":"https:\/\/agora.xtec.cat\/iesagustiserra\/wp-json\/wp\/v2\/users\/1"}],"replies":[{"embeddable":true,"href":"https:\/\/agora.xtec.cat\/iesagustiserra\/wp-json\/wp\/v2\/comments?post=27347"}],"version-history":[{"count":6,"href":"https:\/\/agora.xtec.cat\/iesagustiserra\/wp-json\/wp\/v2\/pages\/27347\/revisions"}],"predecessor-version":[{"id":34671,"href":"https:\/\/agora.xtec.cat\/iesagustiserra\/wp-json\/wp\/v2\/pages\/27347\/revisions\/34671"}],"up":[{"embeddable":true,"href":"https:\/\/agora.xtec.cat\/iesagustiserra\/wp-json\/wp\/v2\/pages\/81"}],"wp:attachment":[{"href":"https:\/\/agora.xtec.cat\/iesagustiserra\/wp-json\/wp\/v2\/media?parent=27347"}],"curies":[{"name":"wp","href":"https:\/\/api.w.org\/{rel}","templated":true}]}}