{"id":27,"date":"2014-09-17T16:24:03","date_gmt":"2014-09-17T16:24:03","guid":{"rendered":"http:\/\/agora.xtec.cat\/iesagustiserra\/?page_id=27"},"modified":"2025-09-01T16:38:16","modified_gmt":"2025-09-01T14:38:16","slug":"historia","status":"publish","type":"page","link":"https:\/\/agora.xtec.cat\/iesagustiserra\/linstitut\/historia\/","title":{"rendered":"Hist\u00f2ria"},"content":{"rendered":"\n<p class=\"gris\">L\u2019<span style=\"color: #008000;\"><strong>Institut Agust\u00ed Serra i Fontanet<\/strong><\/span> fou inaugurat l\u2019any 1982 com una decidida aposta per dotar d\u2019un centre de Formaci\u00f3 Professional adient la zona nord de la ciutat de Sabadell. De fet, el nom de l\u2019institut recorda la figura del sindicalista sabadellenc <a href=\"https:\/\/ca.wikipedia.org\/wiki\/Agust%C3%AD_Serra_i_Fontanet\">Agust\u00ed Serra i Fontanet<\/a> (1841-1902) que es disting\u00ed m\u00e9s enll\u00e0 del seu activisme en favor dels treballadors per fundar tamb\u00e9 el Centre d&#8217;Estudis Professionals per a la formaci\u00f3 dels joves.<\/p>\n\n\n\n<p class=\"gris\">Tanmateix, la capacitat del centre i les necessitats educatives del districte varen promoure que l\u2019any 1999 el centre incorpor\u00e9s l\u2019ensenyament secundari. Des de llavors l\u2019oferta educativa del centre ha augmentat paral\u00b7lelament al creixement de la ciutat. Aix\u00ed actualment l\u2019Institut Agust\u00ed Serra ofereix un ampli ventall educatiu que va des de la primig\u00e8nia Formaci\u00f3 Professional, concretada en els actuals Cicles Formatius de Grau Mitj\u00e0 i Grau Superior, fins a les diferents l\u00ednies d\u2019Educaci\u00f3 Secund\u00e0ria (ESO) i Batxillerat. Igualment, el centre ofereix altres tipus d\u2019estudis professionalitzadors.<\/p>\n\n\n\n<p class=\"gris\">La implicaci\u00f3 i l\u2019esfor\u00e7 de la comunitat educativa del centre, integrada en el seu entorn urb\u00e0, ha estat reconeguda amb la <a href=\"https:\/\/agora.xtec.cat\/iesagustiserra\/linstitut\/medalla-dor\/\"><span style=\"color: #008000;\"><strong>Medalla d\u2019Honor<\/strong><\/span><\/a> de la ciutat de Sabadell l&#8217;any 2014.<\/p>\n\n\n\n<p>&nbsp;<\/p>\n","protected":false},"excerpt":{"rendered":"<p>L\u2019Institut Agust\u00ed Serra i Fontanet fou inaugurat l\u2019any 1982 com una decidida aposta per dotar d\u2019un centre de Formaci\u00f3 Professional [&hellip;]<\/p>\n","protected":false},"author":1,"featured_media":0,"parent":19,"menu_order":0,"comment_status":"closed","ping_status":"closed","template":"","meta":{"site-sidebar-layout":"default","site-content-layout":"","ast-site-content-layout":"default","site-content-style":"default","site-sidebar-style":"default","ast-global-header-display":"","ast-banner-title-visibility":"","ast-main-header-display":"","ast-hfb-above-header-display":"","ast-hfb-below-header-display":"","ast-hfb-mobile-header-display":"","site-post-title":"","ast-breadcrumbs-content":"","ast-featured-img":"","footer-sml-layout":"","theme-transparent-header-meta":"","adv-header-id-meta":"","stick-header-meta":"","header-above-stick-meta":"","header-main-stick-meta":"","header-below-stick-meta":"","astra-migrate-meta-layouts":"set","ast-page-background-enabled":"default","ast-page-background-meta":{"desktop":{"background-color":"var(--ast-global-color-4)","background-image":"","background-repeat":"repeat","background-position":"center center","background-size":"auto","background-attachment":"scroll","background-type":"","background-media":"","overlay-type":"","overlay-color":"","overlay-opacity":"","overlay-gradient":""},"tablet":{"background-color":"","background-image":"","background-repeat":"repeat","background-position":"center center","background-size":"auto","background-attachment":"scroll","background-type":"","background-media":"","overlay-type":"","overlay-color":"","overlay-opacity":"","overlay-gradient":""},"mobile":{"background-color":"","background-image":"","background-repeat":"repeat","background-position":"center center","background-size":"auto","background-attachment":"scroll","background-type":"","background-media":"","overlay-type":"","overlay-color":"","overlay-opacity":"","overlay-gradient":""}},"ast-content-background-meta":{"desktop":{"background-color":"var(--ast-global-color-5)","background-image":"","background-repeat":"repeat","background-position":"center center","background-size":"auto","background-attachment":"scroll","background-type":"","background-media":"","overlay-type":"","overlay-color":"","overlay-opacity":"","overlay-gradient":""},"tablet":{"background-color":"var(--ast-global-color-5)","background-image":"","background-repeat":"repeat","background-position":"center center","background-size":"auto","background-attachment":"scroll","background-type":"","background-media":"","overlay-type":"","overlay-color":"","overlay-opacity":"","overlay-gradient":""},"mobile":{"background-color":"var(--ast-global-color-5)","background-image":"","background-repeat":"repeat","background-position":"center center","background-size":"auto","background-attachment":"scroll","background-type":"","background-media":"","overlay-type":"","overlay-color":"","overlay-opacity":"","overlay-gradient":""}},"footnotes":""},"class_list":["post-27","page","type-page","status-publish","hentry"],"post_mailing_queue_ids":[],"_links":{"self":[{"href":"https:\/\/agora.xtec.cat\/iesagustiserra\/wp-json\/wp\/v2\/pages\/27","targetHints":{"allow":["GET"]}}],"collection":[{"href":"https:\/\/agora.xtec.cat\/iesagustiserra\/wp-json\/wp\/v2\/pages"}],"about":[{"href":"https:\/\/agora.xtec.cat\/iesagustiserra\/wp-json\/wp\/v2\/types\/page"}],"author":[{"embeddable":true,"href":"https:\/\/agora.xtec.cat\/iesagustiserra\/wp-json\/wp\/v2\/users\/1"}],"replies":[{"embeddable":true,"href":"https:\/\/agora.xtec.cat\/iesagustiserra\/wp-json\/wp\/v2\/comments?post=27"}],"version-history":[{"count":5,"href":"https:\/\/agora.xtec.cat\/iesagustiserra\/wp-json\/wp\/v2\/pages\/27\/revisions"}],"predecessor-version":[{"id":35649,"href":"https:\/\/agora.xtec.cat\/iesagustiserra\/wp-json\/wp\/v2\/pages\/27\/revisions\/35649"}],"up":[{"embeddable":true,"href":"https:\/\/agora.xtec.cat\/iesagustiserra\/wp-json\/wp\/v2\/pages\/19"}],"wp:attachment":[{"href":"https:\/\/agora.xtec.cat\/iesagustiserra\/wp-json\/wp\/v2\/media?parent=27"}],"curies":[{"name":"wp","href":"https:\/\/api.w.org\/{rel}","templated":true}]}}