{"id":25650,"date":"2024-04-19T13:02:10","date_gmt":"2024-04-19T11:02:10","guid":{"rendered":"https:\/\/agora.xtec.cat\/iesagustiserra\/?page_id=25650"},"modified":"2026-05-05T09:00:47","modified_gmt":"2026-05-05T07:00:47","slug":"batxillerat-3x2","status":"publish","type":"page","link":"https:\/\/agora.xtec.cat\/iesagustiserra\/estudis\/batxillerat\/batxillerat-3x2\/","title":{"rendered":"Batxillerat 3&#215;2"},"content":{"rendered":"\n<div class=\"wp-block-getwid-table-of-contents is-style-default\"><ul class=\"wp-block-getwid-table-of-contents__list\"><li><a href=\"#g0172cf78a83f\">Batxillerat i Ensenyaments esportius<\/a><\/li><li><a href=\"#g36e07128318b\">Qu\u00e8 s\u00f3n aquests ensenyaments? <\/a><\/li><li><a href=\"#g4a7276134daa\">Preguntes freq\u00fcents<\/a><\/li><\/ul><\/div>\n\n\n\n<hr class=\"wp-block-separator has-alpha-channel-opacity is-style-wide\"\/>\n\n\n\n<div style=\"text-align: center;\">\n<iframe loading=\"lazy\" src=\"https:\/\/docs.google.com\/presentation\/d\/e\/2PACX-1vS5_MKihStFTPDMlxLMNJSaNjfU8qBIfWKNQshaueEqy_Z0xtCH4cYh0vsMRltckQY70ft9nL8aXsMo\/pubembed?start=false&#038;loop=false&#038;delayms=3000\" frameborder=\"0\" width=\"100%\" height=\"749\" allowfullscreen=\"true\" mozallowfullscreen=\"true\" webkitallowfullscreen=\"true\"><\/iframe>\n<\/div>\n\n\n\n<div style=\"height:44px\" aria-hidden=\"true\" class=\"wp-block-spacer\"><\/div>\n\n\n\n<h4 class=\"wp-block-heading\" id=\"g0172cf78a83f\"><strong>Batxillerat i Ensenyaments esportius<\/strong><\/h4>\n\n\n\n<p>El nostre Institut ofereix la doble titulaci\u00f3 de Batxillerat i Ensenyaments Esportius en tres cursos:<\/p>\n\n\n\n<ul class=\"wp-block-list\">\n<li>Titulaci\u00f3 del cicle de grau mitj\u00e0 d\u2019ensenyaments esportius (en els dos primers cursos)<\/li>\n\n\n\n<li>Titulaci\u00f3 de batxillerat (1r de batxillerat en els dos primers cursos i 2n de batxillerat en el tercer curs)<\/li>\n<\/ul>\n\n\n\n<p>S\u2019han de seguir aquests passos:<\/p>\n\n\n\n<ol class=\"wp-block-list\">\n<li>Fer inscripci\u00f3 a les&nbsp;<a href=\"https:\/\/triaeducativa.gencat.cat\/ca\/proves\/proves-acces\/esportius\/esportius-prova-especifica\/\" target=\"_blank\" rel=\"noreferrer noopener\">proves espec\u00edfiques d\u2019acc\u00e9s<\/a>&nbsp;al cicle esportiu escollit segons els terminis que estableix la convocat\u00f2ria de les proves, fer-les i superar-les.<\/li>\n\n\n\n<li><strong>Fer la preinscripci\u00f3 i lliurar-la presencialment del 27 d&#8217;abril al 6 de maig al centre de l\u2019ensenyament esportiu<\/strong> (en el cas de Salvament i socorrisme, al nostre centre; per a la resta, al centre associat INS CAR de Sant Cugat.<\/li>\n\n\n\n<li>Indicar a la sol\u00b7licitud de preinscripci\u00f3 (a l\u2019apartat <em>Pla\u00e7a sol\u00b7licitada<\/em>) que es vol cursar aquesta doble titulaci\u00f3.<\/li>\n<\/ol>\n\n\n\n<p>Un cop superada la prova d\u2019acc\u00e9s i aplicada la baremaci\u00f3, en el cas d\u2019obtenir pla\u00e7a, s\u2019han de formalitzar dues matr\u00edcules:<\/p>\n\n\n\n<ul class=\"wp-block-list\">\n<li>1 matr\u00edcula per a batxillerat al nostre centre.<\/li>\n\n\n\n<li>1 matr\u00edcula per a t\u00e8cnic esportiu al centre en qu\u00e8 es fa l\u2019especialitat esportiva (en el cas de Salvament i socorrisme, al nostre centre; per a la resta, al centre associat INS CAR de Sant Cugat).<\/li>\n<\/ul>\n\n\n\n<p>Per a la resta d\u2019ensenyaments esportius, consulteu el web de l\u2019<a href=\"https:\/\/www.cartecnicesportiu.com\/\" target=\"_blank\" rel=\"noreferrer noopener\">INS Car de Sant Cugat<\/a>.<\/p>\n\n\n\n<p>Cliqueu&nbsp;<a href=\"https:\/\/preinscripcio.gencat.cat\/ca\/estudis\/batxillerat\/informat\/doble-titulacio\/batxillerat-cicles-grau-mitja\/\" target=\"_blank\" rel=\"noreferrer noopener\">aqu\u00ed<\/a>&nbsp;i al&nbsp;<a href=\"https:\/\/triaeducativa.gencat.cat\/ca\/batxillerat\/doble-titulacio\/batxillerat-esportius\/\" target=\"_blank\" rel=\"noreferrer noopener\">web de la Generalitat de Catalunya<\/a>&nbsp;per a obtenir m\u00e9s informaci\u00f3.<\/p>\n\n\n\n<hr class=\"wp-block-separator has-alpha-channel-opacity is-style-wide\"\/>\n\n\n\n<h4 class=\"wp-block-heading\" id=\"g36e07128318b\"><span style=\"color: #008000;\"><strong><mark style=\"background-color:rgba(0, 0, 0, 0);color:#000000\" class=\"has-inline-color\">Qu\u00e8 s\u00f3n aquests ensenyaments?<\/mark> <\/strong><\/span><\/h4>\n\n\n\n<div class=\"wp-block-buttons is-content-justification-center is-layout-flex wp-container-core-buttons-is-layout-1 wp-block-buttons-is-layout-flex\">\n<div class=\"wp-block-button has-custom-width wp-block-button__width-25 has-custom-font-size has-medium-font-size\"><a class=\"wp-block-button__link wp-element-button\" href=\"https:\/\/triaeducativa.gencat.cat\/ca\/batxillerat\/doble-titulacio\/batxillerat-esportius\/index.html\" style=\"padding-top:var(--wp--preset--spacing--20);padding-right:0;padding-bottom:var(--wp--preset--spacing--20);padding-left:0\" target=\"_blank\" rel=\"noreferrer noopener\">Vegeu m\u00e9s Informaci\u00f3<\/a><\/div>\n<\/div>\n\n\n\n<div style=\"height:39px\" aria-hidden=\"true\" class=\"wp-block-spacer\"><\/div>\n\n\n\n<figure data-wp-context=\"{&quot;imageId&quot;:&quot;6a00749b15929&quot;}\" data-wp-interactive=\"core\/image\" class=\"wp-block-image aligncenter size-large is-resized wp-lightbox-container\"><img loading=\"lazy\" decoding=\"async\" width=\"724\" height=\"1024\" data-wp-class--hide=\"state.isContentHidden\" data-wp-class--show=\"state.isContentVisible\" data-wp-init=\"callbacks.setButtonStyles\" data-wp-on-async--click=\"actions.showLightbox\" data-wp-on-async--load=\"callbacks.setButtonStyles\" data-wp-on-async-window--resize=\"callbacks.setButtonStyles\" src=\"https:\/\/agora.xtec.cat\/iesagustiserra\/wp-content\/uploads\/usu1681\/2025\/02\/26-batxillerat-esport-724x1024.jpg\" alt=\"\" class=\"wp-image-31457\" style=\"width:422px;height:auto\" srcset=\"https:\/\/agora.xtec.cat\/iesagustiserra\/wp-content\/uploads\/usu1681\/2025\/02\/26-batxillerat-esport-724x1024.jpg 724w, https:\/\/agora.xtec.cat\/iesagustiserra\/wp-content\/uploads\/usu1681\/2025\/02\/26-batxillerat-esport-424x600.jpg 424w, https:\/\/agora.xtec.cat\/iesagustiserra\/wp-content\/uploads\/usu1681\/2025\/02\/26-batxillerat-esport-768x1087.jpg 768w, https:\/\/agora.xtec.cat\/iesagustiserra\/wp-content\/uploads\/usu1681\/2025\/02\/26-batxillerat-esport.jpg 826w\" sizes=\"auto, (max-width: 724px) 100vw, 724px\" \/><button\n\t\t\tclass=\"lightbox-trigger\"\n\t\t\ttype=\"button\"\n\t\t\taria-haspopup=\"dialog\"\n\t\t\taria-label=\"Amplia la imatge\"\n\t\t\tdata-wp-init=\"callbacks.initTriggerButton\"\n\t\t\tdata-wp-on-async--click=\"actions.showLightbox\"\n\t\t\tdata-wp-style--right=\"state.imageButtonRight\"\n\t\t\tdata-wp-style--top=\"state.imageButtonTop\"\n\t\t>\n\t\t\t<svg xmlns=\"http:\/\/www.w3.org\/2000\/svg\" width=\"12\" height=\"12\" fill=\"none\" viewBox=\"0 0 12 12\">\n\t\t\t\t<path fill=\"#fff\" d=\"M2 0a2 2 0 0 0-2 2v2h1.5V2a.5.5 0 0 1 .5-.5h2V0H2Zm2 10.5H2a.5.5 0 0 1-.5-.5V8H0v2a2 2 0 0 0 2 2h2v-1.5ZM8 12v-1.5h2a.5.5 0 0 0 .5-.5V8H12v2a2 2 0 0 1-2 2H8Zm2-12a2 2 0 0 1 2 2v2h-1.5V2a.5.5 0 0 0-.5-.5H8V0h2Z\" \/>\n\t\t\t<\/svg>\n\t\t<\/button><\/figure>\n\n\n\n<hr class=\"wp-block-separator has-alpha-channel-opacity is-style-wide\"\/>\n\n\n\n<h4 class=\"wp-block-heading\" id=\"g4a7276134daa\">Preguntes freq\u00fcents<\/h4>\n\n\n\n<div class=\"wp-block-buttons is-layout-flex wp-block-buttons-is-layout-flex\">\n<div class=\"wp-block-button\"><a class=\"wp-block-button__link wp-element-button\" href=\"https:\/\/agora.xtec.cat\/iesagustiserra\/wp-content\/uploads\/usu1681\/2026\/05\/26-27-Preguntes-frequents-Batxillerat-3x2-4.pdf\" target=\"_blank\" rel=\"noreferrer noopener\">Preguntes freq\u00fcents<\/a><\/div>\n<\/div>\n","protected":false},"excerpt":{"rendered":"<p>Batxillerat i Ensenyaments esportius El nostre Institut ofereix la doble titulaci\u00f3 de Batxillerat i Ensenyaments Esportius en tres cursos: S\u2019han [&hellip;]<\/p>\n","protected":false},"author":1,"featured_media":0,"parent":2513,"menu_order":0,"comment_status":"closed","ping_status":"closed","template":"","meta":{"site-sidebar-layout":"default","site-content-layout":"","ast-site-content-layout":"default","site-content-style":"default","site-sidebar-style":"default","ast-global-header-display":"","ast-banner-title-visibility":"","ast-main-header-display":"","ast-hfb-above-header-display":"","ast-hfb-below-header-display":"","ast-hfb-mobile-header-display":"","site-post-title":"","ast-breadcrumbs-content":"","ast-featured-img":"","footer-sml-layout":"","theme-transparent-header-meta":"","adv-header-id-meta":"","stick-header-meta":"","header-above-stick-meta":"","header-main-stick-meta":"","header-below-stick-meta":"","astra-migrate-meta-layouts":"set","ast-page-background-enabled":"default","ast-page-background-meta":{"desktop":{"background-color":"var(--ast-global-color-4)","background-image":"","background-repeat":"repeat","background-position":"center center","background-size":"auto","background-attachment":"scroll","background-type":"","background-media":"","overlay-type":"","overlay-color":"","overlay-opacity":"","overlay-gradient":""},"tablet":{"background-color":"","background-image":"","background-repeat":"repeat","background-position":"center center","background-size":"auto","background-attachment":"scroll","background-type":"","background-media":"","overlay-type":"","overlay-color":"","overlay-opacity":"","overlay-gradient":""},"mobile":{"background-color":"","background-image":"","background-repeat":"repeat","background-position":"center center","background-size":"auto","background-attachment":"scroll","background-type":"","background-media":"","overlay-type":"","overlay-color":"","overlay-opacity":"","overlay-gradient":""}},"ast-content-background-meta":{"desktop":{"background-color":"var(--ast-global-color-5)","background-image":"","background-repeat":"repeat","background-position":"center center","background-size":"auto","background-attachment":"scroll","background-type":"","background-media":"","overlay-type":"","overlay-color":"","overlay-opacity":"","overlay-gradient":""},"tablet":{"background-color":"var(--ast-global-color-5)","background-image":"","background-repeat":"repeat","background-position":"center center","background-size":"auto","background-attachment":"scroll","background-type":"","background-media":"","overlay-type":"","overlay-color":"","overlay-opacity":"","overlay-gradient":""},"mobile":{"background-color":"var(--ast-global-color-5)","background-image":"","background-repeat":"repeat","background-position":"center center","background-size":"auto","background-attachment":"scroll","background-type":"","background-media":"","overlay-type":"","overlay-color":"","overlay-opacity":"","overlay-gradient":""}},"footnotes":""},"class_list":["post-25650","page","type-page","status-publish","hentry"],"post_mailing_queue_ids":[],"_links":{"self":[{"href":"https:\/\/agora.xtec.cat\/iesagustiserra\/wp-json\/wp\/v2\/pages\/25650","targetHints":{"allow":["GET"]}}],"collection":[{"href":"https:\/\/agora.xtec.cat\/iesagustiserra\/wp-json\/wp\/v2\/pages"}],"about":[{"href":"https:\/\/agora.xtec.cat\/iesagustiserra\/wp-json\/wp\/v2\/types\/page"}],"author":[{"embeddable":true,"href":"https:\/\/agora.xtec.cat\/iesagustiserra\/wp-json\/wp\/v2\/users\/1"}],"replies":[{"embeddable":true,"href":"https:\/\/agora.xtec.cat\/iesagustiserra\/wp-json\/wp\/v2\/comments?post=25650"}],"version-history":[{"count":6,"href":"https:\/\/agora.xtec.cat\/iesagustiserra\/wp-json\/wp\/v2\/pages\/25650\/revisions"}],"predecessor-version":[{"id":40397,"href":"https:\/\/agora.xtec.cat\/iesagustiserra\/wp-json\/wp\/v2\/pages\/25650\/revisions\/40397"}],"up":[{"embeddable":true,"href":"https:\/\/agora.xtec.cat\/iesagustiserra\/wp-json\/wp\/v2\/pages\/2513"}],"wp:attachment":[{"href":"https:\/\/agora.xtec.cat\/iesagustiserra\/wp-json\/wp\/v2\/media?parent=25650"}],"curies":[{"name":"wp","href":"https:\/\/api.w.org\/{rel}","templated":true}]}}